{"id":13975,"date":"2025-04-03T12:52:09","date_gmt":"2025-04-03T12:52:09","guid":{"rendered":"https:\/\/bswdev.eu\/marvie\/contact"},"modified":"2026-03-12T12:45:06","modified_gmt":"2026-03-12T12:45:06","slug":"kontakt","status":"publish","type":"page","link":"https:\/\/marviehotel.com\/hr\/kontakt","title":{"rendered":"Kontakt"},"content":{"rendered":"\t\t<div data-elementor-type=\"wp-page\" data-elementor-id=\"13975\" class=\"elementor elementor-13975 elementor-957\" data-elementor-post-type=\"page\">\n\t\t\t\t<div class=\"elementor-element elementor-element-516c98d e-flex e-con-boxed e-con e-parent\" data-id=\"516c98d\" data-element_type=\"container\" data-e-type=\"container\" data-settings=\"{&quot;background_background&quot;:&quot;classic&quot;}\">\n\t\t\t\t\t<div class=\"e-con-inner\">\n\t\t\t\t<div class=\"elementor-element elementor-element-03618a3 sub-heading elementor-widget elementor-widget-heading\" data-id=\"03618a3\" data-element_type=\"widget\" data-e-type=\"widget\" data-widget_type=\"heading.default\">\n\t\t\t\t<div class=\"elementor-widget-container\">\n\t\t\t\t\t<h5 class=\"elementor-heading-title elementor-size-default\">MARVIE HOTEL &amp; HEALTH<\/h5>\t\t\t\t<\/div>\n\t\t\t\t<\/div>\n\t\t\t\t<div class=\"elementor-element elementor-element-4c1562d elementor-widget__width-initial elementor-widget elementor-widget-heading\" data-id=\"4c1562d\" data-element_type=\"widget\" data-e-type=\"widget\" data-widget_type=\"heading.default\">\n\t\t\t\t<div class=\"elementor-widget-container\">\n\t\t\t\t\t<h1 class=\"elementor-heading-title elementor-size-default\">Kontaktirajte nas <\/h1>\t\t\t\t<\/div>\n\t\t\t\t<\/div>\n\t\t\t\t<div class=\"elementor-element elementor-element-25ba522 hero-arrow elementor-hidden-tablet elementor-hidden-mobile elementor-hidden-laptop elementor-hidden-tablet_extra elementor-widget elementor-widget-button\" data-id=\"25ba522\" data-element_type=\"widget\" data-e-type=\"widget\" data-widget_type=\"button.default\">\n\t\t\t\t<div class=\"elementor-widget-container\">\n\t\t\t\t\t\t\t\t\t<div class=\"elementor-button-wrapper\">\n\t\t\t\t\t<a class=\"elementor-button elementor-size-sm\" role=\"button\">\n\t\t\t\t\t\t<span class=\"elementor-button-content-wrapper\">\n\t\t\t\t\t\t<span class=\"elementor-button-icon\">\n\t\t\t\t<svg xmlns=\"http:\/\/www.w3.org\/2000\/svg\" width=\"70\" height=\"70\" viewBox=\"0 0 70 70\" fill=\"none\"><rect x=\"0.5\" y=\"0.5\" width=\"69\" height=\"69\" rx=\"34.5\" stroke=\"\"><\/rect><path d=\"M32.8333 21V40.8154L25.0333 33.0615L22 36.0769L35 49L48 36.0769L44.9667 33.0615L37.1667 40.8154V21H32.8333Z\" fill=\"white\"><\/path><\/svg>\t\t\t<\/span>\n\t\t\t\t\t\t\t\t<\/span>\n\t\t\t\t\t<\/a>\n\t\t\t\t<\/div>\n\t\t\t\t\t\t\t\t<\/div>\n\t\t\t\t<\/div>\n\t\t\t\t\t<\/div>\n\t\t\t\t<\/div>\n\t\t<div class=\"elementor-element elementor-element-a27ca92 e-flex e-con-boxed e-con e-parent\" data-id=\"a27ca92\" data-element_type=\"container\" data-e-type=\"container\" data-settings=\"{&quot;background_background&quot;:&quot;classic&quot;}\">\n\t\t\t\t\t<div class=\"e-con-inner\">\n\t\t<div class=\"elementor-element elementor-element-aecc899 e-con-full e-flex e-con e-child\" data-id=\"aecc899\" data-element_type=\"container\" data-e-type=\"container\">\n\t\t\t\t<div class=\"elementor-element elementor-element-a6d35a5 sub-heading elementor-widget elementor-widget-heading\" data-id=\"a6d35a5\" data-element_type=\"widget\" data-e-type=\"widget\" data-widget_type=\"heading.default\">\n\t\t\t\t<div class=\"elementor-widget-container\">\n\t\t\t\t\t<h5 class=\"elementor-heading-title elementor-size-default\">Kontaktirajte nas <\/h5>\t\t\t\t<\/div>\n\t\t\t\t<\/div>\n\t\t\t\t<div class=\"elementor-element elementor-element-f7466a4 elementor-widget__width-initial elementor-widget elementor-widget-heading\" data-id=\"f7466a4\" data-element_type=\"widget\" data-e-type=\"widget\" data-widget_type=\"heading.default\">\n\t\t\t\t<div class=\"elementor-widget-container\">\n\t\t\t\t\t<h2 class=\"elementor-heading-title elementor-size-default\">Odgovoriti \u0107emo ubrzo<\/h2>\t\t\t\t<\/div>\n\t\t\t\t<\/div>\n\t\t\t\t<div class=\"elementor-element elementor-element-0f11670 elementor-button-align-start elementor-widget elementor-widget-form\" data-id=\"0f11670\" data-element_type=\"widget\" data-e-type=\"widget\" data-settings=\"{&quot;step_next_label&quot;:&quot;Next&quot;,&quot;step_previous_label&quot;:&quot;Previous&quot;,&quot;step_type&quot;:&quot;number_text&quot;,&quot;step_icon_shape&quot;:&quot;circle&quot;}\" data-widget_type=\"form.default\">\n\t\t\t\t<div class=\"elementor-widget-container\">\n\t\t\t\t\t\t\t<form class=\"elementor-form\" method=\"post\" name=\"Contact form\" aria-label=\"Contact form\">\n\t\t\t<input type=\"hidden\" name=\"post_id\" value=\"13975\"\/>\n\t\t\t<input type=\"hidden\" name=\"form_id\" value=\"0f11670\"\/>\n\t\t\t<input type=\"hidden\" name=\"referer_title\" value=\"Kontakt - Marvie Hotel &amp; Health u Splitu\" \/>\n\n\t\t\t\t\t\t\t<input type=\"hidden\" name=\"queried_id\" value=\"13975\"\/>\n\t\t\t\n\t\t\t<div class=\"elementor-form-fields-wrapper elementor-labels-above\">\n\t\t\t\t\t\t\t\t<div class=\"elementor-field-type-text elementor-field-group elementor-column elementor-field-group-name elementor-col-100 elementor-field-required elementor-mark-required\">\n\t\t\t\t\t\t\t\t\t\t\t\t<label for=\"form-field-name\" class=\"elementor-field-label\">\n\t\t\t\t\t\t\t\tVa\u0161e ime\t\t\t\t\t\t\t<\/label>\n\t\t\t\t\t\t\t\t\t\t\t\t\t\t<input size=\"1\" type=\"text\" name=\"form_fields[name]\" id=\"form-field-name\" class=\"elementor-field elementor-size-sm  elementor-field-textual\" required=\"required\">\n\t\t\t\t\t\t\t\t\t\t\t<\/div>\n\t\t\t\t\t\t\t\t<div class=\"elementor-field-type-email elementor-field-group elementor-column elementor-field-group-email elementor-col-100 elementor-field-required elementor-mark-required\">\n\t\t\t\t\t\t\t\t\t\t\t\t<label for=\"form-field-email\" class=\"elementor-field-label\">\n\t\t\t\t\t\t\t\tEmail\t\t\t\t\t\t\t<\/label>\n\t\t\t\t\t\t\t\t\t\t\t\t\t\t<input size=\"1\" type=\"email\" name=\"form_fields[email]\" id=\"form-field-email\" class=\"elementor-field elementor-size-sm  elementor-field-textual\" required=\"required\">\n\t\t\t\t\t\t\t\t\t\t\t<\/div>\n\t\t\t\t\t\t\t\t<div class=\"elementor-field-type-text elementor-field-group elementor-column elementor-field-group-subject elementor-col-100 elementor-field-required elementor-mark-required\">\n\t\t\t\t\t\t\t\t\t\t\t\t<label for=\"form-field-subject\" class=\"elementor-field-label\">\n\t\t\t\t\t\t\t\tOdakle ste?\t\t\t\t\t\t\t<\/label>\n\t\t\t\t\t\t\t\t\t\t\t\t\t\t<input size=\"1\" type=\"text\" name=\"form_fields[subject]\" id=\"form-field-subject\" class=\"elementor-field elementor-size-sm  elementor-field-textual\" required=\"required\">\n\t\t\t\t\t\t\t\t\t\t\t<\/div>\n\t\t\t\t\t\t\t\t<div class=\"elementor-field-type-textarea elementor-field-group elementor-column elementor-field-group-message elementor-col-100 elementor-field-required elementor-mark-required\">\n\t\t\t\t\t\t\t\t\t\t\t\t<label for=\"form-field-message\" class=\"elementor-field-label\">\n\t\t\t\t\t\t\t\tVa\u0161a poruka\t\t\t\t\t\t\t<\/label>\n\t\t\t\t\t\t<textarea class=\"elementor-field-textual elementor-field  elementor-size-sm\" name=\"form_fields[message]\" id=\"form-field-message\" rows=\"5\" required=\"required\"><\/textarea>\t\t\t\t<\/div>\n\t\t\t\t\t\t\t\t<div class=\"elementor-field-type-text\">\n\t\t\t\t\t<input size=\"1\" type=\"text\" name=\"form_fields[field_724e728]\" id=\"form-field-field_724e728\" class=\"elementor-field elementor-size-sm \" style=\"display:none !important;\">\t\t\t\t<\/div>\n\t\t\t\t\t\t\t\t<div class=\"elementor-field-type-acceptance elementor-field-group elementor-column elementor-field-group-field_ad1a3c6 elementor-col-100 elementor-field-required elementor-mark-required\">\n\t\t\t\t\t\t\t<div class=\"elementor-field-subgroup\">\n\t\t\t<span class=\"elementor-field-option\">\n\t\t\t\t<input type=\"checkbox\" name=\"form_fields[field_ad1a3c6]\" id=\"form-field-field_ad1a3c6\" class=\"elementor-field elementor-size-sm  elementor-acceptance-field\" required=\"required\">\n\t\t\t\t<label for=\"form-field-field_ad1a3c6\">Ovime dajem dobrovoljnu privolu da se moji osobni podaci (ime, prezime, e-mail\nadresa) koriste u svrhu odgovora na moj upit. KRUPA d.o.o., Split, Peri\u010di\u0107eva 1\n\u0107e koristiti moje osobne podatke samo u nazna\u010denu svrhu i ne\u0107e ih dostavljati\ntre\u0107ima, i to tako da se podaci koriste sve do zavr\u0161etka postupka informiranja.\nUpoznat\/a sam sa pravom da od KRUPA d.o.o. zatra\u017eim pristup osobnim\npodacima, ispravak, brisanje podataka, ograni\u010davanje obrade, s pravom na\nulaganje prigovora na obradu, pravom na prenosivost podataka, pravom na\npodno\u0161enje prigovora nadle\u017enom tijelu ako smatram da je do\u0161lo do bilo kakve\npovrede u obradi osobnih podataka. Detaljniji opis za\u0161tite osobnih podataka\nsadr\u017ean je u Politici privatnosti s kojom sam upoznat-\/a.<\/label>\t\t\t<\/span>\n\t\t<\/div>\n\t\t\t\t\t\t<\/div>\n\t\t\t\t\t\t\t\t<div class=\"elementor-field-type-recaptcha_v3 elementor-field-group elementor-column elementor-field-group-field_3ab3eef elementor-col-100 recaptcha_v3-bottomright\">\n\t\t\t\t\t<div class=\"elementor-field\" id=\"form-field-field_3ab3eef\"><div class=\"elementor-g-recaptcha\" data-sitekey=\"6Ldpo2crAAAAAORBEMUswOupMt6nM7bK4AbWeGJW\" data-type=\"v3\" data-action=\"Form\" data-badge=\"bottomright\" data-size=\"invisible\"><\/div><\/div>\t\t\t\t<\/div>\n\t\t\t\t\t\t\t\t<div class=\"elementor-field-group elementor-column elementor-field-type-submit elementor-col-100 e-form__buttons\">\n\t\t\t\t\t<button class=\"elementor-button elementor-size-sm\" type=\"submit\">\n\t\t\t\t\t\t<span class=\"elementor-button-content-wrapper\">\n\t\t\t\t\t\t\t\t\t\t\t\t\t\t\t\t\t\t\t\t\t\t<span class=\"elementor-button-text\">PO\u0160ALJITE UPIT<\/span>\n\t\t\t\t\t\t\t\t\t\t\t\t\t<\/span>\n\t\t\t\t\t<\/button>\n\t\t\t\t<\/div>\n\t\t\t<\/div>\n\t\t<\/form>\n\t\t\t\t\t\t<\/div>\n\t\t\t\t<\/div>\n\t\t\t\t<\/div>\n\t\t<div class=\"elementor-element elementor-element-fd204ab e-con-full elementor-hidden-tablet elementor-hidden-mobile e-flex e-con e-child\" data-id=\"fd204ab\" data-element_type=\"container\" data-e-type=\"container\" data-settings=\"{&quot;background_background&quot;:&quot;classic&quot;}\">\n\t\t\t\t<div class=\"elementor-element elementor-element-6e8a252 elementor-widget elementor-widget-spacer\" data-id=\"6e8a252\" data-element_type=\"widget\" data-e-type=\"widget\" data-widget_type=\"spacer.default\">\n\t\t\t\t<div class=\"elementor-widget-container\">\n\t\t\t\t\t\t\t<div class=\"elementor-spacer\">\n\t\t\t<div class=\"elementor-spacer-inner\"><\/div>\n\t\t<\/div>\n\t\t\t\t\t\t<\/div>\n\t\t\t\t<\/div>\n\t\t\t\t<\/div>\n\t\t\t\t\t<\/div>\n\t\t\t\t<\/div>\n\t\t<div class=\"elementor-element elementor-element-a0c3524 e-flex e-con-boxed e-con e-parent\" data-id=\"a0c3524\" data-element_type=\"container\" data-e-type=\"container\" data-settings=\"{&quot;background_background&quot;:&quot;classic&quot;}\">\n\t\t\t\t\t<div class=\"e-con-inner\">\n\t\t<div class=\"elementor-element elementor-element-a24a57b e-con-full e-flex e-con e-child\" data-id=\"a24a57b\" data-element_type=\"container\" data-e-type=\"container\">\n\t\t\t\t<div class=\"elementor-element elementor-element-24f7a93 sub-heading elementor-widget elementor-widget-heading\" data-id=\"24f7a93\" data-element_type=\"widget\" data-e-type=\"widget\" data-widget_type=\"heading.default\">\n\t\t\t\t<div class=\"elementor-widget-container\">\n\t\t\t\t\t<h5 class=\"elementor-heading-title elementor-size-default\">HOTEL MARVIE<\/h5>\t\t\t\t<\/div>\n\t\t\t\t<\/div>\n\t\t\t\t<div class=\"elementor-element elementor-element-5c7487f elementor-widget__width-initial elementor-widget elementor-widget-heading\" data-id=\"5c7487f\" data-element_type=\"widget\" data-e-type=\"widget\" data-widget_type=\"heading.default\">\n\t\t\t\t<div class=\"elementor-widget-container\">\n\t\t\t\t\t<h2 class=\"elementor-heading-title elementor-size-default\">Info<\/h2>\t\t\t\t<\/div>\n\t\t\t\t<\/div>\n\t\t<div class=\"elementor-element elementor-element-532e6c9 e-con-full e-flex e-con e-child\" data-id=\"532e6c9\" data-element_type=\"container\" data-e-type=\"container\" data-index=\"1\">\n\t\t\t\t<div class=\"elementor-element elementor-element-4d5a74c elementor-widget elementor-widget-text-editor\" data-id=\"4d5a74c\" data-element_type=\"widget\" data-e-type=\"widget\" data-widget_type=\"text-editor.default\">\n\t\t\t\t<div class=\"elementor-widget-container\">\n\t\t\t\t\t\t\t\t\t<p>KRUPA d.o.o. <br \/>PERI\u010cI\u0106EVA 1, 21000 SPLIT <br \/>OIB: 46746041826 <br \/>VAT ID: HR46746041826<\/p>\n\t\t\t\t\t\t\t\t<\/div>\n\t\t\t\t<\/div>\n\t\t\t\t<\/div>\n\t\t<div class=\"elementor-element elementor-element-2dc0c4f e-con-full e-flex e-con e-child\" data-id=\"2dc0c4f\" data-element_type=\"container\" data-e-type=\"container\" data-index=\"2\">\n\t\t\t\t<div class=\"elementor-element elementor-element-a58fe44 elementor-widget elementor-widget-text-editor\" data-id=\"a58fe44\" data-element_type=\"widget\" data-e-type=\"widget\" data-widget_type=\"text-editor.default\">\n\t\t\t\t<div class=\"elementor-widget-container\">\n\t\t\t\t\t\t\t\t\t<p>UPISANO KOD TRGOVA\u010cKI SUD U SPLITU <br \/>MBS: 060243526 <br \/>TEMELJNI KAPITAL: 4.159.700,00 EUR UPLA\u0106EN U CIJELOSTI <br \/>\u010cLAN UPRAVE: DIANA RUBI\u0106 RADMAN<\/p>\n\t\t\t\t\t\t\t\t<\/div>\n\t\t\t\t<\/div>\n\t\t\t\t<\/div>\n\t\t<div class=\"elementor-element elementor-element-b484527 e-con-full e-flex e-con e-child\" data-id=\"b484527\" data-element_type=\"container\" data-e-type=\"container\" data-index=\"2\">\n\t\t\t\t<div class=\"elementor-element elementor-element-330d144 elementor-widget elementor-widget-text-editor\" data-id=\"330d144\" data-element_type=\"widget\" data-e-type=\"widget\" data-widget_type=\"text-editor.default\">\n\t\t\t\t<div class=\"elementor-widget-container\">\n\t\t\t\t\t\t\t\t\t<p>TRANSACTIONAL ACCOUNTS:<br \/>PRIVREDNA BANKA ZAGREB d.d., <br \/>RADNI\u010cKA CESTA 50, 10000 ZAGREB<br \/>IBAN: HR7723400091110514207 <br \/>SWIFT: PBZGHR2X<\/p>\n\t\t\t\t\t\t\t\t<\/div>\n\t\t\t\t<\/div>\n\t\t\t\t<\/div>\n\t\t\t\t<\/div>\n\t\t\t\t\t<\/div>\n\t\t\t\t<\/div>\n\t\t<div class=\"elementor-element elementor-element-0272edf e-flex e-con-boxed e-con e-parent\" data-id=\"0272edf\" data-element_type=\"container\" data-e-type=\"container\" data-settings=\"{&quot;background_background&quot;:&quot;classic&quot;}\">\n\t\t\t\t\t<div class=\"e-con-inner\">\n\t\t\t\t<div class=\"elementor-element elementor-element-89cb4fa elementor-widget elementor-widget-image\" data-id=\"89cb4fa\" data-element_type=\"widget\" data-e-type=\"widget\" data-widget_type=\"image.default\">\n\t\t\t\t<div class=\"elementor-widget-container\">\n\t\t\t\t\t\t\t\t\t\t\t\t\t\t\t<img decoding=\"async\" width=\"350\" height=\"73\" src=\"https:\/\/marviehotel.com\/wp-content\/uploads\/2025\/04\/hamag.jpg\" class=\"attachment-full size-full wp-image-13381\" alt=\"\" srcset=\"https:\/\/marviehotel.com\/wp-content\/uploads\/2025\/04\/hamag.jpg 350w, https:\/\/marviehotel.com\/wp-content\/uploads\/2025\/04\/hamag-300x63.jpg 300w\" sizes=\"(max-width: 350px) 100vw, 350px\" \/>\t\t\t\t\t\t\t\t\t\t\t\t\t\t\t<\/div>\n\t\t\t\t<\/div>\n\t\t\t\t<div class=\"elementor-element elementor-element-b796aa2 elementor-widget elementor-widget-image\" data-id=\"b796aa2\" data-element_type=\"widget\" data-e-type=\"widget\" data-widget_type=\"image.default\">\n\t\t\t\t<div class=\"elementor-widget-container\">\n\t\t\t\t\t\t\t\t\t\t\t\t\t\t\t<img fetchpriority=\"high\" decoding=\"async\" width=\"459\" height=\"350\" src=\"https:\/\/marviehotel.com\/wp-content\/uploads\/2025\/04\/eunija.jpg\" class=\"attachment-full size-full wp-image-13380\" alt=\"\" srcset=\"https:\/\/marviehotel.com\/wp-content\/uploads\/2025\/04\/eunija.jpg 459w, https:\/\/marviehotel.com\/wp-content\/uploads\/2025\/04\/eunija-300x229.jpg 300w\" sizes=\"(max-width: 459px) 100vw, 459px\" \/>\t\t\t\t\t\t\t\t\t\t\t\t\t\t\t<\/div>\n\t\t\t\t<\/div>\n\t\t\t\t<div class=\"elementor-element elementor-element-14c6909 elementor-widget elementor-widget-image\" data-id=\"14c6909\" data-element_type=\"widget\" data-e-type=\"widget\" data-widget_type=\"image.default\">\n\t\t\t\t<div class=\"elementor-widget-container\">\n\t\t\t\t\t\t\t\t\t\t\t\t\t\t\t<img decoding=\"async\" width=\"875\" height=\"437\" src=\"https:\/\/marviehotel.com\/wp-content\/uploads\/2025\/04\/esif.jpg\" class=\"attachment-full size-full wp-image-13379\" alt=\"\" srcset=\"https:\/\/marviehotel.com\/wp-content\/uploads\/2025\/04\/esif.jpg 875w, https:\/\/marviehotel.com\/wp-content\/uploads\/2025\/04\/esif-300x150.jpg 300w, https:\/\/marviehotel.com\/wp-content\/uploads\/2025\/04\/esif-768x384.jpg 768w\" sizes=\"(max-width: 875px) 100vw, 875px\" \/>\t\t\t\t\t\t\t\t\t\t\t\t\t\t\t<\/div>\n\t\t\t\t<\/div>\n\t\t\t\t\t<\/div>\n\t\t\t\t<\/div>\n\t\t\t\t<\/div>\n\t\t","protected":false},"excerpt":{"rendered":"<p>MARVIE HOTEL &amp; HEALTH Kontaktirajte nas Kontaktirajte nas Odgovoriti \u0107emo ubrzo HOTEL MARVIE Info KRUPA d.o.o. PERI\u010cI\u0106EVA 1, 21000 SPLIT OIB: 46746041826 VAT ID: HR46746041826 UPISANO KOD TRGOVA\u010cKI SUD U SPLITU MBS: 060243526 TEMELJNI KAPITAL: 4.159.700,00 EUR UPLA\u0106EN U CIJELOSTI \u010cLAN UPRAVE: DIANA RUBI\u0106 RADMAN TRANSACTIONAL ACCOUNTS:PRIVREDNA BANKA ZAGREB d.d., RADNI\u010cKA CESTA 50, 10000 ZAGREBIBAN: [&hellip;]<\/p>\n","protected":false},"author":1,"featured_media":0,"parent":0,"menu_order":0,"comment_status":"closed","ping_status":"closed","template":"","meta":{"footnotes":""},"class_list":["post-13975","page","type-page","status-publish","hentry"],"aioseo_notices":[],"_links":{"self":[{"href":"https:\/\/marviehotel.com\/hr\/wp-json\/wp\/v2\/pages\/13975","targetHints":{"allow":["GET"]}}],"collection":[{"href":"https:\/\/marviehotel.com\/hr\/wp-json\/wp\/v2\/pages"}],"about":[{"href":"https:\/\/marviehotel.com\/hr\/wp-json\/wp\/v2\/types\/page"}],"author":[{"embeddable":true,"href":"https:\/\/marviehotel.com\/hr\/wp-json\/wp\/v2\/users\/1"}],"replies":[{"embeddable":true,"href":"https:\/\/marviehotel.com\/hr\/wp-json\/wp\/v2\/comments?post=13975"}],"version-history":[{"count":27,"href":"https:\/\/marviehotel.com\/hr\/wp-json\/wp\/v2\/pages\/13975\/revisions"}],"predecessor-version":[{"id":16111,"href":"https:\/\/marviehotel.com\/hr\/wp-json\/wp\/v2\/pages\/13975\/revisions\/16111"}],"wp:attachment":[{"href":"https:\/\/marviehotel.com\/hr\/wp-json\/wp\/v2\/media?parent=13975"}],"curies":[{"name":"wp","href":"https:\/\/api.w.org\/{rel}","templated":true}]}}