{"id":14004,"date":"2025-04-04T16:34:27","date_gmt":"2025-04-04T16:34:27","guid":{"rendered":"https:\/\/bswdev.eu\/marvie\/destination"},"modified":"2025-11-15T09:59:14","modified_gmt":"2025-11-15T09:59:14","slug":"istrazite-ljepote-grada-splita","status":"publish","type":"page","link":"https:\/\/marviehotel.com\/hr\/istrazite-ljepote-grada-splita","title":{"rendered":"Destinacija"},"content":{"rendered":"\t\t<div data-elementor-type=\"wp-page\" data-elementor-id=\"14004\" class=\"elementor elementor-14004 elementor-1210\" data-elementor-post-type=\"page\">\n\t\t\t\t<div class=\"elementor-element elementor-element-c263f68 e-flex e-con-boxed e-con e-parent\" data-id=\"c263f68\" data-element_type=\"container\" data-e-type=\"container\" data-settings=\"{&quot;background_background&quot;:&quot;classic&quot;}\">\n\t\t\t\t\t<div class=\"e-con-inner\">\n\t\t\t\t<div class=\"elementor-element elementor-element-08c46bb sub-heading elementor-widget elementor-widget-heading\" data-id=\"08c46bb\" data-element_type=\"widget\" data-e-type=\"widget\" data-widget_type=\"heading.default\">\n\t\t\t\t<div class=\"elementor-widget-container\">\n\t\t\t\t\t<h5 class=\"elementor-heading-title elementor-size-default\">PREDIVAN<\/h5>\t\t\t\t<\/div>\n\t\t\t\t<\/div>\n\t\t\t\t<div class=\"elementor-element elementor-element-10be7f7 elementor-widget__width-initial elementor-widget elementor-widget-heading\" data-id=\"10be7f7\" data-element_type=\"widget\" data-e-type=\"widget\" data-widget_type=\"heading.default\">\n\t\t\t\t<div class=\"elementor-widget-container\">\n\t\t\t\t\t<h1 class=\"elementor-heading-title elementor-size-default\">\nIstra\u017eite ljepote grada Splita\n<\/h1>\t\t\t\t<\/div>\n\t\t\t\t<\/div>\n\t\t\t\t<div class=\"elementor-element elementor-element-282831a hero-arrow elementor-hidden-tablet elementor-hidden-mobile elementor-hidden-laptop elementor-hidden-tablet_extra elementor-widget elementor-widget-button\" data-id=\"282831a\" data-element_type=\"widget\" data-e-type=\"widget\" data-widget_type=\"button.default\">\n\t\t\t\t<div class=\"elementor-widget-container\">\n\t\t\t\t\t\t\t\t\t<div class=\"elementor-button-wrapper\">\n\t\t\t\t\t<a class=\"elementor-button elementor-size-sm\" role=\"button\">\n\t\t\t\t\t\t<span class=\"elementor-button-content-wrapper\">\n\t\t\t\t\t\t<span class=\"elementor-button-icon\">\n\t\t\t\t<svg xmlns=\"http:\/\/www.w3.org\/2000\/svg\" width=\"70\" height=\"70\" viewBox=\"0 0 70 70\" fill=\"none\"><rect x=\"0.5\" y=\"0.5\" width=\"69\" height=\"69\" rx=\"34.5\" stroke=\"\"><\/rect><path d=\"M32.8333 21V40.8154L25.0333 33.0615L22 36.0769L35 49L48 36.0769L44.9667 33.0615L37.1667 40.8154V21H32.8333Z\" fill=\"white\"><\/path><\/svg>\t\t\t<\/span>\n\t\t\t\t\t\t\t\t<\/span>\n\t\t\t\t\t<\/a>\n\t\t\t\t<\/div>\n\t\t\t\t\t\t\t\t<\/div>\n\t\t\t\t<\/div>\n\t\t\t\t\t<\/div>\n\t\t\t\t<\/div>\n\t\t<div class=\"elementor-element elementor-element-7382243 e-flex e-con-boxed e-con e-parent\" data-id=\"7382243\" data-element_type=\"container\" data-e-type=\"container\" data-settings=\"{&quot;background_background&quot;:&quot;classic&quot;}\">\n\t\t\t\t\t<div class=\"e-con-inner\">\n\t\t<div class=\"elementor-element elementor-element-32097b2 e-con-full e-flex e-con e-child\" data-id=\"32097b2\" data-element_type=\"container\" data-e-type=\"container\">\n\t\t<div class=\"elementor-element elementor-element-1c9028f e-con-full e-flex e-con e-child\" data-id=\"1c9028f\" data-element_type=\"container\" data-e-type=\"container\">\n\t\t<div class=\"elementor-element elementor-element-4bb1ada e-con-full e-flex e-con e-child\" data-id=\"4bb1ada\" data-element_type=\"container\" data-e-type=\"container\" data-settings=\"{&quot;background_background&quot;:&quot;classic&quot;}\">\n\t\t\t\t<div class=\"elementor-element elementor-element-405aa68 elementor-widget elementor-widget-spacer\" data-id=\"405aa68\" data-element_type=\"widget\" data-e-type=\"widget\" data-widget_type=\"spacer.default\">\n\t\t\t\t<div class=\"elementor-widget-container\">\n\t\t\t\t\t\t\t<div class=\"elementor-spacer\">\n\t\t\t<div class=\"elementor-spacer-inner\"><\/div>\n\t\t<\/div>\n\t\t\t\t\t\t<\/div>\n\t\t\t\t<\/div>\n\t\t\t\t<\/div>\n\t\t\t\t<div class=\"elementor-element elementor-element-71c4518 sub-heading elementor-widget elementor-widget-heading\" data-id=\"71c4518\" data-element_type=\"widget\" data-e-type=\"widget\" data-widget_type=\"heading.default\">\n\t\t\t\t<div class=\"elementor-widget-container\">\n\t\t\t\t\t<h5 class=\"elementor-heading-title elementor-size-default\">DESTINACIJA<\/h5>\t\t\t\t<\/div>\n\t\t\t\t<\/div>\n\t\t\t\t<div class=\"elementor-element elementor-element-6740d97 elementor-widget__width-initial elementor-widget elementor-widget-heading\" data-id=\"6740d97\" data-element_type=\"widget\" data-e-type=\"widget\" data-widget_type=\"heading.default\">\n\t\t\t\t<div class=\"elementor-widget-container\">\n\t\t\t\t\t<h2 class=\"elementor-heading-title elementor-size-default\">Dioklecijanova pala\u010da<\/h2>\t\t\t\t<\/div>\n\t\t\t\t<\/div>\n\t\t\t\t<div class=\"elementor-element elementor-element-407fc56 elementor-widget elementor-widget-text-editor\" data-id=\"407fc56\" data-element_type=\"widget\" data-e-type=\"widget\" data-widget_type=\"text-editor.default\">\n\t\t\t\t<div class=\"elementor-widget-container\">\n\t\t\t\t\t\t\t\t\tjedan je od najbolje sa\u010duvanih spomenika rimskoga graditeljstva na svijetu. Careva je pala\u010da bila sagra\u0111ena kao spoj luksuzne vile \u2013 ljetnikovca i rimskog vojni\u010dkog logora, podijeljenoga na \u010detiri dijela dvjema glavnim ulicama. Ju\u017eni dio Dioklecijanove pala\u010de bio je predvi\u0111en za cara, njegov stan i odgovaraju\u0107e dr\u017eavne i vjerske ceremonije, dok je sjeverni bio za carsku stra\u017eu. U isto\u010dnom prostoru do danas je sa\u010duvana monumentalna gra\u0111evina (nazvana Dioklecijanov mauzolej), u kojem su o\u010duvana poprsja Dioklecijana i njegove supruge Priske, dok je sredi\u0161nji lik nestao. Pala\u010da je pravokutna sa \u010detiri velike kule na kutovima, vratima (Zlatna, Srebrena, \u017deljezna i Mjedena vrata) na svakoj od \u010detiri strane i sa po \u010detiri manje kule na zidovima. Povijesni dio Splita s Dioklecijanovom pala\u010dom uvr\u0161ten je na UNESCO-ov popis svjetske kulturne ba\u0161tine.\t\t\t\t\t\t\t\t<\/div>\n\t\t\t\t<\/div>\n\t\t\t\t<\/div>\n\t\t<div class=\"elementor-element elementor-element-8ef3948 e-con-full e-flex e-con e-child\" data-id=\"8ef3948\" data-element_type=\"container\" data-e-type=\"container\">\n\t\t\t\t<div class=\"elementor-element elementor-element-9e6fb59 sub-heading elementor-widget elementor-widget-heading\" data-id=\"9e6fb59\" data-element_type=\"widget\" data-e-type=\"widget\" data-widget_type=\"heading.default\">\n\t\t\t\t<div class=\"elementor-widget-container\">\n\t\t\t\t\t<h5 class=\"elementor-heading-title elementor-size-default\">DESTINACIJA<\/h5>\t\t\t\t<\/div>\n\t\t\t\t<\/div>\n\t\t\t\t<div class=\"elementor-element elementor-element-8b0e88f elementor-widget__width-initial elementor-widget elementor-widget-heading\" data-id=\"8b0e88f\" data-element_type=\"widget\" data-e-type=\"widget\" data-widget_type=\"heading.default\">\n\t\t\t\t<div class=\"elementor-widget-container\">\n\t\t\t\t\t<h2 class=\"elementor-heading-title elementor-size-default\">Podrumi Dioklecijanove pala\u010de<\/h2>\t\t\t\t<\/div>\n\t\t\t\t<\/div>\n\t\t\t\t<div class=\"elementor-element elementor-element-1735b35 elementor-widget elementor-widget-text-editor\" data-id=\"1735b35\" data-element_type=\"widget\" data-e-type=\"widget\" data-widget_type=\"text-editor.default\">\n\t\t\t\t<div class=\"elementor-widget-container\">\n\t\t\t\t\t\t\t\t\tpredstavljaju jedan od najbolje o\u010duvanih anti\u010dkih kompleksa ovakve vrste na svijetu. U rimsko doba funkcija im je bila izdignuti prostore careva stana na eta\u017ei iznad, a bili su i skladi\u0161ni prostor Pala\u010de. Danas se u te prizemne dvorane ulazi kroz Mjedena vrata, s Rive ili pak stepeni\u0161tem s Peristila. U ranom srednjem vijeku jedan se dio koristio za stanovanje, a u jednoj su dvorani prona\u0111eni dijelovi pogona za proizvodnju ulja i vina. Podrumi su i danas puni \u017eivota. U njima se redovito organiziraju slikarske i kiparske izlo\u017ebe, izvode se kazali\u0161ne predstave, sajmovi i mnoga druga dru\u0161tvena i kulturna doga\u0111anja.\t\t\t\t\t\t\t\t<\/div>\n\t\t\t\t<\/div>\n\t\t<div class=\"elementor-element elementor-element-7176ee2 e-con-full e-flex e-con e-child\" data-id=\"7176ee2\" data-element_type=\"container\" data-e-type=\"container\" data-settings=\"{&quot;background_background&quot;:&quot;classic&quot;}\">\n\t\t\t\t<div class=\"elementor-element elementor-element-4dcadf9 elementor-widget elementor-widget-spacer\" data-id=\"4dcadf9\" data-element_type=\"widget\" data-e-type=\"widget\" data-widget_type=\"spacer.default\">\n\t\t\t\t<div class=\"elementor-widget-container\">\n\t\t\t\t\t\t\t<div class=\"elementor-spacer\">\n\t\t\t<div class=\"elementor-spacer-inner\"><\/div>\n\t\t<\/div>\n\t\t\t\t\t\t<\/div>\n\t\t\t\t<\/div>\n\t\t\t\t<\/div>\n\t\t\t\t<\/div>\n\t\t\t\t<\/div>\n\t\t\t\t\t<\/div>\n\t\t\t\t<\/div>\n\t\t<div class=\"elementor-element elementor-element-1b9bf9b e-flex e-con-boxed e-con e-parent\" data-id=\"1b9bf9b\" data-element_type=\"container\" data-e-type=\"container\" data-settings=\"{&quot;background_background&quot;:&quot;classic&quot;}\">\n\t\t\t\t\t<div class=\"e-con-inner\">\n\t\t<div class=\"elementor-element elementor-element-09c242f e-con-full e-flex e-con e-child\" data-id=\"09c242f\" data-element_type=\"container\" data-e-type=\"container\">\n\t\t<div class=\"elementor-element elementor-element-cd22854 e-con-full e-flex e-con e-child\" data-id=\"cd22854\" data-element_type=\"container\" data-e-type=\"container\">\n\t\t<div class=\"elementor-element elementor-element-2879b08 e-con-full e-flex e-con e-child\" data-id=\"2879b08\" data-element_type=\"container\" data-e-type=\"container\" data-settings=\"{&quot;background_background&quot;:&quot;classic&quot;}\">\n\t\t\t\t<div class=\"elementor-element elementor-element-bfad522 elementor-widget elementor-widget-spacer\" data-id=\"bfad522\" data-element_type=\"widget\" data-e-type=\"widget\" data-widget_type=\"spacer.default\">\n\t\t\t\t<div class=\"elementor-widget-container\">\n\t\t\t\t\t\t\t<div class=\"elementor-spacer\">\n\t\t\t<div class=\"elementor-spacer-inner\"><\/div>\n\t\t<\/div>\n\t\t\t\t\t\t<\/div>\n\t\t\t\t<\/div>\n\t\t\t\t<\/div>\n\t\t\t\t<div class=\"elementor-element elementor-element-d5e2f25 sub-heading elementor-widget elementor-widget-heading\" data-id=\"d5e2f25\" data-element_type=\"widget\" data-e-type=\"widget\" data-widget_type=\"heading.default\">\n\t\t\t\t<div class=\"elementor-widget-container\">\n\t\t\t\t\t<h5 class=\"elementor-heading-title elementor-size-default\">DESTINACIJA<\/h5>\t\t\t\t<\/div>\n\t\t\t\t<\/div>\n\t\t\t\t<div class=\"elementor-element elementor-element-c2a89d1 elementor-widget__width-initial elementor-widget elementor-widget-heading\" data-id=\"c2a89d1\" data-element_type=\"widget\" data-e-type=\"widget\" data-widget_type=\"heading.default\">\n\t\t\t\t<div class=\"elementor-widget-container\">\n\t\t\t\t\t<h2 class=\"elementor-heading-title elementor-size-default\">\nZvonik katedrale (57 m ) <\/h2>\t\t\t\t<\/div>\n\t\t\t\t<\/div>\n\t\t\t\t<div class=\"elementor-element elementor-element-3ed179d elementor-widget elementor-widget-text-editor\" data-id=\"3ed179d\" data-element_type=\"widget\" data-e-type=\"widget\" data-widget_type=\"text-editor.default\">\n\t\t\t\t<div class=\"elementor-widget-container\">\n\t\t\t\t\t\t\t\t\t<p>je najizvornija dalmatinska srednjovjekovna gra\u0111evina \u010dija je gradnja zapo\u010dela sredinom 13. stolje\u0107a i trajala sve do sredine 16. stolje\u0107a. Zbog iznimno dugog perioda gradnje, kombinacija je romani\u010dkog i goti\u010dkog graditeljstva, no oba stila su u izvrsnom suglasju. Zvonik je na prijelazu iz 19. u 20. stolje\u0107e temeljito obnovljen i pone\u0161to izmijenjen. Danas je stepenicama mogu\u0107e popeti se na vrh zvonika s kojega se pru\u017ea spektakularni pogled na cijeli Split.<\/p>\t\t\t\t\t\t\t\t<\/div>\n\t\t\t\t<\/div>\n\t\t\t\t<\/div>\n\t\t<div class=\"elementor-element elementor-element-df03d52 e-con-full e-flex e-con e-child\" data-id=\"df03d52\" data-element_type=\"container\" data-e-type=\"container\">\n\t\t\t\t<div class=\"elementor-element elementor-element-a84cb34 sub-heading elementor-widget elementor-widget-heading\" data-id=\"a84cb34\" data-element_type=\"widget\" data-e-type=\"widget\" data-widget_type=\"heading.default\">\n\t\t\t\t<div class=\"elementor-widget-container\">\n\t\t\t\t\t<h5 class=\"elementor-heading-title elementor-size-default\">DESTINACIJA<\/h5>\t\t\t\t<\/div>\n\t\t\t\t<\/div>\n\t\t\t\t<div class=\"elementor-element elementor-element-64d2336 elementor-widget__width-initial elementor-widget elementor-widget-heading\" data-id=\"64d2336\" data-element_type=\"widget\" data-e-type=\"widget\" data-widget_type=\"heading.default\">\n\t\t\t\t<div class=\"elementor-widget-container\">\n\t\t\t\t\t<h2 class=\"elementor-heading-title elementor-size-default\">Vestibul<\/h2>\t\t\t\t<\/div>\n\t\t\t\t<\/div>\n\t\t\t\t<div class=\"elementor-element elementor-element-1394f19 elementor-widget elementor-widget-text-editor\" data-id=\"1394f19\" data-element_type=\"widget\" data-e-type=\"widget\" data-widget_type=\"text-editor.default\">\n\t\t\t\t<div class=\"elementor-widget-container\">\n\t\t\t\t\t\t\t\t\tje prvi dio carskog hodnika koji je vodio od Peristila do Dioklecijanovog rezidencijalnog dijela Pala\u010de. Staro carsko predvorje i danas djeluje monumentalno. Jugoisto\u010dno od Vestibula nalazi se srednjovjekovni kvart, unutar kojega je najstarija ranoromani\u010dka ku\u0107a iz desetoga stolje\u0107a. Na drugom kraju trga, u nekada\u0161njoj crkvi Svetog Andrije podignutoj u sedmom stolje\u0107u na mjestu carskih odaja, ure\u0111en je Etnografski muzej.\t\t\t\t\t\t\t\t<\/div>\n\t\t\t\t<\/div>\n\t\t<div class=\"elementor-element elementor-element-b715de6 e-con-full e-flex e-con e-child\" data-id=\"b715de6\" data-element_type=\"container\" data-e-type=\"container\" data-settings=\"{&quot;background_background&quot;:&quot;classic&quot;}\">\n\t\t\t\t<div class=\"elementor-element elementor-element-12633ff elementor-widget elementor-widget-spacer\" data-id=\"12633ff\" data-element_type=\"widget\" data-e-type=\"widget\" data-widget_type=\"spacer.default\">\n\t\t\t\t<div class=\"elementor-widget-container\">\n\t\t\t\t\t\t\t<div class=\"elementor-spacer\">\n\t\t\t<div class=\"elementor-spacer-inner\"><\/div>\n\t\t<\/div>\n\t\t\t\t\t\t<\/div>\n\t\t\t\t<\/div>\n\t\t\t\t<\/div>\n\t\t\t\t<\/div>\n\t\t\t\t<\/div>\n\t\t\t\t\t<\/div>\n\t\t\t\t<\/div>\n\t\t<div class=\"elementor-element elementor-element-723db8d e-flex e-con-boxed e-con e-parent\" data-id=\"723db8d\" data-element_type=\"container\" data-e-type=\"container\" data-settings=\"{&quot;background_background&quot;:&quot;classic&quot;}\">\n\t\t\t\t\t<div class=\"e-con-inner\">\n\t\t<div class=\"elementor-element elementor-element-4887453 e-con-full e-flex e-con e-child\" data-id=\"4887453\" data-element_type=\"container\" data-e-type=\"container\">\n\t\t<div class=\"elementor-element elementor-element-3eb95ec e-con-full e-flex e-con e-child\" data-id=\"3eb95ec\" data-element_type=\"container\" data-e-type=\"container\">\n\t\t<div class=\"elementor-element elementor-element-5dd0f5a e-con-full e-flex e-con e-child\" data-id=\"5dd0f5a\" data-element_type=\"container\" data-e-type=\"container\" data-settings=\"{&quot;background_background&quot;:&quot;classic&quot;}\">\n\t\t\t\t<div class=\"elementor-element elementor-element-05353b2 elementor-widget elementor-widget-spacer\" data-id=\"05353b2\" data-element_type=\"widget\" data-e-type=\"widget\" data-widget_type=\"spacer.default\">\n\t\t\t\t<div class=\"elementor-widget-container\">\n\t\t\t\t\t\t\t<div class=\"elementor-spacer\">\n\t\t\t<div class=\"elementor-spacer-inner\"><\/div>\n\t\t<\/div>\n\t\t\t\t\t\t<\/div>\n\t\t\t\t<\/div>\n\t\t\t\t<\/div>\n\t\t\t\t<div class=\"elementor-element elementor-element-d6aa7f1 sub-heading elementor-widget elementor-widget-heading\" data-id=\"d6aa7f1\" data-element_type=\"widget\" data-e-type=\"widget\" data-widget_type=\"heading.default\">\n\t\t\t\t<div class=\"elementor-widget-container\">\n\t\t\t\t\t<h5 class=\"elementor-heading-title elementor-size-default\">DESTINACIJA<\/h5>\t\t\t\t<\/div>\n\t\t\t\t<\/div>\n\t\t\t\t<div class=\"elementor-element elementor-element-7094869 elementor-widget__width-initial elementor-widget elementor-widget-heading\" data-id=\"7094869\" data-element_type=\"widget\" data-e-type=\"widget\" data-widget_type=\"heading.default\">\n\t\t\t\t<div class=\"elementor-widget-container\">\n\t\t\t\t\t<h2 class=\"elementor-heading-title elementor-size-default\">Jupiterov hram<\/h2>\t\t\t\t<\/div>\n\t\t\t\t<\/div>\n\t\t\t\t<div class=\"elementor-element elementor-element-2a6adc8 elementor-widget elementor-widget-text-editor\" data-id=\"2a6adc8\" data-element_type=\"widget\" data-e-type=\"widget\" data-widget_type=\"text-editor.default\">\n\t\t\t\t<div class=\"elementor-widget-container\">\n\t\t\t\t\t\t\t\t\tposve\u0107en je vrhovnom rimskom bo\u017eanstvu i Dioklecijanovom bo\u017eanskom ocu Jupiteru. Tokom kasne antike i srednjeg vijeka hram je pretvoren u krstionicu posve\u0107enu sv. Ivanu Krstitelju, a kripta je posve\u0107ena svetom Tomi. U nekada\u0161njem hramu po\u010detkom 13. st. postavljen je krsni zdenac, izvorno smje\u0161ten u katedrali. Na jednoj od plo\u010da nalazi se prikaz hrvatskog kralja (Petar Kre\u0161imir IV. ili Zvonimir), najraniji prikaz jednog europskog kralja u srednjovjekovnoj kamenoj skulpturi. U Krstionici danas dominira secesijska skulptura sv. Ivana Krstitelja, djelo Ivana Me\u0161trovi\u0107a, a pred njom je postavljena jedna od dvanaest granitnih sfingi koje je Dioklecijan donio iz Egipta.\t\t\t\t\t\t\t\t<\/div>\n\t\t\t\t<\/div>\n\t\t\t\t<\/div>\n\t\t<div class=\"elementor-element elementor-element-8d157f8 e-con-full e-flex e-con e-child\" data-id=\"8d157f8\" data-element_type=\"container\" data-e-type=\"container\">\n\t\t\t\t<div class=\"elementor-element elementor-element-ffaabc5 sub-heading elementor-widget elementor-widget-heading\" data-id=\"ffaabc5\" data-element_type=\"widget\" data-e-type=\"widget\" data-widget_type=\"heading.default\">\n\t\t\t\t<div class=\"elementor-widget-container\">\n\t\t\t\t\t<h5 class=\"elementor-heading-title elementor-size-default\">DESTINACIJA<\/h5>\t\t\t\t<\/div>\n\t\t\t\t<\/div>\n\t\t\t\t<div class=\"elementor-element elementor-element-b286ac1 elementor-widget__width-initial elementor-widget elementor-widget-heading\" data-id=\"b286ac1\" data-element_type=\"widget\" data-e-type=\"widget\" data-widget_type=\"heading.default\">\n\t\t\t\t<div class=\"elementor-widget-container\">\n\t\t\t\t\t<h2 class=\"elementor-heading-title elementor-size-default\">Peristil<\/h2>\t\t\t\t<\/div>\n\t\t\t\t<\/div>\n\t\t\t\t<div class=\"elementor-element elementor-element-ed85476 elementor-widget elementor-widget-text-editor\" data-id=\"ed85476\" data-element_type=\"widget\" data-e-type=\"widget\" data-widget_type=\"text-editor.default\">\n\t\t\t\t<div class=\"elementor-widget-container\">\n\t\t\t\t\t\t\t\t\tje kao sredi\u0161nji trg Pala\u010de, smje\u0161ten u dijelu u kojem je bilo izgra\u0111eno nekoliko hramova, namijenjenih caru Dioklecijanu, slavljenog kao \u017eivog sina Jupitera. Car se pojavljivao pod lukom sredi\u0161njeg dijela protirona, a podanici su mu pristupali. Gradnjom novoga gradskog trga s vije\u0107nicom (Pjaca) u 13.\/14. st., Peristil postaje vjersko sredi\u0161te. Zahvaljuju\u0107i svojoj jedinstvenoj ljepoti i nesvakida\u0161njoj akustici, Peristil je danas idealna kazali\u0161na scena i pozornica na kojoj se odvija bogati gradski \u017eivot. Ispiti kavu na stepenicama uokolo Peristila jedinstveni je do\u017eivljaj, jedan od najbli\u017eih dodira suvremenog \u010dovjeka s anti\u010dkim naslje\u0111em, jer nad Peristilom budno bdi 3500 godina stara i sjajno sa\u010duvana sfinga.\t\t\t\t\t\t\t\t<\/div>\n\t\t\t\t<\/div>\n\t\t<div class=\"elementor-element elementor-element-3f0e0cc e-con-full e-flex e-con e-child\" data-id=\"3f0e0cc\" data-element_type=\"container\" data-e-type=\"container\" data-settings=\"{&quot;background_background&quot;:&quot;classic&quot;}\">\n\t\t\t\t<div class=\"elementor-element elementor-element-be6dc57 elementor-widget elementor-widget-spacer\" data-id=\"be6dc57\" data-element_type=\"widget\" data-e-type=\"widget\" data-widget_type=\"spacer.default\">\n\t\t\t\t<div class=\"elementor-widget-container\">\n\t\t\t\t\t\t\t<div class=\"elementor-spacer\">\n\t\t\t<div class=\"elementor-spacer-inner\"><\/div>\n\t\t<\/div>\n\t\t\t\t\t\t<\/div>\n\t\t\t\t<\/div>\n\t\t\t\t<\/div>\n\t\t\t\t<\/div>\n\t\t\t\t<\/div>\n\t\t\t\t\t<\/div>\n\t\t\t\t<\/div>\n\t\t\t\t<\/div>\n\t\t","protected":false},"excerpt":{"rendered":"<p>PREDIVAN Istra\u017eite ljepote grada Splita DESTINACIJA Dioklecijanova pala\u010da jedan je od najbolje sa\u010duvanih spomenika rimskoga graditeljstva na svijetu. Careva je pala\u010da bila sagra\u0111ena kao spoj luksuzne vile \u2013 ljetnikovca i rimskog vojni\u010dkog logora, podijeljenoga na \u010detiri dijela dvjema glavnim ulicama. Ju\u017eni dio Dioklecijanove pala\u010de bio je predvi\u0111en za cara, njegov stan i odgovaraju\u0107e dr\u017eavne i [&hellip;]<\/p>\n","protected":false},"author":1,"featured_media":0,"parent":0,"menu_order":0,"comment_status":"closed","ping_status":"closed","template":"","meta":{"footnotes":""},"class_list":["post-14004","page","type-page","status-publish","hentry"],"aioseo_notices":[],"_links":{"self":[{"href":"https:\/\/marviehotel.com\/hr\/wp-json\/wp\/v2\/pages\/14004","targetHints":{"allow":["GET"]}}],"collection":[{"href":"https:\/\/marviehotel.com\/hr\/wp-json\/wp\/v2\/pages"}],"about":[{"href":"https:\/\/marviehotel.com\/hr\/wp-json\/wp\/v2\/types\/page"}],"author":[{"embeddable":true,"href":"https:\/\/marviehotel.com\/hr\/wp-json\/wp\/v2\/users\/1"}],"replies":[{"embeddable":true,"href":"https:\/\/marviehotel.com\/hr\/wp-json\/wp\/v2\/comments?post=14004"}],"version-history":[{"count":6,"href":"https:\/\/marviehotel.com\/hr\/wp-json\/wp\/v2\/pages\/14004\/revisions"}],"predecessor-version":[{"id":15088,"href":"https:\/\/marviehotel.com\/hr\/wp-json\/wp\/v2\/pages\/14004\/revisions\/15088"}],"wp:attachment":[{"href":"https:\/\/marviehotel.com\/hr\/wp-json\/wp\/v2\/media?parent=14004"}],"curies":[{"name":"wp","href":"https:\/\/api.w.org\/{rel}","templated":true}]}}