{"id":14019,"date":"2025-04-03T12:51:54","date_gmt":"2025-04-03T12:51:54","guid":{"rendered":"https:\/\/bswdev.eu\/marvie\/meetings"},"modified":"2025-11-15T09:59:41","modified_gmt":"2025-11-15T09:59:41","slug":"sastanci","status":"publish","type":"page","link":"https:\/\/marviehotel.com\/hr\/sastanci","title":{"rendered":"Sastanci"},"content":{"rendered":"\t\t<div data-elementor-type=\"wp-page\" data-elementor-id=\"14019\" class=\"elementor elementor-14019 elementor-953\" data-elementor-post-type=\"page\">\n\t\t\t\t<div class=\"elementor-element elementor-element-7e10aa7 e-flex e-con-boxed e-con e-parent\" data-id=\"7e10aa7\" data-element_type=\"container\" data-e-type=\"container\" data-settings=\"{&quot;background_background&quot;:&quot;classic&quot;}\">\n\t\t\t\t\t<div class=\"e-con-inner\">\n\t\t\t\t<div class=\"elementor-element elementor-element-5a198e4 sub-heading elementor-widget elementor-widget-heading\" data-id=\"5a198e4\" data-element_type=\"widget\" data-e-type=\"widget\" data-widget_type=\"heading.default\">\n\t\t\t\t<div class=\"elementor-widget-container\">\n\t\t\t\t\t<h5 class=\"elementor-heading-title elementor-size-default\">Sastanci<\/h5>\t\t\t\t<\/div>\n\t\t\t\t<\/div>\n\t\t\t\t<div class=\"elementor-element elementor-element-983d463 elementor-widget__width-initial elementor-widget elementor-widget-heading\" data-id=\"983d463\" data-element_type=\"widget\" data-e-type=\"widget\" data-widget_type=\"heading.default\">\n\t\t\t\t<div class=\"elementor-widget-container\">\n\t\t\t\t\t<h1 class=\"elementor-heading-title elementor-size-default\">Vi planirate ciljeve, mi logistiku.<\/h1>\t\t\t\t<\/div>\n\t\t\t\t<\/div>\n\t\t\t\t<div class=\"elementor-element elementor-element-880a949 hero-arrow elementor-hidden-tablet elementor-hidden-mobile elementor-hidden-laptop elementor-hidden-tablet_extra elementor-widget elementor-widget-button\" data-id=\"880a949\" data-element_type=\"widget\" data-e-type=\"widget\" data-widget_type=\"button.default\">\n\t\t\t\t<div class=\"elementor-widget-container\">\n\t\t\t\t\t\t\t\t\t<div class=\"elementor-button-wrapper\">\n\t\t\t\t\t<a class=\"elementor-button elementor-size-sm\" role=\"button\">\n\t\t\t\t\t\t<span class=\"elementor-button-content-wrapper\">\n\t\t\t\t\t\t<span class=\"elementor-button-icon\">\n\t\t\t\t<svg xmlns=\"http:\/\/www.w3.org\/2000\/svg\" width=\"70\" height=\"70\" viewBox=\"0 0 70 70\" fill=\"none\"><rect x=\"0.5\" y=\"0.5\" width=\"69\" height=\"69\" rx=\"34.5\" stroke=\"\"><\/rect><path d=\"M32.8333 21V40.8154L25.0333 33.0615L22 36.0769L35 49L48 36.0769L44.9667 33.0615L37.1667 40.8154V21H32.8333Z\" fill=\"white\"><\/path><\/svg>\t\t\t<\/span>\n\t\t\t\t\t\t\t\t<\/span>\n\t\t\t\t\t<\/a>\n\t\t\t\t<\/div>\n\t\t\t\t\t\t\t\t<\/div>\n\t\t\t\t<\/div>\n\t\t\t\t\t<\/div>\n\t\t\t\t<\/div>\n\t\t<div class=\"elementor-element elementor-element-559b915 e-flex e-con-boxed e-con e-parent\" data-id=\"559b915\" data-element_type=\"container\" data-e-type=\"container\" data-settings=\"{&quot;background_background&quot;:&quot;classic&quot;}\">\n\t\t\t\t\t<div class=\"e-con-inner\">\n\t\t<div class=\"elementor-element elementor-element-de7b990 e-con-full e-flex e-con e-child\" data-id=\"de7b990\" data-element_type=\"container\" data-e-type=\"container\">\n\t\t<div class=\"elementor-element elementor-element-1b7c2e6 e-con-full e-flex e-con e-child\" data-id=\"1b7c2e6\" data-element_type=\"container\" data-e-type=\"container\">\n\t\t<div class=\"elementor-element elementor-element-bdf4d45 e-con-full e-flex e-con e-child\" data-id=\"bdf4d45\" data-element_type=\"container\" data-e-type=\"container\">\n\t\t\t\t<div class=\"elementor-element elementor-element-ee0d7de sub-heading elementor-widget elementor-widget-heading\" data-id=\"ee0d7de\" data-element_type=\"widget\" data-e-type=\"widget\" data-widget_type=\"heading.default\">\n\t\t\t\t<div class=\"elementor-widget-container\">\n\t\t\t\t\t<h5 class=\"elementor-heading-title elementor-size-default\">EQUIPMENT<\/h5>\t\t\t\t<\/div>\n\t\t\t\t<\/div>\n\t\t\t\t<div class=\"elementor-element elementor-element-de01989 elementor-widget__width-initial elementor-widget elementor-widget-heading\" data-id=\"de01989\" data-element_type=\"widget\" data-e-type=\"widget\" data-widget_type=\"heading.default\">\n\t\t\t\t<div class=\"elementor-widget-container\">\n\t\t\t\t\t<h2 class=\"elementor-heading-title elementor-size-default\">Fleksibilni prostori za <span class=\"italic-text\"> uspje\u0161ne sastanke<\/span><\/h2>\t\t\t\t<\/div>\n\t\t\t\t<\/div>\n\t\t\t\t<\/div>\n\t\t<div class=\"elementor-element elementor-element-009cdc7 e-con-full e-flex e-con e-child\" data-id=\"009cdc7\" data-element_type=\"container\" data-e-type=\"container\">\n\t\t\t\t<div class=\"elementor-element elementor-element-db8edea elementor-widget elementor-widget-text-editor\" data-id=\"db8edea\" data-element_type=\"widget\" data-e-type=\"widget\" data-widget_type=\"text-editor.default\">\n\t\t\t\t<div class=\"elementor-widget-container\">\n\t\t\t\t\t\t\t\t\t<p>Organizacija konferencije, radionice ili team buildinga mo\u017ee biti zahtjevna \u2014 no u Marvie Hotelu sve \u010dinimo jednostavnim i ugodnim. Dovoljno je da nam javite \u017eeljeni datum i broj sudionika, a mi \u0107emo se pobrinuti za sve ostalo, u skladu s va\u0161im potrebama.<br \/>Na\u0161e suvremeno opremljene i prostrane dvorane, s obiljem prirodnog svjetla, mogu primiti do 62 osobe. Nakon radnog dijela dana, nudimo razli\u010dite mogu\u0107nosti za opu\u0161tanje \u2014 od privatnih dru\u017eenja uz bazen i timskih aktivnosti, do inspirativnih izleta i zabavnih, interaktivnih radionica.<\/p>\t\t\t\t\t\t\t\t<\/div>\n\t\t\t\t<\/div>\n\t\t\t\t<div class=\"elementor-element elementor-element-f379791 elementor-widget elementor-widget-button\" data-id=\"f379791\" data-element_type=\"widget\" data-e-type=\"widget\" data-widget_type=\"button.default\">\n\t\t\t\t<div class=\"elementor-widget-container\">\n\t\t\t\t\t\t\t\t\t<div class=\"elementor-button-wrapper\">\n\t\t\t\t\t<a class=\"elementor-button elementor-button-link elementor-size-sm\" href=\"https:\/\/marviehotel.com\/wp-content\/uploads\/2025\/05\/33B_KORPORATIVNA-PONUDA_HR.pdf\">\n\t\t\t\t\t\t<span class=\"elementor-button-content-wrapper\">\n\t\t\t\t\t\t\t\t\t<span class=\"elementor-button-text\">BRO\u0160URA<\/span>\n\t\t\t\t\t<\/span>\n\t\t\t\t\t<\/a>\n\t\t\t\t<\/div>\n\t\t\t\t\t\t\t\t<\/div>\n\t\t\t\t<\/div>\n\t\t\t\t<\/div>\n\t\t\t\t<\/div>\n\t\t<div class=\"elementor-element elementor-element-e04e7b4 e-con-full e-flex e-con e-child\" data-id=\"e04e7b4\" data-element_type=\"container\" data-e-type=\"container\">\n\t\t\t\t<div class=\"elementor-element elementor-element-618b7e9 elementor-view-default elementor-position-block-start elementor-mobile-position-block-start elementor-widget elementor-widget-icon-box\" data-id=\"618b7e9\" data-element_type=\"widget\" data-e-type=\"widget\" data-widget_type=\"icon-box.default\">\n\t\t\t\t<div class=\"elementor-widget-container\">\n\t\t\t\t\t\t\t<div class=\"elementor-icon-box-wrapper\">\n\n\t\t\t\t\t\t<div class=\"elementor-icon-box-icon\">\n\t\t\t\t<span  class=\"elementor-icon\">\n\t\t\t\t<svg xmlns=\"http:\/\/www.w3.org\/2000\/svg\" width=\"40\" height=\"40\" viewBox=\"0 0 40 40\" fill=\"none\"><g id=\"Icon\"><path id=\"Vector\" d=\"M27.9773 13.2573V8.05037H0.046875V31.9496H27.9773V26.7426L39.9509 30.7258V9.27412L27.9773 13.2573ZM12.0205 27.9664H8.03728V23.9832H12.0205V27.9664ZM19.9869 27.9664H16.0037V23.9832H19.9869V27.9664Z\" fill=\"#C2B59B\"><\/path><\/g><\/svg>\t\t\t\t<\/span>\n\t\t\t<\/div>\n\t\t\t\n\t\t\t\t\t\t<div class=\"elementor-icon-box-content\">\n\n\t\t\t\t\t\t\t\t\t<h3 class=\"elementor-icon-box-title\">\n\t\t\t\t\t\t<span  >\n\t\t\t\t\t\t\tProjektor\t\t\t\t\t\t<\/span>\n\t\t\t\t\t<\/h3>\n\t\t\t\t\n\t\t\t\t\t\t\t\t\t<p class=\"elementor-icon-box-description\">\n\t\t\t\t\t\t i platno \t\t\t\t\t<\/p>\n\t\t\t\t\n\t\t\t<\/div>\n\t\t\t\n\t\t<\/div>\n\t\t\t\t\t\t<\/div>\n\t\t\t\t<\/div>\n\t\t\t\t<div class=\"elementor-element elementor-element-abd42ee elementor-view-default elementor-position-block-start elementor-mobile-position-block-start elementor-widget elementor-widget-icon-box\" data-id=\"abd42ee\" data-element_type=\"widget\" data-e-type=\"widget\" data-widget_type=\"icon-box.default\">\n\t\t\t\t<div class=\"elementor-widget-container\">\n\t\t\t\t\t\t\t<div class=\"elementor-icon-box-wrapper\">\n\n\t\t\t\t\t\t<div class=\"elementor-icon-box-icon\">\n\t\t\t\t<span  class=\"elementor-icon\">\n\t\t\t\t<svg xmlns=\"http:\/\/www.w3.org\/2000\/svg\" width=\"40\" height=\"40\" viewBox=\"0 0 40 40\" fill=\"none\"><g id=\"Icon\" clip-path=\"url(#clip0_236_1189)\"><path id=\"Vector\" d=\"M39.9591 0.0399628H0.0390625V29.96H14.9991L12.5991 35.96H10.0391V39.96H29.9991V35.96H27.3591L24.9591 29.96H39.9591V0.0399628ZM27.1191 19.96L21.9991 14.8V18H17.9991V8.03996H27.9991V12H24.8791L29.9591 17.16L27.1191 19.96Z\" fill=\"#C2B59B\"><\/path><\/g><defs><clipPath id=\"clip0_236_1189\"><rect width=\"40\" height=\"40\" fill=\"white\" transform=\"matrix(1 0 0 -1 0 40)\"><\/rect><\/clipPath><\/defs><\/svg>\t\t\t\t<\/span>\n\t\t\t<\/div>\n\t\t\t\n\t\t\t\t\t\t<div class=\"elementor-icon-box-content\">\n\n\t\t\t\t\t\t\t\t\t<h3 class=\"elementor-icon-box-title\">\n\t\t\t\t\t\t<span  >\n\t\t\t\t\t\t\tLaptop\t\t\t\t\t\t<\/span>\n\t\t\t\t\t<\/h3>\n\t\t\t\t\n\t\t\t\t\t\t\t\t\t<p class=\"elementor-icon-box-description\">\n\t\t\t\t\t\tlaptop, pointer, clicker\t\t\t\t\t<\/p>\n\t\t\t\t\n\t\t\t<\/div>\n\t\t\t\n\t\t<\/div>\n\t\t\t\t\t\t<\/div>\n\t\t\t\t<\/div>\n\t\t\t\t<div class=\"elementor-element elementor-element-9ab9ce5 elementor-view-default elementor-position-block-start elementor-mobile-position-block-start elementor-widget elementor-widget-icon-box\" data-id=\"9ab9ce5\" data-element_type=\"widget\" data-e-type=\"widget\" data-widget_type=\"icon-box.default\">\n\t\t\t\t<div class=\"elementor-widget-container\">\n\t\t\t\t\t\t\t<div class=\"elementor-icon-box-wrapper\">\n\n\t\t\t\t\t\t<div class=\"elementor-icon-box-icon\">\n\t\t\t\t<span  class=\"elementor-icon\">\n\t\t\t\t<svg xmlns=\"http:\/\/www.w3.org\/2000\/svg\" width=\"40\" height=\"40\" viewBox=\"0 0 40 40\" fill=\"none\"><g id=\"Icon\" clip-path=\"url(#clip0_236_1193)\"><path id=\"Vector\" d=\"M40 30V0H0V30H12.6L14.8 35.4C13.8933 36.0133 13.2 36.7067 12.72 37.48C12.24 38.2533 12 39.0933 12 40H16C16 39.7333 16.1733 39.44 16.52 39.12C16.8667 38.8 17.32 38.5467 17.88 38.36C18.5467 38.12 19.2533 38 20 38C20.7467 38 21.4533 38.12 22.12 38.36C22.68 38.5467 23.1333 38.8 23.48 39.12C23.8267 39.44 24 39.7333 24 40H28C28 39.0933 27.76 38.2533 27.28 37.48C26.8 36.7067 26.1067 36.0133 25.2 35.4L27.4 30H40ZM14 22H10V16H14V22ZM18 12H22V22H18V12ZM21.4 34.2C21.1333 34.0667 20.6667 34 20 34C19.3333 34 18.8667 34.0667 18.6 34.2L17 30H23L21.4 34.2ZM26 8H30V22H26V8Z\" fill=\"#C2B59B\"><\/path><\/g><defs><clipPath id=\"clip0_236_1193\"><rect width=\"40\" height=\"40\" fill=\"white\" transform=\"matrix(1 0 0 -1 0 40)\"><\/rect><\/clipPath><\/defs><\/svg>\t\t\t\t<\/span>\n\t\t\t<\/div>\n\t\t\t\n\t\t\t\t\t\t<div class=\"elementor-icon-box-content\">\n\n\t\t\t\t\t\t\t\t\t<h3 class=\"elementor-icon-box-title\">\n\t\t\t\t\t\t<span  >\n\t\t\t\t\t\t\tFlipchart\t\t\t\t\t\t<\/span>\n\t\t\t\t\t<\/h3>\n\t\t\t\t\n\t\t\t\t\n\t\t\t<\/div>\n\t\t\t\n\t\t<\/div>\n\t\t\t\t\t\t<\/div>\n\t\t\t\t<\/div>\n\t\t\t\t<\/div>\n\t\t\t\t<\/div>\n\t\t<div class=\"elementor-element elementor-element-654ea52 e-con-full e-flex e-con e-child\" data-id=\"654ea52\" data-element_type=\"container\" data-e-type=\"container\" data-settings=\"{&quot;background_background&quot;:&quot;classic&quot;}\">\n\t\t\t\t<div class=\"elementor-element elementor-element-17a0b14 elementor-widget elementor-widget-spacer\" data-id=\"17a0b14\" data-element_type=\"widget\" data-e-type=\"widget\" data-widget_type=\"spacer.default\">\n\t\t\t\t<div class=\"elementor-widget-container\">\n\t\t\t\t\t\t\t<div class=\"elementor-spacer\">\n\t\t\t<div class=\"elementor-spacer-inner\"><\/div>\n\t\t<\/div>\n\t\t\t\t\t\t<\/div>\n\t\t\t\t<\/div>\n\t\t\t\t<\/div>\n\t\t\t\t\t<\/div>\n\t\t\t\t<\/div>\n\t\t<div class=\"elementor-element elementor-element-55a2535 e-flex e-con-boxed e-con e-parent\" data-id=\"55a2535\" data-element_type=\"container\" data-e-type=\"container\" data-settings=\"{&quot;background_background&quot;:&quot;classic&quot;}\">\n\t\t\t\t\t<div class=\"e-con-inner\">\n\t\t<div class=\"elementor-element elementor-element-294aca4 e-con-full e-flex e-con e-child\" data-id=\"294aca4\" data-element_type=\"container\" data-e-type=\"container\">\n\t\t\t\t<div class=\"elementor-element elementor-element-639534b elementor-widget elementor-widget-image\" data-id=\"639534b\" data-element_type=\"widget\" data-e-type=\"widget\" data-widget_type=\"image.default\">\n\t\t\t\t<div class=\"elementor-widget-container\">\n\t\t\t\t\t\t\t\t\t\t\t\t\t\t\t<img fetchpriority=\"high\" decoding=\"async\" width=\"2500\" height=\"1667\" src=\"https:\/\/marviehotel.com\/wp-content\/uploads\/2025\/05\/30.jpg\" class=\"attachment-full size-full wp-image-12975\" alt=\"\" srcset=\"https:\/\/marviehotel.com\/wp-content\/uploads\/2025\/05\/30.jpg 2500w, https:\/\/marviehotel.com\/wp-content\/uploads\/2025\/05\/30-300x200.jpg 300w, https:\/\/marviehotel.com\/wp-content\/uploads\/2025\/05\/30-1024x683.jpg 1024w, https:\/\/marviehotel.com\/wp-content\/uploads\/2025\/05\/30-768x512.jpg 768w, https:\/\/marviehotel.com\/wp-content\/uploads\/2025\/05\/30-1536x1024.jpg 1536w, https:\/\/marviehotel.com\/wp-content\/uploads\/2025\/05\/30-2048x1366.jpg 2048w\" sizes=\"(max-width: 2500px) 100vw, 2500px\" \/>\t\t\t\t\t\t\t\t\t\t\t\t\t\t\t<\/div>\n\t\t\t\t<\/div>\n\t\t\t\t<\/div>\n\t\t<div class=\"elementor-element elementor-element-dc546f8 e-con-full e-flex e-con e-child\" data-id=\"dc546f8\" data-element_type=\"container\" data-e-type=\"container\">\n\t\t\t\t<div class=\"elementor-element elementor-element-d8c4be1 elementor-widget elementor-widget-image\" data-id=\"d8c4be1\" data-element_type=\"widget\" data-e-type=\"widget\" data-widget_type=\"image.default\">\n\t\t\t\t<div class=\"elementor-widget-container\">\n\t\t\t\t\t\t\t\t\t\t\t\t\t\t\t<img decoding=\"async\" width=\"2500\" height=\"1667\" src=\"https:\/\/marviehotel.com\/wp-content\/uploads\/2025\/05\/32.jpg\" class=\"attachment-full size-full wp-image-12977\" alt=\"\" srcset=\"https:\/\/marviehotel.com\/wp-content\/uploads\/2025\/05\/32.jpg 2500w, https:\/\/marviehotel.com\/wp-content\/uploads\/2025\/05\/32-300x200.jpg 300w, https:\/\/marviehotel.com\/wp-content\/uploads\/2025\/05\/32-1024x683.jpg 1024w, https:\/\/marviehotel.com\/wp-content\/uploads\/2025\/05\/32-768x512.jpg 768w, https:\/\/marviehotel.com\/wp-content\/uploads\/2025\/05\/32-1536x1024.jpg 1536w, https:\/\/marviehotel.com\/wp-content\/uploads\/2025\/05\/32-2048x1366.jpg 2048w\" sizes=\"(max-width: 2500px) 100vw, 2500px\" \/>\t\t\t\t\t\t\t\t\t\t\t\t\t\t\t<\/div>\n\t\t\t\t<\/div>\n\t\t\t\t<\/div>\n\t\t\t\t\t<\/div>\n\t\t\t\t<\/div>\n\t\t<div class=\"elementor-element elementor-element-b091b80 e-flex e-con-boxed e-con e-parent\" data-id=\"b091b80\" data-element_type=\"container\" data-e-type=\"container\" data-settings=\"{&quot;background_background&quot;:&quot;classic&quot;}\">\n\t\t\t\t\t<div class=\"e-con-inner\">\n\t\t\t\t<div class=\"elementor-element elementor-element-0811488 elementor-widget elementor-widget-heading\" data-id=\"0811488\" data-element_type=\"widget\" data-e-type=\"widget\" data-widget_type=\"heading.default\">\n\t\t\t\t<div class=\"elementor-widget-container\">\n\t\t\t\t\t<h5 class=\"elementor-heading-title elementor-size-default\">planirajte<\/h5>\t\t\t\t<\/div>\n\t\t\t\t<\/div>\n\t\t\t\t<div class=\"elementor-element elementor-element-522fe2c elementor-widget elementor-widget-heading\" data-id=\"522fe2c\" data-element_type=\"widget\" data-e-type=\"widget\" data-widget_type=\"heading.default\">\n\t\t\t\t<div class=\"elementor-widget-container\">\n\t\t\t\t\t<h2 class=\"elementor-heading-title elementor-size-default\">Experience Lounge<\/h2>\t\t\t\t<\/div>\n\t\t\t\t<\/div>\n\t\t\t\t<div class=\"elementor-element elementor-element-f669f63 elementor-widget elementor-widget-text-editor\" data-id=\"f669f63\" data-element_type=\"widget\" data-e-type=\"widget\" data-widget_type=\"text-editor.default\">\n\t\t\t\t<div class=\"elementor-widget-container\">\n\t\t\t\t\t\t\t\t\tIsplanirajte svoj savr\u0161eni radni dan i do\u017eivite zaista produktivno iskustvo\t\t\t\t\t\t\t\t<\/div>\n\t\t\t\t<\/div>\n\t\t\t\t<div class=\"elementor-element elementor-element-7563755 elementor-widget__width-initial turneo elementor-widget elementor-widget-html\" data-id=\"7563755\" data-element_type=\"widget\" data-e-type=\"widget\" data-widget_type=\"html.default\">\n\t\t\t\t<div class=\"elementor-widget-container\">\n\t\t\t\t\t<turneo-element element-id=0047eccb-9e74-40e5-90d6-d3de647ad237><\/turneo-element> <script src=\"https:\/\/widget-turneo.vercel.app\/turneo-widget.iife.js\"><\/script>\t\t\t\t<\/div>\n\t\t\t\t<\/div>\n\t\t\t\t\t<\/div>\n\t\t\t\t<\/div>\n\t\t\t\t<\/div>\n\t\t","protected":false},"excerpt":{"rendered":"<p>Sastanci Vi planirate ciljeve, mi logistiku. EQUIPMENT Fleksibilni prostori za uspje\u0161ne sastanke Organizacija konferencije, radionice ili team buildinga mo\u017ee biti zahtjevna \u2014 no u Marvie Hotelu sve \u010dinimo jednostavnim i ugodnim. Dovoljno je da nam javite \u017eeljeni datum i broj sudionika, a mi \u0107emo se pobrinuti za sve ostalo, u skladu s va\u0161im potrebama. Na\u0161e [&hellip;]<\/p>\n","protected":false},"author":1,"featured_media":0,"parent":0,"menu_order":0,"comment_status":"closed","ping_status":"closed","template":"","meta":{"footnotes":""},"class_list":["post-14019","page","type-page","status-publish","hentry"],"aioseo_notices":[],"_links":{"self":[{"href":"https:\/\/marviehotel.com\/hr\/wp-json\/wp\/v2\/pages\/14019","targetHints":{"allow":["GET"]}}],"collection":[{"href":"https:\/\/marviehotel.com\/hr\/wp-json\/wp\/v2\/pages"}],"about":[{"href":"https:\/\/marviehotel.com\/hr\/wp-json\/wp\/v2\/types\/page"}],"author":[{"embeddable":true,"href":"https:\/\/marviehotel.com\/hr\/wp-json\/wp\/v2\/users\/1"}],"replies":[{"embeddable":true,"href":"https:\/\/marviehotel.com\/hr\/wp-json\/wp\/v2\/comments?post=14019"}],"version-history":[{"count":6,"href":"https:\/\/marviehotel.com\/hr\/wp-json\/wp\/v2\/pages\/14019\/revisions"}],"predecessor-version":[{"id":15097,"href":"https:\/\/marviehotel.com\/hr\/wp-json\/wp\/v2\/pages\/14019\/revisions\/15097"}],"wp:attachment":[{"href":"https:\/\/marviehotel.com\/hr\/wp-json\/wp\/v2\/media?parent=14019"}],"curies":[{"name":"wp","href":"https:\/\/api.w.org\/{rel}","templated":true}]}}