{"id":14171,"date":"2025-04-14T11:54:51","date_gmt":"2025-04-14T11:54:51","guid":{"rendered":"https:\/\/bswdev.eu\/marvie\/spring-offer"},"modified":"2025-11-15T09:59:39","modified_gmt":"2025-11-15T09:59:39","slug":"proljetna-ponuda","status":"publish","type":"page","link":"https:\/\/marviehotel.com\/hr\/proljetna-ponuda","title":{"rendered":"Proljetna ponuda"},"content":{"rendered":"\t\t<div data-elementor-type=\"wp-page\" data-elementor-id=\"14171\" class=\"elementor elementor-14171 elementor-1764\" data-elementor-post-type=\"page\">\n\t\t\t\t<div class=\"elementor-element elementor-element-c260213 e-flex e-con-boxed e-con e-parent\" data-id=\"c260213\" data-element_type=\"container\" data-e-type=\"container\" data-settings=\"{&quot;background_background&quot;:&quot;classic&quot;}\">\n\t\t\t\t\t<div class=\"e-con-inner\">\n\t\t\t\t<div class=\"elementor-element elementor-element-f548c22 sub-heading elementor-widget elementor-widget-heading\" data-id=\"f548c22\" data-element_type=\"widget\" data-e-type=\"widget\" data-widget_type=\"heading.default\">\n\t\t\t\t<div class=\"elementor-widget-container\">\n\t\t\t\t\t<h5 class=\"elementor-heading-title elementor-size-default\">Spring deal<\/h5>\t\t\t\t<\/div>\n\t\t\t\t<\/div>\n\t\t\t\t<div class=\"elementor-element elementor-element-c8d6fe0 elementor-widget__width-initial elementor-widget elementor-widget-heading\" data-id=\"c8d6fe0\" data-element_type=\"widget\" data-e-type=\"widget\" data-widget_type=\"heading.default\">\n\t\t\t\t<div class=\"elementor-widget-container\">\n\t\t\t\t\t<h1 class=\"elementor-heading-title elementor-size-default\">Proljetna ponuda<\/h1>\t\t\t\t<\/div>\n\t\t\t\t<\/div>\n\t\t\t\t<div class=\"elementor-element elementor-element-c5fc357 hero-arrow elementor-hidden-tablet elementor-hidden-mobile elementor-widget elementor-widget-button\" data-id=\"c5fc357\" data-element_type=\"widget\" data-e-type=\"widget\" data-widget_type=\"button.default\">\n\t\t\t\t<div class=\"elementor-widget-container\">\n\t\t\t\t\t\t\t\t\t<div class=\"elementor-button-wrapper\">\n\t\t\t\t\t<a class=\"elementor-button elementor-size-sm\" role=\"button\">\n\t\t\t\t\t\t<span class=\"elementor-button-content-wrapper\">\n\t\t\t\t\t\t<span class=\"elementor-button-icon\">\n\t\t\t\t<svg xmlns=\"http:\/\/www.w3.org\/2000\/svg\" width=\"70\" height=\"70\" viewBox=\"0 0 70 70\" fill=\"none\"><rect x=\"0.5\" y=\"0.5\" width=\"69\" height=\"69\" rx=\"34.5\" stroke=\"\"><\/rect><path d=\"M32.8333 21V40.8154L25.0333 33.0615L22 36.0769L35 49L48 36.0769L44.9667 33.0615L37.1667 40.8154V21H32.8333Z\" fill=\"white\"><\/path><\/svg>\t\t\t<\/span>\n\t\t\t\t\t\t\t\t<\/span>\n\t\t\t\t\t<\/a>\n\t\t\t\t<\/div>\n\t\t\t\t\t\t\t\t<\/div>\n\t\t\t\t<\/div>\n\t\t\t\t\t<\/div>\n\t\t\t\t<\/div>\n\t\t<div class=\"elementor-element elementor-element-73127fd e-flex e-con-boxed e-con e-parent\" data-id=\"73127fd\" data-element_type=\"container\" data-e-type=\"container\" data-settings=\"{&quot;background_background&quot;:&quot;classic&quot;}\">\n\t\t\t\t\t<div class=\"e-con-inner\">\n\t\t<div class=\"elementor-element elementor-element-1a20ab5 e-con-full e-flex e-con e-child\" data-id=\"1a20ab5\" data-element_type=\"container\" data-e-type=\"container\">\n\t\t<div class=\"elementor-element elementor-element-b5769f0 e-con-full e-flex e-con e-child\" data-id=\"b5769f0\" data-element_type=\"container\" data-e-type=\"container\">\n\t\t<div class=\"elementor-element elementor-element-cd7bce1 e-con-full e-flex e-con e-child\" data-id=\"cd7bce1\" data-element_type=\"container\" data-e-type=\"container\">\n\t\t\t\t<div class=\"elementor-element elementor-element-01c4f77 sub-heading elementor-widget elementor-widget-heading\" data-id=\"01c4f77\" data-element_type=\"widget\" data-e-type=\"widget\" data-widget_type=\"heading.default\">\n\t\t\t\t<div class=\"elementor-widget-container\">\n\t\t\t\t\t<h5 class=\"elementor-heading-title elementor-size-default\">REZERVIRAJTE SVOJ BORAVAK<\/h5>\t\t\t\t<\/div>\n\t\t\t\t<\/div>\n\t\t\t\t<div class=\"elementor-element elementor-element-2715a7c elementor-widget__width-initial elementor-widget elementor-widget-heading\" data-id=\"2715a7c\" data-element_type=\"widget\" data-e-type=\"widget\" data-widget_type=\"heading.default\">\n\t\t\t\t<div class=\"elementor-widget-container\">\n\t\t\t\t\t<h2 class=\"elementor-heading-title elementor-size-default\">10% popusta na boravke od <span class=\"italic-text\">3 no\u0107enja ili vi\u0161e<\/span><\/h2>\t\t\t\t<\/div>\n\t\t\t\t<\/div>\n\t\t\t\t<\/div>\n\t\t<div class=\"elementor-element elementor-element-6cb7e47 e-con-full e-flex e-con e-child\" data-id=\"6cb7e47\" data-element_type=\"container\" data-e-type=\"container\">\n\t\t\t\t<div class=\"elementor-element elementor-element-291f40e elementor-widget elementor-widget-text-editor\" data-id=\"291f40e\" data-element_type=\"widget\" data-e-type=\"widget\" data-widget_type=\"text-editor.default\">\n\t\t\t\t<div class=\"elementor-widget-container\">\n\t\t\t\t\t\t\t\t\t<p>Iskoristite priliku za povoljniji odmor i u\u017eivajte u dodatnim pogodnostima.<\/p><p>Uz popust, osigurali smo Vam besplatan parking i poklon bon od 10\u20ac za spa, kako bi Va\u0161 boravak bio jo\u0161 ugodniji.<\/p><p>Rezervirajte svoj boravak i iskoristite ovu sezonsku ponudu!<\/p>\t\t\t\t\t\t\t\t<\/div>\n\t\t\t\t<\/div>\n\t\t\t\t<div class=\"elementor-element elementor-element-8140adb elementor-widget elementor-widget-button\" data-id=\"8140adb\" data-element_type=\"widget\" data-e-type=\"widget\" data-widget_type=\"button.default\">\n\t\t\t\t<div class=\"elementor-widget-container\">\n\t\t\t\t\t\t\t\t\t<div class=\"elementor-button-wrapper\">\n\t\t\t\t\t<a class=\"elementor-button elementor-button-link elementor-size-sm\" href=\"https:\/\/marviehotel.book.rentl.io\/?from=03-08-2025&#038;to=06-08-2025&#038;adults=1&#038;children=&#038;rooms=1\">\n\t\t\t\t\t\t<span class=\"elementor-button-content-wrapper\">\n\t\t\t\t\t\t\t\t\t<span class=\"elementor-button-text\">Rezervirajte<\/span>\n\t\t\t\t\t<\/span>\n\t\t\t\t\t<\/a>\n\t\t\t\t<\/div>\n\t\t\t\t\t\t\t\t<\/div>\n\t\t\t\t<\/div>\n\t\t\t\t<\/div>\n\t\t\t\t<\/div>\n\t\t<div class=\"elementor-element elementor-element-e385183 e-con-full e-flex e-con e-child\" data-id=\"e385183\" data-element_type=\"container\" data-e-type=\"container\">\n\t\t\t\t<div class=\"elementor-element elementor-element-c1d1db8 elementor-view-default elementor-position-block-start elementor-mobile-position-block-start elementor-widget elementor-widget-icon-box\" data-id=\"c1d1db8\" data-element_type=\"widget\" data-e-type=\"widget\" data-widget_type=\"icon-box.default\">\n\t\t\t\t<div class=\"elementor-widget-container\">\n\t\t\t\t\t\t\t<div class=\"elementor-icon-box-wrapper\">\n\n\t\t\t\t\t\t<div class=\"elementor-icon-box-icon\">\n\t\t\t\t<span  class=\"elementor-icon\">\n\t\t\t\t<svg xmlns=\"http:\/\/www.w3.org\/2000\/svg\" width=\"21\" height=\"21\" viewBox=\"0 0 21 21\" fill=\"none\"><path d=\"M10.0486 11.837H3.61719V16.1704H10.0486C10.6368 16.1704 11.1466 15.9481 11.578 15.5037C12.0093 15.0592 12.225 14.5494 12.225 13.9743C12.225 13.3991 12.0093 12.8958 11.578 12.4645C11.1466 12.0331 10.6368 11.8239 10.0486 11.837ZM15.7937 11.837C15.2054 11.837 14.7022 12.0462 14.2839 12.4645C13.8656 12.8828 13.6564 13.386 13.6564 13.9743C13.6564 14.5625 13.8656 15.0723 14.2839 15.5037C14.7022 15.9351 15.2054 16.1573 15.7937 16.1704C16.3819 16.1834 16.8852 15.9612 17.3035 15.5037C17.7218 15.0462 17.9309 14.5364 17.9309 13.9743C17.9309 13.4122 17.7218 12.9089 17.3035 12.4645C16.8852 12.02 16.3819 11.8109 15.7937 11.837ZM10.7741 6.09192C11.3623 6.09192 11.8656 5.88277 12.2839 5.46447C12.7022 5.04617 12.9113 4.5429 12.9113 3.95467C12.9113 3.36643 12.7022 2.85663 12.2839 2.42526C11.8656 1.99388 11.3623 1.78473 10.7741 1.7978C10.1858 1.81088 9.68255 2.02003 9.26425 2.42526C8.84595 2.83048 8.6368 3.34029 8.6368 3.95467C8.6368 4.56905 8.84595 5.07231 9.26425 5.46447C9.68255 5.85663 10.1858 6.06578 10.7741 6.09192ZM15.4015 9.07231L11.8525 7.09192C11.4865 6.90892 11.127 6.81741 10.7741 6.81741C10.4734 6.81741 10.1139 6.90892 9.69562 7.09192L6.1466 9.07231L6.83287 10.3076L8.6368 9.30761V10.386H12.9113V9.30761L14.7544 10.3076L15.4015 9.07231Z\" fill=\"#CBBDA1\"><\/path><\/svg>\t\t\t\t<\/span>\n\t\t\t<\/div>\n\t\t\t\n\t\t\t\t\t\t<div class=\"elementor-icon-box-content\">\n\n\t\t\t\t\t\t\t\t\t<h3 class=\"elementor-icon-box-title\">\n\t\t\t\t\t\t<span  >\n\t\t\t\t\t\t\tMasa\u017ea\t\t\t\t\t\t<\/span>\n\t\t\t\t\t<\/h3>\n\t\t\t\t\n\t\t\t\t\t\t\t\t\t<p class=\"elementor-icon-box-description\">\n\t\t\t\t\t\tRenevie masa\u017ea\t\t\t\t\t<\/p>\n\t\t\t\t\n\t\t\t<\/div>\n\t\t\t\n\t\t<\/div>\n\t\t\t\t\t\t<\/div>\n\t\t\t\t<\/div>\n\t\t\t\t<div class=\"elementor-element elementor-element-c66221d elementor-view-default elementor-position-block-start elementor-mobile-position-block-start elementor-widget elementor-widget-icon-box\" data-id=\"c66221d\" data-element_type=\"widget\" data-e-type=\"widget\" data-widget_type=\"icon-box.default\">\n\t\t\t\t<div class=\"elementor-widget-container\">\n\t\t\t\t\t\t\t<div class=\"elementor-icon-box-wrapper\">\n\n\t\t\t\t\t\t<div class=\"elementor-icon-box-icon\">\n\t\t\t\t<span  class=\"elementor-icon\">\n\t\t\t\t<svg xmlns=\"http:\/\/www.w3.org\/2000\/svg\" width=\"20\" height=\"20\" viewBox=\"0 0 20 20\" fill=\"none\"><g clip-path=\"url(#clip0_418_874)\"><path d=\"M17.8571 0C19.0179 0 20 0.982143 20 2.14286V17.8571C20 19.0625 19.0179 20 17.8571 20H2.14286C0.9375 20 0 19.0625 0 17.8571V2.14286C0 0.982143 0.9375 0 2.14286 0H17.8571ZM10.7143 12.8571C13.0357 12.8571 15 10.9375 15 8.57143C15 6.25 13.0357 4.28571 10.7143 4.28571H6.42857C6.02679 4.28571 5.71429 4.64286 5.71429 5V15C5.71429 15.4018 6.02679 15.7143 6.42857 15.7143H7.85714C8.21429 15.7143 8.57143 15.4018 8.57143 15V12.8571H10.7143ZM10.7143 7.14286C11.4732 7.14286 12.1429 7.8125 12.1429 8.57143C12.1429 9.375 11.4732 10 10.7143 10H8.57143V7.14286H10.7143Z\" fill=\"#CBBDA1\"><\/path><\/g><defs><clipPath id=\"clip0_418_874\"><rect width=\"20\" height=\"20\" fill=\"white\"><\/rect><\/clipPath><\/defs><\/svg>\t\t\t\t<\/span>\n\t\t\t<\/div>\n\t\t\t\n\t\t\t\t\t\t<div class=\"elementor-icon-box-content\">\n\n\t\t\t\t\t\t\t\t\t<h3 class=\"elementor-icon-box-title\">\n\t\t\t\t\t\t<span  >\n\t\t\t\t\t\t\tParking\t\t\t\t\t\t<\/span>\n\t\t\t\t\t<\/h3>\n\t\t\t\t\n\t\t\t\t\t\t\t\t\t<p class=\"elementor-icon-box-description\">\n\t\t\t\t\t\tBesplatan parking\t\t\t\t\t<\/p>\n\t\t\t\t\n\t\t\t<\/div>\n\t\t\t\n\t\t<\/div>\n\t\t\t\t\t\t<\/div>\n\t\t\t\t<\/div>\n\t\t\t\t<div class=\"elementor-element elementor-element-ac4c3f4 elementor-view-default elementor-position-block-start elementor-mobile-position-block-start elementor-widget elementor-widget-icon-box\" data-id=\"ac4c3f4\" data-element_type=\"widget\" data-e-type=\"widget\" data-widget_type=\"icon-box.default\">\n\t\t\t\t<div class=\"elementor-widget-container\">\n\t\t\t\t\t\t\t<div class=\"elementor-icon-box-wrapper\">\n\n\t\t\t\t\t\t<div class=\"elementor-icon-box-icon\">\n\t\t\t\t<span  class=\"elementor-icon\">\n\t\t\t\t<svg xmlns=\"http:\/\/www.w3.org\/2000\/svg\" width=\"40\" height=\"40\" viewBox=\"0 0 40 40\" fill=\"none\"><g id=\"Icon\" clip-path=\"url(#clip0_196_1387)\"><path id=\"Vector\" d=\"M9.94055 12C11.6205 12 13.0539 11.4133 14.2405 10.24C15.4272 9.06667 16.0205 7.66667 16.0205 6.04C16.0205 4.41333 15.4205 3 14.2205 1.8C13.0205 0.600002 11.6072 0 9.98055 0C8.35388 0 6.94721 0.606667 5.76055 1.82C4.57388 3.03333 3.98055 4.44 3.98055 6.04C3.98055 7.64 4.56721 9.05333 5.74055 10.28C6.91388 11.4267 8.31388 12 9.94055 12ZM9.94055 4.04C11.3005 4.04 11.9805 4.72 11.9805 6.08C11.9805 6.64 11.7939 7.11333 11.4205 7.5C11.0472 7.88667 10.5539 8.08 9.94055 8.08C9.46055 8.08 9.02055 7.88 8.62055 7.48C8.24721 7.13334 8.06055 6.66 8.06055 6.06C8.06055 5.46 8.24055 4.97334 8.60055 4.6C8.96055 4.22667 9.40721 4.04 9.94055 4.04ZM16.0205 20C16.0205 18.3467 15.4139 16.94 14.2005 15.78C12.9872 14.62 11.5805 14.04 9.98055 14.04C8.38055 14.04 6.98055 14.6267 5.78055 15.8C4.58055 16.9733 3.98055 18.3733 3.98055 20V30H17.9405V40H21.9805V25.96H16.0205V20ZM11.9805 25.96H8.06055V20C8.06055 19.4133 8.25388 18.9267 8.64055 18.54C9.02721 18.1533 9.46055 17.96 9.94055 17.96C10.5539 17.96 11.0472 18.16 11.4205 18.56C11.7939 18.96 11.9805 19.44 11.9805 20V25.96ZM0.0605469 33.92H11.9805V38H0.0605469V33.92ZM21.9805 17.96H27.9405V22H21.9805V17.96ZM33.9005 12H39.9405V16.08H33.9005V12ZM23.9805 6.08H29.9405V10H23.9805V6.08Z\" fill=\"#C2B59B\"><\/path><\/g><defs><clipPath id=\"clip0_196_1387\"><rect width=\"40\" height=\"40\" fill=\"white\" transform=\"matrix(1 0 0 -1 0 40)\"><\/rect><\/clipPath><\/defs><\/svg>\t\t\t\t<\/span>\n\t\t\t<\/div>\n\t\t\t\n\t\t\t\t\t\t<div class=\"elementor-icon-box-content\">\n\n\t\t\t\t\t\t\t\t\t<h3 class=\"elementor-icon-box-title\">\n\t\t\t\t\t\t<span  >\n\t\t\t\t\t\t\tSauna\t\t\t\t\t\t<\/span>\n\t\t\t\t\t<\/h3>\n\t\t\t\t\n\t\t\t\t\t\t\t\t\t<p class=\"elementor-icon-box-description\">\n\t\t\t\t\t\tRenevie Wellness Zona\t\t\t\t\t<\/p>\n\t\t\t\t\n\t\t\t<\/div>\n\t\t\t\n\t\t<\/div>\n\t\t\t\t\t\t<\/div>\n\t\t\t\t<\/div>\n\t\t\t\t<\/div>\n\t\t\t\t<\/div>\n\t\t<div class=\"elementor-element elementor-element-d5f4a74 e-con-full elementor-hidden-tablet elementor-hidden-mobile e-flex e-con e-child\" data-id=\"d5f4a74\" data-element_type=\"container\" data-e-type=\"container\" data-settings=\"{&quot;background_background&quot;:&quot;classic&quot;}\">\n\t\t\t\t<div class=\"elementor-element elementor-element-41f61de elementor-widget elementor-widget-spacer\" data-id=\"41f61de\" data-element_type=\"widget\" data-e-type=\"widget\" data-widget_type=\"spacer.default\">\n\t\t\t\t<div class=\"elementor-widget-container\">\n\t\t\t\t\t\t\t<div class=\"elementor-spacer\">\n\t\t\t<div class=\"elementor-spacer-inner\"><\/div>\n\t\t<\/div>\n\t\t\t\t\t\t<\/div>\n\t\t\t\t<\/div>\n\t\t\t\t<\/div>\n\t\t\t\t\t<\/div>\n\t\t\t\t<\/div>\n\t\t<div class=\"elementor-element elementor-element-2754dc2 e-flex e-con-boxed e-con e-parent\" data-id=\"2754dc2\" data-element_type=\"container\" data-e-type=\"container\" data-settings=\"{&quot;background_background&quot;:&quot;classic&quot;}\">\n\t\t\t\t\t<div class=\"e-con-inner\">\n\t\t<div class=\"elementor-element elementor-element-ac45225 e-con-full e-flex e-con e-child\" data-id=\"ac45225\" data-element_type=\"container\" data-e-type=\"container\">\n\t\t\t\t<div class=\"elementor-element elementor-element-79980f8 elementor-widget elementor-widget-image\" data-id=\"79980f8\" data-element_type=\"widget\" data-e-type=\"widget\" data-widget_type=\"image.default\">\n\t\t\t\t<div class=\"elementor-widget-container\">\n\t\t\t\t\t\t\t\t\t\t\t\t\t\t\t<img fetchpriority=\"high\" decoding=\"async\" width=\"1280\" height=\"853\" src=\"https:\/\/marviehotel.com\/wp-content\/uploads\/2025\/03\/07083bcc9edff0a1a342850221d2f33e.jpg\" class=\"attachment-full size-full wp-image-673\" alt=\"\" srcset=\"https:\/\/marviehotel.com\/wp-content\/uploads\/2025\/03\/07083bcc9edff0a1a342850221d2f33e.jpg 1280w, https:\/\/marviehotel.com\/wp-content\/uploads\/2025\/03\/07083bcc9edff0a1a342850221d2f33e-300x200.jpg 300w, https:\/\/marviehotel.com\/wp-content\/uploads\/2025\/03\/07083bcc9edff0a1a342850221d2f33e-1024x682.jpg 1024w, https:\/\/marviehotel.com\/wp-content\/uploads\/2025\/03\/07083bcc9edff0a1a342850221d2f33e-768x512.jpg 768w\" sizes=\"(max-width: 1280px) 100vw, 1280px\" \/>\t\t\t\t\t\t\t\t\t\t\t\t\t\t\t<\/div>\n\t\t\t\t<\/div>\n\t\t\t\t<\/div>\n\t\t<div class=\"elementor-element elementor-element-bcbfec7 e-con-full e-flex e-con e-child\" data-id=\"bcbfec7\" data-element_type=\"container\" data-e-type=\"container\">\n\t\t\t\t<div class=\"elementor-element elementor-element-07802ef elementor-widget elementor-widget-image\" data-id=\"07802ef\" data-element_type=\"widget\" data-e-type=\"widget\" data-widget_type=\"image.default\">\n\t\t\t\t<div class=\"elementor-widget-container\">\n\t\t\t\t\t\t\t\t\t\t\t\t\t\t\t<img decoding=\"async\" width=\"1024\" height=\"683\" src=\"https:\/\/marviehotel.com\/wp-content\/uploads\/2025\/04\/Special-Deals_HERO-1024x683-1.jpg\" class=\"attachment-full size-full wp-image-1111\" alt=\"\" srcset=\"https:\/\/marviehotel.com\/wp-content\/uploads\/2025\/04\/Special-Deals_HERO-1024x683-1.jpg 1024w, https:\/\/marviehotel.com\/wp-content\/uploads\/2025\/04\/Special-Deals_HERO-1024x683-1-300x200.jpg 300w, https:\/\/marviehotel.com\/wp-content\/uploads\/2025\/04\/Special-Deals_HERO-1024x683-1-768x512.jpg 768w\" sizes=\"(max-width: 1024px) 100vw, 1024px\" \/>\t\t\t\t\t\t\t\t\t\t\t\t\t\t\t<\/div>\n\t\t\t\t<\/div>\n\t\t\t\t<\/div>\n\t\t\t\t\t<\/div>\n\t\t\t\t<\/div>\n\t\t<div class=\"elementor-element elementor-element-e33fa35 elementor-hidden-desktop elementor-hidden-laptop elementor-hidden-tablet_extra elementor-hidden-tablet elementor-hidden-mobile e-flex e-con-boxed e-con e-parent\" data-id=\"e33fa35\" data-element_type=\"container\" data-e-type=\"container\" data-settings=\"{&quot;background_background&quot;:&quot;classic&quot;}\">\n\t\t\t\t\t<div class=\"e-con-inner\">\n\t\t\t\t<div class=\"elementor-element elementor-element-6a54937 sub-heading elementor-widget elementor-widget-heading\" data-id=\"6a54937\" data-element_type=\"widget\" data-e-type=\"widget\" data-widget_type=\"heading.default\">\n\t\t\t\t<div class=\"elementor-widget-container\">\n\t\t\t\t\t<h5 class=\"elementor-heading-title elementor-size-default\">BOOK YOUR STAY NOW<\/h5>\t\t\t\t<\/div>\n\t\t\t\t<\/div>\n\t\t\t\t<div class=\"elementor-element elementor-element-ec0f9d5 elementor-widget__width-initial elementor-widget elementor-widget-heading\" data-id=\"ec0f9d5\" data-element_type=\"widget\" data-e-type=\"widget\" data-widget_type=\"heading.default\">\n\t\t\t\t<div class=\"elementor-widget-container\">\n\t\t\t\t\t<h2 class=\"elementor-heading-title elementor-size-default\">Take advantage of our <span class=\"italic-text\">exclusive discount<\/span><\/h2>\t\t\t\t<\/div>\n\t\t\t\t<\/div>\n\t\t<div class=\"elementor-element elementor-element-ac0d794 e-con-full e-flex e-con e-child\" data-id=\"ac0d794\" data-element_type=\"container\" data-e-type=\"container\">\n\t\t\t\t<div class=\"elementor-element elementor-element-6fad07d elementor-widget__width-initial elementor-hidden-tablet elementor-hidden-mobile elementor-widget elementor-widget-text-editor\" data-id=\"6fad07d\" data-element_type=\"widget\" data-e-type=\"widget\" data-widget_type=\"text-editor.default\">\n\t\t\t\t<div class=\"elementor-widget-container\">\n\t\t\t\t\t\t\t\t\t<p>Whether you\u2019re planning a business trip or a leisurely vacation, our top-rated accommodations and unparalleled service will exceed your expectations. Don\u2019t miss out on this limited-time offer and secure your spot today.<\/p>\n\t\t\t\t\t\t\t\t<\/div>\n\t\t\t\t<\/div>\n\t\t\t\t<div class=\"elementor-element elementor-element-fa1530a elementor-widget__width-initial elementor-hidden-tablet elementor-hidden-mobile elementor-widget elementor-widget-text-editor\" data-id=\"fa1530a\" data-element_type=\"widget\" data-e-type=\"widget\" data-widget_type=\"text-editor.default\">\n\t\t\t\t<div class=\"elementor-widget-container\">\n\t\t\t\t\t\t\t\t\t<p>Don\u2019t delay, book now and take advantage of our Early Booking Discount. Our deals are available for a limited time, so act fast and make your reservation today. Enjoy the finest amenities, exceptional customer service and save big with our package!<\/p>\n\t\t\t\t\t\t\t\t<\/div>\n\t\t\t\t<\/div>\n\t\t\t\t<div class=\"elementor-element elementor-element-6eec85d elementor-widget__width-initial elementor-hidden-desktop elementor-hidden-laptop elementor-widget elementor-widget-text-editor\" data-id=\"6eec85d\" data-element_type=\"widget\" data-e-type=\"widget\" data-widget_type=\"text-editor.default\">\n\t\t\t\t<div class=\"elementor-widget-container\">\n\t\t\t\t\t\t\t\t\t<p>Whether you\u2019re planning a business trip or a leisurely vacation, our top-rated accommodations and unparalleled service will exceed your expectations. Don\u2019t miss out on this limited-time offer and secure your spot today.<\/p>\n<p>Don\u2019t delay, book now and take advantage of our Early Booking Discount. Our deals are available for a limited time, so act fast and make your reservation today. Enjoy the finest amenities, exceptional customer service and save big with our package!<\/p>\n\t\t\t\t\t\t\t\t<\/div>\n\t\t\t\t<\/div>\n\t\t\t\t<\/div>\n\t\t\t\t\t<\/div>\n\t\t\t\t<\/div>\n\t\t\t\t<\/div>\n\t\t","protected":false},"excerpt":{"rendered":"<p>Spring deal Proljetna ponuda REZERVIRAJTE SVOJ BORAVAK 10% popusta na boravke od 3 no\u0107enja ili vi\u0161e Iskoristite priliku za povoljniji odmor i u\u017eivajte u dodatnim pogodnostima. Uz popust, osigurali smo Vam besplatan parking i poklon bon od 10\u20ac za spa, kako bi Va\u0161 boravak bio jo\u0161 ugodniji. Rezervirajte svoj boravak i iskoristite ovu sezonsku ponudu! [&hellip;]<\/p>\n","protected":false},"author":1,"featured_media":0,"parent":0,"menu_order":0,"comment_status":"closed","ping_status":"closed","template":"","meta":{"footnotes":""},"class_list":["post-14171","page","type-page","status-publish","hentry"],"aioseo_notices":[],"_links":{"self":[{"href":"https:\/\/marviehotel.com\/hr\/wp-json\/wp\/v2\/pages\/14171","targetHints":{"allow":["GET"]}}],"collection":[{"href":"https:\/\/marviehotel.com\/hr\/wp-json\/wp\/v2\/pages"}],"about":[{"href":"https:\/\/marviehotel.com\/hr\/wp-json\/wp\/v2\/types\/page"}],"author":[{"embeddable":true,"href":"https:\/\/marviehotel.com\/hr\/wp-json\/wp\/v2\/users\/1"}],"replies":[{"embeddable":true,"href":"https:\/\/marviehotel.com\/hr\/wp-json\/wp\/v2\/comments?post=14171"}],"version-history":[{"count":11,"href":"https:\/\/marviehotel.com\/hr\/wp-json\/wp\/v2\/pages\/14171\/revisions"}],"predecessor-version":[{"id":14228,"href":"https:\/\/marviehotel.com\/hr\/wp-json\/wp\/v2\/pages\/14171\/revisions\/14228"}],"wp:attachment":[{"href":"https:\/\/marviehotel.com\/hr\/wp-json\/wp\/v2\/media?parent=14171"}],"curies":[{"name":"wp","href":"https:\/\/api.w.org\/{rel}","templated":true}]}}