{"id":14229,"date":"2025-04-03T12:50:59","date_gmt":"2025-04-03T12:50:59","guid":{"rendered":"https:\/\/bswdev.eu\/marvie\/wellness"},"modified":"2025-11-15T09:59:43","modified_gmt":"2025-11-15T09:59:43","slug":"wellness","status":"publish","type":"page","link":"https:\/\/marviehotel.com\/hr\/wellness","title":{"rendered":"Wellness"},"content":{"rendered":"\t\t<div data-elementor-type=\"wp-page\" data-elementor-id=\"14229\" class=\"elementor elementor-14229 elementor-948\" data-elementor-post-type=\"page\">\n\t\t\t\t<div class=\"elementor-element elementor-element-9fc7745 e-flex e-con-boxed e-con e-parent\" data-id=\"9fc7745\" data-element_type=\"container\" data-e-type=\"container\" data-settings=\"{&quot;background_background&quot;:&quot;classic&quot;}\">\n\t\t\t\t\t<div class=\"e-con-inner\">\n\t\t\t\t<div class=\"elementor-element elementor-element-2c4168e sub-heading elementor-widget elementor-widget-heading\" data-id=\"2c4168e\" data-element_type=\"widget\" data-e-type=\"widget\" data-widget_type=\"heading.default\">\n\t\t\t\t<div class=\"elementor-widget-container\">\n\t\t\t\t\t<h5 class=\"elementor-heading-title elementor-size-default\">WELLNESS<\/h5>\t\t\t\t<\/div>\n\t\t\t\t<\/div>\n\t\t\t\t<div class=\"elementor-element elementor-element-35e93dc elementor-widget__width-initial elementor-widget elementor-widget-heading\" data-id=\"35e93dc\" data-element_type=\"widget\" data-e-type=\"widget\" data-widget_type=\"heading.default\">\n\t\t\t\t<div class=\"elementor-widget-container\">\n\t\t\t\t\t<h1 class=\"elementor-heading-title elementor-size-default\">Renevie wellness zona \u2013<span class=\"italic-text\"> gdje tijelo i um dolaze u ravnote\u017eu<\/span><\/h1>\t\t\t\t<\/div>\n\t\t\t\t<\/div>\n\t\t\t\t<div class=\"elementor-element elementor-element-864a5f3 hero-arrow elementor-hidden-tablet elementor-hidden-mobile elementor-hidden-laptop elementor-hidden-tablet_extra elementor-widget elementor-widget-button\" data-id=\"864a5f3\" data-element_type=\"widget\" data-e-type=\"widget\" data-widget_type=\"button.default\">\n\t\t\t\t<div class=\"elementor-widget-container\">\n\t\t\t\t\t\t\t\t\t<div class=\"elementor-button-wrapper\">\n\t\t\t\t\t<a class=\"elementor-button elementor-size-sm\" role=\"button\">\n\t\t\t\t\t\t<span class=\"elementor-button-content-wrapper\">\n\t\t\t\t\t\t<span class=\"elementor-button-icon\">\n\t\t\t\t<svg xmlns=\"http:\/\/www.w3.org\/2000\/svg\" width=\"70\" height=\"70\" viewBox=\"0 0 70 70\" fill=\"none\"><rect x=\"0.5\" y=\"0.5\" width=\"69\" height=\"69\" rx=\"34.5\" stroke=\"\"><\/rect><path d=\"M32.8333 21V40.8154L25.0333 33.0615L22 36.0769L35 49L48 36.0769L44.9667 33.0615L37.1667 40.8154V21H32.8333Z\" fill=\"white\"><\/path><\/svg>\t\t\t<\/span>\n\t\t\t\t\t\t\t\t<\/span>\n\t\t\t\t\t<\/a>\n\t\t\t\t<\/div>\n\t\t\t\t\t\t\t\t<\/div>\n\t\t\t\t<\/div>\n\t\t\t\t\t<\/div>\n\t\t\t\t<\/div>\n\t\t<div class=\"elementor-element elementor-element-dc3376a e-flex e-con-boxed e-con e-parent\" data-id=\"dc3376a\" data-element_type=\"container\" data-e-type=\"container\" data-settings=\"{&quot;background_background&quot;:&quot;classic&quot;}\">\n\t\t\t\t\t<div class=\"e-con-inner\">\n\t\t<div class=\"elementor-element elementor-element-45ab4d6 e-con-full e-flex e-con e-child\" data-id=\"45ab4d6\" data-element_type=\"container\" data-e-type=\"container\">\n\t\t<div class=\"elementor-element elementor-element-b72a556 e-con-full e-flex e-con e-child\" data-id=\"b72a556\" data-element_type=\"container\" data-e-type=\"container\">\n\t\t<div class=\"elementor-element elementor-element-3da9b2c e-con-full e-flex e-con e-child\" data-id=\"3da9b2c\" data-element_type=\"container\" data-e-type=\"container\">\n\t\t\t\t<div class=\"elementor-element elementor-element-54ab7e5 sub-heading elementor-widget elementor-widget-heading\" data-id=\"54ab7e5\" data-element_type=\"widget\" data-e-type=\"widget\" data-widget_type=\"heading.default\">\n\t\t\t\t<div class=\"elementor-widget-container\">\n\t\t\t\t\t<h5 class=\"elementor-heading-title elementor-size-default\">WELLNESS<\/h5>\t\t\t\t<\/div>\n\t\t\t\t<\/div>\n\t\t\t\t<div class=\"elementor-element elementor-element-7f8eeaa elementor-widget__width-initial elementor-widget elementor-widget-heading\" data-id=\"7f8eeaa\" data-element_type=\"widget\" data-e-type=\"widget\" data-widget_type=\"heading.default\">\n\t\t\t\t<div class=\"elementor-widget-container\">\n\t\t\t\t\t<h2 class=\"elementor-heading-title elementor-size-default\"><span class=\"italic-text\">Suvremeni pristup<\/span> opu\u0161tanju i njezi <\/h2>\t\t\t\t<\/div>\n\t\t\t\t<\/div>\n\t\t\t\t<\/div>\n\t\t<div class=\"elementor-element elementor-element-01370ee e-con-full e-flex e-con e-child\" data-id=\"01370ee\" data-element_type=\"container\" data-e-type=\"container\">\n\t\t\t\t<div class=\"elementor-element elementor-element-3019737 elementor-widget elementor-widget-text-editor\" data-id=\"3019737\" data-element_type=\"widget\" data-e-type=\"widget\" data-widget_type=\"text-editor.default\">\n\t\t\t\t<div class=\"elementor-widget-container\">\n\t\t\t\t\t\t\t\t\t<p>Marvie Hotel &amp; Health osmi\u0161ljen je kao prostor u kojem se zdravlje, opu\u0161tanje i suvremeno hotelijerstvo skladno spajaju. Kao prvi hotel u Splitu s fokusom na zdravlje, njegova arhitektura, usluge i atmosfera odra\u017eavaju posve\u0107enost ravnote\u017ei \u2013 s wellness zonom Renevie u samom sredi\u0161tu tog do\u017eivljaja.<\/p>\t\t\t\t\t\t\t\t<\/div>\n\t\t\t\t<\/div>\n\t\t\t\t<div class=\"elementor-element elementor-element-5bf3842 elementor-align-left elementor-widget elementor-widget-button\" data-id=\"5bf3842\" data-element_type=\"widget\" data-e-type=\"widget\" data-widget_type=\"button.default\">\n\t\t\t\t<div class=\"elementor-widget-container\">\n\t\t\t\t\t\t\t\t\t<div class=\"elementor-button-wrapper\">\n\t\t\t\t\t<a class=\"elementor-button elementor-button-link elementor-size-sm\" href=\"https:\/\/marviehotel.com\/hr\/clanarine\">\n\t\t\t\t\t\t<span class=\"elementor-button-content-wrapper\">\n\t\t\t\t\t\t\t\t\t<span class=\"elementor-button-text\">DNEVNE KARTE I \u010cLANARINE<\/span>\n\t\t\t\t\t<\/span>\n\t\t\t\t\t<\/a>\n\t\t\t\t<\/div>\n\t\t\t\t\t\t\t\t<\/div>\n\t\t\t\t<\/div>\n\t\t\t\t<div class=\"elementor-element elementor-element-1619b91 elementor-align-left elementor-widget elementor-widget-button\" data-id=\"1619b91\" data-element_type=\"widget\" data-e-type=\"widget\" data-widget_type=\"button.default\">\n\t\t\t\t<div class=\"elementor-widget-container\">\n\t\t\t\t\t\t\t\t\t<div class=\"elementor-button-wrapper\">\n\t\t\t\t\t<a class=\"elementor-button elementor-button-link elementor-size-sm\" href=\"https:\/\/marviehotel.com\/hr\/tretmani\">\n\t\t\t\t\t\t<span class=\"elementor-button-content-wrapper\">\n\t\t\t\t\t\t\t\t\t<span class=\"elementor-button-text\">TRETMANI I MASA\u017dE<\/span>\n\t\t\t\t\t<\/span>\n\t\t\t\t\t<\/a>\n\t\t\t\t<\/div>\n\t\t\t\t\t\t\t\t<\/div>\n\t\t\t\t<\/div>\n\t\t\t\t<\/div>\n\t\t\t\t<\/div>\n\t\t<div class=\"elementor-element elementor-element-aad8662 e-con-full e-flex e-con e-child\" data-id=\"aad8662\" data-element_type=\"container\" data-e-type=\"container\">\n\t\t\t\t<div class=\"elementor-element elementor-element-7c6c98b elementor-view-default elementor-position-block-start elementor-mobile-position-block-start elementor-widget elementor-widget-icon-box\" data-id=\"7c6c98b\" data-element_type=\"widget\" data-e-type=\"widget\" data-widget_type=\"icon-box.default\">\n\t\t\t\t<div class=\"elementor-widget-container\">\n\t\t\t\t\t\t\t<div class=\"elementor-icon-box-wrapper\">\n\n\t\t\t\t\t\t<div class=\"elementor-icon-box-icon\">\n\t\t\t\t<span  class=\"elementor-icon\">\n\t\t\t\t<svg xmlns=\"http:\/\/www.w3.org\/2000\/svg\" width=\"40\" height=\"40\" viewBox=\"0 0 40 40\" fill=\"none\"><g id=\"Icon\" clip-path=\"url(#clip0_196_1384)\"><path id=\"Vector\" d=\"M38.3991 34.68C37.7324 35.5066 36.9257 35.92 35.9791 35.92C35.0324 35.92 34.2124 35.5066 33.5191 34.68C32.7724 33.8 31.9257 33.1266 30.9791 32.66C30.0324 32.1933 29.0324 31.96 27.9791 31.96C26.9257 31.96 25.9257 32.1933 24.9791 32.66C24.0324 33.1266 23.1857 33.8 22.4391 34.68C21.7724 35.5066 20.9657 35.92 20.0191 35.92C19.0724 35.92 18.2524 35.5066 17.5591 34.68C16.8391 33.8 16.0057 33.1266 15.0591 32.66C14.1124 32.1933 13.1057 31.96 12.0391 31.96C10.9724 31.96 9.96573 32.1933 9.01906 32.66C8.0724 33.1266 7.23906 33.8 6.51906 34.68C5.8524 35.5066 5.03906 35.92 4.07906 35.92C3.11906 35.92 2.2924 35.5066 1.59906 34.68C1.2524 34.2266 0.745729 33.7733 0.0790625 33.32V38.6C1.38573 39.5066 2.71906 39.96 4.07906 39.96C5.11906 39.96 6.11906 39.7266 7.07906 39.26C8.03906 38.7933 8.87906 38.12 9.59906 37.24C10.2924 36.4133 11.1124 36 12.0591 36C13.0057 36 13.8124 36.4133 14.4791 37.24C15.1991 38.12 16.0391 38.7933 16.9991 39.26C17.9591 39.7266 18.9657 39.96 20.0191 39.96C21.0724 39.96 22.0724 39.7266 23.0191 39.26C23.9657 38.7933 24.7991 38.12 25.5191 37.24C26.2124 36.4133 27.0391 36 27.9991 36C28.9591 36 29.7724 36.4133 30.4391 37.24C31.1591 38.12 31.9924 38.7933 32.9391 39.26C33.8857 39.7266 34.8924 39.96 35.9591 39.96C37.3991 39.96 38.7324 39.5066 39.9591 38.6V33.28C39.3457 33.7333 38.8257 34.2 38.3991 34.68ZM38.3991 24.72C37.7324 25.5466 36.9257 25.96 35.9791 25.96C35.0324 25.96 34.2124 25.5466 33.5191 24.72C32.5857 23.6 31.3991 22.8 29.9591 22.32V2.03996C29.9591 1.47996 29.7657 1.00663 29.3791 0.619961C28.9924 0.233295 28.5191 0.0399628 27.9591 0.0399628C27.4257 0.0399628 26.9657 0.239964 26.5791 0.639961C26.1924 1.03996 25.9991 1.50663 25.9991 2.03996V4.03996H13.9991V2.03996C13.9991 1.47996 13.8057 1.00663 13.4191 0.619961C13.0324 0.233295 12.5724 0.0399628 12.0391 0.0399628C11.4791 0.0399628 11.0057 0.239964 10.6191 0.639961C10.2324 1.03996 10.0391 1.50663 10.0391 2.03996V22.32C8.62573 22.7733 7.43906 23.5733 6.47906 24.72C5.8124 25.5466 5.00573 25.96 4.05906 25.96C3.1124 25.96 2.2924 25.5466 1.59906 24.72C1.1724 24.24 0.652396 23.7733 0.0390625 23.32V28.64C1.2924 29.52 2.62573 29.96 4.03906 29.96C5.10573 29.96 6.1124 29.7266 7.05906 29.26C8.00573 28.7933 8.83906 28.1333 9.55906 27.28C9.98573 26.7733 10.5057 26.4333 11.1191 26.26C11.7324 26.0866 12.3391 26.0866 12.9391 26.26C13.5391 26.4333 14.0524 26.7733 14.4791 27.28C15.1991 28.1333 16.0324 28.7933 16.9791 29.26C17.9257 29.7266 18.9257 29.96 19.9791 29.96C21.0324 29.96 22.0391 29.7266 22.9991 29.26C23.9591 28.7933 24.7991 28.1333 25.5191 27.28C25.9191 26.7733 26.4257 26.4333 27.0391 26.26C27.6524 26.0866 28.2657 26.0866 28.8791 26.26C29.4924 26.4333 29.9991 26.7733 30.3991 27.28C31.1457 28.1333 31.9924 28.7933 32.9391 29.26C33.8857 29.7266 34.8791 29.96 35.9191 29.96C37.3324 29.96 38.6657 29.52 39.9191 28.64V23.32C39.3057 23.8 38.7991 24.2666 38.3991 24.72ZM25.9991 8.03996V14H13.9991V8.03996H25.9991ZM22.4391 24.72C21.7724 25.5466 20.9657 25.96 20.0191 25.96C19.0724 25.96 18.2524 25.5466 17.5591 24.72C16.5991 23.5733 15.4124 22.7733 13.9991 22.32V18H25.9991V22.32C24.5857 22.7733 23.3991 23.5733 22.4391 24.72Z\" fill=\"#C2B59B\"><\/path><\/g><defs><clipPath id=\"clip0_196_1384\"><rect width=\"40\" height=\"40\" fill=\"white\" transform=\"matrix(1 0 0 -1 0 40)\"><\/rect><\/clipPath><\/defs><\/svg>\t\t\t\t<\/span>\n\t\t\t<\/div>\n\t\t\t\n\t\t\t\t\t\t<div class=\"elementor-icon-box-content\">\n\n\t\t\t\t\t\t\t\t\t<h3 class=\"elementor-icon-box-title\">\n\t\t\t\t\t\t<span  >\n\t\t\t\t\t\t\tBazen\t\t\t\t\t\t<\/span>\n\t\t\t\t\t<\/h3>\n\t\t\t\t\n\t\t\t\t\t\t\t\t\t<p class=\"elementor-icon-box-description\">\n\t\t\t\t\t\tS efektom protustrujnog plivanja \t\t\t\t\t<\/p>\n\t\t\t\t\n\t\t\t<\/div>\n\t\t\t\n\t\t<\/div>\n\t\t\t\t\t\t<\/div>\n\t\t\t\t<\/div>\n\t\t\t\t<div class=\"elementor-element elementor-element-b677ca3 elementor-view-default elementor-position-block-start elementor-mobile-position-block-start elementor-widget elementor-widget-icon-box\" data-id=\"b677ca3\" data-element_type=\"widget\" data-e-type=\"widget\" data-widget_type=\"icon-box.default\">\n\t\t\t\t<div class=\"elementor-widget-container\">\n\t\t\t\t\t\t\t<div class=\"elementor-icon-box-wrapper\">\n\n\t\t\t\t\t\t<div class=\"elementor-icon-box-icon\">\n\t\t\t\t<span  class=\"elementor-icon\">\n\t\t\t\t<svg xmlns=\"http:\/\/www.w3.org\/2000\/svg\" width=\"40\" height=\"40\" viewBox=\"0 0 40 40\" fill=\"none\"><g id=\"Icon\" clip-path=\"url(#clip0_196_1387)\"><path id=\"Vector\" d=\"M9.94055 12C11.6205 12 13.0539 11.4133 14.2405 10.24C15.4272 9.06667 16.0205 7.66667 16.0205 6.04C16.0205 4.41333 15.4205 3 14.2205 1.8C13.0205 0.600002 11.6072 0 9.98055 0C8.35388 0 6.94721 0.606667 5.76055 1.82C4.57388 3.03333 3.98055 4.44 3.98055 6.04C3.98055 7.64 4.56721 9.05333 5.74055 10.28C6.91388 11.4267 8.31388 12 9.94055 12ZM9.94055 4.04C11.3005 4.04 11.9805 4.72 11.9805 6.08C11.9805 6.64 11.7939 7.11333 11.4205 7.5C11.0472 7.88667 10.5539 8.08 9.94055 8.08C9.46055 8.08 9.02055 7.88 8.62055 7.48C8.24721 7.13334 8.06055 6.66 8.06055 6.06C8.06055 5.46 8.24055 4.97334 8.60055 4.6C8.96055 4.22667 9.40721 4.04 9.94055 4.04ZM16.0205 20C16.0205 18.3467 15.4139 16.94 14.2005 15.78C12.9872 14.62 11.5805 14.04 9.98055 14.04C8.38055 14.04 6.98055 14.6267 5.78055 15.8C4.58055 16.9733 3.98055 18.3733 3.98055 20V30H17.9405V40H21.9805V25.96H16.0205V20ZM11.9805 25.96H8.06055V20C8.06055 19.4133 8.25388 18.9267 8.64055 18.54C9.02721 18.1533 9.46055 17.96 9.94055 17.96C10.5539 17.96 11.0472 18.16 11.4205 18.56C11.7939 18.96 11.9805 19.44 11.9805 20V25.96ZM0.0605469 33.92H11.9805V38H0.0605469V33.92ZM21.9805 17.96H27.9405V22H21.9805V17.96ZM33.9005 12H39.9405V16.08H33.9005V12ZM23.9805 6.08H29.9405V10H23.9805V6.08Z\" fill=\"#C2B59B\"><\/path><\/g><defs><clipPath id=\"clip0_196_1387\"><rect width=\"40\" height=\"40\" fill=\"white\" transform=\"matrix(1 0 0 -1 0 40)\"><\/rect><\/clipPath><\/defs><\/svg>\t\t\t\t<\/span>\n\t\t\t<\/div>\n\t\t\t\n\t\t\t\t\t\t<div class=\"elementor-icon-box-content\">\n\n\t\t\t\t\t\t\t\t\t<h3 class=\"elementor-icon-box-title\">\n\t\t\t\t\t\t<span  >\n\t\t\t\t\t\t\tSauna\t\t\t\t\t\t<\/span>\n\t\t\t\t\t<\/h3>\n\t\t\t\t\n\t\t\t\t\t\t\t\t\t<p class=\"elementor-icon-box-description\">\n\t\t\t\t\t\tFinska i parna \t\t\t\t\t<\/p>\n\t\t\t\t\n\t\t\t<\/div>\n\t\t\t\n\t\t<\/div>\n\t\t\t\t\t\t<\/div>\n\t\t\t\t<\/div>\n\t\t\t\t<div class=\"elementor-element elementor-element-55ebd81 elementor-view-default elementor-position-block-start elementor-mobile-position-block-start elementor-widget elementor-widget-icon-box\" data-id=\"55ebd81\" data-element_type=\"widget\" data-e-type=\"widget\" data-widget_type=\"icon-box.default\">\n\t\t\t\t<div class=\"elementor-widget-container\">\n\t\t\t\t\t\t\t<div class=\"elementor-icon-box-wrapper\">\n\n\t\t\t\t\t\t<div class=\"elementor-icon-box-icon\">\n\t\t\t\t<span  class=\"elementor-icon\">\n\t\t\t\t<svg xmlns=\"http:\/\/www.w3.org\/2000\/svg\" width=\"40\" height=\"40\" viewBox=\"0 0 40 40\" fill=\"none\"><g id=\"Container\"><path id=\"Symbol\" d=\"M25.1992 7.5C23.0898 7.5 21.4492 5.85938 21.4492 3.75C21.4492 1.71875 23.0898 0 25.1992 0C27.2305 0 28.9492 1.71875 28.9492 3.75C28.9492 5.85938 27.2305 7.5 25.1992 7.5ZM12.7773 24.8438C13.4023 26.1719 14.418 27.3438 15.7461 28.2031L16.6055 28.6719L15.9023 30.2344C15.3555 31.6406 13.9492 32.5 12.4648 32.5H6.44922C5.04297 32.5 3.94922 31.4062 3.94922 30C3.94922 28.6719 5.04297 27.5 6.44922 27.5H11.6055L12.7773 24.8438ZM33.9492 17.5C35.2773 17.5 36.4492 18.6719 36.4492 20C36.4492 21.4062 35.2773 22.5 33.9492 22.5H29.7305C28.2461 22.5 26.918 21.7188 26.293 20.4688L24.7305 17.1875L22.3086 23.2812L27.0742 26.1719C28.5586 27.0312 29.2617 28.75 28.793 30.3906L26.293 38.2812C25.9805 39.375 24.9648 40 23.9492 40C23.6367 40 23.4023 40 23.168 39.9219C21.8398 39.5312 21.1367 38.125 21.5273 36.7969L23.6367 29.9219L16.9961 26.0156C14.8867 24.7656 14.0273 22.0312 14.9648 19.7656L17.9336 12.8906L16.7617 12.5781C16.1367 12.4219 15.3555 12.5781 14.8086 13.0469L11.6836 15.3906C10.5898 16.25 9.02734 16.0938 8.16797 15C7.30859 13.9062 7.54297 12.2656 8.63672 11.4844L11.7617 9.0625C13.5586 7.73438 15.8242 7.1875 18.0898 7.73438L23.6367 9.375C25.668 9.92188 27.4648 11.4062 28.4023 13.3594L30.4336 17.5H33.9492Z\" fill=\"#C2B59B\"><\/path><\/g><\/svg>\t\t\t\t<\/span>\n\t\t\t<\/div>\n\t\t\t\n\t\t\t\t\t\t<div class=\"elementor-icon-box-content\">\n\n\t\t\t\t\t\t\t\t\t<h3 class=\"elementor-icon-box-title\">\n\t\t\t\t\t\t<span  >\n\t\t\t\t\t\t\tFitness\t\t\t\t\t\t<\/span>\n\t\t\t\t\t<\/h3>\n\t\t\t\t\n\t\t\t\t\t\t\t\t\t<p class=\"elementor-icon-box-description\">\n\t\t\t\t\t\tOdli\u010dno pripremljen \t\t\t\t\t<\/p>\n\t\t\t\t\n\t\t\t<\/div>\n\t\t\t\n\t\t<\/div>\n\t\t\t\t\t\t<\/div>\n\t\t\t\t<\/div>\n\t\t\t\t<\/div>\n\t\t\t\t<\/div>\n\t\t<div class=\"elementor-element elementor-element-a9cd16c e-con-full elementor-hidden-tablet elementor-hidden-mobile e-flex e-con e-child\" data-id=\"a9cd16c\" data-element_type=\"container\" data-e-type=\"container\" data-settings=\"{&quot;background_background&quot;:&quot;classic&quot;}\">\n\t\t\t\t<div class=\"elementor-element elementor-element-f3e2b44 elementor-widget elementor-widget-spacer\" data-id=\"f3e2b44\" data-element_type=\"widget\" data-e-type=\"widget\" data-widget_type=\"spacer.default\">\n\t\t\t\t<div class=\"elementor-widget-container\">\n\t\t\t\t\t\t\t<div class=\"elementor-spacer\">\n\t\t\t<div class=\"elementor-spacer-inner\"><\/div>\n\t\t<\/div>\n\t\t\t\t\t\t<\/div>\n\t\t\t\t<\/div>\n\t\t\t\t<\/div>\n\t\t\t\t\t<\/div>\n\t\t\t\t<\/div>\n\t\t<div class=\"elementor-element elementor-element-33e7748 e-flex e-con-boxed e-con e-parent\" data-id=\"33e7748\" data-element_type=\"container\" data-e-type=\"container\" data-settings=\"{&quot;background_background&quot;:&quot;classic&quot;}\">\n\t\t\t\t\t<div class=\"e-con-inner\">\n\t\t<div class=\"elementor-element elementor-element-9ac74f5 e-con-full e-flex e-con e-child\" data-id=\"9ac74f5\" data-element_type=\"container\" data-e-type=\"container\">\n\t\t\t\t<div class=\"elementor-element elementor-element-ae6b39c elementor-widget elementor-widget-image\" data-id=\"ae6b39c\" data-element_type=\"widget\" data-e-type=\"widget\" data-widget_type=\"image.default\">\n\t\t\t\t<div class=\"elementor-widget-container\">\n\t\t\t\t\t\t\t\t\t\t\t\t\t\t\t<img fetchpriority=\"high\" decoding=\"async\" width=\"2500\" height=\"1666\" src=\"https:\/\/marviehotel.com\/wp-content\/uploads\/2025\/05\/26.jpg\" class=\"attachment-full size-full wp-image-13446\" alt=\"\" srcset=\"https:\/\/marviehotel.com\/wp-content\/uploads\/2025\/05\/26.jpg 2500w, https:\/\/marviehotel.com\/wp-content\/uploads\/2025\/05\/26-300x200.jpg 300w, https:\/\/marviehotel.com\/wp-content\/uploads\/2025\/05\/26-1024x682.jpg 1024w, https:\/\/marviehotel.com\/wp-content\/uploads\/2025\/05\/26-768x512.jpg 768w, https:\/\/marviehotel.com\/wp-content\/uploads\/2025\/05\/26-1536x1024.jpg 1536w, https:\/\/marviehotel.com\/wp-content\/uploads\/2025\/05\/26-2048x1365.jpg 2048w\" sizes=\"(max-width: 2500px) 100vw, 2500px\" \/>\t\t\t\t\t\t\t\t\t\t\t\t\t\t\t<\/div>\n\t\t\t\t<\/div>\n\t\t\t\t<\/div>\n\t\t<div class=\"elementor-element elementor-element-aad3ccf e-con-full e-flex e-con e-child\" data-id=\"aad3ccf\" data-element_type=\"container\" data-e-type=\"container\">\n\t\t\t\t<div class=\"elementor-element elementor-element-dc3ce6e elementor-widget elementor-widget-image\" data-id=\"dc3ce6e\" data-element_type=\"widget\" data-e-type=\"widget\" data-widget_type=\"image.default\">\n\t\t\t\t<div class=\"elementor-widget-container\">\n\t\t\t\t\t\t\t\t\t\t\t\t\t\t\t<img decoding=\"async\" width=\"2500\" height=\"1667\" src=\"https:\/\/marviehotel.com\/wp-content\/uploads\/2025\/05\/27.jpg\" class=\"attachment-full size-full wp-image-13447\" alt=\"\" srcset=\"https:\/\/marviehotel.com\/wp-content\/uploads\/2025\/05\/27.jpg 2500w, https:\/\/marviehotel.com\/wp-content\/uploads\/2025\/05\/27-300x200.jpg 300w, https:\/\/marviehotel.com\/wp-content\/uploads\/2025\/05\/27-1024x683.jpg 1024w, https:\/\/marviehotel.com\/wp-content\/uploads\/2025\/05\/27-768x512.jpg 768w, https:\/\/marviehotel.com\/wp-content\/uploads\/2025\/05\/27-1536x1024.jpg 1536w, https:\/\/marviehotel.com\/wp-content\/uploads\/2025\/05\/27-2048x1366.jpg 2048w\" sizes=\"(max-width: 2500px) 100vw, 2500px\" \/>\t\t\t\t\t\t\t\t\t\t\t\t\t\t\t<\/div>\n\t\t\t\t<\/div>\n\t\t\t\t<\/div>\n\t\t\t\t\t<\/div>\n\t\t\t\t<\/div>\n\t\t<div class=\"elementor-element elementor-element-d340bc2 e-flex e-con-boxed e-con e-parent\" data-id=\"d340bc2\" data-element_type=\"container\" data-e-type=\"container\" data-settings=\"{&quot;background_background&quot;:&quot;classic&quot;}\">\n\t\t\t\t\t<div class=\"e-con-inner\">\n\t\t\t\t<div class=\"elementor-element elementor-element-5300dcd sub-heading elementor-widget elementor-widget-heading\" data-id=\"5300dcd\" data-element_type=\"widget\" data-e-type=\"widget\" data-widget_type=\"heading.default\">\n\t\t\t\t<div class=\"elementor-widget-container\">\n\t\t\t\t\t<h5 class=\"elementor-heading-title elementor-size-default\">WELLNESS<\/h5>\t\t\t\t<\/div>\n\t\t\t\t<\/div>\n\t\t\t\t<div class=\"elementor-element elementor-element-9219c0e elementor-widget__width-initial elementor-widget elementor-widget-heading\" data-id=\"9219c0e\" data-element_type=\"widget\" data-e-type=\"widget\" data-widget_type=\"heading.default\">\n\t\t\t\t<div class=\"elementor-widget-container\">\n\t\t\t\t\t<h2 class=\"elementor-heading-title elementor-size-default\">Idealno mjesto <span class=\"italic-text\">za opu\u0161tanje<\/span><\/h2>\t\t\t\t<\/div>\n\t\t\t\t<\/div>\n\t\t<div class=\"elementor-element elementor-element-d858c36 e-con-full e-flex e-con e-child\" data-id=\"d858c36\" data-element_type=\"container\" data-e-type=\"container\">\n\t\t\t\t<div class=\"elementor-element elementor-element-d5b4567 elementor-widget__width-initial elementor-hidden-tablet elementor-hidden-mobile elementor-widget elementor-widget-text-editor\" data-id=\"d5b4567\" data-element_type=\"widget\" data-e-type=\"widget\" data-widget_type=\"text-editor.default\">\n\t\t\t\t<div class=\"elementor-widget-container\">\n\t\t\t\t\t\t\t\t\t<p>Mirna atmosfera, umiruju\u0107i dizajn i blizina mora stvaraju idealan ugo\u0111aj za opu\u0161tanje. Wellness zona Renevie nudi sve \u0161to vam je potrebno da usporite \u2013 od unutarnjeg bazena s prostorom za odmor do krovnog infinity bazena s panoramskim pogledom na more. <\/p>\t\t\t\t\t\t\t\t<\/div>\n\t\t\t\t<\/div>\n\t\t\t\t<div class=\"elementor-element elementor-element-cd0ac85 elementor-widget__width-initial elementor-hidden-tablet elementor-hidden-mobile elementor-widget elementor-widget-text-editor\" data-id=\"cd0ac85\" data-element_type=\"widget\" data-e-type=\"widget\" data-widget_type=\"text-editor.default\">\n\t\t\t\t<div class=\"elementor-widget-container\">\n\t\t\t\t\t\t\t\t\t<p>Spa zona uklju\u010duje finsku saunu, parnu kupelj i jacuzzi, dok prostor za fitness i pokret podr\u017eava i aktivne goste i one koji tra\u017ee ti\u0161inu i ravnote\u017eu. Stru\u010dne masa\u017ee i tretmani za njegu lica i tijela dodatno poma\u017eu obnovi i brizi o sebi.<\/p>\t\t\t\t\t\t\t\t<\/div>\n\t\t\t\t<\/div>\n\t\t\t\t<div class=\"elementor-element elementor-element-33cb172 elementor-widget__width-initial elementor-hidden-desktop elementor-hidden-laptop elementor-hidden-tablet_extra elementor-widget elementor-widget-text-editor\" data-id=\"33cb172\" data-element_type=\"widget\" data-e-type=\"widget\" data-widget_type=\"text-editor.default\">\n\t\t\t\t<div class=\"elementor-widget-container\">\n\t\t\t\t\t\t\t\t\t<p>Mirna atmosfera, umiruju\u0107i dizajn i blizina mora stvaraju idealan ugo\u0111aj za opu\u0161tanje. Wellness zona Renevie nudi sve \u0161to vam je potrebno da usporite \u2013 od unutarnjeg bazena s prostorom za odmor do krovnog infinity bazena s panoramskim pogledom na more. Spa zona uklju\u010duje finsku saunu, parnu kupelj i jacuzzi, dok prostor za fitness i pokret podr\u017eava i aktivne goste i one koji tra\u017ee ti\u0161inu i ravnote\u017eu. Stru\u010dne masa\u017ee i tretmani za njegu lica i tijela dodatno poma\u017eu obnovi i brizi o sebi.<\/p>\t\t\t\t\t\t\t\t<\/div>\n\t\t\t\t<\/div>\n\t\t\t\t<\/div>\n\t\t\t\t\t<\/div>\n\t\t\t\t<\/div>\n\t\t<div class=\"elementor-element elementor-element-fc3073c e-flex e-con-boxed e-con e-parent\" data-id=\"fc3073c\" data-element_type=\"container\" data-e-type=\"container\" data-settings=\"{&quot;background_background&quot;:&quot;classic&quot;}\">\n\t\t\t\t\t<div class=\"e-con-inner\">\n\t\t\t\t<div class=\"elementor-element elementor-element-dbc7bb8 elementor-widget elementor-widget-heading\" data-id=\"dbc7bb8\" data-element_type=\"widget\" data-e-type=\"widget\" data-widget_type=\"heading.default\">\n\t\t\t\t<div class=\"elementor-widget-container\">\n\t\t\t\t\t<h5 class=\"elementor-heading-title elementor-size-default\">Kreirajte svoj savr\u0161eni itinerar <\/h5>\t\t\t\t<\/div>\n\t\t\t\t<\/div>\n\t\t\t\t<div class=\"elementor-element elementor-element-08fd3c9 elementor-widget elementor-widget-heading\" data-id=\"08fd3c9\" data-element_type=\"widget\" data-e-type=\"widget\" data-widget_type=\"heading.default\">\n\t\t\t\t<div class=\"elementor-widget-container\">\n\t\t\t\t\t<h2 class=\"elementor-heading-title elementor-size-default\">Experience Lounge<\/h2>\t\t\t\t<\/div>\n\t\t\t\t<\/div>\n\t\t\t\t<div class=\"elementor-element elementor-element-722c98e elementor-widget__width-inherit turneo elementor-widget elementor-widget-html\" data-id=\"722c98e\" data-element_type=\"widget\" data-e-type=\"widget\" data-widget_type=\"html.default\">\n\t\t\t\t<div class=\"elementor-widget-container\">\n\t\t\t\t\t<turneo-element element-id=a96ff899-72ce-4eb2-bb63-2610d7abff97><\/turneo-element> <script src=\"https:\/\/widget-turneo.vercel.app\/turneo-widget.iife.js\"><\/script>\t\t\t\t<\/div>\n\t\t\t\t<\/div>\n\t\t\t\t\t<\/div>\n\t\t\t\t<\/div>\n\t\t\t\t<\/div>\n\t\t","protected":false},"excerpt":{"rendered":"<p>WELLNESS Renevie wellness zona \u2013 gdje tijelo i um dolaze u ravnote\u017eu WELLNESS Suvremeni pristup opu\u0161tanju i njezi Marvie Hotel &amp; Health osmi\u0161ljen je kao prostor u kojem se zdravlje, opu\u0161tanje i suvremeno hotelijerstvo skladno spajaju. Kao prvi hotel u Splitu s fokusom na zdravlje, njegova arhitektura, usluge i atmosfera odra\u017eavaju posve\u0107enost ravnote\u017ei \u2013 s [&hellip;]<\/p>\n","protected":false},"author":1,"featured_media":0,"parent":0,"menu_order":0,"comment_status":"closed","ping_status":"closed","template":"","meta":{"footnotes":""},"class_list":["post-14229","page","type-page","status-publish","hentry"],"aioseo_notices":[],"_links":{"self":[{"href":"https:\/\/marviehotel.com\/hr\/wp-json\/wp\/v2\/pages\/14229","targetHints":{"allow":["GET"]}}],"collection":[{"href":"https:\/\/marviehotel.com\/hr\/wp-json\/wp\/v2\/pages"}],"about":[{"href":"https:\/\/marviehotel.com\/hr\/wp-json\/wp\/v2\/types\/page"}],"author":[{"embeddable":true,"href":"https:\/\/marviehotel.com\/hr\/wp-json\/wp\/v2\/users\/1"}],"replies":[{"embeddable":true,"href":"https:\/\/marviehotel.com\/hr\/wp-json\/wp\/v2\/comments?post=14229"}],"version-history":[{"count":8,"href":"https:\/\/marviehotel.com\/hr\/wp-json\/wp\/v2\/pages\/14229\/revisions"}],"predecessor-version":[{"id":15098,"href":"https:\/\/marviehotel.com\/hr\/wp-json\/wp\/v2\/pages\/14229\/revisions\/15098"}],"wp:attachment":[{"href":"https:\/\/marviehotel.com\/hr\/wp-json\/wp\/v2\/media?parent=14229"}],"curies":[{"name":"wp","href":"https:\/\/api.w.org\/{rel}","templated":true}]}}