{"id":14248,"date":"2025-04-03T12:56:59","date_gmt":"2025-04-03T12:56:59","guid":{"rendered":"https:\/\/bswdev.eu\/marvie\/mediderm-clinic"},"modified":"2025-11-15T09:59:17","modified_gmt":"2025-11-15T09:59:17","slug":"mediderm-clinic","status":"publish","type":"page","link":"https:\/\/marviehotel.com\/hr\/mediderm-clinic","title":{"rendered":"MediDerm Clinic"},"content":{"rendered":"\t\t<div data-elementor-type=\"wp-page\" data-elementor-id=\"14248\" class=\"elementor elementor-14248 elementor-969\" data-elementor-post-type=\"page\">\n\t\t\t\t<div class=\"elementor-element elementor-element-e1f4c9a e-flex e-con-boxed e-con e-parent\" data-id=\"e1f4c9a\" data-element_type=\"container\" data-e-type=\"container\" data-settings=\"{&quot;background_background&quot;:&quot;classic&quot;}\">\n\t\t\t\t\t<div class=\"e-con-inner\">\n\t\t\t\t<div class=\"elementor-element elementor-element-e83a910 sub-heading elementor-widget elementor-widget-heading\" data-id=\"e83a910\" data-element_type=\"widget\" data-e-type=\"widget\" data-widget_type=\"heading.default\">\n\t\t\t\t<div class=\"elementor-widget-container\">\n\t\t\t\t\t<h5 class=\"elementor-heading-title elementor-size-default\">HEALTH<\/h5>\t\t\t\t<\/div>\n\t\t\t\t<\/div>\n\t\t\t\t<div class=\"elementor-element elementor-element-d71230f elementor-widget__width-initial elementor-widget elementor-widget-heading\" data-id=\"d71230f\" data-element_type=\"widget\" data-e-type=\"widget\" data-widget_type=\"heading.default\">\n\t\t\t\t<div class=\"elementor-widget-container\">\n\t\t\t\t\t<h1 class=\"elementor-heading-title elementor-size-default\">Mediderm Clinic<\/h1>\t\t\t\t<\/div>\n\t\t\t\t<\/div>\n\t\t\t\t<div class=\"elementor-element elementor-element-6324b1e hero-arrow elementor-hidden-tablet elementor-hidden-mobile elementor-hidden-laptop elementor-hidden-tablet_extra elementor-widget elementor-widget-button\" data-id=\"6324b1e\" data-element_type=\"widget\" data-e-type=\"widget\" data-widget_type=\"button.default\">\n\t\t\t\t<div class=\"elementor-widget-container\">\n\t\t\t\t\t\t\t\t\t<div class=\"elementor-button-wrapper\">\n\t\t\t\t\t<a class=\"elementor-button elementor-size-sm\" role=\"button\">\n\t\t\t\t\t\t<span class=\"elementor-button-content-wrapper\">\n\t\t\t\t\t\t<span class=\"elementor-button-icon\">\n\t\t\t\t<svg xmlns=\"http:\/\/www.w3.org\/2000\/svg\" width=\"70\" height=\"70\" viewBox=\"0 0 70 70\" fill=\"none\"><rect x=\"0.5\" y=\"0.5\" width=\"69\" height=\"69\" rx=\"34.5\" stroke=\"\"><\/rect><path d=\"M32.8333 21V40.8154L25.0333 33.0615L22 36.0769L35 49L48 36.0769L44.9667 33.0615L37.1667 40.8154V21H32.8333Z\" fill=\"white\"><\/path><\/svg>\t\t\t<\/span>\n\t\t\t\t\t\t\t\t<\/span>\n\t\t\t\t\t<\/a>\n\t\t\t\t<\/div>\n\t\t\t\t\t\t\t\t<\/div>\n\t\t\t\t<\/div>\n\t\t\t\t\t<\/div>\n\t\t\t\t<\/div>\n\t\t<div class=\"elementor-element elementor-element-3f97591 e-flex e-con-boxed e-con e-parent\" data-id=\"3f97591\" data-element_type=\"container\" data-e-type=\"container\" data-settings=\"{&quot;background_background&quot;:&quot;classic&quot;}\">\n\t\t\t\t\t<div class=\"e-con-inner\">\n\t\t<div class=\"elementor-element elementor-element-b9024d6 e-con-full e-flex e-con e-child\" data-id=\"b9024d6\" data-element_type=\"container\" data-e-type=\"container\">\n\t\t<div class=\"elementor-element elementor-element-ff63d59 e-con-full e-flex e-con e-child\" data-id=\"ff63d59\" data-element_type=\"container\" data-e-type=\"container\">\n\t\t<div class=\"elementor-element elementor-element-97978cf e-con-full e-flex e-con e-child\" data-id=\"97978cf\" data-element_type=\"container\" data-e-type=\"container\">\n\t\t\t\t<div class=\"elementor-element elementor-element-615de4c sub-heading elementor-widget elementor-widget-heading\" data-id=\"615de4c\" data-element_type=\"widget\" data-e-type=\"widget\" data-widget_type=\"heading.default\">\n\t\t\t\t<div class=\"elementor-widget-container\">\n\t\t\t\t\t<h5 class=\"elementor-heading-title elementor-size-default\">ZDRAVLJE<\/h5>\t\t\t\t<\/div>\n\t\t\t\t<\/div>\n\t\t\t\t<div class=\"elementor-element elementor-element-557e493 elementor-widget__width-initial elementor-widget elementor-widget-heading\" data-id=\"557e493\" data-element_type=\"widget\" data-e-type=\"widget\" data-widget_type=\"heading.default\">\n\t\t\t\t<div class=\"elementor-widget-container\">\n\t\t\t\t\t<h2 class=\"elementor-heading-title elementor-size-default\">Znanje kojem mo\u017eete vjerovati<\/h2>\t\t\t\t<\/div>\n\t\t\t\t<\/div>\n\t\t\t\t<\/div>\n\t\t<div class=\"elementor-element elementor-element-146480b e-con-full e-flex e-con e-child\" data-id=\"146480b\" data-element_type=\"container\" data-e-type=\"container\">\n\t\t\t\t<div class=\"elementor-element elementor-element-4bd006b elementor-widget elementor-widget-text-editor\" data-id=\"4bd006b\" data-element_type=\"widget\" data-e-type=\"widget\" data-widget_type=\"text-editor.default\">\n\t\t\t\t<div class=\"elementor-widget-container\">\n\t\t\t\t\t\t\t\t\t<p>MediDerm Clinic specijalizirana je zdravstvena ustanova koja nudi cjelovit pristup dermatolo\u0161koj, estetskoj, kirur\u0161koj i internisti\u010dkoj medicini. Stru\u010dni tim, predvo\u0111en vrhunskim specijalistima, pru\u017ea personalizirane dijagnosti\u010dke i terapijske usluge koriste\u0107i najsuvremenije tehnologije i metode.<\/p>\t\t\t\t\t\t\t\t<\/div>\n\t\t\t\t<\/div>\n\t\t\t\t<\/div>\n\t\t\t\t<\/div>\n\t\t<div class=\"elementor-element elementor-element-80376ba e-con-full e-flex e-con e-child\" data-id=\"80376ba\" data-element_type=\"container\" data-e-type=\"container\">\n\t\t\t\t<div class=\"elementor-element elementor-element-f21ae55 elementor-view-default elementor-position-block-start elementor-mobile-position-block-start elementor-widget elementor-widget-icon-box\" data-id=\"f21ae55\" data-element_type=\"widget\" data-e-type=\"widget\" data-widget_type=\"icon-box.default\">\n\t\t\t\t<div class=\"elementor-widget-container\">\n\t\t\t\t\t\t\t<div class=\"elementor-icon-box-wrapper\">\n\n\t\t\t\t\t\t<div class=\"elementor-icon-box-icon\">\n\t\t\t\t<span  class=\"elementor-icon\">\n\t\t\t\t<svg xmlns=\"http:\/\/www.w3.org\/2000\/svg\" width=\"20\" height=\"21\" viewBox=\"0 0 20 21\" fill=\"none\"><g id=\"Icon\" clip-path=\"url(#clip0_192_801)\"><path id=\"Vector\" d=\"M19.0199 8.04492H13.4199L15.7199 5.70492C16.1199 5.91826 16.5466 6.02492 16.9999 6.02492C17.8132 6.02492 18.5132 5.72492 19.0999 5.12492C19.6866 4.52492 19.9799 3.82159 19.9799 3.01492C19.9799 2.20826 19.6866 1.51159 19.0999 0.924923C18.5132 0.338255 17.8166 0.0449219 17.0099 0.0449219C16.2032 0.0449219 15.4999 0.338255 14.8999 0.924923C14.2999 1.51159 13.9999 2.21159 13.9999 3.02492C13.9999 3.47826 14.1066 3.90492 14.3199 4.30492L10.5999 8.04492H0.999906C0.666573 8.04492 0.399906 8.17159 0.199906 8.42492C0.0132396 8.71826 -0.0400937 9.01826 0.0399062 9.32492L3.07991 19.3049C3.21324 19.7983 3.53324 20.0449 4.03991 20.0449H16.0399C16.5066 20.0449 16.8266 19.7983 16.9999 19.3049L19.9799 9.32492C20.0466 8.99159 19.9932 8.69159 19.8199 8.42492C19.6066 8.17159 19.3399 8.04492 19.0199 8.04492ZM12.9999 15.0249H11.0199V17.0049H8.99991V15.0249H7.01991V13.0049H8.99991V11.0249H11.0199V13.0049H12.9999V15.0249Z\" fill=\"#CBBDA1\"><\/path><\/g><defs><clipPath id=\"clip0_192_801\"><rect width=\"20\" height=\"20\" fill=\"white\" transform=\"matrix(1 0 0 -1 0 20.0449)\"><\/rect><\/clipPath><\/defs><\/svg>\t\t\t\t<\/span>\n\t\t\t<\/div>\n\t\t\t\n\t\t\t\t\t\t<div class=\"elementor-icon-box-content\">\n\n\t\t\t\t\t\t\t\t\t<h3 class=\"elementor-icon-box-title\">\n\t\t\t\t\t\t<span  >\n\t\t\t\t\t\t\tEstetske\t\t\t\t\t\t<\/span>\n\t\t\t\t\t<\/h3>\n\t\t\t\t\n\t\t\t\t\t\t\t\t\t<p class=\"elementor-icon-box-description\">\n\t\t\t\t\t\tusluge\t\t\t\t\t<\/p>\n\t\t\t\t\n\t\t\t<\/div>\n\t\t\t\n\t\t<\/div>\n\t\t\t\t\t\t<\/div>\n\t\t\t\t<\/div>\n\t\t\t\t<div class=\"elementor-element elementor-element-582635f elementor-view-default elementor-position-block-start elementor-mobile-position-block-start elementor-widget elementor-widget-icon-box\" data-id=\"582635f\" data-element_type=\"widget\" data-e-type=\"widget\" data-widget_type=\"icon-box.default\">\n\t\t\t\t<div class=\"elementor-widget-container\">\n\t\t\t\t\t\t\t<div class=\"elementor-icon-box-wrapper\">\n\n\t\t\t\t\t\t<div class=\"elementor-icon-box-icon\">\n\t\t\t\t<span  class=\"elementor-icon\">\n\t\t\t\t<svg xmlns=\"http:\/\/www.w3.org\/2000\/svg\" width=\"20\" height=\"21\" viewBox=\"0 0 20 21\" fill=\"none\"><g id=\"Icon\" clip-path=\"url(#clip0_192_801)\"><path id=\"Vector\" d=\"M19.0199 8.04492H13.4199L15.7199 5.70492C16.1199 5.91826 16.5466 6.02492 16.9999 6.02492C17.8132 6.02492 18.5132 5.72492 19.0999 5.12492C19.6866 4.52492 19.9799 3.82159 19.9799 3.01492C19.9799 2.20826 19.6866 1.51159 19.0999 0.924923C18.5132 0.338255 17.8166 0.0449219 17.0099 0.0449219C16.2032 0.0449219 15.4999 0.338255 14.8999 0.924923C14.2999 1.51159 13.9999 2.21159 13.9999 3.02492C13.9999 3.47826 14.1066 3.90492 14.3199 4.30492L10.5999 8.04492H0.999906C0.666573 8.04492 0.399906 8.17159 0.199906 8.42492C0.0132396 8.71826 -0.0400937 9.01826 0.0399062 9.32492L3.07991 19.3049C3.21324 19.7983 3.53324 20.0449 4.03991 20.0449H16.0399C16.5066 20.0449 16.8266 19.7983 16.9999 19.3049L19.9799 9.32492C20.0466 8.99159 19.9932 8.69159 19.8199 8.42492C19.6066 8.17159 19.3399 8.04492 19.0199 8.04492ZM12.9999 15.0249H11.0199V17.0049H8.99991V15.0249H7.01991V13.0049H8.99991V11.0249H11.0199V13.0049H12.9999V15.0249Z\" fill=\"#CBBDA1\"><\/path><\/g><defs><clipPath id=\"clip0_192_801\"><rect width=\"20\" height=\"20\" fill=\"white\" transform=\"matrix(1 0 0 -1 0 20.0449)\"><\/rect><\/clipPath><\/defs><\/svg>\t\t\t\t<\/span>\n\t\t\t<\/div>\n\t\t\t\n\t\t\t\t\t\t<div class=\"elementor-icon-box-content\">\n\n\t\t\t\t\t\t\t\t\t<h3 class=\"elementor-icon-box-title\">\n\t\t\t\t\t\t<span  >\n\t\t\t\t\t\t\tDermatolo\u0161ke\t\t\t\t\t\t<\/span>\n\t\t\t\t\t<\/h3>\n\t\t\t\t\n\t\t\t\t\t\t\t\t\t<p class=\"elementor-icon-box-description\">\n\t\t\t\t\t\tusluge\t\t\t\t\t<\/p>\n\t\t\t\t\n\t\t\t<\/div>\n\t\t\t\n\t\t<\/div>\n\t\t\t\t\t\t<\/div>\n\t\t\t\t<\/div>\n\t\t\t\t<\/div>\n\t\t\t\t<\/div>\n\t\t<div class=\"elementor-element elementor-element-3650dd3 e-con-full elementor-hidden-tablet elementor-hidden-mobile e-flex e-con e-child\" data-id=\"3650dd3\" data-element_type=\"container\" data-e-type=\"container\" data-settings=\"{&quot;background_background&quot;:&quot;classic&quot;}\">\n\t\t\t\t<div class=\"elementor-element elementor-element-c869022 elementor-widget elementor-widget-spacer\" data-id=\"c869022\" data-element_type=\"widget\" data-e-type=\"widget\" data-widget_type=\"spacer.default\">\n\t\t\t\t<div class=\"elementor-widget-container\">\n\t\t\t\t\t\t\t<div class=\"elementor-spacer\">\n\t\t\t<div class=\"elementor-spacer-inner\"><\/div>\n\t\t<\/div>\n\t\t\t\t\t\t<\/div>\n\t\t\t\t<\/div>\n\t\t\t\t<\/div>\n\t\t\t\t\t<\/div>\n\t\t\t\t<\/div>\n\t\t<div class=\"elementor-element elementor-element-4993f6d e-flex e-con-boxed e-con e-parent\" data-id=\"4993f6d\" data-element_type=\"container\" data-e-type=\"container\" data-settings=\"{&quot;background_background&quot;:&quot;classic&quot;}\">\n\t\t\t\t\t<div class=\"e-con-inner\">\n\t\t<div class=\"elementor-element elementor-element-9b77044 e-con-full e-flex e-con e-child\" data-id=\"9b77044\" data-element_type=\"container\" data-e-type=\"container\">\n\t\t\t\t<div class=\"elementor-element elementor-element-2059efe elementor-widget elementor-widget-image\" data-id=\"2059efe\" data-element_type=\"widget\" data-e-type=\"widget\" data-widget_type=\"image.default\">\n\t\t\t\t<div class=\"elementor-widget-container\">\n\t\t\t\t\t\t\t\t\t\t\t\t\t\t\t<img fetchpriority=\"high\" decoding=\"async\" width=\"1600\" height=\"1067\" src=\"https:\/\/marviehotel.com\/wp-content\/uploads\/2025\/04\/82e02d993066c9fcb144973deaadfc0aded620ba.jpg\" class=\"attachment-full size-full wp-image-13388\" alt=\"\" srcset=\"https:\/\/marviehotel.com\/wp-content\/uploads\/2025\/04\/82e02d993066c9fcb144973deaadfc0aded620ba.jpg 1600w, https:\/\/marviehotel.com\/wp-content\/uploads\/2025\/04\/82e02d993066c9fcb144973deaadfc0aded620ba-300x200.jpg 300w, https:\/\/marviehotel.com\/wp-content\/uploads\/2025\/04\/82e02d993066c9fcb144973deaadfc0aded620ba-1024x683.jpg 1024w, https:\/\/marviehotel.com\/wp-content\/uploads\/2025\/04\/82e02d993066c9fcb144973deaadfc0aded620ba-768x512.jpg 768w, https:\/\/marviehotel.com\/wp-content\/uploads\/2025\/04\/82e02d993066c9fcb144973deaadfc0aded620ba-1536x1024.jpg 1536w\" sizes=\"(max-width: 1600px) 100vw, 1600px\" \/>\t\t\t\t\t\t\t\t\t\t\t\t\t\t\t<\/div>\n\t\t\t\t<\/div>\n\t\t\t\t<\/div>\n\t\t<div class=\"elementor-element elementor-element-9afdce4 e-con-full e-flex e-con e-child\" data-id=\"9afdce4\" data-element_type=\"container\" data-e-type=\"container\">\n\t\t\t\t<div class=\"elementor-element elementor-element-953e64d elementor-widget elementor-widget-image\" data-id=\"953e64d\" data-element_type=\"widget\" data-e-type=\"widget\" data-widget_type=\"image.default\">\n\t\t\t\t<div class=\"elementor-widget-container\">\n\t\t\t\t\t\t\t\t\t\t\t\t\t\t\t<img decoding=\"async\" width=\"1950\" height=\"1300\" src=\"https:\/\/marviehotel.com\/wp-content\/uploads\/2025\/04\/2bb43867370cbdc07a96d91745a38febc901061a.jpg\" class=\"attachment-full size-full wp-image-13389\" alt=\"\" srcset=\"https:\/\/marviehotel.com\/wp-content\/uploads\/2025\/04\/2bb43867370cbdc07a96d91745a38febc901061a.jpg 1950w, https:\/\/marviehotel.com\/wp-content\/uploads\/2025\/04\/2bb43867370cbdc07a96d91745a38febc901061a-300x200.jpg 300w, https:\/\/marviehotel.com\/wp-content\/uploads\/2025\/04\/2bb43867370cbdc07a96d91745a38febc901061a-1024x683.jpg 1024w, https:\/\/marviehotel.com\/wp-content\/uploads\/2025\/04\/2bb43867370cbdc07a96d91745a38febc901061a-768x512.jpg 768w, https:\/\/marviehotel.com\/wp-content\/uploads\/2025\/04\/2bb43867370cbdc07a96d91745a38febc901061a-1536x1024.jpg 1536w\" sizes=\"(max-width: 1950px) 100vw, 1950px\" \/>\t\t\t\t\t\t\t\t\t\t\t\t\t\t\t<\/div>\n\t\t\t\t<\/div>\n\t\t\t\t<\/div>\n\t\t\t\t\t<\/div>\n\t\t\t\t<\/div>\n\t\t<div class=\"elementor-element elementor-element-d3bf961 e-flex e-con-boxed e-con e-parent\" data-id=\"d3bf961\" data-element_type=\"container\" data-e-type=\"container\" data-settings=\"{&quot;background_background&quot;:&quot;classic&quot;}\">\n\t\t\t\t\t<div class=\"e-con-inner\">\n\t\t\t\t<div class=\"elementor-element elementor-element-0f3cf56 elementor-widget elementor-widget-menu-anchor\" data-id=\"0f3cf56\" data-element_type=\"widget\" data-e-type=\"widget\" data-widget_type=\"menu-anchor.default\">\n\t\t\t\t<div class=\"elementor-widget-container\">\n\t\t\t\t\t\t\t<div class=\"elementor-menu-anchor\" id=\"desc\"><\/div>\n\t\t\t\t\t\t<\/div>\n\t\t\t\t<\/div>\n\t\t\t\t\t<\/div>\n\t\t\t\t<\/div>\n\t\t<div class=\"elementor-element elementor-element-3cf65e6 e-flex e-con-boxed e-con e-parent\" data-id=\"3cf65e6\" data-element_type=\"container\" data-e-type=\"container\" id=\"desc\" data-settings=\"{&quot;background_background&quot;:&quot;classic&quot;}\">\n\t\t\t\t\t<div class=\"e-con-inner\">\n\t\t\t\t<div class=\"elementor-element elementor-element-c66ef1b sub-heading elementor-widget elementor-widget-heading\" data-id=\"c66ef1b\" data-element_type=\"widget\" data-e-type=\"widget\" data-widget_type=\"heading.default\">\n\t\t\t\t<div class=\"elementor-widget-container\">\n\t\t\t\t\t<h5 class=\"elementor-heading-title elementor-size-default\">ZDRAVLJE<\/h5>\t\t\t\t<\/div>\n\t\t\t\t<\/div>\n\t\t\t\t<div class=\"elementor-element elementor-element-e5e1c90 elementor-widget__width-initial elementor-widget elementor-widget-heading\" data-id=\"e5e1c90\" data-element_type=\"widget\" data-e-type=\"widget\" data-widget_type=\"heading.default\">\n\t\t\t\t<div class=\"elementor-widget-container\">\n\t\t\t\t\t<h2 class=\"elementor-heading-title elementor-size-default\"><span class=\"italic-text\">Vrhunski tim<\/span> stru\u010dnjaka<\/h2>\t\t\t\t<\/div>\n\t\t\t\t<\/div>\n\t\t<div class=\"elementor-element elementor-element-025afbe e-con-full e-flex e-con e-child\" data-id=\"025afbe\" data-element_type=\"container\" data-e-type=\"container\">\n\t\t\t\t<div class=\"elementor-element elementor-element-930f6ca elementor-widget__width-initial elementor-hidden-tablet elementor-hidden-mobile elementor-widget elementor-widget-text-editor\" data-id=\"930f6ca\" data-element_type=\"widget\" data-e-type=\"widget\" data-widget_type=\"text-editor.default\">\n\t\t\t\t<div class=\"elementor-widget-container\">\n\t\t\t\t\t\t\t\t\t<p>Bilo da se radi o rutinskim dermatolo\u0161kim pregledima, naprednoj dijagnostici ko\u017enih i vaskularnih bolesti, estetskim tretmanima poput dermalnih filera i botoksa, kirur\u0161kim zahvatima ili specijalisti\u010dkim pregledima kardiologa, pulmologa i ortopeda \u2013 Mediderm pokriva \u0161irok spektar potreba.<\/p>\t\t\t\t\t\t\t\t<\/div>\n\t\t\t\t<\/div>\n\t\t\t\t<div class=\"elementor-element elementor-element-963efc3 elementor-widget__width-initial elementor-hidden-tablet elementor-hidden-mobile elementor-widget elementor-widget-text-editor\" data-id=\"963efc3\" data-element_type=\"widget\" data-e-type=\"widget\" data-widget_type=\"text-editor.default\">\n\t\t\t\t<div class=\"elementor-widget-container\">\n\t\t\t\t\t\t\t\t\t<p>Poseban naglasak stavlja se na individualni pristup svakom pacijentu, sigurnost tretmana te estetski i funkcionalni rezultat.<\/p><p>\u00a0<\/p><p><strong>MediDerm Clinic \u2013 gdje stru\u010dnost susre\u0107e povjerenje i suvremenu medicinu.<\/strong><\/p>\t\t\t\t\t\t\t\t<\/div>\n\t\t\t\t<\/div>\n\t\t\t\t<div class=\"elementor-element elementor-element-9f09948 elementor-widget__width-initial elementor-hidden-desktop elementor-hidden-laptop elementor-hidden-tablet_extra elementor-widget elementor-widget-text-editor\" data-id=\"9f09948\" data-element_type=\"widget\" data-e-type=\"widget\" data-widget_type=\"text-editor.default\">\n\t\t\t\t<div class=\"elementor-widget-container\">\n\t\t\t\t\t\t\t\t\t<p>Bilo da se radi o rutinskim dermatolo\u0161kim pregledima, naprednoj dijagnostici ko\u017enih i vaskularnih bolesti, estetskim tretmanima poput dermalnih filera i botoksa, kirur\u0161kim zahvatima ili specijalisti\u010dkim pregledima kardiologa, pulmologa i ortopeda \u2013 Mediderm pokriva \u0161irok spektar potreba.<\/p><p>Poseban naglasak stavlja se na individualni pristup svakom pacijentu, sigurnost tretmana te estetski i funkcionalni rezultat.<\/p><p><strong>MediDerm Clinic \u2013 gdje stru\u010dnost susre\u0107e povjerenje i suvremenu medicinu.<\/strong><\/p>\t\t\t\t\t\t\t\t<\/div>\n\t\t\t\t<\/div>\n\t\t\t\t<\/div>\n\t\t\t\t\t<\/div>\n\t\t\t\t<\/div>\n\t\t<div class=\"elementor-element elementor-element-addc7be e-flex e-con-boxed e-con e-parent\" data-id=\"addc7be\" data-element_type=\"container\" data-e-type=\"container\" data-settings=\"{&quot;background_background&quot;:&quot;classic&quot;}\">\n\t\t\t\t\t<div class=\"e-con-inner\">\n\t\t<div class=\"elementor-element elementor-element-3b9b3a4 e-con-full e-flex e-con e-child\" data-id=\"3b9b3a4\" data-element_type=\"container\" data-e-type=\"container\">\n\t\t\t\t<div class=\"elementor-element elementor-element-234f24d elementor-widget__width-initial elementor-widget elementor-widget-heading\" data-id=\"234f24d\" data-element_type=\"widget\" data-e-type=\"widget\" data-widget_type=\"heading.default\">\n\t\t\t\t<div class=\"elementor-widget-container\">\n\t\t\t\t\t<h2 class=\"elementor-heading-title elementor-size-default\">Na raspolaganju su usluge poput:<\/h2>\t\t\t\t<\/div>\n\t\t\t\t<\/div>\n\t\t<div class=\"elementor-element elementor-element-faedcfa e-con-full e-flex e-con e-child\" data-id=\"faedcfa\" data-element_type=\"container\" data-e-type=\"container\" data-index=\"1\">\n\t\t\t\t<div class=\"elementor-element elementor-element-6e9aff1 elementor-widget elementor-widget-heading\" data-id=\"6e9aff1\" data-element_type=\"widget\" data-e-type=\"widget\" data-widget_type=\"heading.default\">\n\t\t\t\t<div class=\"elementor-widget-container\">\n\t\t\t\t\t<h4 class=\"elementor-heading-title elementor-size-default\">Dermatolo\u0161kih i estetskih pregleda<\/h4>\t\t\t\t<\/div>\n\t\t\t\t<\/div>\n\t\t\t\t<div class=\"elementor-element elementor-element-177ab06 elementor-widget-divider--view-line elementor-widget elementor-widget-divider\" data-id=\"177ab06\" data-element_type=\"widget\" data-e-type=\"widget\" data-widget_type=\"divider.default\">\n\t\t\t\t<div class=\"elementor-widget-container\">\n\t\t\t\t\t\t\t<div class=\"elementor-divider\">\n\t\t\t<span class=\"elementor-divider-separator\">\n\t\t\t\t\t\t<\/span>\n\t\t<\/div>\n\t\t\t\t\t\t<\/div>\n\t\t\t\t<\/div>\n\t\t\t\t<div class=\"elementor-element elementor-element-081a035 elementor-widget elementor-widget-heading\" data-id=\"081a035\" data-element_type=\"widget\" data-e-type=\"widget\" data-widget_type=\"heading.default\">\n\t\t\t\t<div class=\"elementor-widget-container\">\n\t\t\t\t\t<h4 class=\"elementor-heading-title elementor-size-default\">Uklanjanja promjena na ko\u017ei<\/h4>\t\t\t\t<\/div>\n\t\t\t\t<\/div>\n\t\t\t\t<div class=\"elementor-element elementor-element-2d48ec5 elementor-widget-divider--view-line elementor-widget elementor-widget-divider\" data-id=\"2d48ec5\" data-element_type=\"widget\" data-e-type=\"widget\" data-widget_type=\"divider.default\">\n\t\t\t\t<div class=\"elementor-widget-container\">\n\t\t\t\t\t\t\t<div class=\"elementor-divider\">\n\t\t\t<span class=\"elementor-divider-separator\">\n\t\t\t\t\t\t<\/span>\n\t\t<\/div>\n\t\t\t\t\t\t<\/div>\n\t\t\t\t<\/div>\n\t\t\t\t<div class=\"elementor-element elementor-element-bf4507e elementor-widget elementor-widget-heading\" data-id=\"bf4507e\" data-element_type=\"widget\" data-e-type=\"widget\" data-widget_type=\"heading.default\">\n\t\t\t\t<div class=\"elementor-widget-container\">\n\t\t\t\t\t<h4 class=\"elementor-heading-title elementor-size-default\">Tretmana pomla\u0111ivanja (Morpheus8, PRP, mezoterapija)<\/h4>\t\t\t\t<\/div>\n\t\t\t\t<\/div>\n\t\t\t\t<div class=\"elementor-element elementor-element-42eec07 elementor-widget-divider--view-line elementor-widget elementor-widget-divider\" data-id=\"42eec07\" data-element_type=\"widget\" data-e-type=\"widget\" data-widget_type=\"divider.default\">\n\t\t\t\t<div class=\"elementor-widget-container\">\n\t\t\t\t\t\t\t<div class=\"elementor-divider\">\n\t\t\t<span class=\"elementor-divider-separator\">\n\t\t\t\t\t\t<\/span>\n\t\t<\/div>\n\t\t\t\t\t\t<\/div>\n\t\t\t\t<\/div>\n\t\t\t\t<div class=\"elementor-element elementor-element-429468d elementor-widget elementor-widget-heading\" data-id=\"429468d\" data-element_type=\"widget\" data-e-type=\"widget\" data-widget_type=\"heading.default\">\n\t\t\t\t<div class=\"elementor-widget-container\">\n\t\t\t\t\t<h4 class=\"elementor-heading-title elementor-size-default\">Laser terapija i tretmana akni<\/h4>\t\t\t\t<\/div>\n\t\t\t\t<\/div>\n\t\t\t\t<div class=\"elementor-element elementor-element-b937468 elementor-widget-divider--view-line elementor-widget elementor-widget-divider\" data-id=\"b937468\" data-element_type=\"widget\" data-e-type=\"widget\" data-widget_type=\"divider.default\">\n\t\t\t\t<div class=\"elementor-widget-container\">\n\t\t\t\t\t\t\t<div class=\"elementor-divider\">\n\t\t\t<span class=\"elementor-divider-separator\">\n\t\t\t\t\t\t<\/span>\n\t\t<\/div>\n\t\t\t\t\t\t<\/div>\n\t\t\t\t<\/div>\n\t\t\t\t<div class=\"elementor-element elementor-element-083a93a elementor-widget elementor-widget-heading\" data-id=\"083a93a\" data-element_type=\"widget\" data-e-type=\"widget\" data-widget_type=\"heading.default\">\n\t\t\t\t<div class=\"elementor-widget-container\">\n\t\t\t\t\t<h4 class=\"elementor-heading-title elementor-size-default\">Flebolo\u0161kih, kardiolo\u0161kih i ortopedskih pregleda<\/h4>\t\t\t\t<\/div>\n\t\t\t\t<\/div>\n\t\t\t\t<div class=\"elementor-element elementor-element-446412c elementor-widget-divider--view-line elementor-widget elementor-widget-divider\" data-id=\"446412c\" data-element_type=\"widget\" data-e-type=\"widget\" data-widget_type=\"divider.default\">\n\t\t\t\t<div class=\"elementor-widget-container\">\n\t\t\t\t\t\t\t<div class=\"elementor-divider\">\n\t\t\t<span class=\"elementor-divider-separator\">\n\t\t\t\t\t\t<\/span>\n\t\t<\/div>\n\t\t\t\t\t\t<\/div>\n\t\t\t\t<\/div>\n\t\t\t\t<div class=\"elementor-element elementor-element-816de14 elementor-widget elementor-widget-heading\" data-id=\"816de14\" data-element_type=\"widget\" data-e-type=\"widget\" data-widget_type=\"heading.default\">\n\t\t\t\t<div class=\"elementor-widget-container\">\n\t\t\t\t\t<h4 class=\"elementor-heading-title elementor-size-default\">Naprednih metoda lije\u010denja pro\u0161irenih vena i problema sa zglobovima<\/h4>\t\t\t\t<\/div>\n\t\t\t\t<\/div>\n\t\t\t\t<\/div>\n\t\t\t\t<\/div>\n\t\t\t\t\t<\/div>\n\t\t\t\t<\/div>\n\t\t\t\t<\/div>\n\t\t","protected":false},"excerpt":{"rendered":"<p>HEALTH Mediderm Clinic ZDRAVLJE Znanje kojem mo\u017eete vjerovati MediDerm Clinic specijalizirana je zdravstvena ustanova koja nudi cjelovit pristup dermatolo\u0161koj, estetskoj, kirur\u0161koj i internisti\u010dkoj medicini. Stru\u010dni tim, predvo\u0111en vrhunskim specijalistima, pru\u017ea personalizirane dijagnosti\u010dke i terapijske usluge koriste\u0107i najsuvremenije tehnologije i metode. &nbsp; Estetske usluge &nbsp; Dermatolo\u0161ke usluge ZDRAVLJE Vrhunski tim stru\u010dnjaka Bilo da se radi o [&hellip;]<\/p>\n","protected":false},"author":1,"featured_media":0,"parent":0,"menu_order":0,"comment_status":"closed","ping_status":"closed","template":"","meta":{"footnotes":""},"class_list":["post-14248","page","type-page","status-publish","hentry"],"aioseo_notices":[],"_links":{"self":[{"href":"https:\/\/marviehotel.com\/hr\/wp-json\/wp\/v2\/pages\/14248","targetHints":{"allow":["GET"]}}],"collection":[{"href":"https:\/\/marviehotel.com\/hr\/wp-json\/wp\/v2\/pages"}],"about":[{"href":"https:\/\/marviehotel.com\/hr\/wp-json\/wp\/v2\/types\/page"}],"author":[{"embeddable":true,"href":"https:\/\/marviehotel.com\/hr\/wp-json\/wp\/v2\/users\/1"}],"replies":[{"embeddable":true,"href":"https:\/\/marviehotel.com\/hr\/wp-json\/wp\/v2\/comments?post=14248"}],"version-history":[{"count":8,"href":"https:\/\/marviehotel.com\/hr\/wp-json\/wp\/v2\/pages\/14248\/revisions"}],"predecessor-version":[{"id":15093,"href":"https:\/\/marviehotel.com\/hr\/wp-json\/wp\/v2\/pages\/14248\/revisions\/15093"}],"wp:attachment":[{"href":"https:\/\/marviehotel.com\/hr\/wp-json\/wp\/v2\/media?parent=14248"}],"curies":[{"name":"wp","href":"https:\/\/api.w.org\/{rel}","templated":true}]}}