{"id":14258,"date":"2025-04-28T11:51:02","date_gmt":"2025-04-28T11:51:02","guid":{"rendered":"https:\/\/bswdev.eu\/marvie\/oncological-counselling"},"modified":"2025-11-15T09:59:14","modified_gmt":"2025-11-15T09:59:14","slug":"edukacija-i-podrska-o-onkoloskim-temama","status":"publish","type":"page","link":"https:\/\/marviehotel.com\/hr\/edukacija-i-podrska-o-onkoloskim-temama","title":{"rendered":"Edukacija i podr\u0161ka o onkolo\u0161kim temama"},"content":{"rendered":"\t\t<div data-elementor-type=\"wp-page\" data-elementor-id=\"14258\" class=\"elementor elementor-14258 elementor-12638\" data-elementor-post-type=\"page\">\n\t\t\t\t<div class=\"elementor-element elementor-element-a82939e e-flex e-con-boxed e-con e-parent\" data-id=\"a82939e\" data-element_type=\"container\" data-e-type=\"container\" data-settings=\"{&quot;background_background&quot;:&quot;classic&quot;}\">\n\t\t\t\t\t<div class=\"e-con-inner\">\n\t\t\t\t<div class=\"elementor-element elementor-element-ff83876 sub-heading elementor-widget elementor-widget-heading\" data-id=\"ff83876\" data-element_type=\"widget\" data-e-type=\"widget\" data-widget_type=\"heading.default\">\n\t\t\t\t<div class=\"elementor-widget-container\">\n\t\t\t\t\t<h5 class=\"elementor-heading-title elementor-size-default\">EDUKACIJA<\/h5>\t\t\t\t<\/div>\n\t\t\t\t<\/div>\n\t\t\t\t<div class=\"elementor-element elementor-element-62accc3 elementor-widget__width-initial elementor-widget elementor-widget-heading\" data-id=\"62accc3\" data-element_type=\"widget\" data-e-type=\"widget\" data-widget_type=\"heading.default\">\n\t\t\t\t<div class=\"elementor-widget-container\">\n\t\t\t\t\t<h1 class=\"elementor-heading-title elementor-size-default\">Edukacija i podr\u0161ka o onkolo\u0161kim temama\n<\/h1>\t\t\t\t<\/div>\n\t\t\t\t<\/div>\n\t\t\t\t<div class=\"elementor-element elementor-element-eb81be9 hero-arrow elementor-hidden-tablet elementor-hidden-mobile elementor-hidden-laptop elementor-hidden-tablet_extra elementor-widget elementor-widget-button\" data-id=\"eb81be9\" data-element_type=\"widget\" data-e-type=\"widget\" data-widget_type=\"button.default\">\n\t\t\t\t<div class=\"elementor-widget-container\">\n\t\t\t\t\t\t\t\t\t<div class=\"elementor-button-wrapper\">\n\t\t\t\t\t<a class=\"elementor-button elementor-size-sm\" role=\"button\">\n\t\t\t\t\t\t<span class=\"elementor-button-content-wrapper\">\n\t\t\t\t\t\t<span class=\"elementor-button-icon\">\n\t\t\t\t<svg xmlns=\"http:\/\/www.w3.org\/2000\/svg\" width=\"70\" height=\"70\" viewBox=\"0 0 70 70\" fill=\"none\"><rect x=\"0.5\" y=\"0.5\" width=\"69\" height=\"69\" rx=\"34.5\" stroke=\"\"><\/rect><path d=\"M32.8333 21V40.8154L25.0333 33.0615L22 36.0769L35 49L48 36.0769L44.9667 33.0615L37.1667 40.8154V21H32.8333Z\" fill=\"white\"><\/path><\/svg>\t\t\t<\/span>\n\t\t\t\t\t\t\t\t<\/span>\n\t\t\t\t\t<\/a>\n\t\t\t\t<\/div>\n\t\t\t\t\t\t\t\t<\/div>\n\t\t\t\t<\/div>\n\t\t\t\t\t<\/div>\n\t\t\t\t<\/div>\n\t\t<div class=\"elementor-element elementor-element-1176bde e-flex e-con-boxed e-con e-parent\" data-id=\"1176bde\" data-element_type=\"container\" data-e-type=\"container\" data-settings=\"{&quot;background_background&quot;:&quot;classic&quot;}\">\n\t\t\t\t\t<div class=\"e-con-inner\">\n\t\t<div class=\"elementor-element elementor-element-9b86801 e-con-full e-flex e-con e-child\" data-id=\"9b86801\" data-element_type=\"container\" data-e-type=\"container\">\n\t\t<div class=\"elementor-element elementor-element-dd40d37 e-con-full e-flex e-con e-child\" data-id=\"dd40d37\" data-element_type=\"container\" data-e-type=\"container\">\n\t\t<div class=\"elementor-element elementor-element-303e704 e-con-full e-flex e-con e-child\" data-id=\"303e704\" data-element_type=\"container\" data-e-type=\"container\">\n\t\t\t\t<div class=\"elementor-element elementor-element-183424d sub-heading elementor-widget elementor-widget-heading\" data-id=\"183424d\" data-element_type=\"widget\" data-e-type=\"widget\" data-widget_type=\"heading.default\">\n\t\t\t\t<div class=\"elementor-widget-container\">\n\t\t\t\t\t<h5 class=\"elementor-heading-title elementor-size-default\">EDUKACIJA<\/h5>\t\t\t\t<\/div>\n\t\t\t\t<\/div>\n\t\t\t\t<div class=\"elementor-element elementor-element-1005181 elementor-widget__width-initial elementor-widget elementor-widget-heading\" data-id=\"1005181\" data-element_type=\"widget\" data-e-type=\"widget\" data-widget_type=\"heading.default\">\n\t\t\t\t<div class=\"elementor-widget-container\">\n\t\t\t\t\t<h2 class=\"elementor-heading-title elementor-size-default\">Edukativni pristup onkolo\u0161kim izazovima<\/h2>\t\t\t\t<\/div>\n\t\t\t\t<\/div>\n\t\t\t\t<\/div>\n\t\t<div class=\"elementor-element elementor-element-6fc1f4b e-con-full e-flex e-con e-child\" data-id=\"6fc1f4b\" data-element_type=\"container\" data-e-type=\"container\">\n\t\t\t\t<div class=\"elementor-element elementor-element-31ad344 elementor-widget elementor-widget-text-editor\" data-id=\"31ad344\" data-element_type=\"widget\" data-e-type=\"widget\" data-widget_type=\"text-editor.default\">\n\t\t\t\t<div class=\"elementor-widget-container\">\n\t\t\t\t\t\t\t\t\t<p>U sklopu individualnog savjetovanja i edukativnih programa hotela, gostima je dostupno edukativno savjetovanje s dr. sc. Antom Striki\u0107em, specijalistom radioterapije i onkologije.<br \/>U ugodnom i diskretnom okru\u017eenju, gosti imaju priliku razgovarati sa stru\u010dnjakom o temama vezanima uz razumijevanje i suo\u010davanje s izazovima onkolo\u0161kih bolesti.<\/p>\t\t\t\t\t\t\t\t<\/div>\n\t\t\t\t<\/div>\n\t\t\t\t<\/div>\n\t\t\t\t<\/div>\n\t\t<div class=\"elementor-element elementor-element-cd92de2 e-con-full e-flex e-con e-child\" data-id=\"cd92de2\" data-element_type=\"container\" data-e-type=\"container\">\n\t\t\t\t<div class=\"elementor-element elementor-element-0bcf542 elementor-view-default elementor-position-block-start elementor-mobile-position-block-start elementor-widget elementor-widget-icon-box\" data-id=\"0bcf542\" data-element_type=\"widget\" data-e-type=\"widget\" data-widget_type=\"icon-box.default\">\n\t\t\t\t<div class=\"elementor-widget-container\">\n\t\t\t\t\t\t\t<div class=\"elementor-icon-box-wrapper\">\n\n\t\t\t\t\t\t<div class=\"elementor-icon-box-icon\">\n\t\t\t\t<span  class=\"elementor-icon\">\n\t\t\t\t<svg xmlns=\"http:\/\/www.w3.org\/2000\/svg\" width=\"20\" height=\"21\" viewBox=\"0 0 20 21\" fill=\"none\"><g id=\"Icon\" clip-path=\"url(#clip0_192_801)\"><path id=\"Vector\" d=\"M19.0199 8.04492H13.4199L15.7199 5.70492C16.1199 5.91826 16.5466 6.02492 16.9999 6.02492C17.8132 6.02492 18.5132 5.72492 19.0999 5.12492C19.6866 4.52492 19.9799 3.82159 19.9799 3.01492C19.9799 2.20826 19.6866 1.51159 19.0999 0.924923C18.5132 0.338255 17.8166 0.0449219 17.0099 0.0449219C16.2032 0.0449219 15.4999 0.338255 14.8999 0.924923C14.2999 1.51159 13.9999 2.21159 13.9999 3.02492C13.9999 3.47826 14.1066 3.90492 14.3199 4.30492L10.5999 8.04492H0.999906C0.666573 8.04492 0.399906 8.17159 0.199906 8.42492C0.0132396 8.71826 -0.0400937 9.01826 0.0399062 9.32492L3.07991 19.3049C3.21324 19.7983 3.53324 20.0449 4.03991 20.0449H16.0399C16.5066 20.0449 16.8266 19.7983 16.9999 19.3049L19.9799 9.32492C20.0466 8.99159 19.9932 8.69159 19.8199 8.42492C19.6066 8.17159 19.3399 8.04492 19.0199 8.04492ZM12.9999 15.0249H11.0199V17.0049H8.99991V15.0249H7.01991V13.0049H8.99991V11.0249H11.0199V13.0049H12.9999V15.0249Z\" fill=\"#CBBDA1\"><\/path><\/g><defs><clipPath id=\"clip0_192_801\"><rect width=\"20\" height=\"20\" fill=\"white\" transform=\"matrix(1 0 0 -1 0 20.0449)\"><\/rect><\/clipPath><\/defs><\/svg>\t\t\t\t<\/span>\n\t\t\t<\/div>\n\t\t\t\n\t\t\t\t\t\t<div class=\"elementor-icon-box-content\">\n\n\t\t\t\t\t\t\t\t\t<h3 class=\"elementor-icon-box-title\">\n\t\t\t\t\t\t<span  >\n\t\t\t\t\t\t\tEdukacija\t\t\t\t\t\t<\/span>\n\t\t\t\t\t<\/h3>\n\t\t\t\t\n\t\t\t\t\t\t\t\t\t<p class=\"elementor-icon-box-description\">\n\t\t\t\t\t\tStru\u010dne informacije i individualno usmjeravanje\t\t\t\t\t<\/p>\n\t\t\t\t\n\t\t\t<\/div>\n\t\t\t\n\t\t<\/div>\n\t\t\t\t\t\t<\/div>\n\t\t\t\t<\/div>\n\t\t\t\t<div class=\"elementor-element elementor-element-4eac934 elementor-view-default elementor-position-block-start elementor-mobile-position-block-start elementor-widget elementor-widget-icon-box\" data-id=\"4eac934\" data-element_type=\"widget\" data-e-type=\"widget\" data-widget_type=\"icon-box.default\">\n\t\t\t\t<div class=\"elementor-widget-container\">\n\t\t\t\t\t\t\t<div class=\"elementor-icon-box-wrapper\">\n\n\t\t\t\t\t\t<div class=\"elementor-icon-box-icon\">\n\t\t\t\t<span  class=\"elementor-icon\">\n\t\t\t\t<svg xmlns=\"http:\/\/www.w3.org\/2000\/svg\" width=\"20\" height=\"21\" viewBox=\"0 0 20 21\" fill=\"none\"><g id=\"Icon\" clip-path=\"url(#clip0_192_801)\"><path id=\"Vector\" d=\"M19.0199 8.04492H13.4199L15.7199 5.70492C16.1199 5.91826 16.5466 6.02492 16.9999 6.02492C17.8132 6.02492 18.5132 5.72492 19.0999 5.12492C19.6866 4.52492 19.9799 3.82159 19.9799 3.01492C19.9799 2.20826 19.6866 1.51159 19.0999 0.924923C18.5132 0.338255 17.8166 0.0449219 17.0099 0.0449219C16.2032 0.0449219 15.4999 0.338255 14.8999 0.924923C14.2999 1.51159 13.9999 2.21159 13.9999 3.02492C13.9999 3.47826 14.1066 3.90492 14.3199 4.30492L10.5999 8.04492H0.999906C0.666573 8.04492 0.399906 8.17159 0.199906 8.42492C0.0132396 8.71826 -0.0400937 9.01826 0.0399062 9.32492L3.07991 19.3049C3.21324 19.7983 3.53324 20.0449 4.03991 20.0449H16.0399C16.5066 20.0449 16.8266 19.7983 16.9999 19.3049L19.9799 9.32492C20.0466 8.99159 19.9932 8.69159 19.8199 8.42492C19.6066 8.17159 19.3399 8.04492 19.0199 8.04492ZM12.9999 15.0249H11.0199V17.0049H8.99991V15.0249H7.01991V13.0049H8.99991V11.0249H11.0199V13.0049H12.9999V15.0249Z\" fill=\"#CBBDA1\"><\/path><\/g><defs><clipPath id=\"clip0_192_801\"><rect width=\"20\" height=\"20\" fill=\"white\" transform=\"matrix(1 0 0 -1 0 20.0449)\"><\/rect><\/clipPath><\/defs><\/svg>\t\t\t\t<\/span>\n\t\t\t<\/div>\n\t\t\t\n\t\t\t\t\t\t<div class=\"elementor-icon-box-content\">\n\n\t\t\t\t\t\t\t\t\t<h3 class=\"elementor-icon-box-title\">\n\t\t\t\t\t\t<span  >\n\t\t\t\t\t\t\tPrevencija\t\t\t\t\t\t<\/span>\n\t\t\t\t\t<\/h3>\n\t\t\t\t\n\t\t\t\t\t\t\t\t\t<p class=\"elementor-icon-box-description\">\n\t\t\t\t\t\tSvjestan pristup promjenama\t\t\t\t\t<\/p>\n\t\t\t\t\n\t\t\t<\/div>\n\t\t\t\n\t\t<\/div>\n\t\t\t\t\t\t<\/div>\n\t\t\t\t<\/div>\n\t\t\t\t<\/div>\n\t\t\t\t<\/div>\n\t\t<div class=\"elementor-element elementor-element-4e627da e-con-full elementor-hidden-tablet elementor-hidden-mobile e-flex e-con e-child\" data-id=\"4e627da\" data-element_type=\"container\" data-e-type=\"container\" data-settings=\"{&quot;background_background&quot;:&quot;classic&quot;}\">\n\t\t\t\t<div class=\"elementor-element elementor-element-79585e3 elementor-widget elementor-widget-spacer\" data-id=\"79585e3\" data-element_type=\"widget\" data-e-type=\"widget\" data-widget_type=\"spacer.default\">\n\t\t\t\t<div class=\"elementor-widget-container\">\n\t\t\t\t\t\t\t<div class=\"elementor-spacer\">\n\t\t\t<div class=\"elementor-spacer-inner\"><\/div>\n\t\t<\/div>\n\t\t\t\t\t\t<\/div>\n\t\t\t\t<\/div>\n\t\t\t\t<\/div>\n\t\t\t\t\t<\/div>\n\t\t\t\t<\/div>\n\t\t<div class=\"elementor-element elementor-element-ec13e56 e-flex e-con-boxed e-con e-parent\" data-id=\"ec13e56\" data-element_type=\"container\" data-e-type=\"container\" data-settings=\"{&quot;background_background&quot;:&quot;classic&quot;}\">\n\t\t\t\t\t<div class=\"e-con-inner\">\n\t\t<div class=\"elementor-element elementor-element-2ca51a1 e-con-full e-flex e-con e-child\" data-id=\"2ca51a1\" data-element_type=\"container\" data-e-type=\"container\">\n\t\t\t\t<div class=\"elementor-element elementor-element-f0a5bd4 elementor-widget elementor-widget-image\" data-id=\"f0a5bd4\" data-element_type=\"widget\" data-e-type=\"widget\" data-widget_type=\"image.default\">\n\t\t\t\t<div class=\"elementor-widget-container\">\n\t\t\t\t\t\t\t\t\t\t\t\t\t\t\t<img fetchpriority=\"high\" decoding=\"async\" width=\"1705\" height=\"2560\" src=\"https:\/\/marviehotel.com\/wp-content\/uploads\/2025\/04\/3591eba2bb72abf39f53e0f541c383ce2559fd36-scaled.jpg\" class=\"attachment-full size-full wp-image-12739\" alt=\"\" srcset=\"https:\/\/marviehotel.com\/wp-content\/uploads\/2025\/04\/3591eba2bb72abf39f53e0f541c383ce2559fd36-scaled.jpg 1705w, https:\/\/marviehotel.com\/wp-content\/uploads\/2025\/04\/3591eba2bb72abf39f53e0f541c383ce2559fd36-200x300.jpg 200w, https:\/\/marviehotel.com\/wp-content\/uploads\/2025\/04\/3591eba2bb72abf39f53e0f541c383ce2559fd36-682x1024.jpg 682w, https:\/\/marviehotel.com\/wp-content\/uploads\/2025\/04\/3591eba2bb72abf39f53e0f541c383ce2559fd36-768x1153.jpg 768w, https:\/\/marviehotel.com\/wp-content\/uploads\/2025\/04\/3591eba2bb72abf39f53e0f541c383ce2559fd36-1023x1536.jpg 1023w, https:\/\/marviehotel.com\/wp-content\/uploads\/2025\/04\/3591eba2bb72abf39f53e0f541c383ce2559fd36-1364x2048.jpg 1364w\" sizes=\"(max-width: 1705px) 100vw, 1705px\" \/>\t\t\t\t\t\t\t\t\t\t\t\t\t\t\t<\/div>\n\t\t\t\t<\/div>\n\t\t\t\t<\/div>\n\t\t<div class=\"elementor-element elementor-element-92b5ae0 e-con-full e-flex e-con e-child\" data-id=\"92b5ae0\" data-element_type=\"container\" data-e-type=\"container\">\n\t\t\t\t<div class=\"elementor-element elementor-element-36185b3 elementor-widget elementor-widget-image\" data-id=\"36185b3\" data-element_type=\"widget\" data-e-type=\"widget\" data-widget_type=\"image.default\">\n\t\t\t\t<div class=\"elementor-widget-container\">\n\t\t\t\t\t\t\t\t\t\t\t\t\t\t\t<img decoding=\"async\" width=\"2500\" height=\"1667\" src=\"https:\/\/marviehotel.com\/wp-content\/uploads\/2025\/04\/a3720a789895296e881648aa2fe67a988c985892.jpg\" class=\"attachment-full size-full wp-image-12740\" alt=\"\" srcset=\"https:\/\/marviehotel.com\/wp-content\/uploads\/2025\/04\/a3720a789895296e881648aa2fe67a988c985892.jpg 2500w, https:\/\/marviehotel.com\/wp-content\/uploads\/2025\/04\/a3720a789895296e881648aa2fe67a988c985892-300x200.jpg 300w, https:\/\/marviehotel.com\/wp-content\/uploads\/2025\/04\/a3720a789895296e881648aa2fe67a988c985892-1024x683.jpg 1024w, https:\/\/marviehotel.com\/wp-content\/uploads\/2025\/04\/a3720a789895296e881648aa2fe67a988c985892-768x512.jpg 768w, https:\/\/marviehotel.com\/wp-content\/uploads\/2025\/04\/a3720a789895296e881648aa2fe67a988c985892-1536x1024.jpg 1536w, https:\/\/marviehotel.com\/wp-content\/uploads\/2025\/04\/a3720a789895296e881648aa2fe67a988c985892-2048x1366.jpg 2048w\" sizes=\"(max-width: 2500px) 100vw, 2500px\" \/>\t\t\t\t\t\t\t\t\t\t\t\t\t\t\t<\/div>\n\t\t\t\t<\/div>\n\t\t\t\t<\/div>\n\t\t\t\t\t<\/div>\n\t\t\t\t<\/div>\n\t\t<div class=\"elementor-element elementor-element-a0eba6a e-flex e-con-boxed e-con e-parent\" data-id=\"a0eba6a\" data-element_type=\"container\" data-e-type=\"container\" data-settings=\"{&quot;background_background&quot;:&quot;classic&quot;}\">\n\t\t\t\t\t<div class=\"e-con-inner\">\n\t\t\t\t<div class=\"elementor-element elementor-element-75131da elementor-widget elementor-widget-menu-anchor\" data-id=\"75131da\" data-element_type=\"widget\" data-e-type=\"widget\" data-widget_type=\"menu-anchor.default\">\n\t\t\t\t<div class=\"elementor-widget-container\">\n\t\t\t\t\t\t\t<div class=\"elementor-menu-anchor\" id=\"desc\"><\/div>\n\t\t\t\t\t\t<\/div>\n\t\t\t\t<\/div>\n\t\t\t\t\t<\/div>\n\t\t\t\t<\/div>\n\t\t<div class=\"elementor-element elementor-element-d6c2020 e-flex e-con-boxed e-con e-parent\" data-id=\"d6c2020\" data-element_type=\"container\" data-e-type=\"container\" data-settings=\"{&quot;background_background&quot;:&quot;classic&quot;}\">\n\t\t\t\t\t<div class=\"e-con-inner\">\n\t\t\t\t<div class=\"elementor-element elementor-element-febae4e sub-heading elementor-widget elementor-widget-heading\" data-id=\"febae4e\" data-element_type=\"widget\" data-e-type=\"widget\" data-widget_type=\"heading.default\">\n\t\t\t\t<div class=\"elementor-widget-container\">\n\t\t\t\t\t<h5 class=\"elementor-heading-title elementor-size-default\">EDUKACIJA<\/h5>\t\t\t\t<\/div>\n\t\t\t\t<\/div>\n\t\t\t\t<div class=\"elementor-element elementor-element-21740f2 elementor-widget__width-initial elementor-widget elementor-widget-heading\" data-id=\"21740f2\" data-element_type=\"widget\" data-e-type=\"widget\" data-widget_type=\"heading.default\">\n\t\t\t\t<div class=\"elementor-widget-container\">\n\t\t\t\t\t<h2 class=\"elementor-heading-title elementor-size-default\"><span class=\"italic-text\">Individualni<\/span> pristup<\/h2>\t\t\t\t<\/div>\n\t\t\t\t<\/div>\n\t\t<div class=\"elementor-element elementor-element-686b8eb e-con-full e-flex e-con e-child\" data-id=\"686b8eb\" data-element_type=\"container\" data-e-type=\"container\">\n\t\t\t\t<div class=\"elementor-element elementor-element-e014258 elementor-widget__width-initial elementor-hidden-tablet elementor-hidden-mobile elementor-widget elementor-widget-text-editor\" data-id=\"e014258\" data-element_type=\"widget\" data-e-type=\"widget\" data-widget_type=\"text-editor.default\">\n\t\t\t\t<div class=\"elementor-widget-container\">\n\t\t\t\t\t\t\t\t\t<p>Individualno savjetovanje i podr\u0161ka temelje se na edukativnom pristupu i otvorenom razgovoru, s posebnim naglaskom na teme kako se nositi s oboljenjem, procesom lije\u010denja i promjenama koje ono donosi.<\/p>\t\t\t\t\t\t\t\t<\/div>\n\t\t\t\t<\/div>\n\t\t\t\t<div class=\"elementor-element elementor-element-5b32ba5 elementor-widget__width-initial elementor-hidden-tablet elementor-hidden-mobile elementor-widget elementor-widget-text-editor\" data-id=\"5b32ba5\" data-element_type=\"widget\" data-e-type=\"widget\" data-widget_type=\"text-editor.default\">\n\t\t\t\t<div class=\"elementor-widget-container\">\n\t\t\t\t\t\t\t\t\t<p>Kroz individualan pristup, gostu se pru\u017eaju relevantne informacije i smjernice koje mogu pomo\u0107i u dono\u0161enju odluka o vlastitom zdravlju i boljem razumijevanju vlastitog iskustva bolesti.<\/p><p>\u00a0<\/p><p><strong>Dr. sc. Ante Striki\u0107 \u2013 Edukativni razgovori o onkolo\u0161kim temama uz stru\u010dnost i razumijevanje<\/strong><\/p>\t\t\t\t\t\t\t\t<\/div>\n\t\t\t\t<\/div>\n\t\t\t\t<div class=\"elementor-element elementor-element-3d59331 elementor-widget__width-initial elementor-hidden-desktop elementor-hidden-laptop elementor-hidden-tablet_extra elementor-widget elementor-widget-text-editor\" data-id=\"3d59331\" data-element_type=\"widget\" data-e-type=\"widget\" data-widget_type=\"text-editor.default\">\n\t\t\t\t<div class=\"elementor-widget-container\">\n\t\t\t\t\t\t\t\t\t<p>Individualno savjetovanje i podr\u0161ka temelje se na edukativnom pristupu i otvorenom razgovoru, s posebnim naglaskom na teme kako se nositi s oboljenjem, procesom lije\u010denja i promjenama koje ono donosi.<\/p><p>Kroz individualan pristup, gostu se pru\u017eaju relevantne informacije i smjernice koje mogu pomo\u0107i u dono\u0161enju odluka o vlastitom zdravlju i boljem razumijevanju vlastitog iskustva bolesti.<\/p><p>\u00a0<\/p><p><strong>Dr. sc. Ante Striki\u0107 \u2013 Edukativni razgovori o onkolo\u0161kim temama uz stru\u010dnost i razumijevanje<\/strong><\/p>\t\t\t\t\t\t\t\t<\/div>\n\t\t\t\t<\/div>\n\t\t\t\t<\/div>\n\t\t\t\t\t<\/div>\n\t\t\t\t<\/div>\n\t\t<div class=\"elementor-element elementor-element-dd6d3ba e-flex e-con-boxed e-con e-parent\" data-id=\"dd6d3ba\" data-element_type=\"container\" data-e-type=\"container\" data-settings=\"{&quot;background_background&quot;:&quot;classic&quot;}\">\n\t\t\t\t\t<div class=\"e-con-inner\">\n\t\t<div class=\"elementor-element elementor-element-627d4ab e-con-full e-flex e-con e-child\" data-id=\"627d4ab\" data-element_type=\"container\" data-e-type=\"container\">\n\t\t\t\t<div class=\"elementor-element elementor-element-ba8d00f elementor-widget__width-initial elementor-widget elementor-widget-heading\" data-id=\"ba8d00f\" data-element_type=\"widget\" data-e-type=\"widget\" data-widget_type=\"heading.default\">\n\t\t\t\t<div class=\"elementor-widget-container\">\n\t\t\t\t\t<h2 class=\"elementor-heading-title elementor-size-default\">Namijenjeno osobama koje \u017eele:<\/h2>\t\t\t\t<\/div>\n\t\t\t\t<\/div>\n\t\t<div class=\"elementor-element elementor-element-932a33e e-con-full e-flex e-con e-child\" data-id=\"932a33e\" data-element_type=\"container\" data-e-type=\"container\" data-index=\"1\">\n\t\t\t\t<div class=\"elementor-element elementor-element-5740a9d elementor-widget elementor-widget-heading\" data-id=\"5740a9d\" data-element_type=\"widget\" data-e-type=\"widget\" data-widget_type=\"heading.default\">\n\t\t\t\t<div class=\"elementor-widget-container\">\n\t\t\t\t\t<h4 class=\"elementor-heading-title elementor-size-default\">Prona\u0107i stru\u010dne informacije i podr\u0161ku u razumijevanju bolesti\n<\/h4>\t\t\t\t<\/div>\n\t\t\t\t<\/div>\n\t\t\t\t<div class=\"elementor-element elementor-element-bb5848b elementor-widget-divider--view-line elementor-widget elementor-widget-divider\" data-id=\"bb5848b\" data-element_type=\"widget\" data-e-type=\"widget\" data-widget_type=\"divider.default\">\n\t\t\t\t<div class=\"elementor-widget-container\">\n\t\t\t\t\t\t\t<div class=\"elementor-divider\">\n\t\t\t<span class=\"elementor-divider-separator\">\n\t\t\t\t\t\t<\/span>\n\t\t<\/div>\n\t\t\t\t\t\t<\/div>\n\t\t\t\t<\/div>\n\t\t\t\t<div class=\"elementor-element elementor-element-8103df4 elementor-widget elementor-widget-heading\" data-id=\"8103df4\" data-element_type=\"widget\" data-e-type=\"widget\" data-widget_type=\"heading.default\">\n\t\t\t\t<div class=\"elementor-widget-container\">\n\t\t\t\t\t<h4 class=\"elementor-heading-title elementor-size-default\">Razgovarati o suo\u010davanju s oboljenjem i \u017eivotnim promjenama koje ono donosi<\/h4>\t\t\t\t<\/div>\n\t\t\t\t<\/div>\n\t\t\t\t<div class=\"elementor-element elementor-element-523e91d elementor-widget-divider--view-line elementor-widget elementor-widget-divider\" data-id=\"523e91d\" data-element_type=\"widget\" data-e-type=\"widget\" data-widget_type=\"divider.default\">\n\t\t\t\t<div class=\"elementor-widget-container\">\n\t\t\t\t\t\t\t<div class=\"elementor-divider\">\n\t\t\t<span class=\"elementor-divider-separator\">\n\t\t\t\t\t\t<\/span>\n\t\t<\/div>\n\t\t\t\t\t\t<\/div>\n\t\t\t\t<\/div>\n\t\t\t\t<div class=\"elementor-element elementor-element-e078c0f elementor-widget elementor-widget-heading\" data-id=\"e078c0f\" data-element_type=\"widget\" data-e-type=\"widget\" data-widget_type=\"heading.default\">\n\t\t\t\t<div class=\"elementor-widget-container\">\n\t\t\t\t\t<h4 class=\"elementor-heading-title elementor-size-default\">Nau\u010diti vi\u0161e o prevenciji i odr\u017eavanju zdravlja kroz edukativni pristup\n<\/h4>\t\t\t\t<\/div>\n\t\t\t\t<\/div>\n\t\t\t\t<\/div>\n\t\t\t\t<\/div>\n\t\t\t\t\t<\/div>\n\t\t\t\t<\/div>\n\t\t\t\t<\/div>\n\t\t","protected":false},"excerpt":{"rendered":"<p>EDUKACIJA Edukacija i podr\u0161ka o onkolo\u0161kim temama EDUKACIJA Edukativni pristup onkolo\u0161kim izazovima U sklopu individualnog savjetovanja i edukativnih programa hotela, gostima je dostupno edukativno savjetovanje s dr. sc. Antom Striki\u0107em, specijalistom radioterapije i onkologije.U ugodnom i diskretnom okru\u017eenju, gosti imaju priliku razgovarati sa stru\u010dnjakom o temama vezanima uz razumijevanje i suo\u010davanje s izazovima onkolo\u0161kih bolesti. [&hellip;]<\/p>\n","protected":false},"author":1,"featured_media":0,"parent":0,"menu_order":0,"comment_status":"closed","ping_status":"closed","template":"","meta":{"footnotes":""},"class_list":["post-14258","page","type-page","status-publish","hentry"],"aioseo_notices":[],"_links":{"self":[{"href":"https:\/\/marviehotel.com\/hr\/wp-json\/wp\/v2\/pages\/14258","targetHints":{"allow":["GET"]}}],"collection":[{"href":"https:\/\/marviehotel.com\/hr\/wp-json\/wp\/v2\/pages"}],"about":[{"href":"https:\/\/marviehotel.com\/hr\/wp-json\/wp\/v2\/types\/page"}],"author":[{"embeddable":true,"href":"https:\/\/marviehotel.com\/hr\/wp-json\/wp\/v2\/users\/1"}],"replies":[{"embeddable":true,"href":"https:\/\/marviehotel.com\/hr\/wp-json\/wp\/v2\/comments?post=14258"}],"version-history":[{"count":27,"href":"https:\/\/marviehotel.com\/hr\/wp-json\/wp\/v2\/pages\/14258\/revisions"}],"predecessor-version":[{"id":15587,"href":"https:\/\/marviehotel.com\/hr\/wp-json\/wp\/v2\/pages\/14258\/revisions\/15587"}],"wp:attachment":[{"href":"https:\/\/marviehotel.com\/hr\/wp-json\/wp\/v2\/media?parent=14258"}],"curies":[{"name":"wp","href":"https:\/\/api.w.org\/{rel}","templated":true}]}}