{"id":14267,"date":"2025-04-28T11:50:35","date_gmt":"2025-04-28T11:50:35","guid":{"rendered":"https:\/\/bswdev.eu\/marvie\/psychotherapeutic-counselling-kintsugi"},"modified":"2025-11-15T09:59:40","modified_gmt":"2025-11-15T09:59:40","slug":"psihoterapeutsko-savjetovanje-kintsugi","status":"publish","type":"page","link":"https:\/\/marviehotel.com\/hr\/psihoterapeutsko-savjetovanje-kintsugi","title":{"rendered":"Psihoterapeutsko savjetovanje Kintsugi"},"content":{"rendered":"\t\t<div data-elementor-type=\"wp-page\" data-elementor-id=\"14267\" class=\"elementor elementor-14267 elementor-12633\" data-elementor-post-type=\"page\">\n\t\t\t\t<div class=\"elementor-element elementor-element-dac6972 e-flex e-con-boxed e-con e-parent\" data-id=\"dac6972\" data-element_type=\"container\" data-e-type=\"container\" data-settings=\"{&quot;background_background&quot;:&quot;classic&quot;}\">\n\t\t\t\t\t<div class=\"e-con-inner\">\n\t\t\t\t<div class=\"elementor-element elementor-element-0f878d6 sub-heading elementor-widget elementor-widget-heading\" data-id=\"0f878d6\" data-element_type=\"widget\" data-e-type=\"widget\" data-widget_type=\"heading.default\">\n\t\t\t\t<div class=\"elementor-widget-container\">\n\t\t\t\t\t<h5 class=\"elementor-heading-title elementor-size-default\">ZDRAVLJE<\/h5>\t\t\t\t<\/div>\n\t\t\t\t<\/div>\n\t\t\t\t<div class=\"elementor-element elementor-element-856cb1f elementor-widget__width-initial elementor-widget elementor-widget-heading\" data-id=\"856cb1f\" data-element_type=\"widget\" data-e-type=\"widget\" data-widget_type=\"heading.default\">\n\t\t\t\t<div class=\"elementor-widget-container\">\n\t\t\t\t\t<h1 class=\"elementor-heading-title elementor-size-default\">Psihoterapeutsko savjetovanje Kintsugi<\/h1>\t\t\t\t<\/div>\n\t\t\t\t<\/div>\n\t\t\t\t<div class=\"elementor-element elementor-element-c553474 hero-arrow elementor-hidden-tablet elementor-hidden-mobile elementor-hidden-laptop elementor-hidden-tablet_extra elementor-widget elementor-widget-button\" data-id=\"c553474\" data-element_type=\"widget\" data-e-type=\"widget\" data-widget_type=\"button.default\">\n\t\t\t\t<div class=\"elementor-widget-container\">\n\t\t\t\t\t\t\t\t\t<div class=\"elementor-button-wrapper\">\n\t\t\t\t\t<a class=\"elementor-button elementor-size-sm\" role=\"button\">\n\t\t\t\t\t\t<span class=\"elementor-button-content-wrapper\">\n\t\t\t\t\t\t<span class=\"elementor-button-icon\">\n\t\t\t\t<svg xmlns=\"http:\/\/www.w3.org\/2000\/svg\" width=\"70\" height=\"70\" viewBox=\"0 0 70 70\" fill=\"none\"><rect x=\"0.5\" y=\"0.5\" width=\"69\" height=\"69\" rx=\"34.5\" stroke=\"\"><\/rect><path d=\"M32.8333 21V40.8154L25.0333 33.0615L22 36.0769L35 49L48 36.0769L44.9667 33.0615L37.1667 40.8154V21H32.8333Z\" fill=\"white\"><\/path><\/svg>\t\t\t<\/span>\n\t\t\t\t\t\t\t\t<\/span>\n\t\t\t\t\t<\/a>\n\t\t\t\t<\/div>\n\t\t\t\t\t\t\t\t<\/div>\n\t\t\t\t<\/div>\n\t\t\t\t\t<\/div>\n\t\t\t\t<\/div>\n\t\t<div class=\"elementor-element elementor-element-d1c5d4e e-flex e-con-boxed e-con e-parent\" data-id=\"d1c5d4e\" data-element_type=\"container\" data-e-type=\"container\" data-settings=\"{&quot;background_background&quot;:&quot;classic&quot;}\">\n\t\t\t\t\t<div class=\"e-con-inner\">\n\t\t<div class=\"elementor-element elementor-element-20c24bd e-con-full e-flex e-con e-child\" data-id=\"20c24bd\" data-element_type=\"container\" data-e-type=\"container\">\n\t\t<div class=\"elementor-element elementor-element-9e9fcf9 e-con-full e-flex e-con e-child\" data-id=\"9e9fcf9\" data-element_type=\"container\" data-e-type=\"container\">\n\t\t<div class=\"elementor-element elementor-element-54b32c2 e-con-full e-flex e-con e-child\" data-id=\"54b32c2\" data-element_type=\"container\" data-e-type=\"container\">\n\t\t\t\t<div class=\"elementor-element elementor-element-0292e95 sub-heading elementor-widget elementor-widget-heading\" data-id=\"0292e95\" data-element_type=\"widget\" data-e-type=\"widget\" data-widget_type=\"heading.default\">\n\t\t\t\t<div class=\"elementor-widget-container\">\n\t\t\t\t\t<h5 class=\"elementor-heading-title elementor-size-default\">ZDRAVLJE<\/h5>\t\t\t\t<\/div>\n\t\t\t\t<\/div>\n\t\t\t\t<div class=\"elementor-element elementor-element-98fbc37 elementor-widget__width-initial elementor-widget elementor-widget-heading\" data-id=\"98fbc37\" data-element_type=\"widget\" data-e-type=\"widget\" data-widget_type=\"heading.default\">\n\t\t\t\t<div class=\"elementor-widget-container\">\n\t\t\t\t\t<h2 class=\"elementor-heading-title elementor-size-default\">Vodstvo prema unutarnjoj snazi<\/h2>\t\t\t\t<\/div>\n\t\t\t\t<\/div>\n\t\t\t\t<\/div>\n\t\t<div class=\"elementor-element elementor-element-bf242d6 e-con-full e-flex e-con e-child\" data-id=\"bf242d6\" data-element_type=\"container\" data-e-type=\"container\">\n\t\t\t\t<div class=\"elementor-element elementor-element-f0b75ed elementor-widget elementor-widget-text-editor\" data-id=\"f0b75ed\" data-element_type=\"widget\" data-e-type=\"widget\" data-widget_type=\"text-editor.default\">\n\t\t\t\t<div class=\"elementor-widget-container\">\n\t\t\t\t\t\t\t\t\t<p>U okviru zdravstvenih usluga hotela, <b>Alda Striki\u0107<\/b> \u2013 certificirana psihoterapijska savjetnica i coach \u2013 pru\u017ea podr\u0161ku u ja\u010danju mentalnog zdravlja, emocionalne otpornosti i osobnog razvoja. Njezina praksa, <b>Kintsugi savjetovanje<\/b>, temelji se na individualiziranom pristupu koji kombinira razli\u010dite metode rada s ciljem pobolj\u0161anja kvalitete \u017eivota.<\/p>\t\t\t\t\t\t\t\t<\/div>\n\t\t\t\t<\/div>\n\t\t\t\t<\/div>\n\t\t\t\t<\/div>\n\t\t<div class=\"elementor-element elementor-element-fc35940 e-con-full e-flex e-con e-child\" data-id=\"fc35940\" data-element_type=\"container\" data-e-type=\"container\">\n\t\t\t\t<div class=\"elementor-element elementor-element-037b97c elementor-view-default elementor-position-block-start elementor-mobile-position-block-start elementor-widget elementor-widget-icon-box\" data-id=\"037b97c\" data-element_type=\"widget\" data-e-type=\"widget\" data-widget_type=\"icon-box.default\">\n\t\t\t\t<div class=\"elementor-widget-container\">\n\t\t\t\t\t\t\t<div class=\"elementor-icon-box-wrapper\">\n\n\t\t\t\t\t\t<div class=\"elementor-icon-box-icon\">\n\t\t\t\t<span  class=\"elementor-icon\">\n\t\t\t\t<svg xmlns=\"http:\/\/www.w3.org\/2000\/svg\" width=\"20\" height=\"21\" viewBox=\"0 0 20 21\" fill=\"none\"><g id=\"Icon\" clip-path=\"url(#clip0_192_801)\"><path id=\"Vector\" d=\"M19.0199 8.04492H13.4199L15.7199 5.70492C16.1199 5.91826 16.5466 6.02492 16.9999 6.02492C17.8132 6.02492 18.5132 5.72492 19.0999 5.12492C19.6866 4.52492 19.9799 3.82159 19.9799 3.01492C19.9799 2.20826 19.6866 1.51159 19.0999 0.924923C18.5132 0.338255 17.8166 0.0449219 17.0099 0.0449219C16.2032 0.0449219 15.4999 0.338255 14.8999 0.924923C14.2999 1.51159 13.9999 2.21159 13.9999 3.02492C13.9999 3.47826 14.1066 3.90492 14.3199 4.30492L10.5999 8.04492H0.999906C0.666573 8.04492 0.399906 8.17159 0.199906 8.42492C0.0132396 8.71826 -0.0400937 9.01826 0.0399062 9.32492L3.07991 19.3049C3.21324 19.7983 3.53324 20.0449 4.03991 20.0449H16.0399C16.5066 20.0449 16.8266 19.7983 16.9999 19.3049L19.9799 9.32492C20.0466 8.99159 19.9932 8.69159 19.8199 8.42492C19.6066 8.17159 19.3399 8.04492 19.0199 8.04492ZM12.9999 15.0249H11.0199V17.0049H8.99991V15.0249H7.01991V13.0049H8.99991V11.0249H11.0199V13.0049H12.9999V15.0249Z\" fill=\"#CBBDA1\"><\/path><\/g><defs><clipPath id=\"clip0_192_801\"><rect width=\"20\" height=\"20\" fill=\"white\" transform=\"matrix(1 0 0 -1 0 20.0449)\"><\/rect><\/clipPath><\/defs><\/svg>\t\t\t\t<\/span>\n\t\t\t<\/div>\n\t\t\t\n\t\t\t\t\t\t<div class=\"elementor-icon-box-content\">\n\n\t\t\t\t\t\t\t\t\t<h3 class=\"elementor-icon-box-title\">\n\t\t\t\t\t\t<span  >\n\t\t\t\t\t\t\tPsihoterapija\t\t\t\t\t\t<\/span>\n\t\t\t\t\t<\/h3>\n\t\t\t\t\n\t\t\t\t\t\t\t\t\t<p class=\"elementor-icon-box-description\">\n\t\t\t\t\t\tsavjetovanje\t\t\t\t\t<\/p>\n\t\t\t\t\n\t\t\t<\/div>\n\t\t\t\n\t\t<\/div>\n\t\t\t\t\t\t<\/div>\n\t\t\t\t<\/div>\n\t\t\t\t<div class=\"elementor-element elementor-element-0095e48 elementor-view-default elementor-position-block-start elementor-mobile-position-block-start elementor-widget elementor-widget-icon-box\" data-id=\"0095e48\" data-element_type=\"widget\" data-e-type=\"widget\" data-widget_type=\"icon-box.default\">\n\t\t\t\t<div class=\"elementor-widget-container\">\n\t\t\t\t\t\t\t<div class=\"elementor-icon-box-wrapper\">\n\n\t\t\t\t\t\t<div class=\"elementor-icon-box-icon\">\n\t\t\t\t<span  class=\"elementor-icon\">\n\t\t\t\t<svg xmlns=\"http:\/\/www.w3.org\/2000\/svg\" width=\"20\" height=\"21\" viewBox=\"0 0 20 21\" fill=\"none\"><g id=\"Icon\" clip-path=\"url(#clip0_192_801)\"><path id=\"Vector\" d=\"M19.0199 8.04492H13.4199L15.7199 5.70492C16.1199 5.91826 16.5466 6.02492 16.9999 6.02492C17.8132 6.02492 18.5132 5.72492 19.0999 5.12492C19.6866 4.52492 19.9799 3.82159 19.9799 3.01492C19.9799 2.20826 19.6866 1.51159 19.0999 0.924923C18.5132 0.338255 17.8166 0.0449219 17.0099 0.0449219C16.2032 0.0449219 15.4999 0.338255 14.8999 0.924923C14.2999 1.51159 13.9999 2.21159 13.9999 3.02492C13.9999 3.47826 14.1066 3.90492 14.3199 4.30492L10.5999 8.04492H0.999906C0.666573 8.04492 0.399906 8.17159 0.199906 8.42492C0.0132396 8.71826 -0.0400937 9.01826 0.0399062 9.32492L3.07991 19.3049C3.21324 19.7983 3.53324 20.0449 4.03991 20.0449H16.0399C16.5066 20.0449 16.8266 19.7983 16.9999 19.3049L19.9799 9.32492C20.0466 8.99159 19.9932 8.69159 19.8199 8.42492C19.6066 8.17159 19.3399 8.04492 19.0199 8.04492ZM12.9999 15.0249H11.0199V17.0049H8.99991V15.0249H7.01991V13.0049H8.99991V11.0249H11.0199V13.0049H12.9999V15.0249Z\" fill=\"#CBBDA1\"><\/path><\/g><defs><clipPath id=\"clip0_192_801\"><rect width=\"20\" height=\"20\" fill=\"white\" transform=\"matrix(1 0 0 -1 0 20.0449)\"><\/rect><\/clipPath><\/defs><\/svg>\t\t\t\t<\/span>\n\t\t\t<\/div>\n\t\t\t\n\t\t\t\t\t\t<div class=\"elementor-icon-box-content\">\n\n\t\t\t\t\t\t\t\t\t<h3 class=\"elementor-icon-box-title\">\n\t\t\t\t\t\t<span  >\n\t\t\t\t\t\t\tCoaching\u00a0\t\t\t\t\t\t<\/span>\n\t\t\t\t\t<\/h3>\n\t\t\t\t\n\t\t\t\t\t\t\t\t\t<p class=\"elementor-icon-box-description\">\n\t\t\t\t\t\tusluga\t\t\t\t\t<\/p>\n\t\t\t\t\n\t\t\t<\/div>\n\t\t\t\n\t\t<\/div>\n\t\t\t\t\t\t<\/div>\n\t\t\t\t<\/div>\n\t\t\t\t<\/div>\n\t\t\t\t<\/div>\n\t\t<div class=\"elementor-element elementor-element-16686d3 e-con-full elementor-hidden-tablet elementor-hidden-mobile e-flex e-con e-child\" data-id=\"16686d3\" data-element_type=\"container\" data-e-type=\"container\" data-settings=\"{&quot;background_background&quot;:&quot;classic&quot;}\">\n\t\t\t\t<div class=\"elementor-element elementor-element-e074c48 elementor-widget elementor-widget-spacer\" data-id=\"e074c48\" data-element_type=\"widget\" data-e-type=\"widget\" data-widget_type=\"spacer.default\">\n\t\t\t\t<div class=\"elementor-widget-container\">\n\t\t\t\t\t\t\t<div class=\"elementor-spacer\">\n\t\t\t<div class=\"elementor-spacer-inner\"><\/div>\n\t\t<\/div>\n\t\t\t\t\t\t<\/div>\n\t\t\t\t<\/div>\n\t\t\t\t<\/div>\n\t\t\t\t\t<\/div>\n\t\t\t\t<\/div>\n\t\t<div class=\"elementor-element elementor-element-c5b08e2 e-flex e-con-boxed e-con e-parent\" data-id=\"c5b08e2\" data-element_type=\"container\" data-e-type=\"container\" data-settings=\"{&quot;background_background&quot;:&quot;classic&quot;}\">\n\t\t\t\t\t<div class=\"e-con-inner\">\n\t\t<div class=\"elementor-element elementor-element-d6ad9b7 e-con-full e-flex e-con e-child\" data-id=\"d6ad9b7\" data-element_type=\"container\" data-e-type=\"container\">\n\t\t\t\t<div class=\"elementor-element elementor-element-5bdb297 elementor-widget elementor-widget-image\" data-id=\"5bdb297\" data-element_type=\"widget\" data-e-type=\"widget\" data-widget_type=\"image.default\">\n\t\t\t\t<div class=\"elementor-widget-container\">\n\t\t\t\t\t\t\t\t\t\t\t\t\t\t\t<img fetchpriority=\"high\" decoding=\"async\" width=\"1950\" height=\"1300\" src=\"https:\/\/marviehotel.com\/wp-content\/uploads\/2025\/04\/bd57b9f0de89b19ad3359b1a37e009258e932178.jpg\" class=\"attachment-full size-full wp-image-13396\" alt=\"\" srcset=\"https:\/\/marviehotel.com\/wp-content\/uploads\/2025\/04\/bd57b9f0de89b19ad3359b1a37e009258e932178.jpg 1950w, https:\/\/marviehotel.com\/wp-content\/uploads\/2025\/04\/bd57b9f0de89b19ad3359b1a37e009258e932178-300x200.jpg 300w, https:\/\/marviehotel.com\/wp-content\/uploads\/2025\/04\/bd57b9f0de89b19ad3359b1a37e009258e932178-1024x683.jpg 1024w, https:\/\/marviehotel.com\/wp-content\/uploads\/2025\/04\/bd57b9f0de89b19ad3359b1a37e009258e932178-768x512.jpg 768w, https:\/\/marviehotel.com\/wp-content\/uploads\/2025\/04\/bd57b9f0de89b19ad3359b1a37e009258e932178-1536x1024.jpg 1536w\" sizes=\"(max-width: 1950px) 100vw, 1950px\" \/>\t\t\t\t\t\t\t\t\t\t\t\t\t\t\t<\/div>\n\t\t\t\t<\/div>\n\t\t\t\t<\/div>\n\t\t<div class=\"elementor-element elementor-element-5103a66 e-con-full e-flex e-con e-child\" data-id=\"5103a66\" data-element_type=\"container\" data-e-type=\"container\">\n\t\t\t\t<div class=\"elementor-element elementor-element-b74ea2b elementor-widget elementor-widget-image\" data-id=\"b74ea2b\" data-element_type=\"widget\" data-e-type=\"widget\" data-widget_type=\"image.default\">\n\t\t\t\t<div class=\"elementor-widget-container\">\n\t\t\t\t\t\t\t\t\t\t\t\t\t\t\t<img decoding=\"async\" width=\"1950\" height=\"1300\" src=\"https:\/\/marviehotel.com\/wp-content\/uploads\/2025\/04\/607fe06c0a8ce9f722558106a1457892717804bb.jpg\" class=\"attachment-full size-full wp-image-13397\" alt=\"\" srcset=\"https:\/\/marviehotel.com\/wp-content\/uploads\/2025\/04\/607fe06c0a8ce9f722558106a1457892717804bb.jpg 1950w, https:\/\/marviehotel.com\/wp-content\/uploads\/2025\/04\/607fe06c0a8ce9f722558106a1457892717804bb-300x200.jpg 300w, https:\/\/marviehotel.com\/wp-content\/uploads\/2025\/04\/607fe06c0a8ce9f722558106a1457892717804bb-1024x683.jpg 1024w, https:\/\/marviehotel.com\/wp-content\/uploads\/2025\/04\/607fe06c0a8ce9f722558106a1457892717804bb-768x512.jpg 768w, https:\/\/marviehotel.com\/wp-content\/uploads\/2025\/04\/607fe06c0a8ce9f722558106a1457892717804bb-1536x1024.jpg 1536w\" sizes=\"(max-width: 1950px) 100vw, 1950px\" \/>\t\t\t\t\t\t\t\t\t\t\t\t\t\t\t<\/div>\n\t\t\t\t<\/div>\n\t\t\t\t<\/div>\n\t\t\t\t\t<\/div>\n\t\t\t\t<\/div>\n\t\t<div class=\"elementor-element elementor-element-3320e50 e-flex e-con-boxed e-con e-parent\" data-id=\"3320e50\" data-element_type=\"container\" data-e-type=\"container\" data-settings=\"{&quot;background_background&quot;:&quot;classic&quot;}\">\n\t\t\t\t\t<div class=\"e-con-inner\">\n\t\t\t\t<div class=\"elementor-element elementor-element-0e22818 elementor-widget elementor-widget-menu-anchor\" data-id=\"0e22818\" data-element_type=\"widget\" data-e-type=\"widget\" data-widget_type=\"menu-anchor.default\">\n\t\t\t\t<div class=\"elementor-widget-container\">\n\t\t\t\t\t\t\t<div class=\"elementor-menu-anchor\" id=\"desc\"><\/div>\n\t\t\t\t\t\t<\/div>\n\t\t\t\t<\/div>\n\t\t\t\t\t<\/div>\n\t\t\t\t<\/div>\n\t\t<div class=\"elementor-element elementor-element-0e8ab4e e-flex e-con-boxed e-con e-parent\" data-id=\"0e8ab4e\" data-element_type=\"container\" data-e-type=\"container\" data-settings=\"{&quot;background_background&quot;:&quot;classic&quot;}\">\n\t\t\t\t\t<div class=\"e-con-inner\">\n\t\t\t\t<div class=\"elementor-element elementor-element-b6aa810 sub-heading elementor-widget elementor-widget-heading\" data-id=\"b6aa810\" data-element_type=\"widget\" data-e-type=\"widget\" data-widget_type=\"heading.default\">\n\t\t\t\t<div class=\"elementor-widget-container\">\n\t\t\t\t\t<h5 class=\"elementor-heading-title elementor-size-default\">ZDRAVLJE<\/h5>\t\t\t\t<\/div>\n\t\t\t\t<\/div>\n\t\t\t\t<div class=\"elementor-element elementor-element-20361dd elementor-widget__width-initial elementor-widget elementor-widget-heading\" data-id=\"20361dd\" data-element_type=\"widget\" data-e-type=\"widget\" data-widget_type=\"heading.default\">\n\t\t\t\t<div class=\"elementor-widget-container\">\n\t\t\t\t\t<h2 class=\"elementor-heading-title elementor-size-default\">Osobne potrebe i \u017eivotni ciljevi<\/h2>\t\t\t\t<\/div>\n\t\t\t\t<\/div>\n\t\t<div class=\"elementor-element elementor-element-21eac8a e-con-full e-flex e-con e-child\" data-id=\"21eac8a\" data-element_type=\"container\" data-e-type=\"container\">\n\t\t\t\t<div class=\"elementor-element elementor-element-1a9c22d elementor-widget__width-initial elementor-hidden-tablet elementor-hidden-mobile elementor-widget elementor-widget-text-editor\" data-id=\"1a9c22d\" data-element_type=\"widget\" data-e-type=\"widget\" data-widget_type=\"text-editor.default\">\n\t\t\t\t<div class=\"elementor-widget-container\">\n\t\t\t\t\t\t\t\t\t<p>Kroz znanstveno utemeljene metode, klijentima se poma\u017ee u savladavanju stresa, razvoju samopouzdanja, postizanju emocionalne stabilnosti i uspostavljanju unutarnje ravnote\u017ee. Svaki program prilago\u0111ava se osobnim potrebama i \u017eivotnim ciljevima pojedinca.<\/p>\t\t\t\t\t\t\t\t<\/div>\n\t\t\t\t<\/div>\n\t\t\t\t<div class=\"elementor-element elementor-element-8577bcc elementor-widget__width-initial elementor-hidden-tablet elementor-hidden-mobile elementor-widget elementor-widget-text-editor\" data-id=\"8577bcc\" data-element_type=\"widget\" data-e-type=\"widget\" data-widget_type=\"text-editor.default\">\n\t\t\t\t<div class=\"elementor-widget-container\">\n\t\t\t\t\t\t\t\t\t<p>Kintsugi savjetovanje stvara siguran prostor za promjenu i razvoj \u2013 uz stru\u010dnost, povjerenje i duboko po\u0161tovanje prema svakom klijentu.<\/p><p><br \/><strong>Kintsugi savjetovanje \u2013 ravnote\u017ea uma i tijela<\/strong><\/p>\t\t\t\t\t\t\t\t<\/div>\n\t\t\t\t<\/div>\n\t\t\t\t<div class=\"elementor-element elementor-element-145018e elementor-widget__width-initial elementor-hidden-desktop elementor-hidden-laptop elementor-hidden-tablet_extra elementor-widget elementor-widget-text-editor\" data-id=\"145018e\" data-element_type=\"widget\" data-e-type=\"widget\" data-widget_type=\"text-editor.default\">\n\t\t\t\t<div class=\"elementor-widget-container\">\n\t\t\t\t\t\t\t\t\t<p>Kroz znanstveno utemeljene metode, klijentima se poma\u017ee u savladavanju stresa, razvoju samopouzdanja, postizanju emocionalne stabilnosti i uspostavljanju unutarnje ravnote\u017ee. Svaki program prilago\u0111ava se osobnim potrebama i \u017eivotnim ciljevima pojedinca.<\/p><p>Kintsugi savjetovanje stvara siguran prostor za promjenu i razvoj \u2013 uz stru\u010dnost, povjerenje i duboko po\u0161tovanje prema svakom klijentu.<\/p><p><strong>Kintsugi savjetovanje \u2013 ravnote\u017ea uma i tijela<\/strong><\/p>\t\t\t\t\t\t\t\t<\/div>\n\t\t\t\t<\/div>\n\t\t\t\t<\/div>\n\t\t\t\t\t<\/div>\n\t\t\t\t<\/div>\n\t\t<div class=\"elementor-element elementor-element-4dc2650 e-flex e-con-boxed e-con e-parent\" data-id=\"4dc2650\" data-element_type=\"container\" data-e-type=\"container\" data-settings=\"{&quot;background_background&quot;:&quot;classic&quot;}\">\n\t\t\t\t\t<div class=\"e-con-inner\">\n\t\t<div class=\"elementor-element elementor-element-9ca2a3f e-con-full e-flex e-con e-child\" data-id=\"9ca2a3f\" data-element_type=\"container\" data-e-type=\"container\">\n\t\t\t\t<div class=\"elementor-element elementor-element-c7e2a60 elementor-widget__width-initial elementor-widget elementor-widget-heading\" data-id=\"c7e2a60\" data-element_type=\"widget\" data-e-type=\"widget\" data-widget_type=\"heading.default\">\n\t\t\t\t<div class=\"elementor-widget-container\">\n\t\t\t\t\t<h2 class=\"elementor-heading-title elementor-size-default\">Na raspolaganju su sljede\u0107e usluge: <\/h2>\t\t\t\t<\/div>\n\t\t\t\t<\/div>\n\t\t<div class=\"elementor-element elementor-element-23ab910 e-con-full e-flex e-con e-child\" data-id=\"23ab910\" data-element_type=\"container\" data-e-type=\"container\" data-index=\"1\">\n\t\t\t\t<div class=\"elementor-element elementor-element-541e651 elementor-widget elementor-widget-heading\" data-id=\"541e651\" data-element_type=\"widget\" data-e-type=\"widget\" data-widget_type=\"heading.default\">\n\t\t\t\t<div class=\"elementor-widget-container\">\n\t\t\t\t\t<h4 class=\"elementor-heading-title elementor-size-default\">Psihoterapijsko savjetovanje \u2013 podr\u0161ka u suo\u010davanju s emocionalnim izazovima i me\u0111uljudskim odnosima\n<\/h4>\t\t\t\t<\/div>\n\t\t\t\t<\/div>\n\t\t\t\t<div class=\"elementor-element elementor-element-b188f91 elementor-widget-divider--view-line elementor-widget elementor-widget-divider\" data-id=\"b188f91\" data-element_type=\"widget\" data-e-type=\"widget\" data-widget_type=\"divider.default\">\n\t\t\t\t<div class=\"elementor-widget-container\">\n\t\t\t\t\t\t\t<div class=\"elementor-divider\">\n\t\t\t<span class=\"elementor-divider-separator\">\n\t\t\t\t\t\t<\/span>\n\t\t<\/div>\n\t\t\t\t\t\t<\/div>\n\t\t\t\t<\/div>\n\t\t\t\t<div class=\"elementor-element elementor-element-ccd96cd elementor-widget elementor-widget-heading\" data-id=\"ccd96cd\" data-element_type=\"widget\" data-e-type=\"widget\" data-widget_type=\"heading.default\">\n\t\t\t\t<div class=\"elementor-widget-container\">\n\t\t\t\t\t<h4 class=\"elementor-heading-title elementor-size-default\">Coaching \u2013 usmjeren na ostvarenje osobnih i profesionalnih ciljeva\n<\/h4>\t\t\t\t<\/div>\n\t\t\t\t<\/div>\n\t\t\t\t<div class=\"elementor-element elementor-element-64ee035 elementor-widget-divider--view-line elementor-widget elementor-widget-divider\" data-id=\"64ee035\" data-element_type=\"widget\" data-e-type=\"widget\" data-widget_type=\"divider.default\">\n\t\t\t\t<div class=\"elementor-widget-container\">\n\t\t\t\t\t\t\t<div class=\"elementor-divider\">\n\t\t\t<span class=\"elementor-divider-separator\">\n\t\t\t\t\t\t<\/span>\n\t\t<\/div>\n\t\t\t\t\t\t<\/div>\n\t\t\t\t<\/div>\n\t\t\t\t<div class=\"elementor-element elementor-element-22e273b elementor-widget elementor-widget-heading\" data-id=\"22e273b\" data-element_type=\"widget\" data-e-type=\"widget\" data-widget_type=\"heading.default\">\n\t\t\t\t<div class=\"elementor-widget-container\">\n\t\t\t\t\t<h4 class=\"elementor-heading-title elementor-size-default\">Wingwave coaching \u2013 brza i u\u010dinkovita eliminacija stresa i emocionalnih blokada\n\n<\/h4>\t\t\t\t<\/div>\n\t\t\t\t<\/div>\n\t\t\t\t<div class=\"elementor-element elementor-element-8c459fb elementor-widget-divider--view-line elementor-widget elementor-widget-divider\" data-id=\"8c459fb\" data-element_type=\"widget\" data-e-type=\"widget\" data-widget_type=\"divider.default\">\n\t\t\t\t<div class=\"elementor-widget-container\">\n\t\t\t\t\t\t\t<div class=\"elementor-divider\">\n\t\t\t<span class=\"elementor-divider-separator\">\n\t\t\t\t\t\t<\/span>\n\t\t<\/div>\n\t\t\t\t\t\t<\/div>\n\t\t\t\t<\/div>\n\t\t\t\t<div class=\"elementor-element elementor-element-8ed91a3 elementor-widget elementor-widget-heading\" data-id=\"8ed91a3\" data-element_type=\"widget\" data-e-type=\"widget\" data-widget_type=\"heading.default\">\n\t\t\t\t<div class=\"elementor-widget-container\">\n\t\t\t\t\t<h4 class=\"elementor-heading-title elementor-size-default\">Autogeni trening \u2013 relaksacijska tehnika za tjelesno i mentalno opu\u0161tanje<\/h4>\t\t\t\t<\/div>\n\t\t\t\t<\/div>\n\t\t\t\t<\/div>\n\t\t\t\t<\/div>\n\t\t\t\t\t<\/div>\n\t\t\t\t<\/div>\n\t\t\t\t<\/div>\n\t\t","protected":false},"excerpt":{"rendered":"<p>ZDRAVLJE Psihoterapeutsko savjetovanje Kintsugi ZDRAVLJE Vodstvo prema unutarnjoj snazi U okviru zdravstvenih usluga hotela, Alda Striki\u0107 \u2013 certificirana psihoterapijska savjetnica i coach \u2013 pru\u017ea podr\u0161ku u ja\u010danju mentalnog zdravlja, emocionalne otpornosti i osobnog razvoja. Njezina praksa, Kintsugi savjetovanje, temelji se na individualiziranom pristupu koji kombinira razli\u010dite metode rada s ciljem pobolj\u0161anja kvalitete \u017eivota. Psihoterapija savjetovanje [&hellip;]<\/p>\n","protected":false},"author":1,"featured_media":0,"parent":0,"menu_order":0,"comment_status":"closed","ping_status":"closed","template":"","meta":{"footnotes":""},"class_list":["post-14267","page","type-page","status-publish","hentry"],"aioseo_notices":[],"_links":{"self":[{"href":"https:\/\/marviehotel.com\/hr\/wp-json\/wp\/v2\/pages\/14267","targetHints":{"allow":["GET"]}}],"collection":[{"href":"https:\/\/marviehotel.com\/hr\/wp-json\/wp\/v2\/pages"}],"about":[{"href":"https:\/\/marviehotel.com\/hr\/wp-json\/wp\/v2\/types\/page"}],"author":[{"embeddable":true,"href":"https:\/\/marviehotel.com\/hr\/wp-json\/wp\/v2\/users\/1"}],"replies":[{"embeddable":true,"href":"https:\/\/marviehotel.com\/hr\/wp-json\/wp\/v2\/comments?post=14267"}],"version-history":[{"count":8,"href":"https:\/\/marviehotel.com\/hr\/wp-json\/wp\/v2\/pages\/14267\/revisions"}],"predecessor-version":[{"id":15548,"href":"https:\/\/marviehotel.com\/hr\/wp-json\/wp\/v2\/pages\/14267\/revisions\/15548"}],"wp:attachment":[{"href":"https:\/\/marviehotel.com\/hr\/wp-json\/wp\/v2\/media?parent=14267"}],"curies":[{"name":"wp","href":"https:\/\/api.w.org\/{rel}","templated":true}]}}