{"id":14273,"date":"2025-04-28T11:48:49","date_gmt":"2025-04-28T11:48:49","guid":{"rendered":"https:\/\/bswdev.eu\/marvie\/nutritional-counselling-nutrient"},"modified":"2025-11-15T09:59:17","modified_gmt":"2025-11-15T09:59:17","slug":"nutricionisticko-savjetovanje-nutrient","status":"publish","type":"page","link":"https:\/\/marviehotel.com\/hr\/nutricionisticko-savjetovanje-nutrient","title":{"rendered":"Nutricionisti\u010dko savjetovanje Nutrient"},"content":{"rendered":"\t\t<div data-elementor-type=\"wp-page\" data-elementor-id=\"14273\" class=\"elementor elementor-14273 elementor-12631\" data-elementor-post-type=\"page\">\n\t\t\t\t<div class=\"elementor-element elementor-element-011a679 e-flex e-con-boxed e-con e-parent\" data-id=\"011a679\" data-element_type=\"container\" data-e-type=\"container\" data-settings=\"{&quot;background_background&quot;:&quot;classic&quot;}\">\n\t\t\t\t\t<div class=\"e-con-inner\">\n\t\t\t\t<div class=\"elementor-element elementor-element-d430486 sub-heading elementor-widget elementor-widget-heading\" data-id=\"d430486\" data-element_type=\"widget\" data-e-type=\"widget\" data-widget_type=\"heading.default\">\n\t\t\t\t<div class=\"elementor-widget-container\">\n\t\t\t\t\t<h5 class=\"elementor-heading-title elementor-size-default\">zdravlje<\/h5>\t\t\t\t<\/div>\n\t\t\t\t<\/div>\n\t\t\t\t<div class=\"elementor-element elementor-element-2189d09 elementor-widget__width-initial elementor-widget elementor-widget-heading\" data-id=\"2189d09\" data-element_type=\"widget\" data-e-type=\"widget\" data-widget_type=\"heading.default\">\n\t\t\t\t<div class=\"elementor-widget-container\">\n\t\t\t\t\t<h1 class=\"elementor-heading-title elementor-size-default\">Nutricionisti\u010dko savjetovanje Nutrient<\/h1>\t\t\t\t<\/div>\n\t\t\t\t<\/div>\n\t\t\t\t<div class=\"elementor-element elementor-element-63259c0 hero-arrow elementor-hidden-tablet elementor-hidden-mobile elementor-hidden-laptop elementor-hidden-tablet_extra elementor-widget elementor-widget-button\" data-id=\"63259c0\" data-element_type=\"widget\" data-e-type=\"widget\" data-widget_type=\"button.default\">\n\t\t\t\t<div class=\"elementor-widget-container\">\n\t\t\t\t\t\t\t\t\t<div class=\"elementor-button-wrapper\">\n\t\t\t\t\t<a class=\"elementor-button elementor-size-sm\" role=\"button\">\n\t\t\t\t\t\t<span class=\"elementor-button-content-wrapper\">\n\t\t\t\t\t\t<span class=\"elementor-button-icon\">\n\t\t\t\t<svg xmlns=\"http:\/\/www.w3.org\/2000\/svg\" width=\"70\" height=\"70\" viewBox=\"0 0 70 70\" fill=\"none\"><rect x=\"0.5\" y=\"0.5\" width=\"69\" height=\"69\" rx=\"34.5\" stroke=\"\"><\/rect><path d=\"M32.8333 21V40.8154L25.0333 33.0615L22 36.0769L35 49L48 36.0769L44.9667 33.0615L37.1667 40.8154V21H32.8333Z\" fill=\"white\"><\/path><\/svg>\t\t\t<\/span>\n\t\t\t\t\t\t\t\t<\/span>\n\t\t\t\t\t<\/a>\n\t\t\t\t<\/div>\n\t\t\t\t\t\t\t\t<\/div>\n\t\t\t\t<\/div>\n\t\t\t\t\t<\/div>\n\t\t\t\t<\/div>\n\t\t<div class=\"elementor-element elementor-element-a82e246 e-flex e-con-boxed e-con e-parent\" data-id=\"a82e246\" data-element_type=\"container\" data-e-type=\"container\" data-settings=\"{&quot;background_background&quot;:&quot;classic&quot;}\">\n\t\t\t\t\t<div class=\"e-con-inner\">\n\t\t<div class=\"elementor-element elementor-element-d34f9d3 e-con-full e-flex e-con e-child\" data-id=\"d34f9d3\" data-element_type=\"container\" data-e-type=\"container\">\n\t\t<div class=\"elementor-element elementor-element-72fb5ad e-con-full e-flex e-con e-child\" data-id=\"72fb5ad\" data-element_type=\"container\" data-e-type=\"container\">\n\t\t<div class=\"elementor-element elementor-element-3e161a1 e-con-full e-flex e-con e-child\" data-id=\"3e161a1\" data-element_type=\"container\" data-e-type=\"container\">\n\t\t\t\t<div class=\"elementor-element elementor-element-5cf2895 sub-heading elementor-widget elementor-widget-heading\" data-id=\"5cf2895\" data-element_type=\"widget\" data-e-type=\"widget\" data-widget_type=\"heading.default\">\n\t\t\t\t<div class=\"elementor-widget-container\">\n\t\t\t\t\t<h5 class=\"elementor-heading-title elementor-size-default\">zdravlje<\/h5>\t\t\t\t<\/div>\n\t\t\t\t<\/div>\n\t\t\t\t<div class=\"elementor-element elementor-element-515e9ff elementor-widget__width-initial elementor-widget elementor-widget-heading\" data-id=\"515e9ff\" data-element_type=\"widget\" data-e-type=\"widget\" data-widget_type=\"heading.default\">\n\t\t\t\t<div class=\"elementor-widget-container\">\n\t\t\t\t\t<h2 class=\"elementor-heading-title elementor-size-default\">Stru\u010dnost u slu\u017ebi zdravlja<\/h2>\t\t\t\t<\/div>\n\t\t\t\t<\/div>\n\t\t\t\t<\/div>\n\t\t<div class=\"elementor-element elementor-element-a2e454d e-con-full e-flex e-con e-child\" data-id=\"a2e454d\" data-element_type=\"container\" data-e-type=\"container\">\n\t\t\t\t<div class=\"elementor-element elementor-element-5bd2a64 elementor-widget elementor-widget-text-editor\" data-id=\"5bd2a64\" data-element_type=\"widget\" data-e-type=\"widget\" data-widget_type=\"text-editor.default\">\n\t\t\t\t<div class=\"elementor-widget-container\">\n\t\t\t\t\t\t\t\t\t<p>Prehrana je temelj vitalnosti, zdravlja i dobrog osje\u0107aja. U sklopu zdravstvenih usluga hotela, <b>Nutrient<\/b> \u2013 nutricionisti\u010dka praksa koju vode magistrice nutricionizma Marija Selak i Dora Bu\u010dan Nenadi\u0107 \u2013 pru\u017ea personalizirane usluge savjetovanja, edukacije i pra\u0107enja prehrambenih navika.<\/p>\t\t\t\t\t\t\t\t<\/div>\n\t\t\t\t<\/div>\n\t\t\t\t<\/div>\n\t\t\t\t<\/div>\n\t\t<div class=\"elementor-element elementor-element-eb893a9 e-con-full e-flex e-con e-child\" data-id=\"eb893a9\" data-element_type=\"container\" data-e-type=\"container\">\n\t\t\t\t<div class=\"elementor-element elementor-element-f5e8ce9 elementor-view-default elementor-position-block-start elementor-mobile-position-block-start elementor-widget elementor-widget-icon-box\" data-id=\"f5e8ce9\" data-element_type=\"widget\" data-e-type=\"widget\" data-widget_type=\"icon-box.default\">\n\t\t\t\t<div class=\"elementor-widget-container\">\n\t\t\t\t\t\t\t<div class=\"elementor-icon-box-wrapper\">\n\n\t\t\t\t\t\t<div class=\"elementor-icon-box-icon\">\n\t\t\t\t<span  class=\"elementor-icon\">\n\t\t\t\t<svg xmlns=\"http:\/\/www.w3.org\/2000\/svg\" width=\"20\" height=\"21\" viewBox=\"0 0 20 21\" fill=\"none\"><g id=\"Icon\" clip-path=\"url(#clip0_192_801)\"><path id=\"Vector\" d=\"M19.0199 8.04492H13.4199L15.7199 5.70492C16.1199 5.91826 16.5466 6.02492 16.9999 6.02492C17.8132 6.02492 18.5132 5.72492 19.0999 5.12492C19.6866 4.52492 19.9799 3.82159 19.9799 3.01492C19.9799 2.20826 19.6866 1.51159 19.0999 0.924923C18.5132 0.338255 17.8166 0.0449219 17.0099 0.0449219C16.2032 0.0449219 15.4999 0.338255 14.8999 0.924923C14.2999 1.51159 13.9999 2.21159 13.9999 3.02492C13.9999 3.47826 14.1066 3.90492 14.3199 4.30492L10.5999 8.04492H0.999906C0.666573 8.04492 0.399906 8.17159 0.199906 8.42492C0.0132396 8.71826 -0.0400937 9.01826 0.0399062 9.32492L3.07991 19.3049C3.21324 19.7983 3.53324 20.0449 4.03991 20.0449H16.0399C16.5066 20.0449 16.8266 19.7983 16.9999 19.3049L19.9799 9.32492C20.0466 8.99159 19.9932 8.69159 19.8199 8.42492C19.6066 8.17159 19.3399 8.04492 19.0199 8.04492ZM12.9999 15.0249H11.0199V17.0049H8.99991V15.0249H7.01991V13.0049H8.99991V11.0249H11.0199V13.0049H12.9999V15.0249Z\" fill=\"#CBBDA1\"><\/path><\/g><defs><clipPath id=\"clip0_192_801\"><rect width=\"20\" height=\"20\" fill=\"white\" transform=\"matrix(1 0 0 -1 0 20.0449)\"><\/rect><\/clipPath><\/defs><\/svg>\t\t\t\t<\/span>\n\t\t\t<\/div>\n\t\t\t\n\t\t\t\t\t\t<div class=\"elementor-icon-box-content\">\n\n\t\t\t\t\t\t\t\t\t<h3 class=\"elementor-icon-box-title\">\n\t\t\t\t\t\t<span  >\n\t\t\t\t\t\t\tNutricionizam\t\t\t\t\t\t<\/span>\n\t\t\t\t\t<\/h3>\n\t\t\t\t\n\t\t\t\t\t\t\t\t\t<p class=\"elementor-icon-box-description\">\n\t\t\t\t\t\tkonzultacije, vodstvo, podr\u0161ka\t\t\t\t\t<\/p>\n\t\t\t\t\n\t\t\t<\/div>\n\t\t\t\n\t\t<\/div>\n\t\t\t\t\t\t<\/div>\n\t\t\t\t<\/div>\n\t\t\t\t<div class=\"elementor-element elementor-element-b2be4fc elementor-view-default elementor-position-block-start elementor-mobile-position-block-start elementor-widget elementor-widget-icon-box\" data-id=\"b2be4fc\" data-element_type=\"widget\" data-e-type=\"widget\" data-widget_type=\"icon-box.default\">\n\t\t\t\t<div class=\"elementor-widget-container\">\n\t\t\t\t\t\t\t<div class=\"elementor-icon-box-wrapper\">\n\n\t\t\t\t\t\t<div class=\"elementor-icon-box-icon\">\n\t\t\t\t<span  class=\"elementor-icon\">\n\t\t\t\t<svg xmlns=\"http:\/\/www.w3.org\/2000\/svg\" width=\"20\" height=\"21\" viewBox=\"0 0 20 21\" fill=\"none\"><g id=\"Icon\" clip-path=\"url(#clip0_192_801)\"><path id=\"Vector\" d=\"M19.0199 8.04492H13.4199L15.7199 5.70492C16.1199 5.91826 16.5466 6.02492 16.9999 6.02492C17.8132 6.02492 18.5132 5.72492 19.0999 5.12492C19.6866 4.52492 19.9799 3.82159 19.9799 3.01492C19.9799 2.20826 19.6866 1.51159 19.0999 0.924923C18.5132 0.338255 17.8166 0.0449219 17.0099 0.0449219C16.2032 0.0449219 15.4999 0.338255 14.8999 0.924923C14.2999 1.51159 13.9999 2.21159 13.9999 3.02492C13.9999 3.47826 14.1066 3.90492 14.3199 4.30492L10.5999 8.04492H0.999906C0.666573 8.04492 0.399906 8.17159 0.199906 8.42492C0.0132396 8.71826 -0.0400937 9.01826 0.0399062 9.32492L3.07991 19.3049C3.21324 19.7983 3.53324 20.0449 4.03991 20.0449H16.0399C16.5066 20.0449 16.8266 19.7983 16.9999 19.3049L19.9799 9.32492C20.0466 8.99159 19.9932 8.69159 19.8199 8.42492C19.6066 8.17159 19.3399 8.04492 19.0199 8.04492ZM12.9999 15.0249H11.0199V17.0049H8.99991V15.0249H7.01991V13.0049H8.99991V11.0249H11.0199V13.0049H12.9999V15.0249Z\" fill=\"#CBBDA1\"><\/path><\/g><defs><clipPath id=\"clip0_192_801\"><rect width=\"20\" height=\"20\" fill=\"white\" transform=\"matrix(1 0 0 -1 0 20.0449)\"><\/rect><\/clipPath><\/defs><\/svg>\t\t\t\t<\/span>\n\t\t\t<\/div>\n\t\t\t\n\t\t\t\t\t\t<div class=\"elementor-icon-box-content\">\n\n\t\t\t\t\t\t\t\t\t<h3 class=\"elementor-icon-box-title\">\n\t\t\t\t\t\t<span  >\n\t\t\t\t\t\t\tPlan prehrane\t\t\t\t\t\t<\/span>\n\t\t\t\t\t<\/h3>\n\t\t\t\t\n\t\t\t\t\t\t\t\t\t<p class=\"elementor-icon-box-description\">\n\t\t\t\t\t\t\npersonaliziran\t\t\t\t\t<\/p>\n\t\t\t\t\n\t\t\t<\/div>\n\t\t\t\n\t\t<\/div>\n\t\t\t\t\t\t<\/div>\n\t\t\t\t<\/div>\n\t\t\t\t<\/div>\n\t\t\t\t<\/div>\n\t\t<div class=\"elementor-element elementor-element-e6944c8 e-con-full elementor-hidden-tablet elementor-hidden-mobile e-flex e-con e-child\" data-id=\"e6944c8\" data-element_type=\"container\" data-e-type=\"container\" data-settings=\"{&quot;background_background&quot;:&quot;classic&quot;}\">\n\t\t\t\t<div class=\"elementor-element elementor-element-954897e elementor-widget elementor-widget-spacer\" data-id=\"954897e\" data-element_type=\"widget\" data-e-type=\"widget\" data-widget_type=\"spacer.default\">\n\t\t\t\t<div class=\"elementor-widget-container\">\n\t\t\t\t\t\t\t<div class=\"elementor-spacer\">\n\t\t\t<div class=\"elementor-spacer-inner\"><\/div>\n\t\t<\/div>\n\t\t\t\t\t\t<\/div>\n\t\t\t\t<\/div>\n\t\t\t\t<\/div>\n\t\t\t\t\t<\/div>\n\t\t\t\t<\/div>\n\t\t<div class=\"elementor-element elementor-element-e4324d4 e-flex e-con-boxed e-con e-parent\" data-id=\"e4324d4\" data-element_type=\"container\" data-e-type=\"container\" data-settings=\"{&quot;background_background&quot;:&quot;classic&quot;}\">\n\t\t\t\t\t<div class=\"e-con-inner\">\n\t\t<div class=\"elementor-element elementor-element-9a3fd2f e-con-full e-flex e-con e-child\" data-id=\"9a3fd2f\" data-element_type=\"container\" data-e-type=\"container\">\n\t\t\t\t<div class=\"elementor-element elementor-element-1c1768d elementor-widget elementor-widget-image\" data-id=\"1c1768d\" data-element_type=\"widget\" data-e-type=\"widget\" data-widget_type=\"image.default\">\n\t\t\t\t<div class=\"elementor-widget-container\">\n\t\t\t\t\t\t\t\t\t\t\t\t\t\t\t<img fetchpriority=\"high\" decoding=\"async\" width=\"1500\" height=\"1788\" src=\"https:\/\/marviehotel.com\/wp-content\/uploads\/2025\/04\/83c1d75044db371710bccf41accb43cf02298195.jpg\" class=\"attachment-full size-full wp-image-13392\" alt=\"\" srcset=\"https:\/\/marviehotel.com\/wp-content\/uploads\/2025\/04\/83c1d75044db371710bccf41accb43cf02298195.jpg 1500w, https:\/\/marviehotel.com\/wp-content\/uploads\/2025\/04\/83c1d75044db371710bccf41accb43cf02298195-252x300.jpg 252w, https:\/\/marviehotel.com\/wp-content\/uploads\/2025\/04\/83c1d75044db371710bccf41accb43cf02298195-859x1024.jpg 859w, https:\/\/marviehotel.com\/wp-content\/uploads\/2025\/04\/83c1d75044db371710bccf41accb43cf02298195-768x915.jpg 768w, https:\/\/marviehotel.com\/wp-content\/uploads\/2025\/04\/83c1d75044db371710bccf41accb43cf02298195-1289x1536.jpg 1289w\" sizes=\"(max-width: 1500px) 100vw, 1500px\" \/>\t\t\t\t\t\t\t\t\t\t\t\t\t\t\t<\/div>\n\t\t\t\t<\/div>\n\t\t\t\t<\/div>\n\t\t<div class=\"elementor-element elementor-element-ff7bee3 e-con-full e-flex e-con e-child\" data-id=\"ff7bee3\" data-element_type=\"container\" data-e-type=\"container\">\n\t\t\t\t<div class=\"elementor-element elementor-element-76efd2b elementor-widget elementor-widget-image\" data-id=\"76efd2b\" data-element_type=\"widget\" data-e-type=\"widget\" data-widget_type=\"image.default\">\n\t\t\t\t<div class=\"elementor-widget-container\">\n\t\t\t\t\t\t\t\t\t\t\t\t\t\t\t<img decoding=\"async\" width=\"1728\" height=\"2560\" src=\"https:\/\/marviehotel.com\/wp-content\/uploads\/2025\/04\/92166e24ca5a2cf91ba0880725351538c6040e2c-scaled.jpg\" class=\"attachment-full size-full wp-image-13391\" alt=\"\" srcset=\"https:\/\/marviehotel.com\/wp-content\/uploads\/2025\/04\/92166e24ca5a2cf91ba0880725351538c6040e2c-scaled.jpg 1728w, https:\/\/marviehotel.com\/wp-content\/uploads\/2025\/04\/92166e24ca5a2cf91ba0880725351538c6040e2c-203x300.jpg 203w, https:\/\/marviehotel.com\/wp-content\/uploads\/2025\/04\/92166e24ca5a2cf91ba0880725351538c6040e2c-691x1024.jpg 691w, https:\/\/marviehotel.com\/wp-content\/uploads\/2025\/04\/92166e24ca5a2cf91ba0880725351538c6040e2c-768x1138.jpg 768w, https:\/\/marviehotel.com\/wp-content\/uploads\/2025\/04\/92166e24ca5a2cf91ba0880725351538c6040e2c-1037x1536.jpg 1037w, https:\/\/marviehotel.com\/wp-content\/uploads\/2025\/04\/92166e24ca5a2cf91ba0880725351538c6040e2c-1383x2048.jpg 1383w\" sizes=\"(max-width: 1728px) 100vw, 1728px\" \/>\t\t\t\t\t\t\t\t\t\t\t\t\t\t\t<\/div>\n\t\t\t\t<\/div>\n\t\t\t\t<\/div>\n\t\t\t\t\t<\/div>\n\t\t\t\t<\/div>\n\t\t<div class=\"elementor-element elementor-element-36d692f e-flex e-con-boxed e-con e-parent\" data-id=\"36d692f\" data-element_type=\"container\" data-e-type=\"container\" data-settings=\"{&quot;background_background&quot;:&quot;classic&quot;}\">\n\t\t\t\t\t<div class=\"e-con-inner\">\n\t\t\t\t<div class=\"elementor-element elementor-element-26b8b9d elementor-widget elementor-widget-menu-anchor\" data-id=\"26b8b9d\" data-element_type=\"widget\" data-e-type=\"widget\" data-widget_type=\"menu-anchor.default\">\n\t\t\t\t<div class=\"elementor-widget-container\">\n\t\t\t\t\t\t\t<div class=\"elementor-menu-anchor\" id=\"desc\"><\/div>\n\t\t\t\t\t\t<\/div>\n\t\t\t\t<\/div>\n\t\t\t\t\t<\/div>\n\t\t\t\t<\/div>\n\t\t<div class=\"elementor-element elementor-element-3052fac e-flex e-con-boxed e-con e-parent\" data-id=\"3052fac\" data-element_type=\"container\" data-e-type=\"container\" data-settings=\"{&quot;background_background&quot;:&quot;classic&quot;}\">\n\t\t\t\t\t<div class=\"e-con-inner\">\n\t\t\t\t<div class=\"elementor-element elementor-element-aed9600 sub-heading elementor-widget elementor-widget-heading\" data-id=\"aed9600\" data-element_type=\"widget\" data-e-type=\"widget\" data-widget_type=\"heading.default\">\n\t\t\t\t<div class=\"elementor-widget-container\">\n\t\t\t\t\t<h5 class=\"elementor-heading-title elementor-size-default\">zdravlje<\/h5>\t\t\t\t<\/div>\n\t\t\t\t<\/div>\n\t\t\t\t<div class=\"elementor-element elementor-element-f418346 elementor-widget__width-initial elementor-widget elementor-widget-heading\" data-id=\"f418346\" data-element_type=\"widget\" data-e-type=\"widget\" data-widget_type=\"heading.default\">\n\t\t\t\t<div class=\"elementor-widget-container\">\n\t\t\t\t\t<h2 class=\"elementor-heading-title elementor-size-default\">Individualni nutricionisti\u010dki pristup<\/h2>\t\t\t\t<\/div>\n\t\t\t\t<\/div>\n\t\t<div class=\"elementor-element elementor-element-5ad4628 e-con-full e-flex e-con e-child\" data-id=\"5ad4628\" data-element_type=\"container\" data-e-type=\"container\">\n\t\t\t\t<div class=\"elementor-element elementor-element-9f94908 elementor-widget__width-initial elementor-hidden-tablet elementor-hidden-mobile elementor-widget elementor-widget-text-editor\" data-id=\"9f94908\" data-element_type=\"widget\" data-e-type=\"widget\" data-widget_type=\"text-editor.default\">\n\t\t\t\t<div class=\"elementor-widget-container\">\n\t\t\t\t\t\t\t\t\t<p>Temeljem detaljne analize prehrane i sastava tijela, kreira se individualni plan prilago\u0111en potrebama, ciljevima i zdravstvenom stanju svakog pojedinca. Cilj je posti\u0107i ravnote\u017eu, pobolj\u0161ati op\u0107e zdravstveno stanje i razviti dugoro\u010dno odr\u017eive navike.<\/p>\t\t\t\t\t\t\t\t<\/div>\n\t\t\t\t<\/div>\n\t\t\t\t<div class=\"elementor-element elementor-element-c129fb9 elementor-widget__width-initial elementor-hidden-tablet elementor-hidden-mobile elementor-widget elementor-widget-text-editor\" data-id=\"c129fb9\" data-element_type=\"widget\" data-e-type=\"widget\" data-widget_type=\"text-editor.default\">\n\t\t\t\t<div class=\"elementor-widget-container\">\n\t\t\t\t\t\t\t\t\t<p>Nutrient svakom klijentu pristupa stru\u010dno, nje\u017eno i bez osu\u0111ivanja \u2013 jer odnos prema hrani odraz je odnosa prema sebi.<\/p><p>\u00a0<\/p><p><strong>Nutrient \u2013 stru\u010dna podr\u0161ka za zdraviju svakodnevicu<\/strong><\/p>\t\t\t\t\t\t\t\t<\/div>\n\t\t\t\t<\/div>\n\t\t\t\t<div class=\"elementor-element elementor-element-61c9ed9 elementor-widget__width-initial elementor-hidden-desktop elementor-hidden-laptop elementor-hidden-tablet_extra elementor-widget elementor-widget-text-editor\" data-id=\"61c9ed9\" data-element_type=\"widget\" data-e-type=\"widget\" data-widget_type=\"text-editor.default\">\n\t\t\t\t<div class=\"elementor-widget-container\">\n\t\t\t\t\t\t\t\t\t<p>Temeljem detaljne analize prehrane i sastava tijela, kreira se individualni plan prilago\u0111en potrebama, ciljevima i zdravstvenom stanju svakog pojedinca. Cilj je posti\u0107i ravnote\u017eu, pobolj\u0161ati op\u0107e zdravstveno stanje i razviti dugoro\u010dno odr\u017eive navike.<\/p><p>Nutrient svakom klijentu pristupa stru\u010dno, nje\u017eno i bez osu\u0111ivanja \u2013 jer odnos prema hrani odraz je odnosa prema sebi.<\/p><p><strong>Nutrient \u2013 stru\u010dna podr\u0161ka za zdraviju svakodnevicu<\/strong><\/p>\t\t\t\t\t\t\t\t<\/div>\n\t\t\t\t<\/div>\n\t\t\t\t<\/div>\n\t\t\t\t\t<\/div>\n\t\t\t\t<\/div>\n\t\t<div class=\"elementor-element elementor-element-c0ac921 e-flex e-con-boxed e-con e-parent\" data-id=\"c0ac921\" data-element_type=\"container\" data-e-type=\"container\" data-settings=\"{&quot;background_background&quot;:&quot;classic&quot;}\">\n\t\t\t\t\t<div class=\"e-con-inner\">\n\t\t<div class=\"elementor-element elementor-element-388a82d e-con-full e-flex e-con e-child\" data-id=\"388a82d\" data-element_type=\"container\" data-e-type=\"container\">\n\t\t\t\t<div class=\"elementor-element elementor-element-6d5a04a elementor-widget__width-initial elementor-widget elementor-widget-heading\" data-id=\"6d5a04a\" data-element_type=\"widget\" data-e-type=\"widget\" data-widget_type=\"heading.default\">\n\t\t\t\t<div class=\"elementor-widget-container\">\n\t\t\t\t\t<h2 class=\"elementor-heading-title elementor-size-default\">Na raspolaganju su sljede\u0107e usluge:<\/h2>\t\t\t\t<\/div>\n\t\t\t\t<\/div>\n\t\t<div class=\"elementor-element elementor-element-e01edbf e-con-full e-flex e-con e-child\" data-id=\"e01edbf\" data-element_type=\"container\" data-e-type=\"container\" data-index=\"1\">\n\t\t\t\t<div class=\"elementor-element elementor-element-a295c3d elementor-widget elementor-widget-heading\" data-id=\"a295c3d\" data-element_type=\"widget\" data-e-type=\"widget\" data-widget_type=\"heading.default\">\n\t\t\t\t<div class=\"elementor-widget-container\">\n\t\t\t\t\t<h4 class=\"elementor-heading-title elementor-size-default\">Nutricionisti\u010dko savjetovanje \u2013 analiza prehrambenih navika i sastava tijela\n<\/h4>\t\t\t\t<\/div>\n\t\t\t\t<\/div>\n\t\t\t\t<div class=\"elementor-element elementor-element-622a579 elementor-widget-divider--view-line elementor-widget elementor-widget-divider\" data-id=\"622a579\" data-element_type=\"widget\" data-e-type=\"widget\" data-widget_type=\"divider.default\">\n\t\t\t\t<div class=\"elementor-widget-container\">\n\t\t\t\t\t\t\t<div class=\"elementor-divider\">\n\t\t\t<span class=\"elementor-divider-separator\">\n\t\t\t\t\t\t<\/span>\n\t\t<\/div>\n\t\t\t\t\t\t<\/div>\n\t\t\t\t<\/div>\n\t\t\t\t<div class=\"elementor-element elementor-element-b9e4ec7 elementor-widget elementor-widget-heading\" data-id=\"b9e4ec7\" data-element_type=\"widget\" data-e-type=\"widget\" data-widget_type=\"heading.default\">\n\t\t\t\t<div class=\"elementor-widget-container\">\n\t\t\t\t\t<h4 class=\"elementor-heading-title elementor-size-default\">Izrada individualnog plana prehrane \u2013 prema osobnim ciljevima i stanju organizma\n<\/h4>\t\t\t\t<\/div>\n\t\t\t\t<\/div>\n\t\t\t\t<div class=\"elementor-element elementor-element-9faa9e8 elementor-widget-divider--view-line elementor-widget elementor-widget-divider\" data-id=\"9faa9e8\" data-element_type=\"widget\" data-e-type=\"widget\" data-widget_type=\"divider.default\">\n\t\t\t\t<div class=\"elementor-widget-container\">\n\t\t\t\t\t\t\t<div class=\"elementor-divider\">\n\t\t\t<span class=\"elementor-divider-separator\">\n\t\t\t\t\t\t<\/span>\n\t\t<\/div>\n\t\t\t\t\t\t<\/div>\n\t\t\t\t<\/div>\n\t\t\t\t<div class=\"elementor-element elementor-element-3132a42 elementor-widget elementor-widget-heading\" data-id=\"3132a42\" data-element_type=\"widget\" data-e-type=\"widget\" data-widget_type=\"heading.default\">\n\t\t\t\t<div class=\"elementor-widget-container\">\n\t\t\t\t\t<h4 class=\"elementor-heading-title elementor-size-default\">Izrada prehrambenih smjernica \u2013 konkretne preporuke za svakodnevnu prehranu\n<\/h4>\t\t\t\t<\/div>\n\t\t\t\t<\/div>\n\t\t\t\t<div class=\"elementor-element elementor-element-8a5aacd elementor-widget-divider--view-line elementor-widget elementor-widget-divider\" data-id=\"8a5aacd\" data-element_type=\"widget\" data-e-type=\"widget\" data-widget_type=\"divider.default\">\n\t\t\t\t<div class=\"elementor-widget-container\">\n\t\t\t\t\t\t\t<div class=\"elementor-divider\">\n\t\t\t<span class=\"elementor-divider-separator\">\n\t\t\t\t\t\t<\/span>\n\t\t<\/div>\n\t\t\t\t\t\t<\/div>\n\t\t\t\t<\/div>\n\t\t\t\t<div class=\"elementor-element elementor-element-bef8871 elementor-widget elementor-widget-heading\" data-id=\"bef8871\" data-element_type=\"widget\" data-e-type=\"widget\" data-widget_type=\"heading.default\">\n\t\t\t\t<div class=\"elementor-widget-container\">\n\t\t\t\t\t<h4 class=\"elementor-heading-title elementor-size-default\">Edukacija o prehrani \u2013 za pojedince i grupe, s naglaskom na zdravlje i performanse\n\n<\/h4>\t\t\t\t<\/div>\n\t\t\t\t<\/div>\n\t\t\t\t<div class=\"elementor-element elementor-element-7b2ba7e elementor-widget-divider--view-line elementor-widget elementor-widget-divider\" data-id=\"7b2ba7e\" data-element_type=\"widget\" data-e-type=\"widget\" data-widget_type=\"divider.default\">\n\t\t\t\t<div class=\"elementor-widget-container\">\n\t\t\t\t\t\t\t<div class=\"elementor-divider\">\n\t\t\t<span class=\"elementor-divider-separator\">\n\t\t\t\t\t\t<\/span>\n\t\t<\/div>\n\t\t\t\t\t\t<\/div>\n\t\t\t\t<\/div>\n\t\t\t\t<div class=\"elementor-element elementor-element-9abc32f elementor-widget elementor-widget-heading\" data-id=\"9abc32f\" data-element_type=\"widget\" data-e-type=\"widget\" data-widget_type=\"heading.default\">\n\t\t\t\t<div class=\"elementor-widget-container\">\n\t\t\t\t\t<h4 class=\"elementor-heading-title elementor-size-default\">Nutricionisti\u010dko pra\u0107enje \u2013 redovita kontrola napretka i prilagodba plana<\/h4>\t\t\t\t<\/div>\n\t\t\t\t<\/div>\n\t\t\t\t<\/div>\n\t\t\t\t<\/div>\n\t\t\t\t\t<\/div>\n\t\t\t\t<\/div>\n\t\t\t\t<\/div>\n\t\t","protected":false},"excerpt":{"rendered":"<p>zdravlje Nutricionisti\u010dko savjetovanje Nutrient zdravlje Stru\u010dnost u slu\u017ebi zdravlja Prehrana je temelj vitalnosti, zdravlja i dobrog osje\u0107aja. U sklopu zdravstvenih usluga hotela, Nutrient \u2013 nutricionisti\u010dka praksa koju vode magistrice nutricionizma Marija Selak i Dora Bu\u010dan Nenadi\u0107 \u2013 pru\u017ea personalizirane usluge savjetovanja, edukacije i pra\u0107enja prehrambenih navika. Nutricionizam konzultacije, vodstvo, podr\u0161ka Plan prehrane personaliziran zdravlje Individualni [&hellip;]<\/p>\n","protected":false},"author":1,"featured_media":0,"parent":0,"menu_order":0,"comment_status":"closed","ping_status":"closed","template":"","meta":{"footnotes":""},"class_list":["post-14273","page","type-page","status-publish","hentry"],"aioseo_notices":[],"_links":{"self":[{"href":"https:\/\/marviehotel.com\/hr\/wp-json\/wp\/v2\/pages\/14273","targetHints":{"allow":["GET"]}}],"collection":[{"href":"https:\/\/marviehotel.com\/hr\/wp-json\/wp\/v2\/pages"}],"about":[{"href":"https:\/\/marviehotel.com\/hr\/wp-json\/wp\/v2\/types\/page"}],"author":[{"embeddable":true,"href":"https:\/\/marviehotel.com\/hr\/wp-json\/wp\/v2\/users\/1"}],"replies":[{"embeddable":true,"href":"https:\/\/marviehotel.com\/hr\/wp-json\/wp\/v2\/comments?post=14273"}],"version-history":[{"count":17,"href":"https:\/\/marviehotel.com\/hr\/wp-json\/wp\/v2\/pages\/14273\/revisions"}],"predecessor-version":[{"id":15542,"href":"https:\/\/marviehotel.com\/hr\/wp-json\/wp\/v2\/pages\/14273\/revisions\/15542"}],"wp:attachment":[{"href":"https:\/\/marviehotel.com\/hr\/wp-json\/wp\/v2\/media?parent=14273"}],"curies":[{"name":"wp","href":"https:\/\/api.w.org\/{rel}","templated":true}]}}