{"id":14714,"date":"2025-04-16T11:48:54","date_gmt":"2025-04-16T11:48:54","guid":{"rendered":"https:\/\/bswdev.eu\/marvie\/terms-use-website"},"modified":"2025-11-15T09:59:39","modified_gmt":"2025-11-15T09:59:39","slug":"pravila-i-propisi","status":"publish","type":"page","link":"https:\/\/marviehotel.com\/hr\/pravila-i-propisi","title":{"rendered":"Pravila i propisi"},"content":{"rendered":"\t\t<div data-elementor-type=\"wp-page\" data-elementor-id=\"14714\" class=\"elementor elementor-14714 elementor-12210\" data-elementor-post-type=\"page\">\n\t\t\t\t<div class=\"elementor-element elementor-element-afd42db e-flex e-con-boxed e-con e-parent\" data-id=\"afd42db\" data-element_type=\"container\" data-e-type=\"container\" data-settings=\"{&quot;background_background&quot;:&quot;classic&quot;}\">\n\t\t\t\t\t<div class=\"e-con-inner\">\n\t\t<div class=\"elementor-element elementor-element-2309c1b e-con-full e-flex e-con e-child\" data-id=\"2309c1b\" data-element_type=\"container\" data-e-type=\"container\">\n\t\t\t\t<div class=\"elementor-element elementor-element-a31af5e elementor-widget elementor-widget-heading\" data-id=\"a31af5e\" data-element_type=\"widget\" data-e-type=\"widget\" data-widget_type=\"heading.default\">\n\t\t\t\t<div class=\"elementor-widget-container\">\n\t\t\t\t\t<h2 class=\"elementor-heading-title elementor-size-default\">Pravila i propisi<\/h2>\t\t\t\t<\/div>\n\t\t\t\t<\/div>\n\t\t\t\t<div class=\"elementor-element elementor-element-2971536 elementor-widget elementor-widget-heading\" data-id=\"2971536\" data-element_type=\"widget\" data-e-type=\"widget\" data-widget_type=\"heading.default\">\n\t\t\t\t<div class=\"elementor-widget-container\">\n\t\t\t\t\t<h2 class=\"elementor-heading-title elementor-size-default\">Dobro do\u0161li na stranice dru\u0161tva KRUPA d.o.o. (Marvie Hotel and Health)<\/h2>\t\t\t\t<\/div>\n\t\t\t\t<\/div>\n\t\t\t\t<div class=\"elementor-element elementor-element-9522b2a elementor-widget elementor-widget-text-editor\" data-id=\"9522b2a\" data-element_type=\"widget\" data-e-type=\"widget\" data-widget_type=\"text-editor.default\">\n\t\t\t\t<div class=\"elementor-widget-container\">\n\t\t\t\t\t\t\t\t\t<p>U ovim Uvjetima kori\u0161tenja utvr\u0111ena su pravila i propisi za kori\u0161tenje mre\u017enom stranicom dru\u0161tva KRUPA d.o.o. (Marvie Hotel and Health).<\/p><p>KRUPA d.o.o. (Marvie Hotel and Health) nalazi se na adresi:<\/p><p>Peri\u010di\u0107eva 1, Split \u2013 21000, Hrvatska<\/p><p>Pristupanjem ovoj mre\u017enoj stranici pretpostavljamo da u potpunosti prihva\u0107ate ove uvjete kori\u0161tenja. Nemojte nastaviti s kori\u0161tenjem mre\u017ene stranice dru\u0161tva KRUPA d.o.o. (Marvie Hotel and Health) ako ne prihva\u0107ate sve uvjete kori\u0161tenja navedene na ovoj stranici.<\/p><p>Na ove Uvjete kori\u0161tenja, Izjavu o privatnosti i Obavijest o odricanju od odgovornosti te sve na\u0161e Ugovore primjenjuju se sljede\u0107i izrazi: izrazi \u201eklijent\u201d, \u201evi\u201d i \u201eva\u0161\u201d odnose se na vas, osobu koja pristupa ovoj mre\u017enoj stranici i prihva\u0107a uvjete kori\u0161tenja Dru\u0161tva. Izrazi \u201edru\u0161tvo\u201d, \u201enas\u201d, \u201emi\u201d i \u201ena\u0161\u201d odnose se na Dru\u0161tvo. Izrazi \u201eugovorna strana\u201d, \u201eugovorne strane\u201d ili \u201emi\u201d odnose se na klijenta i nas ili na klijenta ili nas. Svi se izrazi odnose na ponudu, prihva\u0107anje i razmatranje pla\u0107anja potrebnog za provedbu postupka na\u0161e pomo\u0107i klijentu na najprikladniji na\u010din, neovisno o tome radi li se o slu\u017ebenim sastancima u odre\u0111enom trajanju ili bilo kojem drugom sredstvu, isklju\u010divo u svrhu ispunjavanja potreba klijenta u pogledu pru\u017eanja navedenih usluga\/proizvoda dru\u0161tva, u skladu s i podlo\u017eno va\u017ee\u0107em zakonodavstvu Hrvatske. Svaka uporaba prethodno navedenog nazivlja ili drugih rije\u010di u jednini ili mno\u017eini, s razli\u010ditim po\u010detnim slovima i\/ili u oblicima on\/ona\/oni me\u0111usobno je zamjenjivo, a izrazi se odnose na iste pojmove.<\/p>\t\t\t\t\t\t\t\t<\/div>\n\t\t\t\t<\/div>\n\t\t\t\t<div class=\"elementor-element elementor-element-cf529e3 elementor-widget elementor-widget-heading\" data-id=\"cf529e3\" data-element_type=\"widget\" data-e-type=\"widget\" data-widget_type=\"heading.default\">\n\t\t\t\t<div class=\"elementor-widget-container\">\n\t\t\t\t\t<h2 class=\"elementor-heading-title elementor-size-default\">Kola\u010di\u0107i<\/h2>\t\t\t\t<\/div>\n\t\t\t\t<\/div>\n\t\t\t\t<div class=\"elementor-element elementor-element-4b74f80 elementor-widget elementor-widget-text-editor\" data-id=\"4b74f80\" data-element_type=\"widget\" data-e-type=\"widget\" data-widget_type=\"text-editor.default\">\n\t\t\t\t<div class=\"elementor-widget-container\">\n\t\t\t\t\t\t\t\t\t<p>Na\u0161a mre\u017ena stranica koristi se kola\u010di\u0107ima, kao i ve\u0107ina dana\u0161njih interaktivnih mre\u017enih stranica, a sve u svrhu pobolj\u0161anja funkcionalnosti mre\u017ene stranice, kao i omogu\u0107avanja boljeg korisni\u010dkog iskustva na istoj. Politika kori\u0161tenja kola\u010di\u0107a na na\u0161oj mre\u017enoj stranici nalazi se u dokumentu pod nazivom Postavke Kola\u010di\u0107a.<\/p>\t\t\t\t\t\t\t\t<\/div>\n\t\t\t\t<\/div>\n\t\t\t\t<div class=\"elementor-element elementor-element-2ae331e elementor-widget elementor-widget-heading\" data-id=\"2ae331e\" data-element_type=\"widget\" data-e-type=\"widget\" data-widget_type=\"heading.default\">\n\t\t\t\t<div class=\"elementor-widget-container\">\n\t\t\t\t\t<h2 class=\"elementor-heading-title elementor-size-default\">Licencija<\/h2>\t\t\t\t<\/div>\n\t\t\t\t<\/div>\n\t\t\t\t<div class=\"elementor-element elementor-element-b89af28 elementor-widget elementor-widget-text-editor\" data-id=\"b89af28\" data-element_type=\"widget\" data-e-type=\"widget\" data-widget_type=\"text-editor.default\">\n\t\t\t\t<div class=\"elementor-widget-container\">\n\t\t\t\t\t\t\t\t\t<p>Osim ako nije druga\u010dije navedeno, dru\u0161tvo KRUPA d.o.o. (Marvie Hotel and Health) i\/ili njegovi davatelji licencije posjeduju prava intelektualnog vlasni\u0161tva za sve materijale na mre\u017enoj stranici dru\u0161tva KRUPA d.o.o. (Marvie Hotel and Health). Sva su prava intelektualnog vlasni\u0161tva pridr\u017eana. Mo\u017eete pregledavati i\/ili ispisivati stranice s mre\u017enog mjesta https:\/\/www.marviehotel.com\/ za osobnu uporabu u skladu s ograni\u010denjima utvr\u0111enima u ovim uvjetima kori\u0161tenja.<\/p><p>Ne smijete:<\/p><p>ponovno objavljivati materijal s mre\u017enog mjesta https:\/\/www.marviehotel.com\/<\/p><p>prodavati, iznajmljivati ili davati podlicenciju za materijal s mre\u017enog mjesta https:\/\/www.marviehotel.com\/<\/p><p>reproducirati, umno\u017eavati ili kopirati materijal s mre\u017enog mjesta https:\/\/www.marviehotel.com\/<\/p><p>ponovno distribuirati sadr\u017eaj s mre\u017enog mjesta KRUPA d.o.o. (Marvie Hotel and Health) (osim ako sadr\u017eaj nije izri\u010dito namijenjen za ponovnu distribuciju).<\/p>\t\t\t\t\t\t\t\t<\/div>\n\t\t\t\t<\/div>\n\t\t\t\t<div class=\"elementor-element elementor-element-1cf00c5 elementor-widget elementor-widget-heading\" data-id=\"1cf00c5\" data-element_type=\"widget\" data-e-type=\"widget\" data-widget_type=\"heading.default\">\n\t\t\t\t<div class=\"elementor-widget-container\">\n\t\t\t\t\t<h2 class=\"elementor-heading-title elementor-size-default\">Stavljanje poveznica na na\u0161 sadr\u017eaj<\/h2>\t\t\t\t<\/div>\n\t\t\t\t<\/div>\n\t\t\t\t<div class=\"elementor-element elementor-element-135af46 elementor-widget elementor-widget-text-editor\" data-id=\"135af46\" data-element_type=\"widget\" data-e-type=\"widget\" data-widget_type=\"text-editor.default\">\n\t\t\t\t<div class=\"elementor-widget-container\">\n\t\t\t\t\t\t\t\t\t<p>Sljede\u0107e organizacije smiju stavljati poveznice na na\u0161u mre\u017enu stranicu bez prethodnog odobrenja:<\/p><p>dr\u017eavne agencije;<\/p><p>tra\u017eilice;<\/p><p>novinske organizacije;<\/p><p>kada nas navode u imeniku, distributeri mre\u017enog imenika smiju stavljati poveznicu na na\u0161u mre\u017enu stranicu na isti na\u010din<\/p><p>na koji to \u010dine s mre\u017enim stranicama ostalih navedenih poduze\u0107a; i<\/p><p>poduze\u0107a akreditirana na razini sustava, osim neprofitnih organizacija koje tra\u017ee doprinos, humanitarnih trgova\u010dkih centara i skupina za prikupljanje dobrotvornih sredstava, koji ne smiju stavljati poveznice na na\u0161u mre\u017enu stranicu.<\/p><p>Ove organizacije smiju stavljati poveznice na na\u0161u po\u010detnu stranicu, publikacije ili druge informacije navedene na mre\u017enoj stranici ako poveznica: (a) ni na koji na\u010din nije zavaravaju\u0107a; (b) ne daje la\u017ean dojam o sponzorstvu, reklamiranju ili odobrenju strane koja objavljuje poveznicu i njezinih proizvoda ili usluga te (c) ako je u skladu s kontekstom stranice strane koja postavlja poveznicu.<\/p><p>Prema vlastitom naho\u0111enju mo\u017eemo razmotriti i odobriti ostale zahtjeve za poveznice od sljede\u0107ih vrsta organizacija:<\/p><p>uobi\u010dajeno poznatih izvora informacija za potro\u0161a\u010de i\/ili poduze\u0107a, kao \u0161to su trgova\u010dke komore, Ameri\u010dko udru\u017eenje proizvo\u0111a\u010da automobila, AARP i Udruga potro\u0161a\u010da;<\/p><p>web-mjesta zajednice dot.com;<\/p><p>udruga ili drugih skupina koje zastupaju dobrotvorne udruge, uklju\u010duju\u0107i stranice za humanitarnu pomo\u0107;<\/p><p>distributera mre\u017enih imenika;<\/p><p>internetskih portala;<\/p><p>ra\u010dunovodstvenih, pravnih i savjetodavnih poduze\u0107a \u010diji su glavni klijenti poduze\u0107a; i<\/p><p>obrazovnih institucija i trgova\u010dkih udruga.<\/p><p>Odobrit \u0107emo zahtjeve za poveznice od tih organizacija ako utvrdimo sljede\u0107e: (a) poveznice se ne\u0107e negativno odraziti na nas ili na\u0161a akreditirana poduze\u0107a (primjerice, trgova\u010dke udruge ili druge organizacije koje zastupaju sumnjive vrste djelovanja, kao \u0161to su prilike za rad od doma, ne\u0107e smjeti stavljati poveznice); (b) nemamo neugodno iskustvo s organizacijom; (c) korist koju mo\u017eemo ostvariti od vidljivosti povezane s poveznicom nadma\u0161uje nepostojanje te poveznice; i (d) poveznica je u kontekstu op\u0107ih informacija o resursima ili je op\u0107enito dosljedna s uredni\u010dkim sadr\u017eajem u biltenu ili sli\u010dnom proizvodu koji unaprje\u0111uje zadatak organizacije.<\/p><p>Ove organizacije smiju stavljati poveznice na na\u0161u po\u010detnu stranicu, publikacije ili druge informacije navedene na mre\u017enoj stranici ako poveznica: (a) ni na koji na\u010din nije zavaravaju\u0107a; (b) ne stvara zabludu u pogledu sponzorstva, reklame ili odobrenja strane koja postavlja poveznicu i njezinih proizvoda ili usluga; i (c) ako je u skladu s kontekstom stranice strane koja postavlja poveznicu.<\/p><p>Ako ste me\u0111u organizacijama navedenima u stavku 2. i zainteresirani ste za objavu poveznice na na\u0161u mre\u017enu stranicu, morate nas obavijestiti o tome slanjem e-po\u0161te na adresu info@marviehotel.com. Navedite svoje ime, naziv svoje organizacije, kontaktne informacije (kao \u0161to je broj telefona i\/ili adresa e-po\u0161te), kao i URL va\u0161e mre\u017ene stranice, popis svih URL-ova s kojih namjeravate stavljati poveznicu na na\u0161u mre\u017enu stranicu i popis URL-ova na na\u0161oj mre\u017enoj stranici za koje \u017eelite staviti poveznicu. Mo\u017ee potrajati 2-3 tjedna dok ne dobijete odgovor.<\/p><p>Odobrene organizacije smiju stavljati poveznice na na\u0161u mre\u017enu stranicu kako slijedi:<\/p><p>kori\u0161tenjem na\u0161eg korporativnog naziva; ili<\/p><p>kori\u0161tenjem jednozna\u010dno odre\u0111ene adrese nekog izvora (mre\u017ene adrese) za koju se stavlja poveznica; ili<\/p><p>kori\u0161tenjem bilo kojeg drugog opisa na\u0161e mre\u017ene stranice ili materijala za koji se stavlja poveznica smislenog u kontekstu formata sadr\u017eaja na stranici strane koja objavljuje poveznicu.<\/p><p>Nije dopu\u0161teno kori\u0161tenje logotipa i slika dru\u0161tva KRUPA d.o.o. (Marvie Hotel and Health) za objavu poveznica bez ugovora o licenciranju trgova\u010dkog znaka.<\/p>\t\t\t\t\t\t\t\t<\/div>\n\t\t\t\t<\/div>\n\t\t\t\t<div class=\"elementor-element elementor-element-20a108f elementor-widget elementor-widget-heading\" data-id=\"20a108f\" data-element_type=\"widget\" data-e-type=\"widget\" data-widget_type=\"heading.default\">\n\t\t\t\t<div class=\"elementor-widget-container\">\n\t\t\t\t\t<h2 class=\"elementor-heading-title elementor-size-default\">Iframes<\/h2>\t\t\t\t<\/div>\n\t\t\t\t<\/div>\n\t\t\t\t<div class=\"elementor-element elementor-element-0672807 elementor-widget elementor-widget-text-editor\" data-id=\"0672807\" data-element_type=\"widget\" data-e-type=\"widget\" data-widget_type=\"text-editor.default\">\n\t\t\t\t<div class=\"elementor-widget-container\">\n\t\t\t\t\t\t\t\t\t<p>Ne smijete stavljati okvire oko na\u0161ih mre\u017enih stranica ili koristiti druge tehnike koje na bilo koji na\u010din mijenjaju vizualnu prezentaciju ili izgled na\u0161e mre\u017ene stranice bez prethodnog odobrenja i izri\u010ditog pisanog dopu\u0161tenja.<\/p>\t\t\t\t\t\t\t\t<\/div>\n\t\t\t\t<\/div>\n\t\t\t\t<div class=\"elementor-element elementor-element-4a05a00 elementor-widget elementor-widget-heading\" data-id=\"4a05a00\" data-element_type=\"widget\" data-e-type=\"widget\" data-widget_type=\"heading.default\">\n\t\t\t\t<div class=\"elementor-widget-container\">\n\t\t\t\t\t<h2 class=\"elementor-heading-title elementor-size-default\">Zadr\u017eavanje prava<\/h2>\t\t\t\t<\/div>\n\t\t\t\t<\/div>\n\t\t\t\t<div class=\"elementor-element elementor-element-02e4986 elementor-widget elementor-widget-text-editor\" data-id=\"02e4986\" data-element_type=\"widget\" data-e-type=\"widget\" data-widget_type=\"text-editor.default\">\n\t\t\t\t<div class=\"elementor-widget-container\">\n\t\t\t\t\t\t\t\t\t<p>Zadr\u017eavamo pravo da u svakom trenutku i prema vlastitom naho\u0111enju zatra\u017eimo da uklonite sve poveznice ili odre\u0111enu poveznicu na na\u0161u mre\u017enu stranicu. Du\u017eni ste pristati na trenuta\u010dno uklanjanje svih poveznica na na\u0161u mre\u017enu stranicu na takav zahtjev. Tako\u0111er zadr\u017eavamo pravo da u svakom trenutku izmijenimo ove uvjete kori\u0161tenja i politiku postavljanja poveznica. Ako nastavite stavljati poveznice na na\u0161u mre\u017enu stranicu, obvezujete se na pridr\u017eavanje ovih uvjeta postavljanja poveznica.<\/p>\t\t\t\t\t\t\t\t<\/div>\n\t\t\t\t<\/div>\n\t\t\t\t<div class=\"elementor-element elementor-element-c6d42b7 elementor-widget elementor-widget-heading\" data-id=\"c6d42b7\" data-element_type=\"widget\" data-e-type=\"widget\" data-widget_type=\"heading.default\">\n\t\t\t\t<div class=\"elementor-widget-container\">\n\t\t\t\t\t<h2 class=\"elementor-heading-title elementor-size-default\">Uklanjanje poveznica s na\u0161e mre\u017ene stranice<\/h2>\t\t\t\t<\/div>\n\t\t\t\t<\/div>\n\t\t\t\t<div class=\"elementor-element elementor-element-02e6bc3 elementor-widget elementor-widget-text-editor\" data-id=\"02e6bc3\" data-element_type=\"widget\" data-e-type=\"widget\" data-widget_type=\"text-editor.default\">\n\t\t\t\t<div class=\"elementor-widget-container\">\n\t\t\t\t\t\t\t\t\t<p>Ako prona\u0111ete bilo kakvu poveznicu na na\u0161oj mre\u017enoj stranici ili bilo kojoj povezanoj mre\u017enoj stranici koja je iz bilo kojeg razloga upitna, mo\u017eete nam se obratiti zbog toga. Razmotrit \u0107emo zahtjeve za uklanjanje poveznica, ali nismo du\u017eni to u\u010diniti ili vam izravno odgovoriti. Iako nastojimo zajam\u010diti da su informacije na ovoj mre\u017enoj stranici to\u010dne, ne jam\u010dimo njihovu potpunost ili to\u010dnost i ne obvezujemo se da \u0107emo jam\u010diti dostupnost mre\u017ene stranice ili a\u017eurnost sadr\u017eaja na mre\u017enoj stranici.<\/p>\t\t\t\t\t\t\t\t<\/div>\n\t\t\t\t<\/div>\n\t\t\t\t<div class=\"elementor-element elementor-element-9561f07 elementor-widget elementor-widget-heading\" data-id=\"9561f07\" data-element_type=\"widget\" data-e-type=\"widget\" data-widget_type=\"heading.default\">\n\t\t\t\t<div class=\"elementor-widget-container\">\n\t\t\t\t\t<h2 class=\"elementor-heading-title elementor-size-default\">Odgovornost za sadr\u017eaj<\/h2>\t\t\t\t<\/div>\n\t\t\t\t<\/div>\n\t\t\t\t<div class=\"elementor-element elementor-element-635d206 elementor-widget elementor-widget-text-editor\" data-id=\"635d206\" data-element_type=\"widget\" data-e-type=\"widget\" data-widget_type=\"text-editor.default\">\n\t\t\t\t<div class=\"elementor-widget-container\">\n\t\t\t\t\t\t\t\t\t<p>Ne preuzimamo odgovornost za bilo kakav sadr\u017eaj koji se pojavljuje na va\u0161oj mre\u017enoj stranici. Obvezujete se da \u0107ete nas obe\u0161tetiti i za\u0161tititi od svih potra\u017eivanja koja proizlaze iz ili na temelju va\u0161e mre\u017ene stranice. Ni na jednoj stranici va\u0161eg mre\u017enog mjesta ili u bilo kojem kontekstu ne smiju se pojaviti poveznice koje sadr\u017eavaju sadr\u017eaj ili materijale koji se mogu protuma\u010diti kao pogrdni, opsceni ili kriminalni ili koji kr\u0161e, na drugi na\u010din povrje\u0111uju ili poti\u010du na kr\u0161enje ili drugi oblik povrede bilo kojeg prava tre\u0107e strane.<\/p>\t\t\t\t\t\t\t\t<\/div>\n\t\t\t\t<\/div>\n\t\t\t\t<div class=\"elementor-element elementor-element-0de9fd5 elementor-widget elementor-widget-heading\" data-id=\"0de9fd5\" data-element_type=\"widget\" data-e-type=\"widget\" data-widget_type=\"heading.default\">\n\t\t\t\t<div class=\"elementor-widget-container\">\n\t\t\t\t\t<h2 class=\"elementor-heading-title elementor-size-default\">Odricanje od odgovornosti<\/h2>\t\t\t\t<\/div>\n\t\t\t\t<\/div>\n\t\t\t\t<div class=\"elementor-element elementor-element-a41c3f1 elementor-widget elementor-widget-text-editor\" data-id=\"a41c3f1\" data-element_type=\"widget\" data-e-type=\"widget\" data-widget_type=\"text-editor.default\">\n\t\t\t\t<div class=\"elementor-widget-container\">\n\t\t\t\t\t\t\t\t\t<p>Koliko je to dopu\u0161teno zakonom, isklju\u010dujemo sve izjave, jamstva i uvjete povezane s na\u0161om mre\u017enom stranicom i kori\u0161tenjem ove mre\u017ene stranice (uklju\u010duju\u0107i, ali ne ograni\u010davaju\u0107i se na bilo kakva jamstva koja proizlaze iz zakona u pogledu zadovoljavaju\u0107e kvalitete, prikladnosti i\/ili primjene razumne pa\u017enje i vje\u0161tine). Ni\u0161ta u ovom odricanju od odgovornosti ne\u0107e:<\/p><p>ograni\u010diti ili isklju\u010diti na\u0161u ili va\u0161u odgovornost za smrt ili tjelesnu ozljedu koji proizlaze iz nemara;<\/p><p>ograni\u010diti ili isklju\u010diti na\u0161u ili va\u0161u odgovornost za prijevaru ili prijevarno la\u017eno predstavljanje;<\/p><p>ograni\u010diti na\u0161u ili va\u0161u odgovornost na bilo koji na\u010din koji nije dopu\u0161ten primjenjivim zakonom; ili<\/p><p>isklju\u010diti na\u0161u ili va\u0161u odgovornost koja se ne mo\u017ee isklju\u010diti na temelju primjenjivog zakona.<\/p><p>Ograni\u010denja i isklju\u010denja odgovornosti utvr\u0111ena u ovom odjeljku i u drugim dijelovima ove izjave o odricanju od odgovornosti:<\/p><p>1. podlije\u017eu odredbama prethodnog stavka; i<\/p><p>2. (b) njima je ure\u0111ena sva odgovornost koja proizlazi iz ove izjave o odricanju od odgovornosti ili u vezi s temom ove izjave o odricanju od odgovornosti, uklju\u010duju\u0107i odgovornosti koje proizlaze iz ugovora, odgovornosti za \u0161tetne radnje (uklju\u010duju\u0107i nemar) i iz povrede zakonske du\u017enosti.<\/p><p>U mjeri u kojoj su mre\u017ena stranica te informacije i usluge na mre\u017enoj stranici pru\u017eene bez naknade, nismo odgovorni za bilo kakav gubitak ili \u0161tetu bilo kakve naravi.<\/p>\t\t\t\t\t\t\t\t<\/div>\n\t\t\t\t<\/div>\n\t\t\t\t<\/div>\n\t\t\t\t\t<\/div>\n\t\t\t\t<\/div>\n\t\t\t\t<\/div>\n\t\t","protected":false},"excerpt":{"rendered":"<p>Pravila i propisi Dobro do\u0161li na stranice dru\u0161tva KRUPA d.o.o. (Marvie Hotel and Health) U ovim Uvjetima kori\u0161tenja utvr\u0111ena su pravila i propisi za kori\u0161tenje mre\u017enom stranicom dru\u0161tva KRUPA d.o.o. (Marvie Hotel and Health). KRUPA d.o.o. (Marvie Hotel and Health) nalazi se na adresi: Peri\u010di\u0107eva 1, Split \u2013 21000, Hrvatska Pristupanjem ovoj mre\u017enoj stranici pretpostavljamo [&hellip;]<\/p>\n","protected":false},"author":1,"featured_media":0,"parent":0,"menu_order":0,"comment_status":"closed","ping_status":"closed","template":"","meta":{"footnotes":""},"class_list":["post-14714","page","type-page","status-publish","hentry"],"aioseo_notices":[],"_links":{"self":[{"href":"https:\/\/marviehotel.com\/hr\/wp-json\/wp\/v2\/pages\/14714","targetHints":{"allow":["GET"]}}],"collection":[{"href":"https:\/\/marviehotel.com\/hr\/wp-json\/wp\/v2\/pages"}],"about":[{"href":"https:\/\/marviehotel.com\/hr\/wp-json\/wp\/v2\/types\/page"}],"author":[{"embeddable":true,"href":"https:\/\/marviehotel.com\/hr\/wp-json\/wp\/v2\/users\/1"}],"replies":[{"embeddable":true,"href":"https:\/\/marviehotel.com\/hr\/wp-json\/wp\/v2\/comments?post=14714"}],"version-history":[{"count":42,"href":"https:\/\/marviehotel.com\/hr\/wp-json\/wp\/v2\/pages\/14714\/revisions"}],"predecessor-version":[{"id":15212,"href":"https:\/\/marviehotel.com\/hr\/wp-json\/wp\/v2\/pages\/14714\/revisions\/15212"}],"wp:attachment":[{"href":"https:\/\/marviehotel.com\/hr\/wp-json\/wp\/v2\/media?parent=14714"}],"curies":[{"name":"wp","href":"https:\/\/api.w.org\/{rel}","templated":true}]}}