{"id":15188,"date":"2025-06-11T15:28:59","date_gmt":"2025-06-11T15:28:59","guid":{"rendered":"https:\/\/bswdev.eu\/marvie\/electronic-consent"},"modified":"2025-11-15T09:59:14","modified_gmt":"2025-11-15T09:59:14","slug":"elektronicka-privola","status":"publish","type":"page","link":"https:\/\/marviehotel.com\/hr\/elektronicka-privola","title":{"rendered":"Elektroni\u010dka privola"},"content":{"rendered":"\t\t<div data-elementor-type=\"wp-page\" data-elementor-id=\"15188\" class=\"elementor elementor-15188 elementor-15180\" data-elementor-post-type=\"page\">\n\t\t\t\t<div class=\"elementor-element elementor-element-81c6ef0 e-flex e-con-boxed e-con e-parent\" data-id=\"81c6ef0\" data-element_type=\"container\" data-e-type=\"container\" data-settings=\"{&quot;background_background&quot;:&quot;classic&quot;}\">\n\t\t\t\t\t<div class=\"e-con-inner\">\n\t\t<div class=\"elementor-element elementor-element-354426f e-con-full e-flex e-con e-child\" data-id=\"354426f\" data-element_type=\"container\" data-e-type=\"container\">\n\t\t\t\t<div class=\"elementor-element elementor-element-2df1bef elementor-widget elementor-widget-heading\" data-id=\"2df1bef\" data-element_type=\"widget\" data-e-type=\"widget\" data-widget_type=\"heading.default\">\n\t\t\t\t<div class=\"elementor-widget-container\">\n\t\t\t\t\t<h2 class=\"elementor-heading-title elementor-size-default\">Elektroni\u010dka privola<\/h2>\t\t\t\t<\/div>\n\t\t\t\t<\/div>\n\t\t\t\t<div class=\"elementor-element elementor-element-78e9851 elementor-widget elementor-widget-text-editor\" data-id=\"78e9851\" data-element_type=\"widget\" data-e-type=\"widget\" data-widget_type=\"text-editor.default\">\n\t\t\t\t<div class=\"elementor-widget-container\">\n\t\t\t\t\t\t\t\t\t<p>Ovime dajem dobrovoljnu privolu da se moji osobni podaci (ime, prezime, adresa, e-mail adresa) koriste u svrhu odgovora na moj upit. KRUPA d.o.o., Split, Peri\u010di\u0107eva 1 \u0107e koristiti moje osobne podatke samo u nazna\u010denu svrhu i ne\u0107e ih dostavljati tre\u0107ima, i to tako da se podaci koriste sve do zavr\u0161etka postupka informiranja. Upoznat\/a sam sa pravom da od KRUPA d.o.o. zatra\u017eim pristup osobnim podacima, ispravak, brisanje podataka, ograni\u010davanje obrade, s pravom na ulaganje prigovora na obradu, pravom na prenosivost podataka, pravom na podno\u0161enje prigovora nadle\u017enom tijelu ako smatram da je do\u0161lo do bilo kakve povrede u obradi osobnih podataka putem kontakt obrasca dostupnog na web stranici www.marviehotel.com ili po\u0161tom na adresu Peri\u010di\u0107eva 1.<\/p>\t\t\t\t\t\t\t\t<\/div>\n\t\t\t\t<\/div>\n\t\t\t\t<\/div>\n\t\t\t\t\t<\/div>\n\t\t\t\t<\/div>\n\t\t\t\t<\/div>\n\t\t","protected":false},"excerpt":{"rendered":"<p>Elektroni\u010dka privola Ovime dajem dobrovoljnu privolu da se moji osobni podaci (ime, prezime, adresa, e-mail adresa) koriste u svrhu odgovora na moj upit. KRUPA d.o.o., Split, Peri\u010di\u0107eva 1 \u0107e koristiti moje osobne podatke samo u nazna\u010denu svrhu i ne\u0107e ih dostavljati tre\u0107ima, i to tako da se podaci koriste sve do zavr\u0161etka postupka informiranja. Upoznat\/a [&hellip;]<\/p>\n","protected":false},"author":1,"featured_media":0,"parent":0,"menu_order":0,"comment_status":"closed","ping_status":"closed","template":"","meta":{"footnotes":""},"class_list":["post-15188","page","type-page","status-publish","hentry"],"aioseo_notices":[],"_links":{"self":[{"href":"https:\/\/marviehotel.com\/hr\/wp-json\/wp\/v2\/pages\/15188","targetHints":{"allow":["GET"]}}],"collection":[{"href":"https:\/\/marviehotel.com\/hr\/wp-json\/wp\/v2\/pages"}],"about":[{"href":"https:\/\/marviehotel.com\/hr\/wp-json\/wp\/v2\/types\/page"}],"author":[{"embeddable":true,"href":"https:\/\/marviehotel.com\/hr\/wp-json\/wp\/v2\/users\/1"}],"replies":[{"embeddable":true,"href":"https:\/\/marviehotel.com\/hr\/wp-json\/wp\/v2\/comments?post=15188"}],"version-history":[{"count":8,"href":"https:\/\/marviehotel.com\/hr\/wp-json\/wp\/v2\/pages\/15188\/revisions"}],"predecessor-version":[{"id":15200,"href":"https:\/\/marviehotel.com\/hr\/wp-json\/wp\/v2\/pages\/15188\/revisions\/15200"}],"wp:attachment":[{"href":"https:\/\/marviehotel.com\/hr\/wp-json\/wp\/v2\/media?parent=15188"}],"curies":[{"name":"wp","href":"https:\/\/api.w.org\/{rel}","templated":true}]}}