{"id":15755,"date":"2025-12-19T13:28:41","date_gmt":"2025-12-19T13:28:41","guid":{"rendered":"https:\/\/marviehotel.com\/?page_id=15755"},"modified":"2026-01-09T12:15:04","modified_gmt":"2026-01-09T12:15:04","slug":"holiday-escape","status":"publish","type":"page","link":"https:\/\/marviehotel.com\/hr\/holiday-escape","title":{"rendered":"Holiday Escape"},"content":{"rendered":"\t\t<div data-elementor-type=\"wp-page\" data-elementor-id=\"15755\" class=\"elementor elementor-15755 elementor-15741\" data-elementor-post-type=\"page\">\n\t\t\t\t<div class=\"elementor-element elementor-element-11abad3 e-flex e-con-boxed e-con e-parent\" data-id=\"11abad3\" data-element_type=\"container\" data-e-type=\"container\" data-settings=\"{&quot;background_background&quot;:&quot;classic&quot;}\">\n\t\t\t\t\t<div class=\"e-con-inner\">\n\t\t\t\t<div class=\"elementor-element elementor-element-63a4f3a sub-heading elementor-widget elementor-widget-heading\" data-id=\"63a4f3a\" data-element_type=\"widget\" data-e-type=\"widget\" data-widget_type=\"heading.default\">\n\t\t\t\t<div class=\"elementor-widget-container\">\n\t\t\t\t\t<h5 class=\"elementor-heading-title elementor-size-default\">Dar koji ostaje \u2013 vrijeme za sebe<\/h5>\t\t\t\t<\/div>\n\t\t\t\t<\/div>\n\t\t\t\t<div class=\"elementor-element elementor-element-b1f6262 elementor-widget__width-initial elementor-widget elementor-widget-heading\" data-id=\"b1f6262\" data-element_type=\"widget\" data-e-type=\"widget\" data-widget_type=\"heading.default\">\n\t\t\t\t<div class=\"elementor-widget-container\">\n\t\t\t\t\t<h1 class=\"elementor-heading-title elementor-size-default\">Holiday Escape<\/h1>\t\t\t\t<\/div>\n\t\t\t\t<\/div>\n\t\t\t\t<div class=\"elementor-element elementor-element-e61c8f9 hero-arrow elementor-hidden-tablet elementor-hidden-mobile elementor-widget elementor-widget-button\" data-id=\"e61c8f9\" data-element_type=\"widget\" data-e-type=\"widget\" data-widget_type=\"button.default\">\n\t\t\t\t<div class=\"elementor-widget-container\">\n\t\t\t\t\t\t\t\t\t<div class=\"elementor-button-wrapper\">\n\t\t\t\t\t<a class=\"elementor-button elementor-size-sm\" role=\"button\">\n\t\t\t\t\t\t<span class=\"elementor-button-content-wrapper\">\n\t\t\t\t\t\t<span class=\"elementor-button-icon\">\n\t\t\t\t<svg xmlns=\"http:\/\/www.w3.org\/2000\/svg\" width=\"70\" height=\"70\" viewBox=\"0 0 70 70\" fill=\"none\"><rect x=\"0.5\" y=\"0.5\" width=\"69\" height=\"69\" rx=\"34.5\" stroke=\"\"><\/rect><path d=\"M32.8333 21V40.8154L25.0333 33.0615L22 36.0769L35 49L48 36.0769L44.9667 33.0615L37.1667 40.8154V21H32.8333Z\" fill=\"white\"><\/path><\/svg>\t\t\t<\/span>\n\t\t\t\t\t\t\t\t<\/span>\n\t\t\t\t\t<\/a>\n\t\t\t\t<\/div>\n\t\t\t\t\t\t\t\t<\/div>\n\t\t\t\t<\/div>\n\t\t\t\t\t<\/div>\n\t\t\t\t<\/div>\n\t\t<div class=\"elementor-element elementor-element-0b25def e-flex e-con-boxed e-con e-parent\" data-id=\"0b25def\" data-element_type=\"container\" data-e-type=\"container\" data-settings=\"{&quot;background_background&quot;:&quot;classic&quot;}\">\n\t\t\t\t\t<div class=\"e-con-inner\">\n\t\t<div class=\"elementor-element elementor-element-f365c6d e-con-full e-flex e-con e-child\" data-id=\"f365c6d\" data-element_type=\"container\" data-e-type=\"container\">\n\t\t<div class=\"elementor-element elementor-element-807b863 e-con-full e-flex e-con e-child\" data-id=\"807b863\" data-element_type=\"container\" data-e-type=\"container\">\n\t\t<div class=\"elementor-element elementor-element-20aa6e4 e-con-full e-flex e-con e-child\" data-id=\"20aa6e4\" data-element_type=\"container\" data-e-type=\"container\">\n\t\t\t\t<div class=\"elementor-element elementor-element-422f37f sub-heading elementor-widget elementor-widget-heading\" data-id=\"422f37f\" data-element_type=\"widget\" data-e-type=\"widget\" data-widget_type=\"heading.default\">\n\t\t\t\t<div class=\"elementor-widget-container\">\n\t\t\t\t\t<h5 class=\"elementor-heading-title elementor-size-default\">Holiday Escape<\/h5>\t\t\t\t<\/div>\n\t\t\t\t<\/div>\n\t\t\t\t<div class=\"elementor-element elementor-element-80dc5eb elementor-widget__width-initial elementor-widget elementor-widget-heading\" data-id=\"80dc5eb\" data-element_type=\"widget\" data-e-type=\"widget\" data-widget_type=\"heading.default\">\n\t\t\t\t<div class=\"elementor-widget-container\">\n\t\t\t\t\t<h2 class=\"elementor-heading-title elementor-size-default\">Najljep\u0161i blagdanski dar nije stvar,  <span class=\"italic-text\">ve\u0107 osje\u0107aj.<\/span><\/h2>\t\t\t\t<\/div>\n\t\t\t\t<\/div>\n\t\t\t\t<\/div>\n\t\t<div class=\"elementor-element elementor-element-3b6c904 e-con-full e-flex e-con e-child\" data-id=\"3b6c904\" data-element_type=\"container\" data-e-type=\"container\">\n\t\t\t\t<div class=\"elementor-element elementor-element-d9dac42 elementor-widget elementor-widget-text-editor\" data-id=\"d9dac42\" data-element_type=\"widget\" data-e-type=\"widget\" data-widget_type=\"text-editor.default\">\n\t\t\t\t<div class=\"elementor-widget-container\">\n\t\t\t\t\t\t\t\t\t<p>Osje\u0107aj mira, topline i potpune brige o sebi.<\/p><p>Ove zime priu\u0161tite si odmor ispunjen smireno\u0161\u0107u, udobno\u0161\u0107u i pa\u017enjom posve\u0107enom tijelu i umu.<br \/>Usporite ritam i zakora\u010dite u blagdane s osje\u0107ajem potpune ravnote\u017ee.<\/p>\t\t\t\t\t\t\t\t<\/div>\n\t\t\t\t<\/div>\n\t\t\t\t<div class=\"elementor-element elementor-element-ba6b3d6 elementor-widget elementor-widget-button\" data-id=\"ba6b3d6\" data-element_type=\"widget\" data-e-type=\"widget\" data-widget_type=\"button.default\">\n\t\t\t\t<div class=\"elementor-widget-container\">\n\t\t\t\t\t\t\t\t\t<div class=\"elementor-button-wrapper\">\n\t\t\t\t\t<a class=\"elementor-button elementor-button-link elementor-size-sm\" href=\"https:\/\/marviehotel.book.rentl.io\/?from=13-05-2026&#038;to=15-05-2026&#038;adults=2&#038;children=&#038;rooms=1\">\n\t\t\t\t\t\t<span class=\"elementor-button-content-wrapper\">\n\t\t\t\t\t\t\t\t\t<span class=\"elementor-button-text\">Rezervirajte<\/span>\n\t\t\t\t\t<\/span>\n\t\t\t\t\t<\/a>\n\t\t\t\t<\/div>\n\t\t\t\t\t\t\t\t<\/div>\n\t\t\t\t<\/div>\n\t\t\t\t<\/div>\n\t\t\t\t<\/div>\n\t\t\t\t<\/div>\n\t\t<div class=\"elementor-element elementor-element-0d8489f e-con-full elementor-hidden-tablet elementor-hidden-mobile e-flex e-con e-child\" data-id=\"0d8489f\" data-element_type=\"container\" data-e-type=\"container\" data-settings=\"{&quot;background_background&quot;:&quot;classic&quot;}\">\n\t\t\t\t<div class=\"elementor-element elementor-element-f36b567 elementor-widget elementor-widget-spacer\" data-id=\"f36b567\" data-element_type=\"widget\" data-e-type=\"widget\" data-widget_type=\"spacer.default\">\n\t\t\t\t<div class=\"elementor-widget-container\">\n\t\t\t\t\t\t\t<div class=\"elementor-spacer\">\n\t\t\t<div class=\"elementor-spacer-inner\"><\/div>\n\t\t<\/div>\n\t\t\t\t\t\t<\/div>\n\t\t\t\t<\/div>\n\t\t\t\t<\/div>\n\t\t\t\t\t<\/div>\n\t\t\t\t<\/div>\n\t\t<div class=\"elementor-element elementor-element-9d4e900 e-flex e-con-boxed e-con e-parent\" data-id=\"9d4e900\" data-element_type=\"container\" data-e-type=\"container\" data-settings=\"{&quot;background_background&quot;:&quot;classic&quot;}\">\n\t\t\t\t\t<div class=\"e-con-inner\">\n\t\t<div class=\"elementor-element elementor-element-b6a02e1 e-con-full e-flex e-con e-child\" data-id=\"b6a02e1\" data-element_type=\"container\" data-e-type=\"container\">\n\t\t\t\t<div class=\"elementor-element elementor-element-1e3f2c2 elementor-widget elementor-widget-image\" data-id=\"1e3f2c2\" data-element_type=\"widget\" data-e-type=\"widget\" data-widget_type=\"image.default\">\n\t\t\t\t<div class=\"elementor-widget-container\">\n\t\t\t\t\t\t\t\t\t\t\t\t\t\t\t<img fetchpriority=\"high\" decoding=\"async\" width=\"1600\" height=\"1067\" src=\"https:\/\/marviehotel.com\/wp-content\/uploads\/2025\/12\/4N8A98431.jpg\" class=\"attachment-full size-full wp-image-15746\" alt=\"\" srcset=\"https:\/\/marviehotel.com\/wp-content\/uploads\/2025\/12\/4N8A98431.jpg 1600w, https:\/\/marviehotel.com\/wp-content\/uploads\/2025\/12\/4N8A98431-300x200.jpg 300w, https:\/\/marviehotel.com\/wp-content\/uploads\/2025\/12\/4N8A98431-1024x683.jpg 1024w, https:\/\/marviehotel.com\/wp-content\/uploads\/2025\/12\/4N8A98431-768x512.jpg 768w, https:\/\/marviehotel.com\/wp-content\/uploads\/2025\/12\/4N8A98431-1536x1024.jpg 1536w\" sizes=\"(max-width: 1600px) 100vw, 1600px\" \/>\t\t\t\t\t\t\t\t\t\t\t\t\t\t\t<\/div>\n\t\t\t\t<\/div>\n\t\t\t\t<\/div>\n\t\t<div class=\"elementor-element elementor-element-597c80e e-con-full e-flex e-con e-child\" data-id=\"597c80e\" data-element_type=\"container\" data-e-type=\"container\">\n\t\t\t\t<div class=\"elementor-element elementor-element-3099e8b elementor-widget elementor-widget-image\" data-id=\"3099e8b\" data-element_type=\"widget\" data-e-type=\"widget\" data-widget_type=\"image.default\">\n\t\t\t\t<div class=\"elementor-widget-container\">\n\t\t\t\t\t\t\t\t\t\t\t\t\t\t\t<img decoding=\"async\" width=\"1600\" height=\"1067\" src=\"https:\/\/marviehotel.com\/wp-content\/uploads\/2025\/12\/DETAILS_1-isk.jpg\" class=\"attachment-full size-full wp-image-15748\" alt=\"\" srcset=\"https:\/\/marviehotel.com\/wp-content\/uploads\/2025\/12\/DETAILS_1-isk.jpg 1600w, https:\/\/marviehotel.com\/wp-content\/uploads\/2025\/12\/DETAILS_1-isk-300x200.jpg 300w, https:\/\/marviehotel.com\/wp-content\/uploads\/2025\/12\/DETAILS_1-isk-1024x683.jpg 1024w, https:\/\/marviehotel.com\/wp-content\/uploads\/2025\/12\/DETAILS_1-isk-768x512.jpg 768w, https:\/\/marviehotel.com\/wp-content\/uploads\/2025\/12\/DETAILS_1-isk-1536x1024.jpg 1536w\" sizes=\"(max-width: 1600px) 100vw, 1600px\" \/>\t\t\t\t\t\t\t\t\t\t\t\t\t\t\t<\/div>\n\t\t\t\t<\/div>\n\t\t\t\t<\/div>\n\t\t\t\t\t<\/div>\n\t\t\t\t<\/div>\n\t\t<div class=\"elementor-element elementor-element-8d08e54 e-flex e-con-boxed e-con e-parent\" data-id=\"8d08e54\" data-element_type=\"container\" data-e-type=\"container\" data-settings=\"{&quot;background_background&quot;:&quot;classic&quot;}\">\n\t\t\t\t\t<div class=\"e-con-inner\">\n\t\t<div class=\"elementor-element elementor-element-913625f e-con-full e-flex e-con e-child\" data-id=\"913625f\" data-element_type=\"container\" data-e-type=\"container\">\n\t\t\t\t<div class=\"elementor-element elementor-element-9ba8cef sub-heading elementor-widget elementor-widget-heading\" data-id=\"9ba8cef\" data-element_type=\"widget\" data-e-type=\"widget\" data-widget_type=\"heading.default\">\n\t\t\t\t<div class=\"elementor-widget-container\">\n\t\t\t\t\t<h5 class=\"elementor-heading-title elementor-size-default\">Holiday Escape<\/h5>\t\t\t\t<\/div>\n\t\t\t\t<\/div>\n\t\t\t\t<div class=\"elementor-element elementor-element-057dce3 elementor-widget__width-initial elementor-widget elementor-widget-heading\" data-id=\"057dce3\" data-element_type=\"widget\" data-e-type=\"widget\" data-widget_type=\"heading.default\">\n\t\t\t\t<div class=\"elementor-widget-container\">\n\t\t\t\t\t<h2 class=\"elementor-heading-title elementor-size-default\">Va\u0161 blagdanski boravak <span class=\"italic-text\"> uklju\u010duje: <\/span><\/h2>\t\t\t\t<\/div>\n\t\t\t\t<\/div>\n\t\t<div class=\"elementor-element elementor-element-ecb271f e-con-full e-flex e-con e-child\" data-id=\"ecb271f\" data-element_type=\"container\" data-e-type=\"container\" data-index=\"1\">\n\t\t\t\t<div class=\"elementor-element elementor-element-f04bd17 elementor-widget elementor-widget-heading\" data-id=\"f04bd17\" data-element_type=\"widget\" data-e-type=\"widget\" data-widget_type=\"heading.default\">\n\t\t\t\t<div class=\"elementor-widget-container\">\n\t\t\t\t\t<h4 class=\"elementor-heading-title elementor-size-default\">Smje\u0161taj u trajanju od najmanje dvije no\u0107i\n<\/h4>\t\t\t\t<\/div>\n\t\t\t\t<\/div>\n\t\t\t\t<div class=\"elementor-element elementor-element-e8ddc60 elementor-widget elementor-widget-text-editor\" data-id=\"e8ddc60\" data-element_type=\"widget\" data-e-type=\"widget\" data-widget_type=\"text-editor.default\">\n\t\t\t\t<div class=\"elementor-widget-container\">\n\t\t\t\t\t\t\t\t\t<p>Sobe osmi\u0161ljene za potpuno opu\u0161tanje<\/p>\t\t\t\t\t\t\t\t<\/div>\n\t\t\t\t<\/div>\n\t\t\t\t<\/div>\n\t\t<div class=\"elementor-element elementor-element-b232d3f e-con-full e-flex e-con e-child\" data-id=\"b232d3f\" data-element_type=\"container\" data-e-type=\"container\" data-index=\"2\">\n\t\t\t\t<div class=\"elementor-element elementor-element-cb19e28 elementor-widget elementor-widget-heading\" data-id=\"cb19e28\" data-element_type=\"widget\" data-e-type=\"widget\" data-widget_type=\"heading.default\">\n\t\t\t\t<div class=\"elementor-widget-container\">\n\t\t\t\t\t<h4 class=\"elementor-heading-title elementor-size-default\">Opu\u0161teni doru\u010dak za miran po\u010detak dana\n<\/h4>\t\t\t\t<\/div>\n\t\t\t\t<\/div>\n\t\t\t\t<div class=\"elementor-element elementor-element-134181f elementor-widget elementor-widget-text-editor\" data-id=\"134181f\" data-element_type=\"widget\" data-e-type=\"widget\" data-widget_type=\"text-editor.default\">\n\t\t\t\t<div class=\"elementor-widget-container\">\n\t\t\t\t\t\t\t\t\t<p>Pridru\u017eite nam se na bogatom buffet doru\u010dku, punom svje\u017eih okusa i raznovrsnih izbora<\/p>\t\t\t\t\t\t\t\t<\/div>\n\t\t\t\t<\/div>\n\t\t\t\t<\/div>\n\t\t<div class=\"elementor-element elementor-element-8624fe4 e-con-full e-flex e-con e-child\" data-id=\"8624fe4\" data-element_type=\"container\" data-e-type=\"container\" data-index=\"2\">\n\t\t\t\t<div class=\"elementor-element elementor-element-7149eb2 elementor-widget elementor-widget-heading\" data-id=\"7149eb2\" data-element_type=\"widget\" data-e-type=\"widget\" data-widget_type=\"heading.default\">\n\t\t\t\t<div class=\"elementor-widget-container\">\n\t\t\t\t\t<h4 class=\"elementor-heading-title elementor-size-default\">Neograni\u010deno kori\u0161tenje wellness zone<\/h4>\t\t\t\t<\/div>\n\t\t\t\t<\/div>\n\t\t\t\t<div class=\"elementor-element elementor-element-d09a96a elementor-widget elementor-widget-text-editor\" data-id=\"d09a96a\" data-element_type=\"widget\" data-e-type=\"widget\" data-widget_type=\"text-editor.default\">\n\t\t\t\t<div class=\"elementor-widget-container\">\n\t\t\t\t\t\t\t\t\t<p>Unutarnji bazen, finska i turska sauna, whirlpool, relax zona, do\u017eivljajni tu\u0161evi i fitness zona<\/p>\t\t\t\t\t\t\t\t<\/div>\n\t\t\t\t<\/div>\n\t\t\t\t<\/div>\n\t\t<div class=\"elementor-element elementor-element-a7459f8 e-con-full e-flex e-con e-child\" data-id=\"a7459f8\" data-element_type=\"container\" data-e-type=\"container\" data-index=\"2\">\n\t\t\t\t<div class=\"elementor-element elementor-element-46cba7f elementor-widget elementor-widget-heading\" data-id=\"46cba7f\" data-element_type=\"widget\" data-e-type=\"widget\" data-widget_type=\"heading.default\">\n\t\t\t\t<div class=\"elementor-widget-container\">\n\t\t\t\t\t<h4 class=\"elementor-heading-title elementor-size-default\">1 \u00d7 relaksacijska ili antistres masa\u017ea po osobi<\/h4>\t\t\t\t<\/div>\n\t\t\t\t<\/div>\n\t\t\t\t<div class=\"elementor-element elementor-element-633323f elementor-widget elementor-widget-text-editor\" data-id=\"633323f\" data-element_type=\"widget\" data-e-type=\"widget\" data-widget_type=\"text-editor.default\">\n\t\t\t\t<div class=\"elementor-widget-container\">\n\t\t\t\t\t\t\t\t\t<p>Rasko\u0161no masa\u017eno iskustvo usmjereno na duboko opu\u0161tanje i osloba\u0111anje od stresa<\/p>\t\t\t\t\t\t\t\t<\/div>\n\t\t\t\t<\/div>\n\t\t\t\t<\/div>\n\t\t<div class=\"elementor-element elementor-element-1dcbebc e-con-full e-flex e-con e-child\" data-id=\"1dcbebc\" data-element_type=\"container\" data-e-type=\"container\" data-index=\"2\">\n\t\t\t\t<div class=\"elementor-element elementor-element-bab6f51 elementor-widget elementor-widget-heading\" data-id=\"bab6f51\" data-element_type=\"widget\" data-e-type=\"widget\" data-widget_type=\"heading.default\">\n\t\t\t\t<div class=\"elementor-widget-container\">\n\t\t\t\t\t<h4 class=\"elementor-heading-title elementor-size-default\">Blagi anti-stress i posture tretman fizikalne terapije<\/h4>\t\t\t\t<\/div>\n\t\t\t\t<\/div>\n\t\t\t\t<div class=\"elementor-element elementor-element-bc494db elementor-widget elementor-widget-text-editor\" data-id=\"bc494db\" data-element_type=\"widget\" data-e-type=\"widget\" data-widget_type=\"text-editor.default\">\n\t\t\t\t<div class=\"elementor-widget-container\">\n\t\t\t\t\t\t\t\t\t<p>Personalizirani pregled na\u0161eg stru\u010dnog osoblja osigurava nje\u017ean anti-stress i posture tretman fizikalne terapije<\/p>\t\t\t\t\t\t\t\t<\/div>\n\t\t\t\t<\/div>\n\t\t\t\t<\/div>\n\t\t<div class=\"elementor-element elementor-element-ed69f3c e-con-full e-flex e-con e-child\" data-id=\"ed69f3c\" data-element_type=\"container\" data-e-type=\"container\" data-index=\"2\">\n\t\t\t\t<div class=\"elementor-element elementor-element-0b0b5f3 elementor-widget elementor-widget-heading\" data-id=\"0b0b5f3\" data-element_type=\"widget\" data-e-type=\"widget\" data-widget_type=\"heading.default\">\n\t\t\t\t<div class=\"elementor-widget-container\">\n\t\t\t\t\t<h4 class=\"elementor-heading-title elementor-size-default\">Topla blagdanska dobrodo\u0161lica uz ugodan napitak i zdravu sezonsku slasticu<\/h4>\t\t\t\t<\/div>\n\t\t\t\t<\/div>\n\t\t\t\t<div class=\"elementor-element elementor-element-583c86f elementor-widget elementor-widget-text-editor\" data-id=\"583c86f\" data-element_type=\"widget\" data-e-type=\"widget\" data-widget_type=\"text-editor.default\">\n\t\t\t\t<div class=\"elementor-widget-container\">\n\t\t\t\t\t\t\t\t\t<p>U\u017eivajte u toploj blagdanskoj dobrodo\u0161lici uz ugodan napitak i pa\u017eljivo pripremljenu zdravu sezonsku slasticu<\/p>\t\t\t\t\t\t\t\t<\/div>\n\t\t\t\t<\/div>\n\t\t\t\t<div class=\"elementor-element elementor-element-1fa9a0c elementor-widget elementor-widget-text-editor\" data-id=\"1fa9a0c\" data-element_type=\"widget\" data-e-type=\"widget\" data-widget_type=\"text-editor.default\">\n\t\t\t\t<div class=\"elementor-widget-container\">\n\t\t\t\t\t\t\t\t\t<p>Poklonite sebi blagdane kakve uistinu zaslu\u017eujete.<\/p><p><strong>Ponuda vrijedi od 19. prosinca 2025. do 15. sije\u010dnja 2026.<\/strong><\/p><p><span class=\"im\">Rezervacije i informacije: putem web stranice, e-maila <a class=\"text-linkz\" href=\"mailto:booking@marviehotel.com\" target=\"_blank\" rel=\"noopener\">booking@marviehotel.com<\/a> i na telefon: <a class=\"text-linkz\" href=\"0038521279807\">021\/279-807<\/a><\/span><\/p>\t\t\t\t\t\t\t\t<\/div>\n\t\t\t\t<\/div>\n\t\t\t\t<\/div>\n\t\t\t\t<\/div>\n\t\t\t\t\t<\/div>\n\t\t\t\t<\/div>\n\t\t\t\t<\/div>\n\t\t","protected":false},"excerpt":{"rendered":"<p>Dar koji ostaje \u2013 vrijeme za sebe Holiday Escape Holiday Escape Najljep\u0161i blagdanski dar nije stvar, ve\u0107 osje\u0107aj. Osje\u0107aj mira, topline i potpune brige o sebi. Ove zime priu\u0161tite si odmor ispunjen smireno\u0161\u0107u, udobno\u0161\u0107u i pa\u017enjom posve\u0107enom tijelu i umu.Usporite ritam i zakora\u010dite u blagdane s osje\u0107ajem potpune ravnote\u017ee. Rezervirajte Holiday Escape Va\u0161 blagdanski boravak [&hellip;]<\/p>\n","protected":false},"author":1,"featured_media":0,"parent":0,"menu_order":0,"comment_status":"closed","ping_status":"closed","template":"","meta":{"footnotes":""},"class_list":["post-15755","page","type-page","status-publish","hentry"],"aioseo_notices":[],"_links":{"self":[{"href":"https:\/\/marviehotel.com\/hr\/wp-json\/wp\/v2\/pages\/15755","targetHints":{"allow":["GET"]}}],"collection":[{"href":"https:\/\/marviehotel.com\/hr\/wp-json\/wp\/v2\/pages"}],"about":[{"href":"https:\/\/marviehotel.com\/hr\/wp-json\/wp\/v2\/types\/page"}],"author":[{"embeddable":true,"href":"https:\/\/marviehotel.com\/hr\/wp-json\/wp\/v2\/users\/1"}],"replies":[{"embeddable":true,"href":"https:\/\/marviehotel.com\/hr\/wp-json\/wp\/v2\/comments?post=15755"}],"version-history":[{"count":34,"href":"https:\/\/marviehotel.com\/hr\/wp-json\/wp\/v2\/pages\/15755\/revisions"}],"predecessor-version":[{"id":15981,"href":"https:\/\/marviehotel.com\/hr\/wp-json\/wp\/v2\/pages\/15755\/revisions\/15981"}],"wp:attachment":[{"href":"https:\/\/marviehotel.com\/hr\/wp-json\/wp\/v2\/media?parent=15755"}],"curies":[{"name":"wp","href":"https:\/\/api.w.org\/{rel}","templated":true}]}}