{"id":15884,"date":"2026-01-02T08:31:32","date_gmt":"2026-01-02T08:31:32","guid":{"rendered":"https:\/\/marviehotel.com\/?page_id=15884"},"modified":"2026-01-09T12:14:23","modified_gmt":"2026-01-09T12:14:23","slug":"relax-dine-wellness-city-break","status":"publish","type":"page","link":"https:\/\/marviehotel.com\/hr\/relax-dine-wellness-city-break","title":{"rendered":"Relax &#038; dine &#8211; wellness city break"},"content":{"rendered":"\t\t<div data-elementor-type=\"wp-page\" data-elementor-id=\"15884\" class=\"elementor elementor-15884 elementor-15872\" data-elementor-post-type=\"page\">\n\t\t\t\t<div class=\"elementor-element elementor-element-42411d0 e-flex e-con-boxed e-con e-parent\" data-id=\"42411d0\" data-element_type=\"container\" data-e-type=\"container\" data-settings=\"{&quot;background_background&quot;:&quot;classic&quot;}\">\n\t\t\t\t\t<div class=\"e-con-inner\">\n\t\t\t\t<div class=\"elementor-element elementor-element-741c262 sub-heading elementor-widget elementor-widget-heading\" data-id=\"741c262\" data-element_type=\"widget\" data-e-type=\"widget\" data-widget_type=\"heading.default\">\n\t\t\t\t<div class=\"elementor-widget-container\">\n\t\t\t\t\t<h5 class=\"elementor-heading-title elementor-size-default\">Usporite tempo i prepustite se trenutku mira<\/h5>\t\t\t\t<\/div>\n\t\t\t\t<\/div>\n\t\t\t\t<div class=\"elementor-element elementor-element-9a52d5a elementor-widget__width-initial elementor-widget elementor-widget-heading\" data-id=\"9a52d5a\" data-element_type=\"widget\" data-e-type=\"widget\" data-widget_type=\"heading.default\">\n\t\t\t\t<div class=\"elementor-widget-container\">\n\t\t\t\t\t<h1 class=\"elementor-heading-title elementor-size-default\">Relax &amp; Dine \u2013 Wellness City Break<\/h1>\t\t\t\t<\/div>\n\t\t\t\t<\/div>\n\t\t\t\t<div class=\"elementor-element elementor-element-d1ffdcd hero-arrow elementor-hidden-tablet elementor-hidden-mobile elementor-widget elementor-widget-button\" data-id=\"d1ffdcd\" data-element_type=\"widget\" data-e-type=\"widget\" data-widget_type=\"button.default\">\n\t\t\t\t<div class=\"elementor-widget-container\">\n\t\t\t\t\t\t\t\t\t<div class=\"elementor-button-wrapper\">\n\t\t\t\t\t<a class=\"elementor-button elementor-size-sm\" role=\"button\">\n\t\t\t\t\t\t<span class=\"elementor-button-content-wrapper\">\n\t\t\t\t\t\t<span class=\"elementor-button-icon\">\n\t\t\t\t<svg xmlns=\"http:\/\/www.w3.org\/2000\/svg\" width=\"70\" height=\"70\" viewBox=\"0 0 70 70\" fill=\"none\"><rect x=\"0.5\" y=\"0.5\" width=\"69\" height=\"69\" rx=\"34.5\" stroke=\"\"><\/rect><path d=\"M32.8333 21V40.8154L25.0333 33.0615L22 36.0769L35 49L48 36.0769L44.9667 33.0615L37.1667 40.8154V21H32.8333Z\" fill=\"white\"><\/path><\/svg>\t\t\t<\/span>\n\t\t\t\t\t\t\t\t<\/span>\n\t\t\t\t\t<\/a>\n\t\t\t\t<\/div>\n\t\t\t\t\t\t\t\t<\/div>\n\t\t\t\t<\/div>\n\t\t\t\t\t<\/div>\n\t\t\t\t<\/div>\n\t\t<div class=\"elementor-element elementor-element-02404c8 e-flex e-con-boxed e-con e-parent\" data-id=\"02404c8\" data-element_type=\"container\" data-e-type=\"container\" data-settings=\"{&quot;background_background&quot;:&quot;classic&quot;}\">\n\t\t\t\t\t<div class=\"e-con-inner\">\n\t\t<div class=\"elementor-element elementor-element-ea68e95 e-con-full e-flex e-con e-child\" data-id=\"ea68e95\" data-element_type=\"container\" data-e-type=\"container\">\n\t\t<div class=\"elementor-element elementor-element-be19a2d e-con-full e-flex e-con e-child\" data-id=\"be19a2d\" data-element_type=\"container\" data-e-type=\"container\">\n\t\t<div class=\"elementor-element elementor-element-a3e7dc1 e-con-full e-flex e-con e-child\" data-id=\"a3e7dc1\" data-element_type=\"container\" data-e-type=\"container\">\n\t\t\t\t<div class=\"elementor-element elementor-element-70c9529 sub-heading elementor-widget elementor-widget-heading\" data-id=\"70c9529\" data-element_type=\"widget\" data-e-type=\"widget\" data-widget_type=\"heading.default\">\n\t\t\t\t<div class=\"elementor-widget-container\">\n\t\t\t\t\t<h5 class=\"elementor-heading-title elementor-size-default\">RELAX &amp; DINE<\/h5>\t\t\t\t<\/div>\n\t\t\t\t<\/div>\n\t\t\t\t<div class=\"elementor-element elementor-element-dc91d67 elementor-widget__width-initial elementor-widget elementor-widget-heading\" data-id=\"dc91d67\" data-element_type=\"widget\" data-e-type=\"widget\" data-widget_type=\"heading.default\">\n\t\t\t\t<div class=\"elementor-widget-container\">\n\t\t\t\t\t<h2 class=\"elementor-heading-title elementor-size-default\">Bez planiranja, bez stresa \u2013 boravak osmi\u0161ljen za <span class=\"italic-text\">potpuno opu\u0161tanje.<\/span><\/h2>\t\t\t\t<\/div>\n\t\t\t\t<\/div>\n\t\t\t\t<\/div>\n\t\t<div class=\"elementor-element elementor-element-dd97cd1 e-con-full e-flex e-con e-child\" data-id=\"dd97cd1\" data-element_type=\"container\" data-e-type=\"container\">\n\t\t\t\t<div class=\"elementor-element elementor-element-4910d57 elementor-widget elementor-widget-text-editor\" data-id=\"4910d57\" data-element_type=\"widget\" data-e-type=\"widget\" data-widget_type=\"text-editor.default\">\n\t\t\t\t<div class=\"elementor-widget-container\">\n\t\t\t\t\t\t\t\t\t<p><span lang=\"PT\">Prepustite se city breaku koji spaja udoban smje\u0161taj, wellness trenutke i ve\u010deru kreiranu s posebnom pa\u017enjom.<\/span><\/p><p><span lang=\"PT\">Savr\u0161ena ravnote\u017ea odmora i u\u017eitka.<\/span><\/p>\t\t\t\t\t\t\t\t<\/div>\n\t\t\t\t<\/div>\n\t\t\t\t<div class=\"elementor-element elementor-element-a713f11 elementor-widget elementor-widget-button\" data-id=\"a713f11\" data-element_type=\"widget\" data-e-type=\"widget\" data-widget_type=\"button.default\">\n\t\t\t\t<div class=\"elementor-widget-container\">\n\t\t\t\t\t\t\t\t\t<div class=\"elementor-button-wrapper\">\n\t\t\t\t\t<a class=\"elementor-button elementor-button-link elementor-size-sm\" href=\"https:\/\/marviehotel.book.rentl.io\/?from=13-05-2026&#038;to=15-05-2026&#038;adults=2&#038;children=&#038;rooms=1\">\n\t\t\t\t\t\t<span class=\"elementor-button-content-wrapper\">\n\t\t\t\t\t\t\t\t\t<span class=\"elementor-button-text\">rezervirajte<\/span>\n\t\t\t\t\t<\/span>\n\t\t\t\t\t<\/a>\n\t\t\t\t<\/div>\n\t\t\t\t\t\t\t\t<\/div>\n\t\t\t\t<\/div>\n\t\t\t\t<\/div>\n\t\t\t\t<\/div>\n\t\t\t\t<\/div>\n\t\t<div class=\"elementor-element elementor-element-d436188 e-con-full elementor-hidden-tablet elementor-hidden-mobile e-flex e-con e-child\" data-id=\"d436188\" data-element_type=\"container\" data-e-type=\"container\" data-settings=\"{&quot;background_background&quot;:&quot;classic&quot;}\">\n\t\t\t\t<div class=\"elementor-element elementor-element-388c16a elementor-widget elementor-widget-spacer\" data-id=\"388c16a\" data-element_type=\"widget\" data-e-type=\"widget\" data-widget_type=\"spacer.default\">\n\t\t\t\t<div class=\"elementor-widget-container\">\n\t\t\t\t\t\t\t<div class=\"elementor-spacer\">\n\t\t\t<div class=\"elementor-spacer-inner\"><\/div>\n\t\t<\/div>\n\t\t\t\t\t\t<\/div>\n\t\t\t\t<\/div>\n\t\t\t\t<\/div>\n\t\t\t\t\t<\/div>\n\t\t\t\t<\/div>\n\t\t<div class=\"elementor-element elementor-element-bfeae7b e-flex e-con-boxed e-con e-parent\" data-id=\"bfeae7b\" data-element_type=\"container\" data-e-type=\"container\" data-settings=\"{&quot;background_background&quot;:&quot;classic&quot;}\">\n\t\t\t\t\t<div class=\"e-con-inner\">\n\t\t<div class=\"elementor-element elementor-element-582ae7d e-con-full e-flex e-con e-child\" data-id=\"582ae7d\" data-element_type=\"container\" data-e-type=\"container\">\n\t\t\t\t<div class=\"elementor-element elementor-element-ea0a9af elementor-widget elementor-widget-image\" data-id=\"ea0a9af\" data-element_type=\"widget\" data-e-type=\"widget\" data-widget_type=\"image.default\">\n\t\t\t\t<div class=\"elementor-widget-container\">\n\t\t\t\t\t\t\t\t\t\t\t\t\t\t\t<img fetchpriority=\"high\" decoding=\"async\" width=\"2048\" height=\"1365\" src=\"https:\/\/marviehotel.com\/wp-content\/uploads\/2026\/01\/Ponuda-2-1.jpg\" class=\"attachment-full size-full wp-image-15878\" alt=\"\" srcset=\"https:\/\/marviehotel.com\/wp-content\/uploads\/2026\/01\/Ponuda-2-1.jpg 2048w, https:\/\/marviehotel.com\/wp-content\/uploads\/2026\/01\/Ponuda-2-1-300x200.jpg 300w, https:\/\/marviehotel.com\/wp-content\/uploads\/2026\/01\/Ponuda-2-1-1024x683.jpg 1024w, https:\/\/marviehotel.com\/wp-content\/uploads\/2026\/01\/Ponuda-2-1-768x512.jpg 768w, https:\/\/marviehotel.com\/wp-content\/uploads\/2026\/01\/Ponuda-2-1-1536x1024.jpg 1536w\" sizes=\"(max-width: 2048px) 100vw, 2048px\" \/>\t\t\t\t\t\t\t\t\t\t\t\t\t\t\t<\/div>\n\t\t\t\t<\/div>\n\t\t\t\t<\/div>\n\t\t<div class=\"elementor-element elementor-element-81b70e5 e-con-full e-flex e-con e-child\" data-id=\"81b70e5\" data-element_type=\"container\" data-e-type=\"container\">\n\t\t\t\t<div class=\"elementor-element elementor-element-11974f0 elementor-widget elementor-widget-image\" data-id=\"11974f0\" data-element_type=\"widget\" data-e-type=\"widget\" data-widget_type=\"image.default\">\n\t\t\t\t<div class=\"elementor-widget-container\">\n\t\t\t\t\t\t\t\t\t\t\t\t\t\t\t<img decoding=\"async\" width=\"2000\" height=\"1333\" src=\"https:\/\/marviehotel.com\/wp-content\/uploads\/2025\/05\/8.jpg\" class=\"attachment-full size-full wp-image-13420\" alt=\"\" srcset=\"https:\/\/marviehotel.com\/wp-content\/uploads\/2025\/05\/8.jpg 2000w, https:\/\/marviehotel.com\/wp-content\/uploads\/2025\/05\/8-300x200.jpg 300w, https:\/\/marviehotel.com\/wp-content\/uploads\/2025\/05\/8-1024x682.jpg 1024w, https:\/\/marviehotel.com\/wp-content\/uploads\/2025\/05\/8-768x512.jpg 768w, https:\/\/marviehotel.com\/wp-content\/uploads\/2025\/05\/8-1536x1024.jpg 1536w\" sizes=\"(max-width: 2000px) 100vw, 2000px\" \/>\t\t\t\t\t\t\t\t\t\t\t\t\t\t\t<\/div>\n\t\t\t\t<\/div>\n\t\t\t\t<\/div>\n\t\t\t\t\t<\/div>\n\t\t\t\t<\/div>\n\t\t<div class=\"elementor-element elementor-element-fbdd172 e-flex e-con-boxed e-con e-parent\" data-id=\"fbdd172\" data-element_type=\"container\" data-e-type=\"container\" data-settings=\"{&quot;background_background&quot;:&quot;classic&quot;}\">\n\t\t\t\t\t<div class=\"e-con-inner\">\n\t\t<div class=\"elementor-element elementor-element-3240ea9 e-con-full e-flex e-con e-child\" data-id=\"3240ea9\" data-element_type=\"container\" data-e-type=\"container\">\n\t\t\t\t<div class=\"elementor-element elementor-element-a683d82 sub-heading elementor-widget elementor-widget-heading\" data-id=\"a683d82\" data-element_type=\"widget\" data-e-type=\"widget\" data-widget_type=\"heading.default\">\n\t\t\t\t<div class=\"elementor-widget-container\">\n\t\t\t\t\t<h5 class=\"elementor-heading-title elementor-size-default\">RELAX &amp; DINE<\/h5>\t\t\t\t<\/div>\n\t\t\t\t<\/div>\n\t\t\t\t<div class=\"elementor-element elementor-element-bad1e60 elementor-widget__width-initial elementor-widget elementor-widget-heading\" data-id=\"bad1e60\" data-element_type=\"widget\" data-e-type=\"widget\" data-widget_type=\"heading.default\">\n\t\t\t\t<div class=\"elementor-widget-container\">\n\t\t\t\t\t<h2 class=\"elementor-heading-title elementor-size-default\">Ova ponuda <span class=\"italic-text\">uklju\u010duje: <\/span><\/h2>\t\t\t\t<\/div>\n\t\t\t\t<\/div>\n\t\t<div class=\"elementor-element elementor-element-02fe49c e-con-full e-flex e-con e-child\" data-id=\"02fe49c\" data-element_type=\"container\" data-e-type=\"container\" data-index=\"1\">\n\t\t\t\t<div class=\"elementor-element elementor-element-4daa921 elementor-widget elementor-widget-heading\" data-id=\"4daa921\" data-element_type=\"widget\" data-e-type=\"widget\" data-widget_type=\"heading.default\">\n\t\t\t\t<div class=\"elementor-widget-container\">\n\t\t\t\t\t<h4 class=\"elementor-heading-title elementor-size-default\">Smje\u0161taj u trajanju od najmanje 1 no\u0107i<\/h4>\t\t\t\t<\/div>\n\t\t\t\t<\/div>\n\t\t\t\t<div class=\"elementor-element elementor-element-6b2d661 elementor-widget elementor-widget-text-editor\" data-id=\"6b2d661\" data-element_type=\"widget\" data-e-type=\"widget\" data-widget_type=\"text-editor.default\">\n\t\t\t\t<div class=\"elementor-widget-container\">\n\t\t\t\t\t\t\t\t\t<p>Dizajnirano za mir, udobnost i potpuno opu\u0161tanje<\/p>\t\t\t\t\t\t\t\t<\/div>\n\t\t\t\t<\/div>\n\t\t\t\t<\/div>\n\t\t<div class=\"elementor-element elementor-element-26d3a61 e-con-full e-flex e-con e-child\" data-id=\"26d3a61\" data-element_type=\"container\" data-e-type=\"container\" data-index=\"2\">\n\t\t\t\t<div class=\"elementor-element elementor-element-c5bf54b elementor-widget elementor-widget-heading\" data-id=\"c5bf54b\" data-element_type=\"widget\" data-e-type=\"widget\" data-widget_type=\"heading.default\">\n\t\t\t\t<div class=\"elementor-widget-container\">\n\t\t\t\t\t<h4 class=\"elementor-heading-title elementor-size-default\">Uklju\u010den doru\u010dak<\/h4>\t\t\t\t<\/div>\n\t\t\t\t<\/div>\n\t\t\t\t<div class=\"elementor-element elementor-element-8a4b553 elementor-widget elementor-widget-text-editor\" data-id=\"8a4b553\" data-element_type=\"widget\" data-e-type=\"widget\" data-widget_type=\"text-editor.default\">\n\t\t\t\t<div class=\"elementor-widget-container\">\n\t\t\t\t\t\t\t\t\t<p>Bogat i raznolik buffet doru\u010dak<\/p>\t\t\t\t\t\t\t\t<\/div>\n\t\t\t\t<\/div>\n\t\t\t\t<\/div>\n\t\t<div class=\"elementor-element elementor-element-23bd7fb e-con-full e-flex e-con e-child\" data-id=\"23bd7fb\" data-element_type=\"container\" data-e-type=\"container\" data-index=\"2\">\n\t\t\t\t<div class=\"elementor-element elementor-element-f592047 elementor-widget elementor-widget-heading\" data-id=\"f592047\" data-element_type=\"widget\" data-e-type=\"widget\" data-widget_type=\"heading.default\">\n\t\t\t\t<div class=\"elementor-widget-container\">\n\t\t\t\t\t<h4 class=\"elementor-heading-title elementor-size-default\">1\u00d7 ve\u010dera za dvije osobe u hotelskom restoranu uz \u010da\u0161u vina<\/h4>\t\t\t\t<\/div>\n\t\t\t\t<\/div>\n\t\t\t\t<div class=\"elementor-element elementor-element-eb7e0b5 elementor-widget elementor-widget-text-editor\" data-id=\"eb7e0b5\" data-element_type=\"widget\" data-e-type=\"widget\" data-widget_type=\"text-editor.default\">\n\t\t\t\t<div class=\"elementor-widget-container\">\n\t\t\t\t\t\t\t\t\t<p>(Menu od tri slijeda prema odabiru chefa)<\/p>\t\t\t\t\t\t\t\t<\/div>\n\t\t\t\t<\/div>\n\t\t\t\t<\/div>\n\t\t<div class=\"elementor-element elementor-element-b5c01e1 e-con-full e-flex e-con e-child\" data-id=\"b5c01e1\" data-element_type=\"container\" data-e-type=\"container\" data-index=\"2\">\n\t\t\t\t<div class=\"elementor-element elementor-element-6c7c739 elementor-widget elementor-widget-heading\" data-id=\"6c7c739\" data-element_type=\"widget\" data-e-type=\"widget\" data-widget_type=\"heading.default\">\n\t\t\t\t<div class=\"elementor-widget-container\">\n\t\t\t\t\t<h4 class=\"elementor-heading-title elementor-size-default\">Neograni\u010deno kori\u0161tenje wellness zone<\/h4>\t\t\t\t<\/div>\n\t\t\t\t<\/div>\n\t\t\t\t<div class=\"elementor-element elementor-element-c744c6e elementor-widget elementor-widget-text-editor\" data-id=\"c744c6e\" data-element_type=\"widget\" data-e-type=\"widget\" data-widget_type=\"text-editor.default\">\n\t\t\t\t<div class=\"elementor-widget-container\">\n\t\t\t\t\t\t\t\t\t<p>Unutarnji bazen, finska i turska sauna, whirlpool, zona za opu\u0161tanje, do\u017eivljajni tu\u0161 i fitness zona<\/p>\t\t\t\t\t\t\t\t<\/div>\n\t\t\t\t<\/div>\n\t\t\t\t<\/div>\n\t\t<div class=\"elementor-element elementor-element-2ad172b e-con-full e-flex e-con e-child\" data-id=\"2ad172b\" data-element_type=\"container\" data-e-type=\"container\" data-index=\"2\">\n\t\t\t\t<div class=\"elementor-element elementor-element-da14da0 elementor-widget elementor-widget-heading\" data-id=\"da14da0\" data-element_type=\"widget\" data-e-type=\"widget\" data-widget_type=\"heading.default\">\n\t\t\t\t<div class=\"elementor-widget-container\">\n\t\t\t\t\t<h4 class=\"elementor-heading-title elementor-size-default\">1\u00d7 suha hidromasa\u017ea po osobi<\/h4>\t\t\t\t<\/div>\n\t\t\t\t<\/div>\n\t\t\t\t<div class=\"elementor-element elementor-element-0f92a76 elementor-widget elementor-widget-text-editor\" data-id=\"0f92a76\" data-element_type=\"widget\" data-e-type=\"widget\" data-widget_type=\"text-editor.default\">\n\t\t\t\t<div class=\"elementor-widget-container\">\n\t\t\t\t\t\t\t\t\t<p>(2 tretmana ukupno), 30 minuta po osobi<\/p>\t\t\t\t\t\t\t\t<\/div>\n\t\t\t\t<\/div>\n\t\t\t\t<\/div>\n\t\t\t\t<\/div>\n\t\t\t\t\t<\/div>\n\t\t\t\t<\/div>\n\t\t\t\t<\/div>\n\t\t","protected":false},"excerpt":{"rendered":"<p>Usporite tempo i prepustite se trenutku mira Relax &amp; Dine \u2013 Wellness City Break RELAX &amp; DINE Bez planiranja, bez stresa \u2013 boravak osmi\u0161ljen za potpuno opu\u0161tanje. Prepustite se city breaku koji spaja udoban smje\u0161taj, wellness trenutke i ve\u010deru kreiranu s posebnom pa\u017enjom. Savr\u0161ena ravnote\u017ea odmora i u\u017eitka. rezervirajte RELAX &amp; DINE Ova ponuda uklju\u010duje: [&hellip;]<\/p>\n","protected":false},"author":1,"featured_media":0,"parent":0,"menu_order":0,"comment_status":"closed","ping_status":"closed","template":"","meta":{"footnotes":""},"class_list":["post-15884","page","type-page","status-publish","hentry"],"aioseo_notices":[],"_links":{"self":[{"href":"https:\/\/marviehotel.com\/hr\/wp-json\/wp\/v2\/pages\/15884","targetHints":{"allow":["GET"]}}],"collection":[{"href":"https:\/\/marviehotel.com\/hr\/wp-json\/wp\/v2\/pages"}],"about":[{"href":"https:\/\/marviehotel.com\/hr\/wp-json\/wp\/v2\/types\/page"}],"author":[{"embeddable":true,"href":"https:\/\/marviehotel.com\/hr\/wp-json\/wp\/v2\/users\/1"}],"replies":[{"embeddable":true,"href":"https:\/\/marviehotel.com\/hr\/wp-json\/wp\/v2\/comments?post=15884"}],"version-history":[{"count":9,"href":"https:\/\/marviehotel.com\/hr\/wp-json\/wp\/v2\/pages\/15884\/revisions"}],"predecessor-version":[{"id":15975,"href":"https:\/\/marviehotel.com\/hr\/wp-json\/wp\/v2\/pages\/15884\/revisions\/15975"}],"wp:attachment":[{"href":"https:\/\/marviehotel.com\/hr\/wp-json\/wp\/v2\/media?parent=15884"}],"curies":[{"name":"wp","href":"https:\/\/api.w.org\/{rel}","templated":true}]}}