{"id":15901,"date":"2026-01-02T08:52:28","date_gmt":"2026-01-02T08:52:28","guid":{"rendered":"https:\/\/marviehotel.com\/?page_id=15901"},"modified":"2026-01-09T12:14:42","modified_gmt":"2026-01-09T12:14:42","slug":"body-reset-pure-wellness-recovery","status":"publish","type":"page","link":"https:\/\/marviehotel.com\/hr\/body-reset-pure-wellness-recovery","title":{"rendered":"Body reset \u2013 pure wellness recovery"},"content":{"rendered":"\t\t<div data-elementor-type=\"wp-page\" data-elementor-id=\"15901\" class=\"elementor elementor-15901 elementor-15889\" data-elementor-post-type=\"page\">\n\t\t\t\t<div class=\"elementor-element elementor-element-b098032 e-flex e-con-boxed e-con e-parent\" data-id=\"b098032\" data-element_type=\"container\" data-e-type=\"container\" data-settings=\"{&quot;background_background&quot;:&quot;classic&quot;}\">\n\t\t\t\t\t<div class=\"e-con-inner\">\n\t\t\t\t<div class=\"elementor-element elementor-element-4691700 sub-heading elementor-widget elementor-widget-heading\" data-id=\"4691700\" data-element_type=\"widget\" data-e-type=\"widget\" data-widget_type=\"heading.default\">\n\t\t\t\t<div class=\"elementor-widget-container\">\n\t\t\t\t\t<h5 class=\"elementor-heading-title elementor-size-default\">Priu\u0161tite si odmor koji zaslu\u017eujete<\/h5>\t\t\t\t<\/div>\n\t\t\t\t<\/div>\n\t\t\t\t<div class=\"elementor-element elementor-element-f33d21e elementor-widget__width-initial elementor-widget elementor-widget-heading\" data-id=\"f33d21e\" data-element_type=\"widget\" data-e-type=\"widget\" data-widget_type=\"heading.default\">\n\t\t\t\t<div class=\"elementor-widget-container\">\n\t\t\t\t\t<h1 class=\"elementor-heading-title elementor-size-default\">Body Reset \u2013 Pure Wellness Recovery\n<\/h1>\t\t\t\t<\/div>\n\t\t\t\t<\/div>\n\t\t\t\t<div class=\"elementor-element elementor-element-c129cd7 hero-arrow elementor-hidden-tablet elementor-hidden-mobile elementor-widget elementor-widget-button\" data-id=\"c129cd7\" data-element_type=\"widget\" data-e-type=\"widget\" data-widget_type=\"button.default\">\n\t\t\t\t<div class=\"elementor-widget-container\">\n\t\t\t\t\t\t\t\t\t<div class=\"elementor-button-wrapper\">\n\t\t\t\t\t<a class=\"elementor-button elementor-size-sm\" role=\"button\">\n\t\t\t\t\t\t<span class=\"elementor-button-content-wrapper\">\n\t\t\t\t\t\t<span class=\"elementor-button-icon\">\n\t\t\t\t<svg xmlns=\"http:\/\/www.w3.org\/2000\/svg\" width=\"70\" height=\"70\" viewBox=\"0 0 70 70\" fill=\"none\"><rect x=\"0.5\" y=\"0.5\" width=\"69\" height=\"69\" rx=\"34.5\" stroke=\"\"><\/rect><path d=\"M32.8333 21V40.8154L25.0333 33.0615L22 36.0769L35 49L48 36.0769L44.9667 33.0615L37.1667 40.8154V21H32.8333Z\" fill=\"white\"><\/path><\/svg>\t\t\t<\/span>\n\t\t\t\t\t\t\t\t<\/span>\n\t\t\t\t\t<\/a>\n\t\t\t\t<\/div>\n\t\t\t\t\t\t\t\t<\/div>\n\t\t\t\t<\/div>\n\t\t\t\t\t<\/div>\n\t\t\t\t<\/div>\n\t\t<div class=\"elementor-element elementor-element-dc6e6ca e-flex e-con-boxed e-con e-parent\" data-id=\"dc6e6ca\" data-element_type=\"container\" data-e-type=\"container\" data-settings=\"{&quot;background_background&quot;:&quot;classic&quot;}\">\n\t\t\t\t\t<div class=\"e-con-inner\">\n\t\t<div class=\"elementor-element elementor-element-7047245 e-con-full e-flex e-con e-child\" data-id=\"7047245\" data-element_type=\"container\" data-e-type=\"container\">\n\t\t<div class=\"elementor-element elementor-element-016ae2d e-con-full e-flex e-con e-child\" data-id=\"016ae2d\" data-element_type=\"container\" data-e-type=\"container\">\n\t\t<div class=\"elementor-element elementor-element-65395df e-con-full e-flex e-con e-child\" data-id=\"65395df\" data-element_type=\"container\" data-e-type=\"container\">\n\t\t\t\t<div class=\"elementor-element elementor-element-f2c59f5 sub-heading elementor-widget elementor-widget-heading\" data-id=\"f2c59f5\" data-element_type=\"widget\" data-e-type=\"widget\" data-widget_type=\"heading.default\">\n\t\t\t\t<div class=\"elementor-widget-container\">\n\t\t\t\t\t<h5 class=\"elementor-heading-title elementor-size-default\">Body Reset<\/h5>\t\t\t\t<\/div>\n\t\t\t\t<\/div>\n\t\t\t\t<div class=\"elementor-element elementor-element-9352dd6 elementor-widget__width-initial elementor-widget elementor-widget-heading\" data-id=\"9352dd6\" data-element_type=\"widget\" data-e-type=\"widget\" data-widget_type=\"heading.default\">\n\t\t\t\t<div class=\"elementor-widget-container\">\n\t\t\t\t\t<h2 class=\"elementor-heading-title elementor-size-default\">Kada \u017eivot postane prebrz, tijelo vas nje\u017eno podsjeti da je  <span class=\"italic-text\">vrijeme za predah.<\/span><\/h2>\t\t\t\t<\/div>\n\t\t\t\t<\/div>\n\t\t\t\t<\/div>\n\t\t<div class=\"elementor-element elementor-element-0c6d605 e-con-full e-flex e-con e-child\" data-id=\"0c6d605\" data-element_type=\"container\" data-e-type=\"container\">\n\t\t\t\t<div class=\"elementor-element elementor-element-e8ff499 elementor-widget elementor-widget-text-editor\" data-id=\"e8ff499\" data-element_type=\"widget\" data-e-type=\"widget\" data-widget_type=\"text-editor.default\">\n\t\t\t\t<div class=\"elementor-widget-container\">\n\t\t\t\t\t\t\t\t\t<p><span lang=\"HR\">Vrijeme je da zastanete i ponovno se pove\u017eete sa sobom.Prepustite se cjelovitom tretmanu za tijelo koji obnavlja energiju i donosi unutarnji mir.<\/span><\/p>\t\t\t\t\t\t\t\t<\/div>\n\t\t\t\t<\/div>\n\t\t\t\t<div class=\"elementor-element elementor-element-ac73a4f elementor-widget elementor-widget-button\" data-id=\"ac73a4f\" data-element_type=\"widget\" data-e-type=\"widget\" data-widget_type=\"button.default\">\n\t\t\t\t<div class=\"elementor-widget-container\">\n\t\t\t\t\t\t\t\t\t<div class=\"elementor-button-wrapper\">\n\t\t\t\t\t<a class=\"elementor-button elementor-button-link elementor-size-sm\" href=\"https:\/\/marviehotel.book.rentl.io\/?from=13-05-2026&#038;to=15-05-2026&#038;adults=2&#038;children=&#038;rooms=1\">\n\t\t\t\t\t\t<span class=\"elementor-button-content-wrapper\">\n\t\t\t\t\t\t\t\t\t<span class=\"elementor-button-text\">rezervirajte<\/span>\n\t\t\t\t\t<\/span>\n\t\t\t\t\t<\/a>\n\t\t\t\t<\/div>\n\t\t\t\t\t\t\t\t<\/div>\n\t\t\t\t<\/div>\n\t\t\t\t<\/div>\n\t\t\t\t<\/div>\n\t\t\t\t<\/div>\n\t\t<div class=\"elementor-element elementor-element-0649b52 e-con-full elementor-hidden-tablet elementor-hidden-mobile e-flex e-con e-child\" data-id=\"0649b52\" data-element_type=\"container\" data-e-type=\"container\" data-settings=\"{&quot;background_background&quot;:&quot;classic&quot;}\">\n\t\t\t\t<div class=\"elementor-element elementor-element-700efcd elementor-widget elementor-widget-spacer\" data-id=\"700efcd\" data-element_type=\"widget\" data-e-type=\"widget\" data-widget_type=\"spacer.default\">\n\t\t\t\t<div class=\"elementor-widget-container\">\n\t\t\t\t\t\t\t<div class=\"elementor-spacer\">\n\t\t\t<div class=\"elementor-spacer-inner\"><\/div>\n\t\t<\/div>\n\t\t\t\t\t\t<\/div>\n\t\t\t\t<\/div>\n\t\t\t\t<\/div>\n\t\t\t\t\t<\/div>\n\t\t\t\t<\/div>\n\t\t<div class=\"elementor-element elementor-element-d6fbc3d e-flex e-con-boxed e-con e-parent\" data-id=\"d6fbc3d\" data-element_type=\"container\" data-e-type=\"container\" data-settings=\"{&quot;background_background&quot;:&quot;classic&quot;}\">\n\t\t\t\t\t<div class=\"e-con-inner\">\n\t\t<div class=\"elementor-element elementor-element-e9f13d2 e-con-full e-flex e-con e-child\" data-id=\"e9f13d2\" data-element_type=\"container\" data-e-type=\"container\">\n\t\t\t\t<div class=\"elementor-element elementor-element-3e3585a elementor-widget elementor-widget-image\" data-id=\"3e3585a\" data-element_type=\"widget\" data-e-type=\"widget\" data-widget_type=\"image.default\">\n\t\t\t\t<div class=\"elementor-widget-container\">\n\t\t\t\t\t\t\t\t\t\t\t\t\t\t\t<img fetchpriority=\"high\" decoding=\"async\" width=\"2048\" height=\"1365\" src=\"https:\/\/marviehotel.com\/wp-content\/uploads\/2026\/01\/ponuda-3-2.jpg\" class=\"attachment-full size-full wp-image-15897\" alt=\"\" srcset=\"https:\/\/marviehotel.com\/wp-content\/uploads\/2026\/01\/ponuda-3-2.jpg 2048w, https:\/\/marviehotel.com\/wp-content\/uploads\/2026\/01\/ponuda-3-2-300x200.jpg 300w, https:\/\/marviehotel.com\/wp-content\/uploads\/2026\/01\/ponuda-3-2-1024x683.jpg 1024w, https:\/\/marviehotel.com\/wp-content\/uploads\/2026\/01\/ponuda-3-2-768x512.jpg 768w, https:\/\/marviehotel.com\/wp-content\/uploads\/2026\/01\/ponuda-3-2-1536x1024.jpg 1536w\" sizes=\"(max-width: 2048px) 100vw, 2048px\" \/>\t\t\t\t\t\t\t\t\t\t\t\t\t\t\t<\/div>\n\t\t\t\t<\/div>\n\t\t\t\t<\/div>\n\t\t<div class=\"elementor-element elementor-element-c02ab2d e-con-full e-flex e-con e-child\" data-id=\"c02ab2d\" data-element_type=\"container\" data-e-type=\"container\">\n\t\t\t\t<div class=\"elementor-element elementor-element-27a0c51 elementor-widget elementor-widget-image\" data-id=\"27a0c51\" data-element_type=\"widget\" data-e-type=\"widget\" data-widget_type=\"image.default\">\n\t\t\t\t<div class=\"elementor-widget-container\">\n\t\t\t\t\t\t\t\t\t\t\t\t\t\t\t<img decoding=\"async\" width=\"1600\" height=\"1067\" src=\"https:\/\/marviehotel.com\/wp-content\/uploads\/2026\/01\/ponuda-3.jpg\" class=\"attachment-full size-full wp-image-15906\" alt=\"\" srcset=\"https:\/\/marviehotel.com\/wp-content\/uploads\/2026\/01\/ponuda-3.jpg 1600w, https:\/\/marviehotel.com\/wp-content\/uploads\/2026\/01\/ponuda-3-300x200.jpg 300w, https:\/\/marviehotel.com\/wp-content\/uploads\/2026\/01\/ponuda-3-1024x683.jpg 1024w, https:\/\/marviehotel.com\/wp-content\/uploads\/2026\/01\/ponuda-3-768x512.jpg 768w, https:\/\/marviehotel.com\/wp-content\/uploads\/2026\/01\/ponuda-3-1536x1024.jpg 1536w\" sizes=\"(max-width: 1600px) 100vw, 1600px\" \/>\t\t\t\t\t\t\t\t\t\t\t\t\t\t\t<\/div>\n\t\t\t\t<\/div>\n\t\t\t\t<\/div>\n\t\t\t\t\t<\/div>\n\t\t\t\t<\/div>\n\t\t<div class=\"elementor-element elementor-element-6085483 e-flex e-con-boxed e-con e-parent\" data-id=\"6085483\" data-element_type=\"container\" data-e-type=\"container\" data-settings=\"{&quot;background_background&quot;:&quot;classic&quot;}\">\n\t\t\t\t\t<div class=\"e-con-inner\">\n\t\t<div class=\"elementor-element elementor-element-5e2c0eb e-con-full e-flex e-con e-child\" data-id=\"5e2c0eb\" data-element_type=\"container\" data-e-type=\"container\">\n\t\t\t\t<div class=\"elementor-element elementor-element-21d21df sub-heading elementor-widget elementor-widget-heading\" data-id=\"21d21df\" data-element_type=\"widget\" data-e-type=\"widget\" data-widget_type=\"heading.default\">\n\t\t\t\t<div class=\"elementor-widget-container\">\n\t\t\t\t\t<h5 class=\"elementor-heading-title elementor-size-default\">Body Reset<\/h5>\t\t\t\t<\/div>\n\t\t\t\t<\/div>\n\t\t\t\t<div class=\"elementor-element elementor-element-9e9dd1c elementor-widget__width-initial elementor-widget elementor-widget-heading\" data-id=\"9e9dd1c\" data-element_type=\"widget\" data-e-type=\"widget\" data-widget_type=\"heading.default\">\n\t\t\t\t<div class=\"elementor-widget-container\">\n\t\t\t\t\t<h2 class=\"elementor-heading-title elementor-size-default\">Ova ponuda <span class=\"italic-text\">uklju\u010duje: <\/span><\/h2>\t\t\t\t<\/div>\n\t\t\t\t<\/div>\n\t\t<div class=\"elementor-element elementor-element-8566641 e-con-full e-flex e-con e-child\" data-id=\"8566641\" data-element_type=\"container\" data-e-type=\"container\" data-index=\"1\">\n\t\t\t\t<div class=\"elementor-element elementor-element-050524a elementor-widget elementor-widget-heading\" data-id=\"050524a\" data-element_type=\"widget\" data-e-type=\"widget\" data-widget_type=\"heading.default\">\n\t\t\t\t<div class=\"elementor-widget-container\">\n\t\t\t\t\t<h4 class=\"elementor-heading-title elementor-size-default\">Smje\u0161taj u trajanju od najmanje dvije no\u0107i<\/h4>\t\t\t\t<\/div>\n\t\t\t\t<\/div>\n\t\t\t\t<div class=\"elementor-element elementor-element-7672eea elementor-widget elementor-widget-text-editor\" data-id=\"7672eea\" data-element_type=\"widget\" data-e-type=\"widget\" data-widget_type=\"text-editor.default\">\n\t\t\t\t<div class=\"elementor-widget-container\">\n\t\t\t\t\t\t\t\t\t<p>Va\u0161 privatni prostor za odmor, mir i opu\u0161tanje<\/p>\t\t\t\t\t\t\t\t<\/div>\n\t\t\t\t<\/div>\n\t\t\t\t<\/div>\n\t\t<div class=\"elementor-element elementor-element-2e29157 e-con-full e-flex e-con e-child\" data-id=\"2e29157\" data-element_type=\"container\" data-e-type=\"container\" data-index=\"2\">\n\t\t\t\t<div class=\"elementor-element elementor-element-01dfd69 elementor-widget elementor-widget-heading\" data-id=\"01dfd69\" data-element_type=\"widget\" data-e-type=\"widget\" data-widget_type=\"heading.default\">\n\t\t\t\t<div class=\"elementor-widget-container\">\n\t\t\t\t\t<h4 class=\"elementor-heading-title elementor-size-default\">Uklju\u010den doru\u010dak<\/h4>\t\t\t\t<\/div>\n\t\t\t\t<\/div>\n\t\t\t\t<div class=\"elementor-element elementor-element-0e33cdf elementor-widget elementor-widget-text-editor\" data-id=\"0e33cdf\" data-element_type=\"widget\" data-e-type=\"widget\" data-widget_type=\"text-editor.default\">\n\t\t\t\t<div class=\"elementor-widget-container\">\n\t\t\t\t\t\t\t\t\t<p>Bogat buffet doru\u010dak<\/p>\t\t\t\t\t\t\t\t<\/div>\n\t\t\t\t<\/div>\n\t\t\t\t<\/div>\n\t\t<div class=\"elementor-element elementor-element-e138aed e-con-full e-flex e-con e-child\" data-id=\"e138aed\" data-element_type=\"container\" data-e-type=\"container\" data-index=\"2\">\n\t\t\t\t<div class=\"elementor-element elementor-element-cf42d55 elementor-widget elementor-widget-heading\" data-id=\"cf42d55\" data-element_type=\"widget\" data-e-type=\"widget\" data-widget_type=\"heading.default\">\n\t\t\t\t<div class=\"elementor-widget-container\">\n\t\t\t\t\t<h4 class=\"elementor-heading-title elementor-size-default\">Neograni\u010deno kori\u0161tenje wellness zone<\/h4>\t\t\t\t<\/div>\n\t\t\t\t<\/div>\n\t\t\t\t<div class=\"elementor-element elementor-element-61e8db6 elementor-widget elementor-widget-text-editor\" data-id=\"61e8db6\" data-element_type=\"widget\" data-e-type=\"widget\" data-widget_type=\"text-editor.default\">\n\t\t\t\t<div class=\"elementor-widget-container\">\n\t\t\t\t\t\t\t\t\t<p>Unutarnji bazen, finska i turska sauna, whirlpool, zona za opu\u0161tanje, do\u017eivljajni tu\u0161 i fitness zona<\/p>\t\t\t\t\t\t\t\t<\/div>\n\t\t\t\t<\/div>\n\t\t\t\t<\/div>\n\t\t<div class=\"elementor-element elementor-element-e0b313a e-con-full e-flex e-con e-child\" data-id=\"e0b313a\" data-element_type=\"container\" data-e-type=\"container\" data-index=\"2\">\n\t\t\t\t<div class=\"elementor-element elementor-element-cbdf2dc elementor-widget elementor-widget-heading\" data-id=\"cbdf2dc\" data-element_type=\"widget\" data-e-type=\"widget\" data-widget_type=\"heading.default\">\n\t\t\t\t<div class=\"elementor-widget-container\">\n\t\t\t\t\t<h4 class=\"elementor-heading-title elementor-size-default\">1x Flow Ritual <\/h4>\t\t\t\t<\/div>\n\t\t\t\t<\/div>\n\t\t\t\t<div class=\"elementor-element elementor-element-7d295b1 elementor-widget elementor-widget-text-editor\" data-id=\"7d295b1\" data-element_type=\"widget\" data-e-type=\"widget\" data-widget_type=\"text-editor.default\">\n\t\t\t\t<div class=\"elementor-widget-container\">\n\t\t\t\t\t\t\t\t\t<p>90-minutni signature tretman osmi\u0161ljen kao kontinuirano, smiruju\u0107e putovanje za cijelo tijelo<\/p>\t\t\t\t\t\t\t\t<\/div>\n\t\t\t\t<\/div>\n\t\t\t\t<\/div>\n\t\t\t\t<\/div>\n\t\t\t\t\t<\/div>\n\t\t\t\t<\/div>\n\t\t\t\t<\/div>\n\t\t","protected":false},"excerpt":{"rendered":"<p>Priu\u0161tite si odmor koji zaslu\u017eujete Body Reset \u2013 Pure Wellness Recovery Body Reset Kada \u017eivot postane prebrz, tijelo vas nje\u017eno podsjeti da je vrijeme za predah. Vrijeme je da zastanete i ponovno se pove\u017eete sa sobom.Prepustite se cjelovitom tretmanu za tijelo koji obnavlja energiju i donosi unutarnji mir. rezervirajte Body Reset Ova ponuda uklju\u010duje: Smje\u0161taj [&hellip;]<\/p>\n","protected":false},"author":1,"featured_media":0,"parent":0,"menu_order":0,"comment_status":"closed","ping_status":"closed","template":"","meta":{"footnotes":""},"class_list":["post-15901","page","type-page","status-publish","hentry"],"aioseo_notices":[],"_links":{"self":[{"href":"https:\/\/marviehotel.com\/hr\/wp-json\/wp\/v2\/pages\/15901","targetHints":{"allow":["GET"]}}],"collection":[{"href":"https:\/\/marviehotel.com\/hr\/wp-json\/wp\/v2\/pages"}],"about":[{"href":"https:\/\/marviehotel.com\/hr\/wp-json\/wp\/v2\/types\/page"}],"author":[{"embeddable":true,"href":"https:\/\/marviehotel.com\/hr\/wp-json\/wp\/v2\/users\/1"}],"replies":[{"embeddable":true,"href":"https:\/\/marviehotel.com\/hr\/wp-json\/wp\/v2\/comments?post=15901"}],"version-history":[{"count":19,"href":"https:\/\/marviehotel.com\/hr\/wp-json\/wp\/v2\/pages\/15901\/revisions"}],"predecessor-version":[{"id":15978,"href":"https:\/\/marviehotel.com\/hr\/wp-json\/wp\/v2\/pages\/15901\/revisions\/15978"}],"wp:attachment":[{"href":"https:\/\/marviehotel.com\/hr\/wp-json\/wp\/v2\/media?parent=15901"}],"curies":[{"name":"wp","href":"https:\/\/api.w.org\/{rel}","templated":true}]}}