{"id":16139,"date":"2026-03-20T09:57:59","date_gmt":"2026-03-20T09:57:59","guid":{"rendered":"https:\/\/marviehotel.com\/?page_id=16139"},"modified":"2026-03-30T10:25:12","modified_gmt":"2026-03-30T10:25:12","slug":"spring-escape-u-marvie-hotel-health","status":"publish","type":"page","link":"https:\/\/marviehotel.com\/hr\/spring-escape-u-marvie-hotel-health","title":{"rendered":"Spring Escape at Marvie Hotel &#038; Health"},"content":{"rendered":"\t\t<div data-elementor-type=\"wp-page\" data-elementor-id=\"16139\" class=\"elementor elementor-16139 elementor-16112\" data-elementor-post-type=\"page\">\n\t\t\t\t<div class=\"elementor-element elementor-element-1deef38 e-flex e-con-boxed e-con e-parent\" data-id=\"1deef38\" data-element_type=\"container\" data-e-type=\"container\" data-settings=\"{&quot;background_background&quot;:&quot;classic&quot;}\">\n\t\t\t\t\t<div class=\"e-con-inner\">\n\t\t\t\t<div class=\"elementor-element elementor-element-d17a528 sub-heading elementor-hidden-desktop elementor-hidden-laptop elementor-hidden-tablet_extra elementor-hidden-tablet elementor-hidden-mobile elementor-widget elementor-widget-heading\" data-id=\"d17a528\" data-element_type=\"widget\" data-e-type=\"widget\" data-widget_type=\"heading.default\">\n\t\t\t\t<div class=\"elementor-widget-container\">\n\t\t\t\t\t<h5 class=\"elementor-heading-title elementor-size-default\">Your stay, secured in advance<\/h5>\t\t\t\t<\/div>\n\t\t\t\t<\/div>\n\t\t\t\t<div class=\"elementor-element elementor-element-6f5bf76 elementor-widget__width-initial elementor-widget elementor-widget-heading\" data-id=\"6f5bf76\" data-element_type=\"widget\" data-e-type=\"widget\" data-widget_type=\"heading.default\">\n\t\t\t\t<div class=\"elementor-widget-container\">\n\t\t\t\t\t<h1 class=\"elementor-heading-title elementor-size-default\">Spring Escape u Marvie Hotel &amp; Health<\/h1>\t\t\t\t<\/div>\n\t\t\t\t<\/div>\n\t\t\t\t<div class=\"elementor-element elementor-element-6401621 hero-arrow elementor-hidden-tablet elementor-hidden-mobile elementor-widget elementor-widget-button\" data-id=\"6401621\" data-element_type=\"widget\" data-e-type=\"widget\" data-widget_type=\"button.default\">\n\t\t\t\t<div class=\"elementor-widget-container\">\n\t\t\t\t\t\t\t\t\t<div class=\"elementor-button-wrapper\">\n\t\t\t\t\t<a class=\"elementor-button elementor-size-sm\" role=\"button\">\n\t\t\t\t\t\t<span class=\"elementor-button-content-wrapper\">\n\t\t\t\t\t\t<span class=\"elementor-button-icon\">\n\t\t\t\t<svg xmlns=\"http:\/\/www.w3.org\/2000\/svg\" width=\"70\" height=\"70\" viewBox=\"0 0 70 70\" fill=\"none\"><rect x=\"0.5\" y=\"0.5\" width=\"69\" height=\"69\" rx=\"34.5\" stroke=\"\"><\/rect><path d=\"M32.8333 21V40.8154L25.0333 33.0615L22 36.0769L35 49L48 36.0769L44.9667 33.0615L37.1667 40.8154V21H32.8333Z\" fill=\"white\"><\/path><\/svg>\t\t\t<\/span>\n\t\t\t\t\t\t\t\t<\/span>\n\t\t\t\t\t<\/a>\n\t\t\t\t<\/div>\n\t\t\t\t\t\t\t\t<\/div>\n\t\t\t\t<\/div>\n\t\t\t\t\t<\/div>\n\t\t\t\t<\/div>\n\t\t<div class=\"elementor-element elementor-element-13ef957 e-flex e-con-boxed e-con e-parent\" data-id=\"13ef957\" data-element_type=\"container\" data-e-type=\"container\" data-settings=\"{&quot;background_background&quot;:&quot;classic&quot;}\">\n\t\t\t\t\t<div class=\"e-con-inner\">\n\t\t<div class=\"elementor-element elementor-element-3e0f0ee e-con-full e-flex e-con e-child\" data-id=\"3e0f0ee\" data-element_type=\"container\" data-e-type=\"container\">\n\t\t<div class=\"elementor-element elementor-element-eee109a e-con-full e-flex e-con e-child\" data-id=\"eee109a\" data-element_type=\"container\" data-e-type=\"container\">\n\t\t<div class=\"elementor-element elementor-element-5846534 e-con-full e-flex e-con e-child\" data-id=\"5846534\" data-element_type=\"container\" data-e-type=\"container\">\n\t\t\t\t<div class=\"elementor-element elementor-element-1f271ae sub-heading elementor-widget elementor-widget-heading\" data-id=\"1f271ae\" data-element_type=\"widget\" data-e-type=\"widget\" data-widget_type=\"heading.default\">\n\t\t\t\t<div class=\"elementor-widget-container\">\n\t\t\t\t\t<h5 class=\"elementor-heading-title elementor-size-default\">Spring escape<\/h5>\t\t\t\t<\/div>\n\t\t\t\t<\/div>\n\t\t\t\t<div class=\"elementor-element elementor-element-66de60d elementor-widget__width-initial elementor-widget elementor-widget-heading\" data-id=\"66de60d\" data-element_type=\"widget\" data-e-type=\"widget\" data-widget_type=\"heading.default\">\n\t\t\t\t<div class=\"elementor-widget-container\">\n\t\t\t\t\t<h2 class=\"elementor-heading-title elementor-size-default\">Do\u017eivite \u010daroliju prolje\u0107a:<\/h2>\t\t\t\t<\/div>\n\t\t\t\t<\/div>\n\t\t\t\t<\/div>\n\t\t<div class=\"elementor-element elementor-element-d9af984 e-con-full e-flex e-con e-child\" data-id=\"d9af984\" data-element_type=\"container\" data-e-type=\"container\">\n\t\t\t\t<div class=\"elementor-element elementor-element-1aad7af elementor-widget elementor-widget-text-editor\" data-id=\"1aad7af\" data-element_type=\"widget\" data-e-type=\"widget\" data-widget_type=\"text-editor.default\">\n\t\t\t\t<div class=\"elementor-widget-container\">\n\t\t\t\t\t\t\t\t\t<p>Uz opu\u0161taju\u0107i boravak uz Jadran, gdje se udobnost, wellness i personalizirana briga savr\u0161eno spajaju.<\/p><p>U\u017eivajte u ekskluzivnim pogodnostima koje \u0107e unaprijediti va\u0161 boravak:<\/p><p>\u00a0<\/p><ul><li><strong>10% popusta na smje\u0161taj<\/strong> <em>(minimalni boravak: 2 no\u0107i)<\/em><\/li><li><strong>15% popusta<\/strong> na specijalizirane tretmane u na\u0161em centru fizikalne medicine i rehabilitacije <em>Remediso<\/em><\/li><li><strong>Bogat buffet doru\u010dak<\/strong> svakodnevno uklju\u010den<\/li><li><strong>Besplatan parking<\/strong> za bezbri\u017ean dolazak<\/li><li><strong>10% wellness voucher<\/strong> za u\u017eivanje u uslugama <em>Renevie Wellness Centra<\/em><\/li><\/ul><p>\u00a0<\/p><p>Neka prolje\u0107e bude va\u0161e vrijeme za opu\u0161tanje, obnovu energije i uspostavljanje ravnote\u017ee.<\/p>\t\t\t\t\t\t\t\t<\/div>\n\t\t\t\t<\/div>\n\t\t\t\t<div class=\"elementor-element elementor-element-279693a elementor-widget elementor-widget-button\" data-id=\"279693a\" data-element_type=\"widget\" data-e-type=\"widget\" data-widget_type=\"button.default\">\n\t\t\t\t<div class=\"elementor-widget-container\">\n\t\t\t\t\t\t\t\t\t<div class=\"elementor-button-wrapper\">\n\t\t\t\t\t<a class=\"elementor-button elementor-button-link elementor-size-sm\" href=\"https:\/\/marviehotel.book.rentl.io\/?from=13-05-2026&#038;to=15-05-2026&#038;adults=2&#038;children=&#038;rooms=1\">\n\t\t\t\t\t\t<span class=\"elementor-button-content-wrapper\">\n\t\t\t\t\t\t\t\t\t<span class=\"elementor-button-text\">REZERVIRAJTE<\/span>\n\t\t\t\t\t<\/span>\n\t\t\t\t\t<\/a>\n\t\t\t\t<\/div>\n\t\t\t\t\t\t\t\t<\/div>\n\t\t\t\t<\/div>\n\t\t\t\t<\/div>\n\t\t\t\t<\/div>\n\t\t\t\t<\/div>\n\t\t<div class=\"elementor-element elementor-element-8db5207 e-con-full elementor-hidden-tablet elementor-hidden-mobile e-flex e-con e-child\" data-id=\"8db5207\" data-element_type=\"container\" data-e-type=\"container\" data-settings=\"{&quot;background_background&quot;:&quot;classic&quot;}\">\n\t\t\t\t<div class=\"elementor-element elementor-element-c429767 elementor-widget elementor-widget-image\" data-id=\"c429767\" data-element_type=\"widget\" data-e-type=\"widget\" data-widget_type=\"image.default\">\n\t\t\t\t<div class=\"elementor-widget-container\">\n\t\t\t\t\t\t\t\t\t\t\t\t\t\t\t<img fetchpriority=\"high\" decoding=\"async\" width=\"1366\" height=\"1184\" src=\"https:\/\/marviehotel.com\/wp-content\/uploads\/2026\/03\/2G6A3946.jpg\" class=\"attachment-full size-full wp-image-16116\" alt=\"\" srcset=\"https:\/\/marviehotel.com\/wp-content\/uploads\/2026\/03\/2G6A3946.jpg 1366w, https:\/\/marviehotel.com\/wp-content\/uploads\/2026\/03\/2G6A3946-300x260.jpg 300w, https:\/\/marviehotel.com\/wp-content\/uploads\/2026\/03\/2G6A3946-1024x888.jpg 1024w, https:\/\/marviehotel.com\/wp-content\/uploads\/2026\/03\/2G6A3946-768x666.jpg 768w\" sizes=\"(max-width: 1366px) 100vw, 1366px\" \/>\t\t\t\t\t\t\t\t\t\t\t\t\t\t\t<\/div>\n\t\t\t\t<\/div>\n\t\t\t\t<\/div>\n\t\t\t\t\t<\/div>\n\t\t\t\t<\/div>\n\t\t<div class=\"elementor-element elementor-element-fa5dd85 e-flex e-con-boxed e-con e-parent\" data-id=\"fa5dd85\" data-element_type=\"container\" data-e-type=\"container\" data-settings=\"{&quot;background_background&quot;:&quot;classic&quot;}\">\n\t\t\t\t\t<div class=\"e-con-inner\">\n\t\t<div class=\"elementor-element elementor-element-a034164 e-con-full e-flex e-con e-child\" data-id=\"a034164\" data-element_type=\"container\" data-e-type=\"container\">\n\t\t\t\t<div class=\"elementor-element elementor-element-3c901dd elementor-widget elementor-widget-image\" data-id=\"3c901dd\" data-element_type=\"widget\" data-e-type=\"widget\" data-widget_type=\"image.default\">\n\t\t\t\t<div class=\"elementor-widget-container\">\n\t\t\t\t\t\t\t\t\t\t\t\t\t\t\t<img decoding=\"async\" width=\"1950\" height=\"1300\" src=\"https:\/\/marviehotel.com\/wp-content\/uploads\/2026\/01\/4N8A3823.jpg\" class=\"attachment-full size-full wp-image-15986\" alt=\"\" srcset=\"https:\/\/marviehotel.com\/wp-content\/uploads\/2026\/01\/4N8A3823.jpg 1950w, https:\/\/marviehotel.com\/wp-content\/uploads\/2026\/01\/4N8A3823-300x200.jpg 300w, https:\/\/marviehotel.com\/wp-content\/uploads\/2026\/01\/4N8A3823-1024x683.jpg 1024w, https:\/\/marviehotel.com\/wp-content\/uploads\/2026\/01\/4N8A3823-768x512.jpg 768w, https:\/\/marviehotel.com\/wp-content\/uploads\/2026\/01\/4N8A3823-1536x1024.jpg 1536w\" sizes=\"(max-width: 1950px) 100vw, 1950px\" \/>\t\t\t\t\t\t\t\t\t\t\t\t\t\t\t<\/div>\n\t\t\t\t<\/div>\n\t\t\t\t<\/div>\n\t\t<div class=\"elementor-element elementor-element-ffd4494 e-con-full e-flex e-con e-child\" data-id=\"ffd4494\" data-element_type=\"container\" data-e-type=\"container\">\n\t\t\t\t<div class=\"elementor-element elementor-element-dd5a0d9 elementor-widget elementor-widget-image\" data-id=\"dd5a0d9\" data-element_type=\"widget\" data-e-type=\"widget\" data-widget_type=\"image.default\">\n\t\t\t\t<div class=\"elementor-widget-container\">\n\t\t\t\t\t\t\t\t\t\t\t\t\t\t\t<img decoding=\"async\" width=\"1400\" height=\"2100\" src=\"https:\/\/marviehotel.com\/wp-content\/uploads\/2026\/01\/4N8A7559.jpg\" class=\"attachment-full size-full wp-image-15988\" alt=\"\" srcset=\"https:\/\/marviehotel.com\/wp-content\/uploads\/2026\/01\/4N8A7559.jpg 1400w, https:\/\/marviehotel.com\/wp-content\/uploads\/2026\/01\/4N8A7559-200x300.jpg 200w, https:\/\/marviehotel.com\/wp-content\/uploads\/2026\/01\/4N8A7559-683x1024.jpg 683w, https:\/\/marviehotel.com\/wp-content\/uploads\/2026\/01\/4N8A7559-768x1152.jpg 768w, https:\/\/marviehotel.com\/wp-content\/uploads\/2026\/01\/4N8A7559-1024x1536.jpg 1024w, https:\/\/marviehotel.com\/wp-content\/uploads\/2026\/01\/4N8A7559-1365x2048.jpg 1365w\" sizes=\"(max-width: 1400px) 100vw, 1400px\" \/>\t\t\t\t\t\t\t\t\t\t\t\t\t\t\t<\/div>\n\t\t\t\t<\/div>\n\t\t\t\t<\/div>\n\t\t\t\t\t<\/div>\n\t\t\t\t<\/div>\n\t\t<div class=\"elementor-element elementor-element-51fb4c6 e-flex e-con-boxed e-con e-parent\" data-id=\"51fb4c6\" data-element_type=\"container\" data-e-type=\"container\" data-settings=\"{&quot;background_background&quot;:&quot;classic&quot;}\">\n\t\t\t\t\t<div class=\"e-con-inner\">\n\t\t<div class=\"elementor-element elementor-element-19ba7d8 e-con-full e-flex e-con e-child\" data-id=\"19ba7d8\" data-element_type=\"container\" data-e-type=\"container\">\n\t\t\t\t<div class=\"elementor-element elementor-element-782b3d3 sub-heading elementor-widget elementor-widget-heading\" data-id=\"782b3d3\" data-element_type=\"widget\" data-e-type=\"widget\" data-widget_type=\"heading.default\">\n\t\t\t\t<div class=\"elementor-widget-container\">\n\t\t\t\t\t<h5 class=\"elementor-heading-title elementor-size-default\">Spring escape<\/h5>\t\t\t\t<\/div>\n\t\t\t\t<\/div>\n\t\t\t\t<div class=\"elementor-element elementor-element-9d1b85a elementor-widget__width-initial elementor-widget elementor-widget-heading\" data-id=\"9d1b85a\" data-element_type=\"widget\" data-e-type=\"widget\" data-widget_type=\"heading.default\">\n\t\t\t\t<div class=\"elementor-widget-container\">\n\t\t\t\t\t<h2 class=\"elementor-heading-title elementor-size-default\">Va\u0161 odmor <span class=\"italic-text\">uklju\u010duje: <\/span><\/h2>\t\t\t\t<\/div>\n\t\t\t\t<\/div>\n\t\t<div class=\"elementor-element elementor-element-cf45c36 e-con-full e-flex e-con e-child\" data-id=\"cf45c36\" data-element_type=\"container\" data-e-type=\"container\" data-index=\"1\">\n\t\t\t\t<div class=\"elementor-element elementor-element-bfe05a5 elementor-widget elementor-widget-heading\" data-id=\"bfe05a5\" data-element_type=\"widget\" data-e-type=\"widget\" data-widget_type=\"heading.default\">\n\t\t\t\t<div class=\"elementor-widget-container\">\n\t\t\t\t\t<h4 class=\"elementor-heading-title elementor-size-default\"> Smje\u0161taj u trajanju od minimalno dvije no\u0107i<\/h4>\t\t\t\t<\/div>\n\t\t\t\t<\/div>\n\t\t\t\t<div class=\"elementor-element elementor-element-ba4078f elementor-widget elementor-widget-text-editor\" data-id=\"ba4078f\" data-element_type=\"widget\" data-e-type=\"widget\" data-widget_type=\"text-editor.default\">\n\t\t\t\t<div class=\"elementor-widget-container\">\n\t\t\t\t\t\t\t\t\t<p>sobe osmi\u0161ljene za potpunu relaksaciju.<\/p>\t\t\t\t\t\t\t\t<\/div>\n\t\t\t\t<\/div>\n\t\t\t\t<\/div>\n\t\t<div class=\"elementor-element elementor-element-4e241fc e-con-full e-flex e-con e-child\" data-id=\"4e241fc\" data-element_type=\"container\" data-e-type=\"container\" data-index=\"2\">\n\t\t\t\t<div class=\"elementor-element elementor-element-159de80 elementor-widget elementor-widget-heading\" data-id=\"159de80\" data-element_type=\"widget\" data-e-type=\"widget\" data-widget_type=\"heading.default\">\n\t\t\t\t<div class=\"elementor-widget-container\">\n\t\t\t\t\t<h4 class=\"elementor-heading-title elementor-size-default\">Uklju\u010den doru\u010dak za bezbri\u017ean po\u010detak dana<\/h4>\t\t\t\t<\/div>\n\t\t\t\t<\/div>\n\t\t\t\t<div class=\"elementor-element elementor-element-e817350 elementor-widget elementor-widget-text-editor\" data-id=\"e817350\" data-element_type=\"widget\" data-e-type=\"widget\" data-widget_type=\"text-editor.default\">\n\t\t\t\t<div class=\"elementor-widget-container\">\n\t\t\t\t\t\t\t\t\t<p>bogati doru\u010dak na bazi \u0161vedskog stola s raznovrsnim i svje\u017eim okusima.<\/p>\t\t\t\t\t\t\t\t<\/div>\n\t\t\t\t<\/div>\n\t\t\t\t<\/div>\n\t\t<div class=\"elementor-element elementor-element-0042102 e-con-full e-flex e-con e-child\" data-id=\"0042102\" data-element_type=\"container\" data-e-type=\"container\" data-index=\"2\">\n\t\t\t\t<div class=\"elementor-element elementor-element-94fdd1c elementor-widget elementor-widget-heading\" data-id=\"94fdd1c\" data-element_type=\"widget\" data-e-type=\"widget\" data-widget_type=\"heading.default\">\n\t\t\t\t<div class=\"elementor-widget-container\">\n\t\t\t\t\t<h4 class=\"elementor-heading-title elementor-size-default\">Neograni\u010den pristup wellness zoni<\/h4>\t\t\t\t<\/div>\n\t\t\t\t<\/div>\n\t\t\t\t<div class=\"elementor-element elementor-element-62427f7 elementor-widget elementor-widget-text-editor\" data-id=\"62427f7\" data-element_type=\"widget\" data-e-type=\"widget\" data-widget_type=\"text-editor.default\">\n\t\t\t\t<div class=\"elementor-widget-container\">\n\t\t\t\t\t\t\t\t\t<p>unutarnji bazen, finsku i tursku saunu, whirlpool, zonu za opu\u0161tanje, tu\u0161 iznena\u0111enja i fitness zonu<\/p>\t\t\t\t\t\t\t\t<\/div>\n\t\t\t\t<\/div>\n\t\t\t\t<\/div>\n\t\t<div class=\"elementor-element elementor-element-a5a9990 e-con-full e-flex e-con e-child\" data-id=\"a5a9990\" data-element_type=\"container\" data-e-type=\"container\" data-index=\"2\">\n\t\t\t\t<div class=\"elementor-element elementor-element-089af0e elementor-widget elementor-widget-heading\" data-id=\"089af0e\" data-element_type=\"widget\" data-e-type=\"widget\" data-widget_type=\"heading.default\">\n\t\t\t\t<div class=\"elementor-widget-container\">\n\t\t\t\t\t<h4 class=\"elementor-heading-title elementor-size-default\">15% popusta<\/h4>\t\t\t\t<\/div>\n\t\t\t\t<\/div>\n\t\t\t\t<div class=\"elementor-element elementor-element-df0c204 elementor-widget elementor-widget-text-editor\" data-id=\"df0c204\" data-element_type=\"widget\" data-e-type=\"widget\" data-widget_type=\"text-editor.default\">\n\t\t\t\t<div class=\"elementor-widget-container\">\n\t\t\t\t\t\t\t\t\t<p>na specijalizirane tretmane u na\u0161em centru fizikalne medicine i rehabilitacije <i>Remediso<\/i><\/p>\t\t\t\t\t\t\t\t<\/div>\n\t\t\t\t<\/div>\n\t\t\t\t<\/div>\n\t\t<div class=\"elementor-element elementor-element-724da7f e-con-full e-flex e-con e-child\" data-id=\"724da7f\" data-element_type=\"container\" data-e-type=\"container\" data-index=\"2\">\n\t\t\t\t<div class=\"elementor-element elementor-element-f748072 elementor-widget elementor-widget-heading\" data-id=\"f748072\" data-element_type=\"widget\" data-e-type=\"widget\" data-widget_type=\"heading.default\">\n\t\t\t\t<div class=\"elementor-widget-container\">\n\t\t\t\t\t<h4 class=\"elementor-heading-title elementor-size-default\">10% SPA voucher<\/h4>\t\t\t\t<\/div>\n\t\t\t\t<\/div>\n\t\t\t\t<div class=\"elementor-element elementor-element-86d34ee elementor-widget elementor-widget-text-editor\" data-id=\"86d34ee\" data-element_type=\"widget\" data-e-type=\"widget\" data-widget_type=\"text-editor.default\">\n\t\t\t\t<div class=\"elementor-widget-container\">\n\t\t\t\t\t\t\t\t\t<p>odaberite tretman po va\u0161oj mjeri<\/p>\t\t\t\t\t\t\t\t<\/div>\n\t\t\t\t<\/div>\n\t\t\t\t<\/div>\n\t\t<div class=\"elementor-element elementor-element-277f8aa e-con-full e-flex e-con e-child\" data-id=\"277f8aa\" data-element_type=\"container\" data-e-type=\"container\" data-index=\"2\">\n\t\t\t\t<div class=\"elementor-element elementor-element-524edf1 elementor-widget elementor-widget-heading\" data-id=\"524edf1\" data-element_type=\"widget\" data-e-type=\"widget\" data-widget_type=\"heading.default\">\n\t\t\t\t<div class=\"elementor-widget-container\">\n\t\t\t\t\t<h4 class=\"elementor-heading-title elementor-size-default\">Besplatan parking<\/h4>\t\t\t\t<\/div>\n\t\t\t\t<\/div>\n\t\t\t\t<div class=\"elementor-element elementor-element-8f36699 elementor-widget elementor-widget-text-editor\" data-id=\"8f36699\" data-element_type=\"widget\" data-e-type=\"widget\" data-widget_type=\"text-editor.default\">\n\t\t\t\t<div class=\"elementor-widget-container\">\n\t\t\t\t\t\t\t\t\t<p>dodatna pogodnost za bezbri\u017ean boravak<\/p>\t\t\t\t\t\t\t\t<\/div>\n\t\t\t\t<\/div>\n\t\t\t\t<\/div>\n\t\t<div class=\"elementor-element elementor-element-ce3ec7b e-con-full e-flex e-con e-child\" data-id=\"ce3ec7b\" data-element_type=\"container\" data-e-type=\"container\" data-index=\"2\">\n\t\t\t\t<div class=\"elementor-element elementor-element-73d7787 elementor-widget elementor-widget-text-editor\" data-id=\"73d7787\" data-element_type=\"widget\" data-e-type=\"widget\" data-widget_type=\"text-editor.default\">\n\t\t\t\t<div class=\"elementor-widget-container\">\n\t\t\t\t\t\t\t\t\t<p><span class=\"im\"> <b>Rezervacije &amp; informacije<\/b><i><br \/><\/i><\/span><\/p><p><a class=\"text-linkz\" href=\"0038521279807\">+385 21 279 807<\/a><\/p><p><a class=\"text-linkz\" href=\"mailto:booking@marviehotel.com\" target=\"_blank\" rel=\"noopener\">booking@marviehotel.com<\/a>, <span class=\"im\">ili putem web stranice<\/span>: <a class=\"text-linkz\" href=\"https:\/\/www.marviehotel.com\">www.marviehotel.com<\/a>.<\/p><p><b>Ponuda vrijedi do 21. lipnja.<\/b><\/p>\t\t\t\t\t\t\t\t<\/div>\n\t\t\t\t<\/div>\n\t\t\t\t<\/div>\n\t\t\t\t<\/div>\n\t\t\t\t\t<\/div>\n\t\t\t\t<\/div>\n\t\t\t\t<\/div>\n\t\t","protected":false},"excerpt":{"rendered":"<p>Your stay, secured in advance Spring Escape u Marvie Hotel &amp; Health Spring escape Do\u017eivite \u010daroliju prolje\u0107a: Uz opu\u0161taju\u0107i boravak uz Jadran, gdje se udobnost, wellness i personalizirana briga savr\u0161eno spajaju. U\u017eivajte u ekskluzivnim pogodnostima koje \u0107e unaprijediti va\u0161 boravak: \u00a0 10% popusta na smje\u0161taj (minimalni boravak: 2 no\u0107i) 15% popusta na specijalizirane tretmane u [&hellip;]<\/p>\n","protected":false},"author":1,"featured_media":0,"parent":0,"menu_order":0,"comment_status":"closed","ping_status":"closed","template":"","meta":{"footnotes":""},"class_list":["post-16139","page","type-page","status-publish","hentry"],"aioseo_notices":[],"_links":{"self":[{"href":"https:\/\/marviehotel.com\/hr\/wp-json\/wp\/v2\/pages\/16139","targetHints":{"allow":["GET"]}}],"collection":[{"href":"https:\/\/marviehotel.com\/hr\/wp-json\/wp\/v2\/pages"}],"about":[{"href":"https:\/\/marviehotel.com\/hr\/wp-json\/wp\/v2\/types\/page"}],"author":[{"embeddable":true,"href":"https:\/\/marviehotel.com\/hr\/wp-json\/wp\/v2\/users\/1"}],"replies":[{"embeddable":true,"href":"https:\/\/marviehotel.com\/hr\/wp-json\/wp\/v2\/comments?post=16139"}],"version-history":[{"count":11,"href":"https:\/\/marviehotel.com\/hr\/wp-json\/wp\/v2\/pages\/16139\/revisions"}],"predecessor-version":[{"id":16185,"href":"https:\/\/marviehotel.com\/hr\/wp-json\/wp\/v2\/pages\/16139\/revisions\/16185"}],"wp:attachment":[{"href":"https:\/\/marviehotel.com\/hr\/wp-json\/wp\/v2\/media?parent=16139"}],"curies":[{"name":"wp","href":"https:\/\/api.w.org\/{rel}","templated":true}]}}